{"id":38929,"date":"2023-08-14T08:50:20","date_gmt":"2023-08-14T12:50:20","guid":{"rendered":"https:\/\/superchute.com\/?page_id=38929"},"modified":"2023-09-22T09:19:57","modified_gmt":"2023-09-22T13:19:57","slug":"devis","status":"publish","type":"page","link":"https:\/\/superchute.com\/fr\/devis\/","title":{"rendered":"Devis"},"content":{"rendered":"<div class=\"wpb-content-wrapper\">[vc_row css_animation=\u00a0\u00bb\u00a0\u00bb row_type=\u00a0\u00bbrow\u00a0\u00bb use_row_as_full_screen_section=\u00a0\u00bbno\u00a0\u00bb type=\u00a0\u00bbfull_width\u00a0\u00bb angled_section=\u00a0\u00bbno\u00a0\u00bb text_align=\u00a0\u00bbleft\u00a0\u00bb background_image_as_pattern=\u00a0\u00bbwithout_pattern\u00a0\u00bb][vc_column][vc_column_text]\r\n<h2 style=\"padding-bottom: 0;\">Formulaire de demande<\/h2>\r\n<h5>Nous vous contacterons bient\u00f4t<\/h5>\r\n[\/vc_column_text][vc_separator type=\u00a0\u00bbnormal\u00a0\u00bb color=\u00a0\u00bb#000000&Prime; up=\u00a0\u00bb0&Prime; down=\u00a0\u00bb50&Prime;][\/vc_column][\/vc_row][vc_row css_animation=\u00a0\u00bb\u00a0\u00bb row_type=\u00a0\u00bbrow\u00a0\u00bb use_row_as_full_screen_section=\u00a0\u00bbno\u00a0\u00bb type=\u00a0\u00bbfull_width\u00a0\u00bb angled_section=\u00a0\u00bbno\u00a0\u00bb text_align=\u00a0\u00bbleft\u00a0\u00bb background_image_as_pattern=\u00a0\u00bbwithout_pattern\u00a0\u00bb][vc_column width=\u00a0\u00bb2\/3&Prime;]\n<div class=\"wpcf7 no-js\" id=\"wpcf7-f38139-o1\" lang=\"en-US\" dir=\"ltr\" data-wpcf7-id=\"38139\">\n<div class=\"screen-reader-response\"><p role=\"status\" aria-live=\"polite\" aria-atomic=\"true\"><\/p> <ul><\/ul><\/div>\n<form action=\"\/fr\/wp-json\/wp\/v2\/pages\/38929#wpcf7-f38139-o1\" method=\"post\" class=\"wpcf7-form init cf7_custom_style_1\" aria-label=\"Contact form\" enctype=\"multipart\/form-data\" novalidate=\"novalidate\" data-status=\"init\">\n<fieldset class=\"hidden-fields-container\"><input type=\"hidden\" name=\"_wpcf7\" value=\"38139\" \/><input type=\"hidden\" name=\"_wpcf7_version\" value=\"6.1.5\" \/><input type=\"hidden\" name=\"_wpcf7_locale\" value=\"en_US\" \/><input type=\"hidden\" name=\"_wpcf7_unit_tag\" value=\"wpcf7-f38139-o1\" \/><input type=\"hidden\" name=\"_wpcf7_container_post\" value=\"0\" \/><input type=\"hidden\" name=\"_wpcf7_posted_data_hash\" value=\"\" \/><input type=\"hidden\" name=\"_wpcf7_recaptcha_response\" value=\"\" \/>\n<\/fieldset>\n<p><label> Votre nom (requis)<br \/>\n<span class=\"wpcf7-form-control-wrap\" data-name=\"Name\"><input size=\"40\" maxlength=\"400\" class=\"wpcf7-form-control wpcf7-text wpcf7-validates-as-required\" aria-required=\"true\" aria-invalid=\"false\" placeholder=\"Votre nom*\" value=\"\" type=\"text\" name=\"Name\" \/><\/span><\/label>\n<\/p>\n<p><label> Courriel (requis)<br \/>\n<span class=\"wpcf7-form-control-wrap\" data-name=\"Email\"><input size=\"40\" maxlength=\"400\" class=\"wpcf7-form-control wpcf7-email wpcf7-validates-as-required wpcf7-text wpcf7-validates-as-email\" aria-required=\"true\" aria-invalid=\"false\" placeholder=\"Courriel*\" value=\"\" type=\"email\" name=\"Email\" \/><\/span><\/label>\n<\/p>\n<p><label>Ville<br \/>\n<span class=\"wpcf7-form-control-wrap\" data-name=\"text-805\"><input size=\"40\" maxlength=\"400\" class=\"wpcf7-form-control wpcf7-text\" aria-invalid=\"false\" placeholder=\"Ville\" value=\"\" type=\"text\" name=\"text-805\" \/><\/span><\/label>\n<\/p>\n<p><label> Num\u00e9ro de t\u00e9l\u00e9phone<br \/>\n<span class=\"wpcf7-form-control-wrap\" data-name=\"PhoneNumber\"><input size=\"40\" maxlength=\"400\" class=\"wpcf7-form-control wpcf7-tel wpcf7-text wpcf7-validates-as-tel\" aria-invalid=\"false\" placeholder=\"Num\u00e9ro de t\u00e9l\u00e9phone\" value=\"\" type=\"tel\" name=\"PhoneNumber\" \/><\/span><\/label>\n<\/p>\n<p><label> S\u00e9lectionnez une cat\u00e9gorie de produits (requis)<br \/>\n<span class=\"wpcf7-form-control-wrap\" data-name=\"ProductCategory\"><select class=\"wpcf7-form-control wpcf7-select\" aria-invalid=\"false\" name=\"ProductCategory\"><option value=\"\">&#8212;Please choose an option&#8212;<\/option><option value=\"Chutes pour la construction\">Chutes pour la construction<\/option><option value=\"Chutes en toile\">Chutes en toile<\/option><option value=\"Chutes r\u00e9tractables\">Chutes r\u00e9tractables<\/option><option value=\"Chutes pour la neige\">Chutes pour la neige<\/option><option value=\"Chutes \u00e0 b\u00e9ton\">Chutes \u00e0 b\u00e9ton<\/option><option value=\"Glissoires\">Glissoires<\/option><option value=\"Filets\">Filets<\/option><option value=\"Coffrages pour b\u00e9ton\">Coffrages pour b\u00e9ton<\/option><option value=\"Garde-corps\">Garde-corps<\/option><option value=\"Sur mesure\">Sur mesure<\/option><option value=\"Autre\">Autre<\/option><\/select><\/span><\/label>\n<\/p>\n<p><label> D\u00e9crivez votre besoin en quelques mots. Nous vous contacterons pour recueillir plus d'informations.<br \/>\n<span class=\"wpcf7-form-control-wrap\" data-name=\"Description\"><input size=\"40\" maxlength=\"400\" class=\"wpcf7-form-control wpcf7-text\" aria-invalid=\"false\" placeholder=\"Description\" value=\"\" type=\"text\" name=\"Description\" \/><\/span><\/label>\n<\/p>\n<p><label> Vous pouvez attacher un dessin, une photo ou un fichier similaire pour nous aider \u00e0 comprendre votre besoin (formats PDF, JPEG ou PNG).<br \/>\n<span class=\"wpcf7-form-control-wrap\" data-name=\"File\"><input size=\"40\" class=\"wpcf7-form-control wpcf7-file\" accept=\".pdf,.jpg,.png\" aria-invalid=\"false\" type=\"file\" name=\"File\" \/><\/span><\/label>\n<\/p>\n<p><input class=\"wpcf7-form-control wpcf7-submit has-spinner\" type=\"submit\" value=\"Soumettre\" \/><br \/>\n\n<\/p><div class=\"wpcf7-response-output\" aria-hidden=\"true\"><\/div>\n<\/form>\n<\/div>\n[\/vc_column][vc_column width=\u00a0\u00bb1\/3&Prime;][\/vc_column][\/vc_row][vc_row css_animation=\u00a0\u00bb\u00a0\u00bb row_type=\u00a0\u00bbrow\u00a0\u00bb use_row_as_full_screen_section=\u00a0\u00bbno\u00a0\u00bb type=\u00a0\u00bbfull_width\u00a0\u00bb angled_section=\u00a0\u00bbno\u00a0\u00bb text_align=\u00a0\u00bbleft\u00a0\u00bb background_image_as_pattern=\u00a0\u00bbwithout_pattern\u00a0\u00bb][vc_column][vc_empty_space][\/vc_column][\/vc_row]<\/div>","protected":false},"excerpt":{"rendered":"<p>[vc_row css_animation=\u00a0\u00bb\u00a0\u00bb row_type=\u00a0\u00bbrow\u00a0\u00bb use_row_as_full_screen_section=\u00a0\u00bbno\u00a0\u00bb type=\u00a0\u00bbfull_width\u00a0\u00bb angled_section=\u00a0\u00bbno\u00a0\u00bb text_align=\u00a0\u00bbleft\u00a0\u00bb background_image_as_pattern=\u00a0\u00bbwithout_pattern\u00a0\u00bb][vc_column][vc_column_text] Formulaire de demande Nous vous contacterons bient\u00f4t [\/vc_column_text][vc_separator type=\u00a0\u00bbnormal\u00a0\u00bb color=\u00a0\u00bb#000000&Prime; up=\u00a0\u00bb0&Prime; down=\u00a0\u00bb50&Prime;][\/vc_column][\/vc_row][vc_row css_animation=\u00a0\u00bb\u00a0\u00bb row_type=\u00a0\u00bbrow\u00a0\u00bb use_row_as_full_screen_section=\u00a0\u00bbno\u00a0\u00bb type=\u00a0\u00bbfull_width\u00a0\u00bb angled_section=\u00a0\u00bbno\u00a0\u00bb text_align=\u00a0\u00bbleft\u00a0\u00bb background_image_as_pattern=\u00a0\u00bbwithout_pattern\u00a0\u00bb][vc_column width=\u00a0\u00bb2\/3&Prime;][\/vc_column][vc_column width=\u00a0\u00bb1\/3&Prime;][\/vc_column][\/vc_row][vc_row css_animation=\u00a0\u00bb\u00a0\u00bb row_type=\u00a0\u00bbrow\u00a0\u00bb use_row_as_full_screen_section=\u00a0\u00bbno\u00a0\u00bb type=\u00a0\u00bbfull_width\u00a0\u00bb angled_section=\u00a0\u00bbno\u00a0\u00bb text_align=\u00a0\u00bbleft\u00a0\u00bb background_image_as_pattern=\u00a0\u00bbwithout_pattern\u00a0\u00bb][vc_column][vc_empty_space][\/vc_column][\/vc_row]<\/p>\n","protected":false},"author":16,"featured_media":0,"parent":0,"menu_order":0,"comment_status":"closed","ping_status":"closed","template":"","meta":{"_seopress_robots_primary_cat":"","_seopress_titles_title":"","_seopress_titles_desc":"","_seopress_robots_index":"","inline_featured_image":false,"footnotes":""},"class_list":["post-38929","page","type-page","status-publish","hentry"],"_links":{"self":[{"href":"https:\/\/superchute.com\/fr\/wp-json\/wp\/v2\/pages\/38929","targetHints":{"allow":["GET"]}}],"collection":[{"href":"https:\/\/superchute.com\/fr\/wp-json\/wp\/v2\/pages"}],"about":[{"href":"https:\/\/superchute.com\/fr\/wp-json\/wp\/v2\/types\/page"}],"author":[{"embeddable":true,"href":"https:\/\/superchute.com\/fr\/wp-json\/wp\/v2\/users\/16"}],"replies":[{"embeddable":true,"href":"https:\/\/superchute.com\/fr\/wp-json\/wp\/v2\/comments?post=38929"}],"version-history":[{"count":1,"href":"https:\/\/superchute.com\/fr\/wp-json\/wp\/v2\/pages\/38929\/revisions"}],"predecessor-version":[{"id":44515,"href":"https:\/\/superchute.com\/fr\/wp-json\/wp\/v2\/pages\/38929\/revisions\/44515"}],"wp:attachment":[{"href":"https:\/\/superchute.com\/fr\/wp-json\/wp\/v2\/media?parent=38929"}],"curies":[{"name":"wp","href":"https:\/\/api.w.org\/{rel}","templated":true}]}}