{"id":35037,"date":"2019-09-25T11:13:11","date_gmt":"2019-09-25T15:13:11","guid":{"rendered":"https:\/\/superchute.com\/?page_id=35037"},"modified":"2020-07-22T12:21:44","modified_gmt":"2020-07-22T16:21:44","slug":"lignes-securite","status":"publish","type":"page","link":"https:\/\/superchute.com\/fr\/garde-corps\/straprail\/lignes-securite\/","title":{"rendered":"Lignes de s\u00e9curit\u00e9"},"content":{"rendered":"<div class=\"wpb-content-wrapper\">[vc_row css_animation=\u00a0\u00bb\u00a0\u00bb row_type=\u00a0\u00bbrow\u00a0\u00bb use_row_as_full_screen_section=\u00a0\u00bbno\u00a0\u00bb type=\u00a0\u00bbfull_width\u00a0\u00bb angled_section=\u00a0\u00bbno\u00a0\u00bb text_align=\u00a0\u00bbleft\u00a0\u00bb background_image_as_pattern=\u00a0\u00bbwithout_pattern\u00a0\u00bb css=\u00a0\u00bb.vc_custom_1435843296453{margin-top: 0px !important;padding-top: 10px !important;padding-bottom: 30px !important;}\u00a0\u00bb][vc_column width=\u00a0\u00bb1\/3&Prime;][vc_column_text]\r\n<h3><span style=\"color: #db4405;\">Lignes de s\u00e9curit\u00e9 StrapRail\u00ae<\/span><\/h3>\r\n[\/vc_column_text][vc_column_text]<strong>Avec une bobineuse manuelle et un support mural.\r\n<\/strong>[\/vc_column_text]<div class=\"ult-spacer spacer-69f567948ff70\" data-id=\"69f567948ff70\" data-height=\"25\" data-height-mobile=\"25\" data-height-tab=\"25\" data-height-tab-portrait=\"\" data-height-mobile-landscape=\"\" style=\"clear:both;display:block;\"><\/div><a  itemprop=\"url\" href=\"https:\/\/superchute.com\/fr\/protection-anti-chute\/devis\/\" target=\"_self\" data-hover-background-color=\"#4d4d4d\" data-hover-border-color=\"#4d4d4d\" data-hover-color=\"#ffffff\" class=\"qbutton  small default\" style=\"color: #ffffff; border-color: #4d4d4d; background-color:#4d4d4d;\">DEMANDER UN DEVIS<\/a>[\/vc_column][vc_column width=\u00a0\u00bb1\/3&Prime;][vc_single_image image=\u00a0\u00bb35239&Prime; img_size=\u00a0\u00bbmedium\u00a0\u00bb onclick=\u00a0\u00bblink_image\u00a0\u00bb qode_css_animation=\u00a0\u00bb\u00a0\u00bb][vc_column_text]<span style=\"color: #ff0000;\"><i class=\"fa fa-search-plus\"><\/i>\u00a0<\/span>[\/vc_column_text][\/vc_column][vc_column width=\u00a0\u00bb1\/3&Prime;][vc_single_image image=\u00a0\u00bb35207&Prime; img_size=\u00a0\u00bbmedium\u00a0\u00bb onclick=\u00a0\u00bblink_image\u00a0\u00bb qode_css_animation=\u00a0\u00bb\u00a0\u00bb][vc_column_text]<span style=\"color: #ff0000;\"><i class=\"fa fa-search-plus\"><\/i>\u00a0<\/span>[\/vc_column_text][\/vc_column][\/vc_row][vc_row css_animation=\u00a0\u00bb\u00a0\u00bb row_type=\u00a0\u00bbrow\u00a0\u00bb use_row_as_full_screen_section=\u00a0\u00bbno\u00a0\u00bb type=\u00a0\u00bbfull_width\u00a0\u00bb angled_section=\u00a0\u00bbno\u00a0\u00bb text_align=\u00a0\u00bbleft\u00a0\u00bb background_image_as_pattern=\u00a0\u00bbwithout_pattern\u00a0\u00bb css=\u00a0\u00bb.vc_custom_1435843296453{margin-top: 0px !important;padding-top: 10px !important;padding-bottom: 30px !important;}\u00a0\u00bb][vc_column]<div class=\"ult-spacer spacer-69f56794901e0\" data-id=\"69f56794901e0\" data-height=\"55\" data-height-mobile=\"55\" data-height-tab=\"55\" data-height-tab-portrait=\"\" data-height-mobile-landscape=\"\" style=\"clear:both;display:block;\"><\/div>[vc_text_separator title=\u00a0\u00bbInformation\u00a0\u00bb border=\u00a0\u00bbno\u00a0\u00bb background_color=\u00a0\u00bb#db4405&Prime;]<div class=\"ult-spacer spacer-69f5679490206\" data-id=\"69f5679490206\" data-height=\"20\" data-height-mobile=\"20\" data-height-tab=\"20\" data-height-tab-portrait=\"\" data-height-mobile-landscape=\"\" style=\"clear:both;display:block;\"><\/div>[\/vc_column][\/vc_row][vc_row css_animation=\u00a0\u00bb\u00a0\u00bb row_type=\u00a0\u00bbrow\u00a0\u00bb use_row_as_full_screen_section=\u00a0\u00bbno\u00a0\u00bb type=\u00a0\u00bbfull_width\u00a0\u00bb angled_section=\u00a0\u00bbno\u00a0\u00bb text_align=\u00a0\u00bbleft\u00a0\u00bb background_image_as_pattern=\u00a0\u00bbwithout_pattern\u00a0\u00bb][vc_column][vc_tabs style=\u00a0\u00bbvertical_left\u00a0\u00bb][vc_tab title=\u00a0\u00bbCaract\u00e9ristiques\u00a0\u00bb tab_id=\u00a0\u00bb226cc590-e243-9&Prime;][vc_column_text]\r\n<ul>\r\n \t<li>Ligne de s\u00e9curit\u00e9 mur \u00e0 mur pour applications industrielles aux besoins de r\u00e9tractions et de d\u00e9ploiements frequents <span style=\"color: #db4405;\">\u2713<\/span><\/li>\r\n \t<li>Contient 1 bobineuse pour sangle, 1 support d&rsquo;ancrage murale et 1 sangle orange (4&Prime; largeur) avec du tissage en polyester <span style=\"color: #db4405;\">\u2713<\/span><\/li>\r\n \t<li>L&rsquo;avertissement \u201cWarning! Fall Hazard Area\u201d est marqu\u00e9 r\u00e9p\u00e9titivement tout au long de la sangle sur un c\u00f4t\u00e9 seulement <span style=\"color: #db4405;\">\u2713<\/span><\/li>\r\n \t<li>Solution sur mesure pour vos besoins <span style=\"color: #db4405;\">\u2713<\/span><\/li>\r\n<\/ul>\r\n[\/vc_column_text][\/vc_tab][vc_tab title=\u00a0\u00bbSp\u00e9cifications\u00a0\u00bb tab_id=\u00a0\u00bb2d2fa819-078e-0&Prime;][vc_column_text]\r\n<ul>\r\n \t<li>Ajustement de la longueur de la sangle selon vos besoin<\/li>\r\n \t<li>La sangle avec 4&Prime; de largeur est tr\u00e8s visible<\/li>\r\n<\/ul>\r\n[\/vc_column_text][\/vc_tab][\/vc_tabs][\/vc_column][\/vc_row][vc_row css_animation=\u00a0\u00bb\u00a0\u00bb row_type=\u00a0\u00bbrow\u00a0\u00bb use_row_as_full_screen_section=\u00a0\u00bbno\u00a0\u00bb type=\u00a0\u00bbfull_width\u00a0\u00bb angled_section=\u00a0\u00bbno\u00a0\u00bb text_align=\u00a0\u00bbleft\u00a0\u00bb background_image_as_pattern=\u00a0\u00bbwithout_pattern\u00a0\u00bb css=\u00a0\u00bb.vc_custom_1435843296453{margin-top: 0px !important;padding-top: 10px !important;padding-bottom: 30px !important;}\u00a0\u00bb][vc_column]<div class=\"ult-spacer spacer-69f5679490223\" data-id=\"69f5679490223\" data-height=\"29\" data-height-mobile=\"29\" data-height-tab=\"29\" data-height-tab-portrait=\"\" data-height-mobile-landscape=\"\" style=\"clear:both;display:block;\"><\/div>[vc_text_separator title=\u00a0\u00bbComposants\u00a0\u00bb border=\u00a0\u00bbno\u00a0\u00bb background_color=\u00a0\u00bb#db4405&Prime;][\/vc_column][\/vc_row][vc_row css_animation=\u00a0\u00bb\u00a0\u00bb row_type=\u00a0\u00bbrow\u00a0\u00bb use_row_as_full_screen_section=\u00a0\u00bbno\u00a0\u00bb type=\u00a0\u00bbfull_width\u00a0\u00bb angled_section=\u00a0\u00bbno\u00a0\u00bb text_align=\u00a0\u00bbleft\u00a0\u00bb background_image_as_pattern=\u00a0\u00bbwithout_pattern\u00a0\u00bb css=\u00a0\u00bb.vc_custom_1431528190800{margin-top: 0px !important;padding-top: 10px !important;padding-bottom: 30px !important;}\u00a0\u00bb][vc_column]<div id=\"jig1\" class=\"justified-image-grid jig-bfb6c4d5a25ca6ae7deb93ec633c5ca4 jig-preset-global jig-source-wp-gallery\"><div class=\"jig-clearfix\"><\/div><noscript id=\"jig1-html\" class=\"justified-image-grid-html\" data-lazy-src=\"skiplazyload\" data-src=\"skipunveillazyload\"><ul><li><a href=\"https:\/\/superchute.com\/wp-content\/uploads\/2019\/10\/warning-line-RATCHET-WINDER-straprail.jpg\"><img loading=\"lazy\" decoding=\"async\" src=\"https:\/\/superchute.com\/wp-content\/plugins\/justified-image-grid\/timthumb.php?src=https%3A%2F%2Fsuperchute.com%2Fwp-content%2Fuploads%2F2019%2F10%2Fwarning-line-RATCHET-WINDER-straprail.jpg&amp;h=229&amp;w=229&amp;q=90&amp;f=.jpg\" alt=\"warning-line-RATCHET-WINDER-straprail\" width=\"229\" height=\"229\" \/><\/a><p class=\"jig-HTMLdescription\">warning-line-RATCHET-WINDER-straprail<\/p><\/li><li><a href=\"https:\/\/superchute.com\/wp-content\/uploads\/2019\/09\/warning-line-winder.jpg\"><img loading=\"lazy\" decoding=\"async\" src=\"https:\/\/superchute.com\/wp-content\/plugins\/justified-image-grid\/timthumb.php?src=https%3A%2F%2Fsuperchute.com%2Fwp-content%2Fuploads%2F2019%2F09%2Fwarning-line-winder.jpg&amp;h=229&amp;w=229&amp;q=90&amp;f=.jpg\" alt=\"Warning Line Winder\" width=\"229\" height=\"229\" \/><\/a><p class=\"jig-HTMLdescription\">Warning Line Winder<\/p><\/li><li><a href=\"https:\/\/superchute.com\/wp-content\/uploads\/2019\/09\/warning-line-wall-bracket-captive-quick-link-01.jpg\"><img loading=\"lazy\" decoding=\"async\" src=\"https:\/\/superchute.com\/wp-content\/plugins\/justified-image-grid\/timthumb.php?src=https%3A%2F%2Fsuperchute.com%2Fwp-content%2Fuploads%2F2019%2F09%2Fwarning-line-wall-bracket-captive-quick-link-01.jpg&amp;h=229&amp;w=229&amp;q=90&amp;f=.jpg\" alt=\"Warning Line Wall Bracket &amp; Captive Quick Link\" width=\"229\" height=\"229\" \/><\/a><p class=\"jig-HTMLdescription\">Warning Line Wall Bracket & Captive Quick Link<\/p><\/li><li><a href=\"https:\/\/superchute.com\/wp-content\/uploads\/2019\/09\/warning-line-wall-bracket-captive-quick-link.jpg\"><img loading=\"lazy\" decoding=\"async\" src=\"https:\/\/superchute.com\/wp-content\/plugins\/justified-image-grid\/timthumb.php?src=https%3A%2F%2Fsuperchute.com%2Fwp-content%2Fuploads%2F2019%2F09%2Fwarning-line-wall-bracket-captive-quick-link.jpg&amp;h=229&amp;w=229&amp;q=90&amp;f=.jpg\" alt=\"Warning Line Wall Bracket &amp; Captive Quick Link\" width=\"229\" height=\"229\" \/><\/a><p class=\"jig-HTMLdescription\">Warning Line Wall Bracket & Captive Quick Link<\/p><\/li><\/ul><\/noscript><\/div>[\/vc_column][\/vc_row][vc_row css_animation=\u00a0\u00bb\u00a0\u00bb row_type=\u00a0\u00bbrow\u00a0\u00bb use_row_as_full_screen_section=\u00a0\u00bbno\u00a0\u00bb type=\u00a0\u00bbfull_width\u00a0\u00bb angled_section=\u00a0\u00bbno\u00a0\u00bb text_align=\u00a0\u00bbleft\u00a0\u00bb background_image_as_pattern=\u00a0\u00bbwithout_pattern\u00a0\u00bb css=\u00a0\u00bb.vc_custom_1431528190800{margin-top: 0px !important;padding-top: 10px !important;padding-bottom: 30px !important;}\u00a0\u00bb][vc_column]<div class=\"ult-spacer spacer-69f5679492443\" data-id=\"69f5679492443\" data-height=\"55\" data-height-mobile=\"55\" data-height-tab=\"55\" data-height-tab-portrait=\"\" data-height-mobile-landscape=\"\" style=\"clear:both;display:block;\"><\/div>[vc_text_separator title=\u00a0\u00bbProjets\u00a0\u00bb border=\u00a0\u00bbno\u00a0\u00bb background_color=\u00a0\u00bb#db4405&Prime; title_color=\u00a0\u00bb#ffffff\u00a0\u00bb]<div class=\"ult-spacer spacer-69f5679492467\" data-id=\"69f5679492467\" data-height=\"15\" data-height-mobile=\"15\" data-height-tab=\"15\" data-height-tab-portrait=\"\" data-height-mobile-landscape=\"\" style=\"clear:both;display:block;\"><\/div>[vc_column_text]\r\n<p style=\"text-align: center;\">Cliquer sur les images pour visionner les projets.<\/p>\r\n[\/vc_column_text]<div class=\"ult-spacer spacer-69f5679492488\" data-id=\"69f5679492488\" data-height=\"25\" data-height-mobile=\"25\" data-height-tab=\"25\" data-height-tab-portrait=\"\" data-height-mobile-landscape=\"\" style=\"clear:both;display:block;\"><\/div><div class='projects_holder_outer v4 portfolio_with_space portfolio_standard'>\n        <div class='projects_holder portfolio_main_holder clearfix v4 standard portfolio_square_image '>\n        \n        <article class='mix portfolio_category_370 portfolio_category_494 portfolio_category_429 portfolio_category_365 default' style=''>\n    \n    \n    \n                <div class='image_holder'>\n                <a itemprop='url' class='portfolio_link_for_touch' href='https:\/\/superchute.com\/fr\/portfolio_page\/city-montreal-warning-line\/' target='_self'>\n                    \n<span class='image'><img loading=\"lazy\" decoding=\"async\" width=\"570\" height=\"536\" src=\"https:\/\/superchute.com\/wp-content\/uploads\/2019\/10\/warning-line-ville-montreal-02-min-570x536.jpg\" class=\"attachment-portfolio-square size-portfolio-square wp-post-image\" alt=\"\" \/><\/span>                <\/a>\n\n                <span class='text_holder'>\n    <span class='text_outer'>\n        <span class='text_inner'>\n            <span class='feature_holder'>\n                            <span class=\"feature_holder_icons\">';\n                    \n                            <a itemprop='url' class='preview qbutton small white' href='https:\/\/superchute.com\/fr\/portfolio_page\/city-montreal-warning-line\/' target='_self'>view<\/i><\/a>\n    \n                                            <\/span>\n        <\/span>\n    <\/span>\n<\/span>            <\/div>\n                <div class='portfolio_description ' >\n\n        \n    <h5 itemprop=\"name\" class=\"portfolio_title entry_title\"><a itemprop=\"url\" href=\"https:\/\/superchute.com\/fr\/portfolio_page\/city-montreal-warning-line\/\" style=\"color: #4d4d4d\" target=\"_self\"> Ville de Montr\u00e9al &#8211; Lignes de s\u00e9curit\u00e9 pour pont roulant<\/a><\/h5>\n\n\n            <div style=\"background-color: #4d4d4d\" class=\"portfolio_separator separator  small center\"><\/div>\n\n            <span class=\"project_category\"  >\n    Garde-Corps, Ligne de s\u00e9curit\u00e9, Protection Anti-chute, StrapRail\u00ae    <\/span>\n\n    <\/div>\n        \n<\/article>\n        <div class='filler'><\/div>\n            <div class='filler'><\/div>\n            <div class='filler'><\/div>\n            <div class='filler'><\/div>\n        <\/div>\n\n    \n    <\/div>[\/vc_column][\/vc_row]<\/div>","protected":false},"excerpt":{"rendered":"<p>[vc_row css_animation=\u00a0\u00bb\u00a0\u00bb row_type=\u00a0\u00bbrow\u00a0\u00bb use_row_as_full_screen_section=\u00a0\u00bbno\u00a0\u00bb type=\u00a0\u00bbfull_width\u00a0\u00bb angled_section=\u00a0\u00bbno\u00a0\u00bb text_align=\u00a0\u00bbleft\u00a0\u00bb background_image_as_pattern=\u00a0\u00bbwithout_pattern\u00a0\u00bb css=\u00a0\u00bb.vc_custom_1435843296453{margin-top: 0px !important;padding-top: 10px !important;padding-bottom: 30px !important;}\u00a0\u00bb][vc_column width=\u00a0\u00bb1\/3&Prime;][vc_column_text] Lignes de s\u00e9curit\u00e9 StrapRail\u00ae [\/vc_column_text][vc_column_text]Avec une bobineuse manuelle et un support mural. [\/vc_column_text][\/vc_column][vc_column width=\u00a0\u00bb1\/3&Prime;][vc_single_image image=\u00a0\u00bb35239&Prime; img_size=\u00a0\u00bbmedium\u00a0\u00bb onclick=\u00a0\u00bblink_image\u00a0\u00bb qode_css_animation=\u00a0\u00bb\u00a0\u00bb][vc_column_text]\u00a0[\/vc_column_text][\/vc_column][vc_column width=\u00a0\u00bb1\/3&Prime;][vc_single_image image=\u00a0\u00bb35207&Prime; img_size=\u00a0\u00bbmedium\u00a0\u00bb onclick=\u00a0\u00bblink_image\u00a0\u00bb qode_css_animation=\u00a0\u00bb\u00a0\u00bb][vc_column_text]\u00a0[\/vc_column_text][\/vc_column][\/vc_row][vc_row css_animation=\u00a0\u00bb\u00a0\u00bb row_type=\u00a0\u00bbrow\u00a0\u00bb use_row_as_full_screen_section=\u00a0\u00bbno\u00a0\u00bb type=\u00a0\u00bbfull_width\u00a0\u00bb angled_section=\u00a0\u00bbno\u00a0\u00bb text_align=\u00a0\u00bbleft\u00a0\u00bb&#8230;<\/p>\n","protected":false},"author":7,"featured_media":0,"parent":23115,"menu_order":1,"comment_status":"open","ping_status":"open","template":"","meta":{"_seopress_robots_primary_cat":"","_seopress_titles_title":"","_seopress_titles_desc":"","_seopress_robots_index":"","inline_featured_image":false,"footnotes":""},"class_list":["post-35037","page","type-page","status-publish","hentry"],"_links":{"self":[{"href":"https:\/\/superchute.com\/fr\/wp-json\/wp\/v2\/pages\/35037","targetHints":{"allow":["GET"]}}],"collection":[{"href":"https:\/\/superchute.com\/fr\/wp-json\/wp\/v2\/pages"}],"about":[{"href":"https:\/\/superchute.com\/fr\/wp-json\/wp\/v2\/types\/page"}],"author":[{"embeddable":true,"href":"https:\/\/superchute.com\/fr\/wp-json\/wp\/v2\/users\/7"}],"replies":[{"embeddable":true,"href":"https:\/\/superchute.com\/fr\/wp-json\/wp\/v2\/comments?post=35037"}],"version-history":[{"count":0,"href":"https:\/\/superchute.com\/fr\/wp-json\/wp\/v2\/pages\/35037\/revisions"}],"up":[{"embeddable":true,"href":"https:\/\/superchute.com\/fr\/wp-json\/wp\/v2\/pages\/23115"}],"wp:attachment":[{"href":"https:\/\/superchute.com\/fr\/wp-json\/wp\/v2\/media?parent=35037"}],"curies":[{"name":"wp","href":"https:\/\/api.w.org\/{rel}","templated":true}]}}