{"id":34047,"date":"2019-05-22T16:23:01","date_gmt":"2019-05-22T20:23:01","guid":{"rendered":"https:\/\/superchute.com\/?page_id=34047"},"modified":"2020-07-23T16:42:07","modified_gmt":"2020-07-23T20:42:07","slug":"edgeguard-bases-boulonees","status":"publish","type":"page","link":"https:\/\/superchute.com\/fr\/garde-corps\/produits-edgeguard\/edgeguard-bases-boulonees\/","title":{"rendered":"EdgeGuard\u00ae bases boulonn\u00e9es"},"content":{"rendered":"<div class=\"wpb-content-wrapper\">[vc_row css_animation=\u00a0\u00bb\u00a0\u00bb row_type=\u00a0\u00bbrow\u00a0\u00bb use_row_as_full_screen_section=\u00a0\u00bbno\u00a0\u00bb type=\u00a0\u00bbfull_width\u00a0\u00bb angled_section=\u00a0\u00bbno\u00a0\u00bb text_align=\u00a0\u00bbleft\u00a0\u00bb background_image_as_pattern=\u00a0\u00bbwithout_pattern\u00a0\u00bb css=\u00a0\u00bb.vc_custom_1435843296453{margin-top: 0px !important;padding-top: 10px !important;padding-bottom: 30px !important;}\u00a0\u00bb][vc_column width=\u00a0\u00bb1\/2&Prime;][vc_column_text]\r\n<h3><span style=\"color: #db4405;\">EdgeGuard\u00ae bases boulonn\u00e9es<\/span><\/h3>\r\n[\/vc_column_text][vc_column_text]<b>Syst\u00e8me de garde-corps de s\u00e9curit\u00e9 anti-chute avec des bases boulonn\u00e9es.<\/b><b><\/b>[\/vc_column_text]<div class=\"ult-spacer spacer-69e786620916a\" data-id=\"69e786620916a\" data-height=\"25\" data-height-mobile=\"25\" data-height-tab=\"25\" data-height-tab-portrait=\"\" data-height-mobile-landscape=\"\" style=\"clear:both;display:block;\"><\/div><a  itemprop=\"url\" href=\"https:\/\/superchute.com\/fr\/protection-anti-chute\/devis\/\" target=\"_self\" data-hover-background-color=\"#282828\" data-hover-border-color=\"#282828\" data-hover-color=\"#ffffff\" class=\"qbutton  small default\" style=\"color: #ffffff; border-color: #515151; background-color:#515151;\">DEMANDER UN DEVIS<\/a>[\/vc_column][vc_column width=\u00a0\u00bb1\/2&Prime;][vc_column_text]\r\n<p style=\"text-align: left;\"><span style=\"color: #ff0000;\"><i class=\"fa fa-search-plus\"><\/i>\u00a0<\/span><\/p>\r\n[\/vc_column_text][vc_single_image image=\u00a0\u00bb34008&Prime; img_size=\u00a0\u00bbmedium\u00a0\u00bb onclick=\u00a0\u00bblink_image\u00a0\u00bb qode_css_animation=\u00a0\u00bb\u00a0\u00bb][\/vc_column][\/vc_row][vc_row css_animation=\u00a0\u00bb\u00a0\u00bb row_type=\u00a0\u00bbrow\u00a0\u00bb use_row_as_full_screen_section=\u00a0\u00bbno\u00a0\u00bb type=\u00a0\u00bbfull_width\u00a0\u00bb angled_section=\u00a0\u00bbno\u00a0\u00bb text_align=\u00a0\u00bbleft\u00a0\u00bb background_image_as_pattern=\u00a0\u00bbwithout_pattern\u00a0\u00bb][vc_column]<div class=\"ult-spacer spacer-69e7866209362\" data-id=\"69e7866209362\" data-height=\"55\" data-height-mobile=\"55\" data-height-tab=\"55\" data-height-tab-portrait=\"\" data-height-mobile-landscape=\"\" style=\"clear:both;display:block;\"><\/div>[vc_text_separator title=\u00a0\u00bbInformation\u00a0\u00bb border=\u00a0\u00bbno\u00a0\u00bb background_color=\u00a0\u00bb#db4405&Prime;]<div class=\"ult-spacer spacer-69e78662093a3\" data-id=\"69e78662093a3\" data-height=\"20\" data-height-mobile=\"20\" data-height-tab=\"20\" data-height-tab-portrait=\"\" data-height-mobile-landscape=\"\" style=\"clear:both;display:block;\"><\/div>[\/vc_column][\/vc_row][vc_row css_animation=\u00a0\u00bb\u00a0\u00bb row_type=\u00a0\u00bbrow\u00a0\u00bb use_row_as_full_screen_section=\u00a0\u00bbno\u00a0\u00bb type=\u00a0\u00bbfull_width\u00a0\u00bb angled_section=\u00a0\u00bbno\u00a0\u00bb text_align=\u00a0\u00bbleft\u00a0\u00bb background_image_as_pattern=\u00a0\u00bbwithout_pattern\u00a0\u00bb][vc_column][vc_tabs style=\u00a0\u00bbvertical_left\u00a0\u00bb][vc_tab title=\u00a0\u00bbCaract\u00e9ristiques\u00a0\u00bb tab_id=\u00a0\u00bb1466444419281-6-7&Prime;][vc_column_text]\r\n<ul>\r\n \t<li>Barri\u00e8res avec 42 po d&rsquo;hauteur en acier avec des grilles <span style=\"color: #db4405;\">\u2713<\/span><\/li>\r\n \t<li>Bases \u00e0 boulonner robustes\u00a0<span style=\"color: #db4405;\">\u2713<\/span><\/li>\r\n \t<li>Syst\u00e8mes de manutention faciles \u00e0 utiliser <span style=\"color: #db4405;\">\u2713<\/span><\/li>\r\n \t<li>Con\u00e7u pour des couvreurs, des entrepreneurs, des locateurs et des d\u00e9taillants d&rsquo;\u00e9quipement de construction et de s\u00e9curit\u00e9 <span style=\"color: #db4405;\">\u2713<\/span><\/li>\r\n \t<li>Pour un usage temporaire sur n&rsquo;importe quel plancher plat avec des bords non-prot\u00e9g\u00e9s tels que des plafonds, du b\u00e9ton, des cages, des escaliers et des lucarnes <span style=\"color: #db4405;\">\u2713<\/span><\/li>\r\n \t<li>D\u00e9passe la comp\u00e9tition en terme de la durabilit\u00e9 et de la s\u00e9curit\u00e9 <span style=\"color: #db4405;\">\u2713<\/span><\/li>\r\n \t<li>S&rsquo;installe facilement et plus rapidement que d&rsquo;autres syst\u00e8mes sur le march\u00e9\u00a0<span style=\"color: #db4405;\">\u2713<\/span><\/li>\r\n<\/ul>\r\n[\/vc_column_text][\/vc_tab][vc_tab title=\u00a0\u00bbAvertissement\u00a0\u00bb tab_id=\u00a0\u00bb1466442757387-6-7&Prime;][vc_column_text]<i class=\"fa fa-exclamation-triangle\" style=\"color: red;\"><\/i>\u00a0AVERTISSEMENT\r\n\r\nEdgeGuard<sup>\u00ae<\/sup> est con\u00e7u uniquement pour des ouvriers travaillant dans des environnements industriels et de construction. Ce n&rsquo;est pas con\u00e7u pour le contr\u00f4le du grand publique. Les syst\u00e8mes de barri\u00e8res pour le publique sont adapt\u00e9s en consid\u00e9rant les enfants, les adultes \u00e2g\u00e9s et les personnes malvoyantes. Brevet Canadien No. 2,472,814.[\/vc_column_text][\/vc_tab][vc_tab title=\u00a0\u00bbDocuments &amp; conformit\u00e9\u00a0\u00bb tab_id=\u00a0\u00bb1466442721313-5-2&Prime;][vc_column_text]<span style=\"color: #db4405;\"><a style=\"color: #db4405;\" href=\"https:\/\/superchute.com\/wp-content\/uploads\/2015\/08\/Edgeguard-Manual.pdf\" target=\"_blank\" rel=\"noopener noreferrer\">Manuel de l&rsquo;installation du EdgeGuard<sup>\u00ae<\/sup><\/a><strong>\u00a0<\/strong><\/span><span class='q_social_icon_holder normal_social' data-color=#ff0000 data-hover-color=#4d4d4d><a itemprop='url' href='https:\/\/superchute.com\/wp-content\/uploads\/2015\/08\/Edgeguard-Manual.pdf' target='_blank'><i class=\"qode_icon_font_awesome fa fa-file-pdf-o fa-lg simple_social\" style=\"color: #ff0000;\" ><\/i><\/a><\/span>[\/vc_column_text]<div class=\"ult-spacer spacer-69e78662094a3\" data-id=\"69e78662094a3\" data-height=\"25\" data-height-mobile=\"25\" data-height-tab=\"25\" data-height-tab-portrait=\"\" data-height-mobile-landscape=\"\" style=\"clear:both;display:block;\"><\/div>[vc_separator type=\u00a0\u00bbnormal\u00a0\u00bb color=\u00a0\u00bb#dddddd\u00a0\u00bb thickness=\u00a0\u00bb1&Prime;][vc_column_text]<strong>Chutes sur des sites de construction (2003 \u00c9.U.A)<\/strong>\r\n\r\n<span style=\"color: #db4405;\"><a style=\"color: #db4405;\" href=\"https:\/\/superchute.com\/wp-content\/uploads\/2015\/09\/fallfatalities.pdf\" target=\"_blank\" rel=\"noopener noreferrer\">Fatal fall occupational injuries per day<\/a><strong style=\"color: #db4405;\">\u00a0<\/strong><\/span><span class='q_social_icon_holder normal_social' data-color=#ff0000 data-hover-color=#4d4d4d><a itemprop='url' href='https:\/\/superchute.com\/wp-content\/uploads\/2015\/09\/fallfatalities.pdf' target='_blank'><i class=\"qode_icon_font_awesome fa fa-file-pdf-o fa-lg simple_social\" style=\"color: #ff0000;\" ><\/i><\/a><\/span>\r\n\r\n<span style=\"color: #db4405;\"><a style=\"color: #db4405;\" href=\"https:\/\/superchute.com\/wp-content\/uploads\/2015\/09\/fallinjuries.pdf\" target=\"_blank\" rel=\"noopener noreferrer\">Nonfatal falls occupational injuries\u00a0per day<\/a><strong style=\"color: #db4405;\">\u00a0<\/strong><\/span><span class='q_social_icon_holder normal_social' data-color=#ff0000 data-hover-color=#4d4d4d><a itemprop='url' href='https:\/\/superchute.com\/wp-content\/uploads\/2015\/09\/fallinjuries.pdf' target='_blank'><i class=\"qode_icon_font_awesome fa fa-file-pdf-o fa-lg simple_social\" style=\"color: #ff0000;\" ><\/i><\/a><\/span>\r\n\r\n<em>Source: U.S. Department of Labour, Bureau of Labour Statistics.<\/em>[\/vc_column_text]<div class=\"ult-spacer spacer-69e7866209622\" data-id=\"69e7866209622\" data-height=\"25\" data-height-mobile=\"25\" data-height-tab=\"25\" data-height-tab-portrait=\"\" data-height-mobile-landscape=\"\" style=\"clear:both;display:block;\"><\/div>[vc_separator type=\u00a0\u00bbnormal\u00a0\u00bb color=\u00a0\u00bb#dddddd\u00a0\u00bb thickness=\u00a0\u00bb1&Prime;][vc_column_text]<strong>EdgeGuard<sup>\u00ae<\/sup><\/strong>\u00a0est conforme avec les r\u00e8gles OSHA (Occupational Safety &amp; Health Administration).\r\n\r\n<span style=\"text-decoration: underline;\"><span style=\"color: #0000ff;\"><a style=\"color: #0000ff; text-decoration: underline;\" href=\"https:\/\/www.osha.gov\/pls\/oshaweb\/owadisp.show_document?p_table=STANDARDS&amp;p_id=10758\">Cliquer ici<\/a><\/span><\/span> pour plus d&rsquo;information sur OSHA.[\/vc_column_text][\/vc_tab][vc_tab title=\u00a0\u00bbBrochure\u00a0\u00bb tab_id=\u00a0\u00bb1473948736509-7-5&Prime;][vc_column_text]\r\n<h5><a href=\"https:\/\/superchute.com\/brochures_\/brochure-edgeguard-4sides-fr.pdf\" target=\"_blank\" rel=\"noopener noreferrer\"><img loading=\"lazy\" decoding=\"async\" class=\"alignleft wp-image-17833\" src=\"https:\/\/superchute.com\/wp-content\/uploads\/2015\/08\/brochure-edgeguard-4sides-1.jpg\" alt=\"\" width=\"100\" height=\"129\" \/><\/a><a href=\"https:\/\/superchute.com\/brochures_\/brochure-edgeguard-4sides-fr.pdf\" target=\"_blank\" rel=\"noopener noreferrer\">Brochure EdgeGuard\u00ae<\/a><\/h5>\r\nVersion PDF<span class='q_social_icon_holder normal_social' data-color=#ff0000 data-hover-color=#4d4d4d><a itemprop='url' href='https:\/\/superchute.com\/brochures_\/brochure-edgeguard-4sides-fr.pdf' target='_blank'><i class=\"qode_icon_font_awesome fa fa-file-pdf-o fa-lg simple_social\" style=\"color: #ff0000;\" ><\/i><\/a><\/span>\r\n\r\n[\/vc_column_text][\/vc_tab][\/vc_tabs][\/vc_column][\/vc_row][vc_row css_animation=\u00a0\u00bb\u00a0\u00bb row_type=\u00a0\u00bbrow\u00a0\u00bb use_row_as_full_screen_section=\u00a0\u00bbno\u00a0\u00bb type=\u00a0\u00bbfull_width\u00a0\u00bb angled_section=\u00a0\u00bbno\u00a0\u00bb text_align=\u00a0\u00bbleft\u00a0\u00bb background_image_as_pattern=\u00a0\u00bbwithout_pattern\u00a0\u00bb][vc_column]<div class=\"ult-spacer spacer-69e78662096f5\" data-id=\"69e78662096f5\" data-height=\"55\" data-height-mobile=\"55\" data-height-tab=\"55\" data-height-tab-portrait=\"\" data-height-mobile-landscape=\"\" style=\"clear:both;display:block;\"><\/div>[vc_text_separator title=\u00a0\u00bbBases boulonn\u00e9es\u00a0\u00bb border=\u00a0\u00bbno\u00a0\u00bb background_color=\u00a0\u00bb#db4405&Prime;]<div class=\"ult-spacer spacer-69e7866209729\" data-id=\"69e7866209729\" data-height=\"20\" data-height-mobile=\"20\" data-height-tab=\"20\" data-height-tab-portrait=\"\" data-height-mobile-landscape=\"\" style=\"clear:both;display:block;\"><\/div>[\/vc_column][\/vc_row][vc_row css_animation=\u00a0\u00bb\u00a0\u00bb row_type=\u00a0\u00bbrow\u00a0\u00bb use_row_as_full_screen_section=\u00a0\u00bbno\u00a0\u00bb type=\u00a0\u00bbfull_width\u00a0\u00bb angled_section=\u00a0\u00bbno\u00a0\u00bb text_align=\u00a0\u00bbleft\u00a0\u00bb background_image_as_pattern=\u00a0\u00bbwithout_pattern\u00a0\u00bb][vc_column][vc_tabs style=\u00a0\u00bbvertical_left\u00a0\u00bb][vc_tab title=\u00a0\u00bbBase boulonn\u00e9e pour deux poteaux\u00a0\u00bb tab_id=\u00a0\u00bbd774322c-3afc-7&Prime;][vc_row_inner row_type=\u00a0\u00bbrow\u00a0\u00bb type=\u00a0\u00bbfull_width\u00a0\u00bb text_align=\u00a0\u00bbleft\u00a0\u00bb css_animation=\u00a0\u00bb\u00a0\u00bb][vc_column_inner width=\u00a0\u00bb1\/2&Prime;][vc_gallery type=\u00a0\u00bbimage_grid\u00a0\u00bb images=\u00a0\u00bb18685,17947&Prime; img_size=\u00a0\u00bbmedium\u00a0\u00bb onclick=\u00a0\u00bblink_no\u00a0\u00bb column_number=\u00a0\u00bb0&Prime; grayscale=\u00a0\u00bbno\u00a0\u00bb images_space=\u00a0\u00bbgallery_without_space\u00a0\u00bb][\/vc_column_inner][vc_column_inner width=\u00a0\u00bb1\/2&Prime;][vc_column_text]<span style=\"color: #ff0000;\"><i class=\"fa fa-search-plus\"><\/i>\u00a0<\/span>[\/vc_column_text][vc_single_image image=\u00a0\u00bb32408&Prime; img_size=\u00a0\u00bbmedium\u00a0\u00bb onclick=\u00a0\u00bblink_image\u00a0\u00bb qode_css_animation=\u00a0\u00bb\u00a0\u00bb][\/vc_column_inner][\/vc_row_inner][\/vc_tab][vc_tab title=\u00a0\u00bbBase boulonn\u00e9e pour un poteau\u00a0\u00bb tab_id=\u00a0\u00bb6da80389-3c40-9&Prime;][vc_gallery type=\u00a0\u00bbimage_grid\u00a0\u00bb images=\u00a0\u00bb18683,17938&Prime; img_size=\u00a0\u00bbmedium\u00a0\u00bb onclick=\u00a0\u00bblink_no\u00a0\u00bb column_number=\u00a0\u00bb0&Prime; grayscale=\u00a0\u00bbno\u00a0\u00bb images_space=\u00a0\u00bbgallery_without_space\u00a0\u00bb][\/vc_tab][vc_tab title=\u00a0\u00bbGoupilles\u00a0\u00bb tab_id=\u00a0\u00bb1455124809325-2-10&Prime;][vc_column_text]\r\n<ul>\r\n \t<li>Pour s\u00e9curiser les rails aux bases<\/li>\r\n \t<li>3\/8&Prime; dia. x 3.5&Prime; longueur utilisable<\/li>\r\n<\/ul>\r\n[\/vc_column_text][vc_gallery type=\u00a0\u00bbimage_grid\u00a0\u00bb images=\u00a0\u00bb16777,18688,18686&Prime; img_size=\u00a0\u00bbmedium\u00a0\u00bb onclick=\u00a0\u00bblink_no\u00a0\u00bb column_number=\u00a0\u00bb0&Prime; grayscale=\u00a0\u00bbno\u00a0\u00bb images_space=\u00a0\u00bbgallery_without_space\u00a0\u00bb][\/vc_tab][vc_tab title=\u00a0\u00bbPlinthes en aluminium\u00a0\u00bb tab_id=\u00a0\u00bb1455124811665-3-7&Prime;][vc_column_text]\r\n<ul>\r\n \t<li>Ne s&rsquo;enroule pas et ne se tord pas comme un montant de bois<\/li>\r\n \t<li>Tr\u00e8s rigide<\/li>\r\n \t<li>Ruban de marquage pour un c\u00f4t\u00e9 est inclu<\/li>\r\n \t<li>1&Prime; x 4&Prime; x 1\/8&Prime; d&rsquo;\u00e9paisseur de mur (section creuse)<\/li>\r\n<\/ul>\r\n&nbsp;\r\n\r\n<img loading=\"lazy\" decoding=\"async\" class=\"alignleft wp-image-18689\" src=\"https:\/\/superchute.com\/wp-content\/uploads\/2015\/04\/Aluminum-Toeboard.png\" alt=\"EdgeGuard\u00ae Aluminum Toeboard\" width=\"389\" height=\"247\" srcset=\"https:\/\/superchute.com\/wp-content\/uploads\/2015\/04\/Aluminum-Toeboard.png 552w, https:\/\/superchute.com\/wp-content\/uploads\/2015\/04\/Aluminum-Toeboard-300x190.png 300w\" sizes=\"auto, (max-width: 389px) 100vw, 389px\" \/>[\/vc_column_text][\/vc_tab][\/vc_tabs][\/vc_column][\/vc_row][vc_row css_animation=\u00a0\u00bb\u00a0\u00bb row_type=\u00a0\u00bbrow\u00a0\u00bb use_row_as_full_screen_section=\u00a0\u00bbno\u00a0\u00bb type=\u00a0\u00bbfull_width\u00a0\u00bb angled_section=\u00a0\u00bbno\u00a0\u00bb text_align=\u00a0\u00bbleft\u00a0\u00bb background_image_as_pattern=\u00a0\u00bbwithout_pattern\u00a0\u00bb css=\u00a0\u00bb.vc_custom_1431528190800{margin-top: 0px !important;padding-top: 10px !important;padding-bottom: 30px !important;}\u00a0\u00bb][vc_column]<div class=\"ult-spacer spacer-69e7866209759\" data-id=\"69e7866209759\" data-height=\"55\" data-height-mobile=\"55\" data-height-tab=\"55\" data-height-tab-portrait=\"\" data-height-mobile-landscape=\"\" style=\"clear:both;display:block;\"><\/div>[vc_text_separator title=\u00a0\u00bbProjets\u00a0\u00bb border=\u00a0\u00bbno\u00a0\u00bb background_color=\u00a0\u00bb#db4405&Prime; title_color=\u00a0\u00bb#ffffff\u00a0\u00bb]<div class=\"ult-spacer spacer-69e786620978a\" data-id=\"69e786620978a\" data-height=\"15\" data-height-mobile=\"15\" data-height-tab=\"15\" data-height-tab-portrait=\"\" data-height-mobile-landscape=\"\" style=\"clear:both;display:block;\"><\/div>[vc_column_text]\r\n<p style=\"text-align: center;\">Cliquer sur les images pour visionner les projets.<\/p>\r\n[\/vc_column_text]<div class=\"ult-spacer spacer-69e78662097b7\" data-id=\"69e78662097b7\" data-height=\"25\" data-height-mobile=\"25\" data-height-tab=\"25\" data-height-tab-portrait=\"\" data-height-mobile-landscape=\"\" style=\"clear:both;display:block;\"><\/div><div class='projects_holder_outer v4 portfolio_with_space portfolio_standard'>\n        <div class='projects_holder portfolio_main_holder clearfix v4 standard portfolio_square_image '>\n        \n        <article class='mix portfolio_category_479 portfolio_category_370 portfolio_category_371 default' style=''>\n    \n    \n    \n                <div class='image_holder'>\n                <a itemprop='url' class='portfolio_link_for_touch' href='https:\/\/superchute.com\/fr\/portfolio_page\/beland-et-lapointe\/' target='_self'>\n                    \n<span class='image'><img loading=\"lazy\" decoding=\"async\" width=\"570\" height=\"450\" src=\"https:\/\/superchute.com\/wp-content\/uploads\/2024\/02\/BELAND-ET-LAPOINT-111055-02-570x450.jpg\" class=\"attachment-portfolio-square size-portfolio-square wp-post-image\" alt=\"\" \/><\/span>                <\/a>\n\n                <span class='text_holder'>\n    <span class='text_outer'>\n        <span class='text_inner'>\n            <span class='feature_holder'>\n                            <span class=\"feature_holder_icons\">';\n                    \n                            <a itemprop='url' class='preview qbutton small white' href='https:\/\/superchute.com\/fr\/portfolio_page\/beland-et-lapointe\/' target='_self'>view<\/i><\/a>\n    \n                                            <\/span>\n        <\/span>\n    <\/span>\n<\/span>            <\/div>\n                <div class='portfolio_description ' >\n\n        \n    <h5 itemprop=\"name\" class=\"portfolio_title entry_title\"><a itemprop=\"url\" href=\"https:\/\/superchute.com\/fr\/portfolio_page\/beland-et-lapointe\/\" style=\"color: #4d4d4d\" target=\"_self\"> BELAND ET LAPOINTE<\/a><\/h5>\n\n\n            <div style=\"background-color: #4d4d4d\" class=\"portfolio_separator separator  small center\"><\/div>\n\n            <span class=\"project_category\"  >\n    Bases Boulonn\u00e9es EdgeGuard\u00ae, Garde-Corps, Produits EdgeGuard\u00ae    <\/span>\n\n    <\/div>\n        \n<\/article>\n<article class='mix portfolio_category_479 portfolio_category_370 portfolio_category_371 portfolio_category_429 default' style=''>\n    \n    \n    \n                <div class='image_holder'>\n                <a itemprop='url' class='portfolio_link_for_touch' href='https:\/\/superchute.com\/fr\/portfolio_page\/truck-bay-edgeguard\/' target='_self'>\n                    \n<span class='image'><img loading=\"lazy\" decoding=\"async\" width=\"570\" height=\"570\" src=\"https:\/\/superchute.com\/wp-content\/uploads\/2018\/03\/edgeguard-02-min-570x570.jpg\" class=\"attachment-portfolio-square size-portfolio-square wp-post-image\" alt=\"\" srcset=\"https:\/\/superchute.com\/wp-content\/uploads\/2018\/03\/edgeguard-02-min-570x570.jpg 570w, https:\/\/superchute.com\/wp-content\/uploads\/2018\/03\/edgeguard-02-min-500x500.jpg 500w\" sizes=\"auto, (max-width: 570px) 100vw, 570px\" \/><\/span>                <\/a>\n\n                <span class='text_holder'>\n    <span class='text_outer'>\n        <span class='text_inner'>\n            <span class='feature_holder'>\n                            <span class=\"feature_holder_icons\">';\n                    \n                            <a itemprop='url' class='preview qbutton small white' href='https:\/\/superchute.com\/fr\/portfolio_page\/truck-bay-edgeguard\/' target='_self'>view<\/i><\/a>\n    \n                                            <\/span>\n        <\/span>\n    <\/span>\n<\/span>            <\/div>\n                <div class='portfolio_description ' >\n\n        \n    <h5 itemprop=\"name\" class=\"portfolio_title entry_title\"><a itemprop=\"url\" href=\"https:\/\/superchute.com\/fr\/portfolio_page\/truck-bay-edgeguard\/\" style=\"color: #4d4d4d\" target=\"_self\"> D\u00e9limitation de baie de d\u00e9chargement<\/a><\/h5>\n\n\n            <div style=\"background-color: #4d4d4d\" class=\"portfolio_separator separator  small center\"><\/div>\n\n            <span class=\"project_category\"  >\n    Bases Boulonn\u00e9es EdgeGuard\u00ae, Garde-Corps, Produits EdgeGuard\u00ae, Protection Anti-chute    <\/span>\n\n    <\/div>\n        \n<\/article>\n<article class='mix portfolio_category_479 portfolio_category_370 portfolio_category_371 portfolio_category_429 default' style=''>\n    \n    \n    \n                <div class='image_holder'>\n                <a itemprop='url' class='portfolio_link_for_touch' href='https:\/\/superchute.com\/fr\/portfolio_page\/city-montreal-freestanding-hatch-rail\/' target='_self'>\n                    \n<span class='image'><img loading=\"lazy\" decoding=\"async\" width=\"570\" height=\"448\" src=\"https:\/\/superchute.com\/wp-content\/uploads\/2016\/12\/hatch-02-min-570x448.jpg\" class=\"attachment-portfolio-square size-portfolio-square wp-post-image\" alt=\"\" \/><\/span>                <\/a>\n\n                <span class='text_holder'>\n    <span class='text_outer'>\n        <span class='text_inner'>\n            <span class='feature_holder'>\n                            <span class=\"feature_holder_icons\">';\n                    \n                            <a itemprop='url' class='preview qbutton small white' href='https:\/\/superchute.com\/fr\/portfolio_page\/city-montreal-freestanding-hatch-rail\/' target='_self'>view<\/i><\/a>\n    \n                                            <\/span>\n        <\/span>\n    <\/span>\n<\/span>            <\/div>\n                <div class='portfolio_description ' >\n\n        \n    <h5 itemprop=\"name\" class=\"portfolio_title entry_title\"><a itemprop=\"url\" href=\"https:\/\/superchute.com\/fr\/portfolio_page\/city-montreal-freestanding-hatch-rail\/\" style=\"color: #4d4d4d\" target=\"_self\"> Rail pour trappe libre<\/a><\/h5>\n\n\n            <div style=\"background-color: #4d4d4d\" class=\"portfolio_separator separator  small center\"><\/div>\n\n            <span class=\"project_category\"  >\n    Bases Boulonn\u00e9es EdgeGuard\u00ae, Garde-Corps, Produits EdgeGuard\u00ae, Protection Anti-chute    <\/span>\n\n    <\/div>\n        \n<\/article>\n<article class='mix portfolio_category_479 portfolio_category_370 portfolio_category_371 portfolio_category_429 default' style=''>\n    \n    \n    \n                <div class='image_holder'>\n                <a itemprop='url' class='portfolio_link_for_touch' href='https:\/\/superchute.com\/fr\/portfolio_page\/city-of-montreal-guardrails-bolted\/' target='_self'>\n                    \n<span class='image'><img loading=\"lazy\" decoding=\"async\" width=\"570\" height=\"570\" src=\"https:\/\/superchute.com\/wp-content\/uploads\/2024\/02\/VDM-105386-08-570x570.jpg\" class=\"attachment-portfolio-square size-portfolio-square wp-post-image\" alt=\"\" srcset=\"https:\/\/superchute.com\/wp-content\/uploads\/2024\/02\/VDM-105386-08-570x570.jpg 570w, https:\/\/superchute.com\/wp-content\/uploads\/2024\/02\/VDM-105386-08-600x600.jpg 600w, https:\/\/superchute.com\/wp-content\/uploads\/2024\/02\/VDM-105386-08-500x500.jpg 500w\" sizes=\"auto, (max-width: 570px) 100vw, 570px\" \/><\/span>                <\/a>\n\n                <span class='text_holder'>\n    <span class='text_outer'>\n        <span class='text_inner'>\n            <span class='feature_holder'>\n                            <span class=\"feature_holder_icons\">';\n                    \n                            <a itemprop='url' class='preview qbutton small white' href='https:\/\/superchute.com\/fr\/portfolio_page\/city-of-montreal-guardrails-bolted\/' target='_self'>view<\/i><\/a>\n    \n                                            <\/span>\n        <\/span>\n    <\/span>\n<\/span>            <\/div>\n                <div class='portfolio_description ' >\n\n        \n    <h5 itemprop=\"name\" class=\"portfolio_title entry_title\"><a itemprop=\"url\" href=\"https:\/\/superchute.com\/fr\/portfolio_page\/city-of-montreal-guardrails-bolted\/\" style=\"color: #4d4d4d\" target=\"_self\"> Ville de Montr\u00e9al &#8211; Garde-corps EdgeGuard<\/a><\/h5>\n\n\n            <div style=\"background-color: #4d4d4d\" class=\"portfolio_separator separator  small center\"><\/div>\n\n            <span class=\"project_category\"  >\n    Bases Boulonn\u00e9es EdgeGuard\u00ae, Garde-Corps, Produits EdgeGuard\u00ae, Protection Anti-chute    <\/span>\n\n    <\/div>\n        \n<\/article>\n        <div class='filler'><\/div>\n            <div class='filler'><\/div>\n            <div class='filler'><\/div>\n            <div class='filler'><\/div>\n        <\/div>\n\n    \n    <\/div>[\/vc_column][\/vc_row]<\/div>","protected":false},"excerpt":{"rendered":"<p>[vc_row css_animation=\u00a0\u00bb\u00a0\u00bb row_type=\u00a0\u00bbrow\u00a0\u00bb use_row_as_full_screen_section=\u00a0\u00bbno\u00a0\u00bb type=\u00a0\u00bbfull_width\u00a0\u00bb angled_section=\u00a0\u00bbno\u00a0\u00bb text_align=\u00a0\u00bbleft\u00a0\u00bb background_image_as_pattern=\u00a0\u00bbwithout_pattern\u00a0\u00bb css=\u00a0\u00bb.vc_custom_1435843296453{margin-top: 0px !important;padding-top: 10px !important;padding-bottom: 30px !important;}\u00a0\u00bb][vc_column width=\u00a0\u00bb1\/2&Prime;][vc_column_text] EdgeGuard\u00ae bases boulonn\u00e9es [\/vc_column_text][vc_column_text]Syst\u00e8me de garde-corps de s\u00e9curit\u00e9 anti-chute avec des bases boulonn\u00e9es.[\/vc_column_text][\/vc_column][vc_column width=\u00a0\u00bb1\/2&Prime;][vc_column_text] \u00a0 [\/vc_column_text][vc_single_image image=\u00a0\u00bb34008&Prime; img_size=\u00a0\u00bbmedium\u00a0\u00bb onclick=\u00a0\u00bblink_image\u00a0\u00bb qode_css_animation=\u00a0\u00bb\u00a0\u00bb][\/vc_column][\/vc_row][vc_row css_animation=\u00a0\u00bb\u00a0\u00bb row_type=\u00a0\u00bbrow\u00a0\u00bb use_row_as_full_screen_section=\u00a0\u00bbno\u00a0\u00bb type=\u00a0\u00bbfull_width\u00a0\u00bb angled_section=\u00a0\u00bbno\u00a0\u00bb text_align=\u00a0\u00bbleft\u00a0\u00bb background_image_as_pattern=\u00a0\u00bbwithout_pattern\u00a0\u00bb][vc_column][vc_text_separator title=\u00a0\u00bbInformation\u00a0\u00bb border=\u00a0\u00bbno\u00a0\u00bb&#8230;<\/p>\n","protected":false},"author":7,"featured_media":0,"parent":34006,"menu_order":3,"comment_status":"open","ping_status":"closed","template":"","meta":{"_seopress_robots_primary_cat":"","_seopress_titles_title":"","_seopress_titles_desc":"","_seopress_robots_index":"","inline_featured_image":false,"footnotes":""},"class_list":["post-34047","page","type-page","status-publish","hentry"],"_links":{"self":[{"href":"https:\/\/superchute.com\/fr\/wp-json\/wp\/v2\/pages\/34047","targetHints":{"allow":["GET"]}}],"collection":[{"href":"https:\/\/superchute.com\/fr\/wp-json\/wp\/v2\/pages"}],"about":[{"href":"https:\/\/superchute.com\/fr\/wp-json\/wp\/v2\/types\/page"}],"author":[{"embeddable":true,"href":"https:\/\/superchute.com\/fr\/wp-json\/wp\/v2\/users\/7"}],"replies":[{"embeddable":true,"href":"https:\/\/superchute.com\/fr\/wp-json\/wp\/v2\/comments?post=34047"}],"version-history":[{"count":0,"href":"https:\/\/superchute.com\/fr\/wp-json\/wp\/v2\/pages\/34047\/revisions"}],"up":[{"embeddable":true,"href":"https:\/\/superchute.com\/fr\/wp-json\/wp\/v2\/pages\/34006"}],"wp:attachment":[{"href":"https:\/\/superchute.com\/fr\/wp-json\/wp\/v2\/media?parent=34047"}],"curies":[{"name":"wp","href":"https:\/\/api.w.org\/{rel}","templated":true}]}}