{"id":29195,"date":"2017-12-08T15:10:08","date_gmt":"2017-12-08T20:10:08","guid":{"rendered":"https:\/\/superchute.com\/?page_id=29195"},"modified":"2023-09-28T09:18:18","modified_gmt":"2023-09-28T13:18:18","slug":"bardeaux_echafaudages","status":"publish","type":"page","link":"https:\/\/superchute.com\/fr\/filets-construction\/bardeaux_echafaudages\/","title":{"rendered":"Bardeaux d&rsquo;\u00e9chafaudages"},"content":{"rendered":"<div class=\"wpb-content-wrapper\">[vc_row css_animation=\u00a0\u00bb\u00a0\u00bb row_type=\u00a0\u00bbrow\u00a0\u00bb use_row_as_full_screen_section=\u00a0\u00bbno\u00a0\u00bb type=\u00a0\u00bbfull_width\u00a0\u00bb angled_section=\u00a0\u00bbno\u00a0\u00bb text_align=\u00a0\u00bbleft\u00a0\u00bb background_image_as_pattern=\u00a0\u00bbwithout_pattern\u00a0\u00bb][vc_column width=\u00a0\u00bb1\/3&Prime;][vc_column_text]\r\n<h3><span style=\"color: #007a53;\">Bardeaux d&rsquo;\u00e9chafaudages<\/span><\/h3>\r\nPanneaux d\u2019enclos 1\/4\u2033 en plastique robuste[\/vc_column_text]<div class=\"ult-spacer spacer-69f4f732ebbf6\" data-id=\"69f4f732ebbf6\" data-height=\"55\" data-height-mobile=\"55\" data-height-tab=\"55\" data-height-tab-portrait=\"\" data-height-mobile-landscape=\"\" style=\"clear:both;display:block;\"><\/div><a  itemprop=\"url\" href=\"https:\/\/superchute.com\/fr\/filets-construction\/devis\/\" target=\"_self\" data-hover-background-color=\"#4d4d4d\" data-hover-border-color=\"#4d4d4d\" data-hover-color=\"#ffffff\" class=\"qbutton  small default\" style=\"color: #ffffff; border-color: #4d4d4d; background-color:#4d4d4d;\">DEMANDER UN DEVIS<\/a>[\/vc_column][vc_column width=\u00a0\u00bb1\/3&Prime;][\/vc_column][vc_column width=\u00a0\u00bb1\/3&Prime;][vc_single_image image=\u00a0\u00bb37275&Prime; img_size=\u00a0\u00bb500&#215;500&Prime; onclick=\u00a0\u00bblink_image\u00a0\u00bb qode_css_animation=\u00a0\u00bb\u00a0\u00bb qode_hover_animation=\u00a0\u00bbzoom_in\u00a0\u00bb][\/vc_column][\/vc_row][vc_row css_animation=\u00a0\u00bb\u00a0\u00bb row_type=\u00a0\u00bbrow\u00a0\u00bb use_row_as_full_screen_section=\u00a0\u00bbno\u00a0\u00bb type=\u00a0\u00bbfull_width\u00a0\u00bb angled_section=\u00a0\u00bbno\u00a0\u00bb text_align=\u00a0\u00bbleft\u00a0\u00bb background_image_as_pattern=\u00a0\u00bbwithout_pattern\u00a0\u00bb][vc_column]<div class=\"ult-spacer spacer-69f4f732ebf2e\" data-id=\"69f4f732ebf2e\" data-height=\"55\" data-height-mobile=\"55\" data-height-tab=\"55\" data-height-tab-portrait=\"\" data-height-mobile-landscape=\"\" style=\"clear:both;display:block;\"><\/div>[vc_tabs style=\u00a0\u00bbvertical_left\u00a0\u00bb][vc_tab title=\u00a0\u00bbCaract\u00e9ristiques\u00a0\u00bb tab_id=\u00a0\u00bb1452875761463-5-6&Prime;][vc_column_text]\r\n<ul>\r\n \t<li>Panneaux d\u2019enclos pour des \u00e9chafaudages en plastique robuste \u00e9quip\u00e9s avec des pinces d&rsquo;\u00e9chafaudage industrielles <span style=\"color: #ffc726;\">\u2713<\/span><\/li>\r\n \t<li>Le panneau d&rsquo;enclos d&rsquo;\u00e9chafaudage est mont\u00e9 avec des pinces pour du serrage standard <span style=\"color: #ffc726;\">\u2713<\/span><\/li>\r\n \t<li>Les panneaux superpos\u00e9s confinent le d\u00e9bris et offrent de la protection contre les intemp\u00e9ries\u00a0<span style=\"color: #ffc726;\">\u2713<\/span><\/li>\r\n \t<li>Les pinces permettent au panneau de se connecter rapidement aux tuyaux de l&rsquo;\u00e9chafaudage <span style=\"color: #ffc726;\">\u2713<\/span><\/li>\r\n \t<li>Les pinces permettent au panneau d&rsquo;articuler, d&rsquo;incliner et de rester fix\u00e9 en place pour permettre la ventilation, de l&rsquo;ombre et de l&rsquo;acc\u00e8s <span style=\"color: #ffc726;\">\u2713<\/span><\/li>\r\n \t<li>Le verrouillage par cha\u00eene garde les panneaux bien ferm\u00e9s contre l&rsquo;\u00e9chafaudage\u00a0<span style=\"color: #ffc726;\">\u2713<\/span><\/li>\r\n \t<li>Chaque panneau est de 24&Prime; en hauteur et couvre 50 mm (20\u201d) de l&rsquo;espacement rosette avec un chevauchement de 4\u201d <span style=\"color: #ffc726;\">\u2713<\/span><\/li>\r\n<\/ul>\r\n[\/vc_column_text][\/vc_tab][vc_tab title=\u00a0\u00bbPhotos\u00a0\u00bb tab_id=\u00a0\u00bb1518618649645-5-3&Prime;][vc_gallery type=\u00a0\u00bbimage_grid\u00a0\u00bb images=\u00a0\u00bb29204,29202,29203,29212,29211&Prime; column_number=\u00a0\u00bb5&Prime; grayscale=\u00a0\u00bbno\u00a0\u00bb images_space=\u00a0\u00bbgallery_with_space\u00a0\u00bb][\/vc_tab][vc_tab title=\u00a0\u00bbSp\u00e9cifications\u00a0\u00bb tab_id=\u00a0\u00bb1452870742415-5-0&Prime;][vc_column_text]\u00c9paisseurs des panneaux :\r\n<ul>\r\n \t<li>42\u201d<\/li>\r\n \t<li>60\u201d<\/li>\r\n \t<li>84\u201d<\/li>\r\n \t<li>120\u201d<\/li>\r\n<\/ul>\r\nContacter Superchute\u00ae pour une autre grandeur requise.[\/vc_column_text][\/vc_tab][vc_tab title=\u00a0\u00bbMat\u00e9riaux\u00a0\u00bb tab_id=\u00a0\u00bb1512763653882-4-8&Prime;][vc_column_text]\r\n<ul>\r\n \t<li>La plupart des sections sont fabriqu\u00e9es en poly\u00e9thyl\u00e8ne de poids mol\u00e9culaire \u00e9lev\u00e9<\/li>\r\n \t<li><strong>HMWPE <\/strong>est r\u00e9sistant \u00e0 l&rsquo;abrasion, aux produits chimiques<strong>\u00a0<\/strong>et aux temp\u00e9ratures froides<\/li>\r\n \t<li>Nos clients en Alaska et ailleurs appr\u00e9cient sa r\u00e9sistance aux chocs dans des temp\u00e9ratures basses de <strong>-100 \u00baC (-156 \u00baF)<\/strong><\/li>\r\n \t<li>Le plastique s&rsquo;assouplit avec des temp\u00e9ratures plus chaudes<\/li>\r\n \t<li>Le plastique jaune vif (couleur de s\u00e9curit\u00e9) montre votre nom de compagnie<\/li>\r\n \t<li>Plusieurs \u00e9paisseurs sont disponibles<\/li>\r\n \t<li>Trait\u00e9 anti-UV<\/li>\r\n<\/ul>\r\n[\/vc_column_text][\/vc_tab][vc_tab title=\u00a0\u00bbCroquis\u00a0\u00bb tab_id=\u00a0\u00bb66358c81-c18c-6&Prime;][vc_column_text]Superchute\u00ae offre rapidement &amp; gratuitement des croquis en moins de 24 heures.\r\n\r\nUn <strong>croquis<\/strong> :\r\n<ul>\r\n \t<li>Vous montre une repr\u00e9sentation claire du syst\u00e8me de bardeaux<\/li>\r\n \t<li>Vous recommande\u00a0les accessoires n\u00e9c\u00e9ssaires<\/li>\r\n \t<li>Il faut nous contacter pour obtenir votre croquis personnalis\u00e9<\/li>\r\n<\/ul>\r\n[\/vc_column_text][\/vc_tab][vc_tab title=\u00a0\u00bbMarquage\u00a0\u00bb tab_id=\u00a0\u00bb1452807542855-4-10&Prime;][vc_column_text]Les indications suivantes sont estamp\u00e9es sur l&rsquo;avant et sur l&rsquo;arri\u00e8re de toutes les sections avec un moule d\u2019impression mesurant 11\u2033 x 5\u2033 :\r\n<ul>\r\n \t<li>\u00c9tiquette d&rsquo;avertissement \u201cCaution! Work Above\u201d<\/li>\r\n \t<li>\u00c9paisseur et poids du panneau<\/li>\r\n \t<li>Mois et ann\u00e9e de fabrication<\/li>\r\n \t<li>\u00c9paisseur du\u00a0plastique<\/li>\r\n \t<li>Nous pouvons marquer chaque panneau avec votre logo &#8211; excellent outil de publicit\u00e9 &amp; de pr\u00e9vention de vols (optionnel)<\/li>\r\n \t<li>Nous gardons votre plaque d\u2019impression en catalogue pour des commandes futurs<\/li>\r\n<\/ul>\r\n<div class=\"wpb_text_column wpb_content_element \">\r\n<div class=\"wpb_wrapper\">\r\n\r\n<em>Des frais l\u00e9gers s\u2019appliquent pour la pr\u00e9paration du moule d\u2019impression. Permettre 24 heures pour la pr\u00e9paration.<\/em>\r\n\r\n<\/div>\r\n<\/div>\r\n[\/vc_column_text]<div class=\"ult-spacer spacer-69f4f732ebf67\" data-id=\"69f4f732ebf67\" data-height=\"15\" data-height-mobile=\"15\" data-height-tab=\"15\" data-height-tab-portrait=\"\" data-height-mobile-landscape=\"\" style=\"clear:both;display:block;\"><\/div>[vc_column_text]<span style=\"color: #ff0000;\"><i class=\"fa fa-search-plus\"><\/i>\u00a0<\/span>[\/vc_column_text]<div id=\"jig1\" class=\"justified-image-grid jig-95068370e517404e37df232281cdef77 jig-preset-global jig-source-wp-gallery\"><div class=\"jig-clearfix\"><\/div><noscript id=\"jig1-html\" class=\"justified-image-grid-html\" data-lazy-src=\"skiplazyload\" data-src=\"skipunveillazyload\"><ul><li><a href=\"https:\/\/superchute.com\/wp-content\/uploads\/2016\/01\/BRAND-PLATE-2-2.gif\"><img loading=\"lazy\" decoding=\"async\" src=\"https:\/\/superchute.com\/wp-content\/plugins\/justified-image-grid\/timthumb.php?src=https%3A%2F%2Fsuperchute.com%2Fwp-content%2Fuploads%2F2016%2F01%2FBRAND-PLATE-2-2.gif&amp;h=229&amp;w=458&amp;q=90&amp;f=.gif\" alt=\"Custom Branding Plate\" width=\"458\" height=\"229\" \/><\/a><p class=\"jig-HTMLdescription\">Custom Branding Plate<\/p><\/li><\/ul><\/noscript><\/div><div class=\"ult-spacer spacer-69f4f732ee2d3\" data-id=\"69f4f732ee2d3\" data-height=\"15\" data-height-mobile=\"15\" data-height-tab=\"15\" data-height-tab-portrait=\"\" data-height-mobile-landscape=\"\" style=\"clear:both;display:block;\"><\/div>[\/vc_tab][\/vc_tabs][\/vc_column][\/vc_row][vc_row css_animation=\u00a0\u00bb\u00a0\u00bb row_type=\u00a0\u00bbrow\u00a0\u00bb use_row_as_full_screen_section=\u00a0\u00bbno\u00a0\u00bb type=\u00a0\u00bbfull_width\u00a0\u00bb angled_section=\u00a0\u00bbno\u00a0\u00bb text_align=\u00a0\u00bbleft\u00a0\u00bb background_image_as_pattern=\u00a0\u00bbwithout_pattern\u00a0\u00bb][vc_column]<div class=\"ult-spacer spacer-69f4f732ee308\" data-id=\"69f4f732ee308\" data-height=\"55\" data-height-mobile=\"55\" data-height-tab=\"55\" data-height-tab-portrait=\"\" data-height-mobile-landscape=\"\" style=\"clear:both;display:block;\"><\/div>[vc_text_separator title=\u00a0\u00bbPanneaux install\u00e9s\u00a0\u00bb border=\u00a0\u00bbno\u00a0\u00bb background_color=\u00a0\u00bb#007a53&Prime; title_color=\u00a0\u00bb#ffffff\u00a0\u00bb]<div class=\"ult-spacer spacer-69f4f732ee33a\" data-id=\"69f4f732ee33a\" data-height=\"20\" data-height-mobile=\"20\" data-height-tab=\"20\" data-height-tab-portrait=\"\" data-height-mobile-landscape=\"\" style=\"clear:both;display:block;\"><\/div>[\/vc_column][\/vc_row][vc_row css_animation=\u00a0\u00bb\u00a0\u00bb row_type=\u00a0\u00bbrow\u00a0\u00bb use_row_as_full_screen_section=\u00a0\u00bbno\u00a0\u00bb type=\u00a0\u00bbfull_width\u00a0\u00bb angled_section=\u00a0\u00bbno\u00a0\u00bb text_align=\u00a0\u00bbleft\u00a0\u00bb background_image_as_pattern=\u00a0\u00bbwithout_pattern\u00a0\u00bb][vc_column][vc_column_text]\r\n<p style=\"text-align: center;\"><strong>Panneau 42\u201d x 24\u201d\r\n<\/strong>avec 2 pinces &amp; 1 cha\u00eene<\/p>\r\n<p style=\"text-align: center;\"><img loading=\"lazy\" decoding=\"async\" class=\"wp-image-29608 aligncenter\" src=\"https:\/\/superchute.com\/wp-content\/uploads\/2018\/02\/SCAFFOLD-SHINGLES-42.png\" alt=\"\" width=\"218\" height=\"123\" \/><\/p>\r\n[\/vc_column_text]<div class=\"ult-spacer spacer-69f4f732ee368\" data-id=\"69f4f732ee368\" data-height=\"10\" data-height-mobile=\"10\" data-height-tab=\"10\" data-height-tab-portrait=\"\" data-height-mobile-landscape=\"\" style=\"clear:both;display:block;\"><\/div>[vc_column_text]\r\n<p style=\"text-align: center;\"><strong>Panneau 62\u201d x 24\u201d\r\n<\/strong><em>avec 2 pinces &amp; 1 cha\u00eene<\/em>\r\n<img loading=\"lazy\" decoding=\"async\" class=\"wp-image-29609 aligncenter\" src=\"https:\/\/superchute.com\/wp-content\/uploads\/2018\/02\/SCAFFOLD-SHINGLES-62.png\" alt=\"\" width=\"326\" height=\"123\" \/><\/p>\r\n[\/vc_column_text]<div class=\"ult-spacer spacer-69f4f732ee396\" data-id=\"69f4f732ee396\" data-height=\"10\" data-height-mobile=\"10\" data-height-tab=\"10\" data-height-tab-portrait=\"\" data-height-mobile-landscape=\"\" style=\"clear:both;display:block;\"><\/div>[vc_column_text]\r\n<p style=\"text-align: center;\"><strong>Panneau 84\u201d x 24\u201d\r\n<\/strong><em>avec 3 pinces &amp; 2 cha\u00eenes<\/em><strong>\r\n<\/strong><img loading=\"lazy\" decoding=\"async\" class=\"wp-image-29610 aligncenter\" src=\"https:\/\/superchute.com\/wp-content\/uploads\/2018\/02\/SCAFFOLD-SHINGLES-84in.png\" alt=\"\" width=\"439\" height=\"123\" \/><\/p>\r\n[\/vc_column_text]<div class=\"ult-spacer spacer-69f4f732ee3b4\" data-id=\"69f4f732ee3b4\" data-height=\"10\" data-height-mobile=\"10\" data-height-tab=\"10\" data-height-tab-portrait=\"\" data-height-mobile-landscape=\"\" style=\"clear:both;display:block;\"><\/div>[vc_column_text]\r\n<p style=\"text-align: center;\"><strong>Panneau 120\u201d x 24\u201d\r\n<\/strong><em>avec 4 pinces &amp; 3 cha\u00eenes<\/em><strong>\r\n<\/strong><img loading=\"lazy\" decoding=\"async\" class=\"wp-image-29611 aligncenter\" src=\"https:\/\/superchute.com\/wp-content\/uploads\/2018\/02\/SCAFFOLD-SHINGLES-120in.png\" alt=\"\" width=\"628\" height=\"123\" \/><\/p>\r\n[\/vc_column_text][\/vc_column][\/vc_row][vc_row css_animation=\u00a0\u00bb\u00a0\u00bb row_type=\u00a0\u00bbrow\u00a0\u00bb use_row_as_full_screen_section=\u00a0\u00bbno\u00a0\u00bb type=\u00a0\u00bbfull_width\u00a0\u00bb angled_section=\u00a0\u00bbno\u00a0\u00bb text_align=\u00a0\u00bbleft\u00a0\u00bb background_image_as_pattern=\u00a0\u00bbwithout_pattern\u00a0\u00bb css=\u00a0\u00bb.vc_custom_1431528190800{margin-top: 0px !important;padding-top: 10px !important;padding-bottom: 30px !important;}\u00a0\u00bb][vc_column]<div class=\"ult-spacer spacer-69f4f732ee3ce\" data-id=\"69f4f732ee3ce\" data-height=\"55\" data-height-mobile=\"55\" data-height-tab=\"55\" data-height-tab-portrait=\"\" data-height-mobile-landscape=\"\" style=\"clear:both;display:block;\"><\/div>[vc_text_separator title=\u00a0\u00bbProjets\u00a0\u00bb border=\u00a0\u00bbno\u00a0\u00bb background_color=\u00a0\u00bb#007a53&Prime; title_color=\u00a0\u00bb#ffffff\u00a0\u00bb]<div class=\"ult-spacer spacer-69f4f732ee3ee\" data-id=\"69f4f732ee3ee\" data-height=\"15\" data-height-mobile=\"15\" data-height-tab=\"15\" data-height-tab-portrait=\"\" data-height-mobile-landscape=\"\" style=\"clear:both;display:block;\"><\/div>[vc_column_text]\r\n<p style=\"text-align: center;\">Cliquer sur les images pour visionner les projets.<\/p>\r\n[\/vc_column_text]<div class=\"ult-spacer spacer-69f4f732ee419\" data-id=\"69f4f732ee419\" data-height=\"25\" data-height-mobile=\"25\" data-height-tab=\"25\" data-height-tab-portrait=\"\" data-height-mobile-landscape=\"\" style=\"clear:both;display:block;\"><\/div><div class='projects_holder_outer v4 portfolio_with_space portfolio_standard'>\n        <div class='projects_holder portfolio_main_holder clearfix v4 standard portfolio_square_image '>\n        \n        <article class='mix portfolio_category_463 portfolio_category_432 portfolio_category_430 default' style=''>\n    \n    \n    \n                <div class='image_holder'>\n                <a itemprop='url' class='portfolio_link_for_touch' href='https:\/\/superchute.com\/fr\/portfolio_page\/northstar-scaffold-shingles\/' target='_self'>\n                    \n<span class='image'><img loading=\"lazy\" decoding=\"async\" width=\"570\" height=\"570\" src=\"https:\/\/superchute.com\/wp-content\/uploads\/2018\/02\/SS02-min-570x570.jpg\" class=\"attachment-portfolio-square size-portfolio-square wp-post-image\" alt=\"\" srcset=\"https:\/\/superchute.com\/wp-content\/uploads\/2018\/02\/SS02-min-570x570.jpg 570w, https:\/\/superchute.com\/wp-content\/uploads\/2018\/02\/SS02-min-500x500.jpg 500w\" sizes=\"auto, (max-width: 570px) 100vw, 570px\" \/><\/span>                <\/a>\n\n                <span class='text_holder'>\n    <span class='text_outer'>\n        <span class='text_inner'>\n            <span class='feature_holder'>\n                            <span class=\"feature_holder_icons\">';\n                    \n                            <a itemprop='url' class='preview qbutton small white' href='https:\/\/superchute.com\/fr\/portfolio_page\/northstar-scaffold-shingles\/' target='_self'>view<\/i><\/a>\n    \n                                            <\/span>\n        <\/span>\n    <\/span>\n<\/span>            <\/div>\n                <div class='portfolio_description ' >\n\n        \n    <h5 itemprop=\"name\" class=\"portfolio_title entry_title\"><a itemprop=\"url\" href=\"https:\/\/superchute.com\/fr\/portfolio_page\/northstar-scaffold-shingles\/\" style=\"color: #4d4d4d\" target=\"_self\"> Northstar Access<\/a><\/h5>\n\n\n            <div style=\"background-color: #4d4d4d\" class=\"portfolio_separator separator  small center\"><\/div>\n\n            <span class=\"project_category\"  >\n    Bardeaux d\u2019\u00e9chafaudages, Filets et b\u00e2ches, Produits sur mesure    <\/span>\n\n    <\/div>\n        \n<\/article>\n<article class='mix portfolio_category_463 portfolio_category_432 portfolio_category_430 default' style=''>\n    \n    \n    \n                <div class='image_holder'>\n                <a itemprop='url' class='portfolio_link_for_touch' href='https:\/\/superchute.com\/fr\/portfolio_page\/triple-g-scaffold-service-corp\/' target='_self'>\n                    \n<span class='image'><img loading=\"lazy\" decoding=\"async\" width=\"570\" height=\"570\" src=\"https:\/\/superchute.com\/wp-content\/uploads\/2018\/03\/ggg-shingles-min-570x570.jpg\" class=\"attachment-portfolio-square size-portfolio-square wp-post-image\" alt=\"\" srcset=\"https:\/\/superchute.com\/wp-content\/uploads\/2018\/03\/ggg-shingles-min-570x570.jpg 570w, https:\/\/superchute.com\/wp-content\/uploads\/2018\/03\/ggg-shingles-min-500x500.jpg 500w\" sizes=\"auto, (max-width: 570px) 100vw, 570px\" \/><\/span>                <\/a>\n\n                <span class='text_holder'>\n    <span class='text_outer'>\n        <span class='text_inner'>\n            <span class='feature_holder'>\n                            <span class=\"feature_holder_icons\">';\n                    \n                            <a itemprop='url' class='preview qbutton small white' href='https:\/\/superchute.com\/fr\/portfolio_page\/triple-g-scaffold-service-corp\/' target='_self'>view<\/i><\/a>\n    \n                                            <\/span>\n        <\/span>\n    <\/span>\n<\/span>            <\/div>\n                <div class='portfolio_description ' >\n\n        \n    <h5 itemprop=\"name\" class=\"portfolio_title entry_title\"><a itemprop=\"url\" href=\"https:\/\/superchute.com\/fr\/portfolio_page\/triple-g-scaffold-service-corp\/\" style=\"color: #4d4d4d\" target=\"_self\"> Triple G Scaffold Service Corp.<\/a><\/h5>\n\n\n            <div style=\"background-color: #4d4d4d\" class=\"portfolio_separator separator  small center\"><\/div>\n\n            <span class=\"project_category\"  >\n    Bardeaux d\u2019\u00e9chafaudages, Filets et b\u00e2ches, Produits sur mesure    <\/span>\n\n    <\/div>\n        \n<\/article>\n        <div class='filler'><\/div>\n            <div class='filler'><\/div>\n            <div class='filler'><\/div>\n            <div class='filler'><\/div>\n        <\/div>\n\n    \n    <\/div>[\/vc_column][\/vc_row]<\/div>","protected":false},"excerpt":{"rendered":"<p>[vc_row css_animation=\u00a0\u00bb\u00a0\u00bb row_type=\u00a0\u00bbrow\u00a0\u00bb use_row_as_full_screen_section=\u00a0\u00bbno\u00a0\u00bb type=\u00a0\u00bbfull_width\u00a0\u00bb angled_section=\u00a0\u00bbno\u00a0\u00bb text_align=\u00a0\u00bbleft\u00a0\u00bb background_image_as_pattern=\u00a0\u00bbwithout_pattern\u00a0\u00bb][vc_column width=\u00a0\u00bb1\/3&Prime;][vc_column_text] Bardeaux d&rsquo;\u00e9chafaudages Panneaux d\u2019enclos 1\/4\u2033 en plastique robuste[\/vc_column_text][\/vc_column][vc_column width=\u00a0\u00bb1\/3&Prime;][\/vc_column][vc_column width=\u00a0\u00bb1\/3&Prime;][vc_single_image image=\u00a0\u00bb37275&Prime; img_size=\u00a0\u00bb500&#215;500&Prime; onclick=\u00a0\u00bblink_image\u00a0\u00bb qode_css_animation=\u00a0\u00bb\u00a0\u00bb qode_hover_animation=\u00a0\u00bbzoom_in\u00a0\u00bb][\/vc_column][\/vc_row][vc_row css_animation=\u00a0\u00bb\u00a0\u00bb row_type=\u00a0\u00bbrow\u00a0\u00bb use_row_as_full_screen_section=\u00a0\u00bbno\u00a0\u00bb type=\u00a0\u00bbfull_width\u00a0\u00bb angled_section=\u00a0\u00bbno\u00a0\u00bb text_align=\u00a0\u00bbleft\u00a0\u00bb background_image_as_pattern=\u00a0\u00bbwithout_pattern\u00a0\u00bb][vc_column][vc_tabs style=\u00a0\u00bbvertical_left\u00a0\u00bb][vc_tab title=\u00a0\u00bbCaract\u00e9ristiques\u00a0\u00bb tab_id=\u00a0\u00bb1452875761463-5-6&Prime;][vc_column_text] Panneaux d\u2019enclos pour des \u00e9chafaudages en plastique robuste \u00e9quip\u00e9s avec des&#8230;<\/p>\n","protected":false},"author":7,"featured_media":0,"parent":23066,"menu_order":0,"comment_status":"open","ping_status":"closed","template":"","meta":{"_seopress_robots_primary_cat":"","_seopress_titles_title":"","_seopress_titles_desc":"","_seopress_robots_index":"","inline_featured_image":false,"footnotes":""},"class_list":["post-29195","page","type-page","status-publish","hentry"],"_links":{"self":[{"href":"https:\/\/superchute.com\/fr\/wp-json\/wp\/v2\/pages\/29195","targetHints":{"allow":["GET"]}}],"collection":[{"href":"https:\/\/superchute.com\/fr\/wp-json\/wp\/v2\/pages"}],"about":[{"href":"https:\/\/superchute.com\/fr\/wp-json\/wp\/v2\/types\/page"}],"author":[{"embeddable":true,"href":"https:\/\/superchute.com\/fr\/wp-json\/wp\/v2\/users\/7"}],"replies":[{"embeddable":true,"href":"https:\/\/superchute.com\/fr\/wp-json\/wp\/v2\/comments?post=29195"}],"version-history":[{"count":2,"href":"https:\/\/superchute.com\/fr\/wp-json\/wp\/v2\/pages\/29195\/revisions"}],"predecessor-version":[{"id":44772,"href":"https:\/\/superchute.com\/fr\/wp-json\/wp\/v2\/pages\/29195\/revisions\/44772"}],"up":[{"embeddable":true,"href":"https:\/\/superchute.com\/fr\/wp-json\/wp\/v2\/pages\/23066"}],"wp:attachment":[{"href":"https:\/\/superchute.com\/fr\/wp-json\/wp\/v2\/media?parent=29195"}],"curies":[{"name":"wp","href":"https:\/\/api.w.org\/{rel}","templated":true}]}}