{"id":29184,"date":"2017-12-06T15:06:22","date_gmt":"2017-12-06T20:06:22","guid":{"rendered":"https:\/\/superchute.com\/?page_id=29184"},"modified":"2026-02-18T19:01:49","modified_gmt":"2026-02-19T00:01:49","slug":"lockrail-private","status":"publish","type":"page","link":"https:\/\/superchute.com\/fr\/garde-corps\/lockrail-private\/","title":{"rendered":"LockRail"},"content":{"rendered":"<div class=\"wpb-content-wrapper\">[vc_row css_animation=\u00a0\u00bb\u00a0\u00bb row_type=\u00a0\u00bbrow\u00a0\u00bb use_row_as_full_screen_section=\u00a0\u00bbno\u00a0\u00bb type=\u00a0\u00bbfull_width\u00a0\u00bb angled_section=\u00a0\u00bbno\u00a0\u00bb text_align=\u00a0\u00bbleft\u00a0\u00bb background_image_as_pattern=\u00a0\u00bbwithout_pattern\u00a0\u00bb css=\u00a0\u00bb.vc_custom_1435843296453{margin-top: 0px !important;padding-top: 10px !important;padding-bottom: 30px !important;}\u00a0\u00bb][vc_column width=\u00a0\u00bb1\/2&Prime;][vc_column_text]\r\n<h3><span style=\"color: #db4405;\">LockRail &#8211; Syst\u00e8me de garde-corps ultra-rapide<\/span><\/h3>\r\n[\/vc_column_text][vc_column_text]<strong>Garde-Corps amovible avec manchons encastr\u00e9s au sol.<\/strong>[\/vc_column_text]<div class=\"ult-spacer spacer-69e06c00cc48d\" data-id=\"69e06c00cc48d\" data-height=\"25\" data-height-mobile=\"25\" data-height-tab=\"25\" data-height-tab-portrait=\"\" data-height-mobile-landscape=\"\" style=\"clear:both;display:block;\"><\/div><a  itemprop=\"url\" href=\"https:\/\/superchute.com\/fr\/protection-anti-chute\/devis\/\" target=\"_self\" data-hover-background-color=\"#4d4d4d\" data-hover-border-color=\"#4d4d4d\" data-hover-color=\"#ffffff\" class=\"qbutton  small default\" style=\"color: #ffffff; border-color: #4d4d4d; background-color:#4d4d4d;\">DEMANDER UN DEVIS<\/a><div class=\"ult-spacer spacer-69e06c00cc76f\" data-id=\"69e06c00cc76f\" data-height=\"20\" data-height-mobile=\"20\" data-height-tab=\"20\" data-height-tab-portrait=\"\" data-height-mobile-landscape=\"\" style=\"clear:both;display:block;\"><\/div>[vc_video link=\u00a0\u00bbhttps:\/\/www.youtube.com\/watch?v=7KQZnbyXbd8&Prime; el_width=\u00a0\u00bb70&Prime;]<div class=\"ult-spacer spacer-69e06c00cc794\" data-id=\"69e06c00cc794\" data-height=\"20\" data-height-mobile=\"20\" data-height-tab=\"20\" data-height-tab-portrait=\"\" data-height-mobile-landscape=\"\" style=\"clear:both;display:block;\"><\/div>[vc_video link=\u00a0\u00bbhttps:\/\/www.youtube.com\/watch?v=V3_ELcXQUW8&Prime; el_width=\u00a0\u00bb70&Prime;][\/vc_column][vc_column width=\u00a0\u00bb1\/2&Prime;][vc_column_text]<span style=\"color: #ff0000;\"><i class=\"fa fa-search-plus\"><\/i>\u00a0<\/span>[\/vc_column_text][\/vc_column][\/vc_row][vc_row css_animation=\u00a0\u00bb\u00a0\u00bb row_type=\u00a0\u00bbrow\u00a0\u00bb use_row_as_full_screen_section=\u00a0\u00bbno\u00a0\u00bb type=\u00a0\u00bbfull_width\u00a0\u00bb angled_section=\u00a0\u00bbno\u00a0\u00bb text_align=\u00a0\u00bbleft\u00a0\u00bb background_image_as_pattern=\u00a0\u00bbwithout_pattern\u00a0\u00bb css=\u00a0\u00bb.vc_custom_1435843296453{margin-top: 0px !important;padding-top: 10px !important;padding-bottom: 30px !important;}\u00a0\u00bb][vc_column]<div class=\"ult-spacer spacer-69e06c00cdf5a\" data-id=\"69e06c00cdf5a\" data-height=\"55\" data-height-mobile=\"55\" data-height-tab=\"55\" data-height-tab-portrait=\"\" data-height-mobile-landscape=\"\" style=\"clear:both;display:block;\"><\/div>[vc_text_separator title=\u00a0\u00bbInformation\u00a0\u00bb border=\u00a0\u00bbno\u00a0\u00bb background_color=\u00a0\u00bb#db4405&Prime;]<div class=\"ult-spacer spacer-69e06c00cdfa3\" data-id=\"69e06c00cdfa3\" data-height=\"20\" data-height-mobile=\"20\" data-height-tab=\"20\" data-height-tab-portrait=\"\" data-height-mobile-landscape=\"\" style=\"clear:both;display:block;\"><\/div>[\/vc_column][\/vc_row][vc_row css_animation=\u00a0\u00bb\u00a0\u00bb row_type=\u00a0\u00bbrow\u00a0\u00bb use_row_as_full_screen_section=\u00a0\u00bbno\u00a0\u00bb type=\u00a0\u00bbfull_width\u00a0\u00bb angled_section=\u00a0\u00bbno\u00a0\u00bb text_align=\u00a0\u00bbleft\u00a0\u00bb background_image_as_pattern=\u00a0\u00bbwithout_pattern\u00a0\u00bb][vc_column][vc_tabs style=\u00a0\u00bbvertical_left\u00a0\u00bb][vc_tab title=\u00a0\u00bbCaract\u00e9ristiques\u00a0\u00bb tab_id=\u00a0\u00bb226cc590-e243-9&Prime;][vc_column_text]\r\n<ul>\r\n \t<li>LockRail est un syst\u00e8me de manchons encastr\u00e9es uniques permettant l&rsquo;insertion et l&rsquo;enl\u00e8vement rapide du garde-corps <span style=\"color: #db4405;\">\u2713<\/span><\/li>\r\n \t<li>Composants con\u00e7us sur mesure <span style=\"color: #db4405;\">\u2713<\/span><\/li>\r\n \t<li>Insertion rapide &#8211; auto-verrouillage effectif et s\u00e9curitaire\u00a0<span style=\"color: #db4405;\">\u2713<\/span><\/li>\r\n \t<li>Insertion du garde-corps par une personne <span style=\"color: #db4405;\">\u2713<\/span><\/li>\r\n \t<li>Les manchons galvanis\u00e9s sont encastr\u00e9s dans la dalle de b\u00e9ton ou sont soud\u00e9s dans une surface en acier <span style=\"color: #db4405;\">\u2713<\/span><\/li>\r\n \t<li>Les manchons peuvent aussi \u00eatre install\u00e9s sur le rebord en facade <span style=\"color: #db4405;\">\u2713<\/span><\/li>\r\n<\/ul>\r\n[\/vc_column_text][\/vc_tab][vc_tab title=\u00a0\u00bbSp\u00e9cifications\u00a0\u00bb tab_id=\u00a0\u00bb2d2fa819-078e-0&Prime;][vc_column_text]\r\n<ul>\r\n \t<li>Mat\u00e9riaux : acier, acier inoxydable, aluminium et t\u00f4le<\/li>\r\n<\/ul>\r\n[\/vc_column_text][\/vc_tab][vc_tab title=\u00a0\u00bbCroquis\u00a0\u00bb tab_id=\u00a0\u00bb1465913327346-2-7&Prime;][vc_column_text]Superchute\u00ae offre us service de croquis, prepar\u00e9 en moins de 24 heures.\r\n\r\nUn <strong>croquis\u00a0<\/strong>:\r\n<ul>\r\n \t<li>Vous montre une repr\u00e9sentation claire du garde-corps install\u00e9<\/li>\r\n \t<li>Vous recommande la quantit\u00e9 de panneaux n\u00e9c\u00e9ssaires pour votre projet<\/li>\r\n \t<li>Vous montre comment positionner correctement les composants<\/li>\r\n \t<li>Vous recommande les produits appropri\u00e9s<\/li>\r\n \t<li>Contacter-nous pour obtenir votre croquis sur mesure.<\/li>\r\n<\/ul>\r\n[\/vc_column_text][\/vc_tab][vc_tab title=\u00a0\u00bbConformit\u00e9s\u00a0\u00bb tab_id=\u00a0\u00bb1466004951427-4-5&Prime;][vc_column_text css=\u00a0\u00bb\u00a0\u00bb]<strong>LockRail<\/strong> se conforme aux codes suivants :\r\n<ul>\r\n \t<li>US Federal OSHA Standard 1926.502 \u201cFall Protection\u201d \u2013 <a href=\"https:\/\/www.osha.gov\/pls\/oshaweb\/owadisp.show_document?p_table=STANDARDS&amp;p_id=10758\" target=\"_blank\" rel=\"noopener noreferrer\">cliquer ici<\/a> pour plus d\u2019information<\/li>\r\n \t<li><span style=\"line-height: 1.5;\">Cal\/OSHA (horizontal load of 20 pounds per lineal foot at the top rail)<\/span><\/li>\r\n \t<li>Loi sur la sant\u00e9 et la s\u00e9curit\u00e9 au travail de l&rsquo;Ontario, REGULATION 213\/91 FOR CONSTRUCTION PROJECTS Section 26.3(5) (point load of 150 pounds applied to every 8 feet of guardrail at the top rail equivalent to 19 lb per linear foot)<\/li>\r\n \t<li>Code de s\u00e9curit\u00e9 du Quebec pour les travaux de construction (LSST), chapitre S-2.1, r.4, <a href=\"https:\/\/www.legisquebec.gouv.qc.ca\/fr\/document\/rc\/s-2.1,%20r.%204?langCont=en#se:3_8_2\">3.8.2, et 3.8.3<\/a><\/li>\r\n<\/ul>\r\n[\/vc_column_text][\/vc_tab][\/vc_tabs][\/vc_column][\/vc_row][vc_row css_animation=\u00a0\u00bb\u00a0\u00bb row_type=\u00a0\u00bbrow\u00a0\u00bb use_row_as_full_screen_section=\u00a0\u00bbno\u00a0\u00bb type=\u00a0\u00bbfull_width\u00a0\u00bb angled_section=\u00a0\u00bbno\u00a0\u00bb text_align=\u00a0\u00bbleft\u00a0\u00bb background_image_as_pattern=\u00a0\u00bbwithout_pattern\u00a0\u00bb css=\u00a0\u00bb.vc_custom_1435843296453{margin-top: 0px !important;padding-top: 10px !important;padding-bottom: 30px !important;}\u00a0\u00bb][vc_column][vc_text_separator title=\u00a0\u00bbGarde-Corps\u00a0\u00bb border=\u00a0\u00bbno\u00a0\u00bb background_color=\u00a0\u00bb#db4405&Prime;]<div class=\"ult-spacer spacer-69e06c00cdfdc\" data-id=\"69e06c00cdfdc\" data-height=\"20\" data-height-mobile=\"20\" data-height-tab=\"20\" data-height-tab-portrait=\"\" data-height-mobile-landscape=\"\" style=\"clear:both;display:block;\"><\/div>[vc_gallery type=\u00a0\u00bbimage_grid\u00a0\u00bb images=\u00a0\u00bb29087,29161,29152,29079,29138&Prime; column_number=\u00a0\u00bb5&Prime; grayscale=\u00a0\u00bbno\u00a0\u00bb images_space=\u00a0\u00bbgallery_with_space\u00a0\u00bb]<div class=\"ult-spacer spacer-69e06c00ce012\" data-id=\"69e06c00ce012\" data-height=\"55\" data-height-mobile=\"55\" data-height-tab=\"55\" data-height-tab-portrait=\"\" data-height-mobile-landscape=\"\" style=\"clear:both;display:block;\"><\/div>[\/vc_column][\/vc_row][vc_row css_animation=\u00a0\u00bb\u00a0\u00bb row_type=\u00a0\u00bbrow\u00a0\u00bb use_row_as_full_screen_section=\u00a0\u00bbno\u00a0\u00bb type=\u00a0\u00bbfull_width\u00a0\u00bb angled_section=\u00a0\u00bbno\u00a0\u00bb text_align=\u00a0\u00bbleft\u00a0\u00bb background_image_as_pattern=\u00a0\u00bbwithout_pattern\u00a0\u00bb css=\u00a0\u00bb.vc_custom_1435843296453{margin-top: 0px !important;padding-top: 10px !important;padding-bottom: 30px !important;}\u00a0\u00bb][vc_column][vc_text_separator title=\u00a0\u00bbPoteaux encarts\u00a0\u00bb border=\u00a0\u00bbno\u00a0\u00bb background_color=\u00a0\u00bb#db4405&Prime;]<div class=\"ult-spacer spacer-69e06c00ce045\" data-id=\"69e06c00ce045\" data-height=\"20\" data-height-mobile=\"20\" data-height-tab=\"20\" data-height-tab-portrait=\"\" data-height-mobile-landscape=\"\" style=\"clear:both;display:block;\"><\/div>[vc_gallery type=\u00a0\u00bbimage_grid\u00a0\u00bb images=\u00a0\u00bb29146,29170,29149,29169&Prime; column_number=\u00a0\u00bb5&Prime; grayscale=\u00a0\u00bbno\u00a0\u00bb images_space=\u00a0\u00bbgallery_with_space\u00a0\u00bb]<div class=\"ult-spacer spacer-69e06c00ce078\" data-id=\"69e06c00ce078\" data-height=\"55\" data-height-mobile=\"55\" data-height-tab=\"55\" data-height-tab-portrait=\"\" data-height-mobile-landscape=\"\" style=\"clear:both;display:block;\"><\/div>[\/vc_column][\/vc_row][vc_row css_animation=\u00a0\u00bb\u00a0\u00bb row_type=\u00a0\u00bbrow\u00a0\u00bb use_row_as_full_screen_section=\u00a0\u00bbno\u00a0\u00bb type=\u00a0\u00bbfull_width\u00a0\u00bb angled_section=\u00a0\u00bbno\u00a0\u00bb text_align=\u00a0\u00bbleft\u00a0\u00bb background_image_as_pattern=\u00a0\u00bbwithout_pattern\u00a0\u00bb css=\u00a0\u00bb.vc_custom_1435843296453{margin-top: 0px !important;padding-top: 10px !important;padding-bottom: 30px !important;}\u00a0\u00bb][vc_column][vc_text_separator title=\u00a0\u00bbManchons pour dalle de b\u00e9ton\u00a0\u00bb border=\u00a0\u00bbno\u00a0\u00bb background_color=\u00a0\u00bb#db4405&Prime;]<div class=\"ult-spacer spacer-69e06c00ce0aa\" data-id=\"69e06c00ce0aa\" data-height=\"20\" data-height-mobile=\"20\" data-height-tab=\"20\" data-height-tab-portrait=\"\" data-height-mobile-landscape=\"\" style=\"clear:both;display:block;\"><\/div>[vc_gallery type=\u00a0\u00bbimage_grid\u00a0\u00bb images=\u00a0\u00bb29095,29135,32935&Prime; column_number=\u00a0\u00bb5&Prime; grayscale=\u00a0\u00bbno\u00a0\u00bb images_space=\u00a0\u00bbgallery_with_space\u00a0\u00bb]<div class=\"ult-spacer spacer-69e06c00ce0d8\" data-id=\"69e06c00ce0d8\" data-height=\"55\" data-height-mobile=\"55\" data-height-tab=\"55\" data-height-tab-portrait=\"\" data-height-mobile-landscape=\"\" style=\"clear:both;display:block;\"><\/div>[\/vc_column][\/vc_row][vc_row css_animation=\u00a0\u00bb\u00a0\u00bb row_type=\u00a0\u00bbrow\u00a0\u00bb use_row_as_full_screen_section=\u00a0\u00bbno\u00a0\u00bb type=\u00a0\u00bbfull_width\u00a0\u00bb angled_section=\u00a0\u00bbno\u00a0\u00bb text_align=\u00a0\u00bbleft\u00a0\u00bb background_image_as_pattern=\u00a0\u00bbwithout_pattern\u00a0\u00bb css=\u00a0\u00bb.vc_custom_1431528190800{margin-top: 0px !important;padding-top: 10px !important;padding-bottom: 30px !important;}\u00a0\u00bb][vc_column][vc_text_separator title=\u00a0\u00bbManchons pour surface en acier\u00a0\u00bb border=\u00a0\u00bbno\u00a0\u00bb background_color=\u00a0\u00bb#db4405&Prime;]<div class=\"ult-spacer spacer-69e06c00ce103\" data-id=\"69e06c00ce103\" data-height=\"20\" data-height-mobile=\"20\" data-height-tab=\"20\" data-height-tab-portrait=\"\" data-height-mobile-landscape=\"\" style=\"clear:both;display:block;\"><\/div>[vc_gallery type=\u00a0\u00bbimage_grid\u00a0\u00bb images=\u00a0\u00bb32937,33052,33050,33102,33104,33106,33108&Prime; column_number=\u00a0\u00bb6&Prime; grayscale=\u00a0\u00bbno\u00a0\u00bb images_space=\u00a0\u00bbgallery_with_space\u00a0\u00bb]<div class=\"ult-spacer spacer-69e06c00ce12f\" data-id=\"69e06c00ce12f\" data-height=\"55\" data-height-mobile=\"55\" data-height-tab=\"55\" data-height-tab-portrait=\"\" data-height-mobile-landscape=\"\" style=\"clear:both;display:block;\"><\/div>[vc_text_separator title=\u00a0\u00bbManchons en fa\u00e7ade\u00a0\u00bb border=\u00a0\u00bbno\u00a0\u00bb background_color=\u00a0\u00bb#db4405&Prime;]<div class=\"ult-spacer spacer-69e06c00ce15c\" data-id=\"69e06c00ce15c\" data-height=\"20\" data-height-mobile=\"20\" data-height-tab=\"20\" data-height-tab-portrait=\"\" data-height-mobile-landscape=\"\" style=\"clear:both;display:block;\"><\/div>[vc_gallery type=\u00a0\u00bbimage_grid\u00a0\u00bb images=\u00a0\u00bb33060,33048,33046&Prime; column_number=\u00a0\u00bb6&Prime; grayscale=\u00a0\u00bbno\u00a0\u00bb images_space=\u00a0\u00bbgallery_with_space\u00a0\u00bb][\/vc_column][\/vc_row][vc_row css_animation=\u00a0\u00bb\u00a0\u00bb row_type=\u00a0\u00bbrow\u00a0\u00bb use_row_as_full_screen_section=\u00a0\u00bbno\u00a0\u00bb type=\u00a0\u00bbfull_width\u00a0\u00bb angled_section=\u00a0\u00bbno\u00a0\u00bb text_align=\u00a0\u00bbleft\u00a0\u00bb background_image_as_pattern=\u00a0\u00bbwithout_pattern\u00a0\u00bb css=\u00a0\u00bb.vc_custom_1431528190800{margin-top: 0px !important;padding-top: 10px !important;padding-bottom: 30px !important;}\u00a0\u00bb][vc_column]<div class=\"ult-spacer spacer-69e06c00ce18c\" data-id=\"69e06c00ce18c\" data-height=\"55\" data-height-mobile=\"55\" data-height-tab=\"55\" data-height-tab-portrait=\"\" data-height-mobile-landscape=\"\" style=\"clear:both;display:block;\"><\/div>[vc_text_separator title=\u00a0\u00bbManchons pour poutres\u00a0\u00bb border=\u00a0\u00bbno\u00a0\u00bb background_color=\u00a0\u00bb#db4405&Prime;]<div class=\"ult-spacer spacer-69e06c00ce1bc\" data-id=\"69e06c00ce1bc\" data-height=\"20\" data-height-mobile=\"20\" data-height-tab=\"20\" data-height-tab-portrait=\"\" data-height-mobile-landscape=\"\" style=\"clear:both;display:block;\"><\/div>[vc_gallery type=\u00a0\u00bbimage_grid\u00a0\u00bb images=\u00a0\u00bb29133,29134&Prime; column_number=\u00a0\u00bb6&Prime; grayscale=\u00a0\u00bbno\u00a0\u00bb images_space=\u00a0\u00bbgallery_with_space\u00a0\u00bb]<div class=\"ult-spacer spacer-69e06c00ce1ec\" data-id=\"69e06c00ce1ec\" data-height=\"55\" data-height-mobile=\"55\" data-height-tab=\"55\" data-height-tab-portrait=\"\" data-height-mobile-landscape=\"\" style=\"clear:both;display:block;\"><\/div>[vc_text_separator title=\u00a0\u00bbCapuchons pour Manchons\u00a0\u00bb border=\u00a0\u00bbno\u00a0\u00bb background_color=\u00a0\u00bb#db4405&Prime;]<div class=\"ult-spacer spacer-69e06c00ce21d\" data-id=\"69e06c00ce21d\" data-height=\"20\" data-height-mobile=\"20\" data-height-tab=\"20\" data-height-tab-portrait=\"\" data-height-mobile-landscape=\"\" style=\"clear:both;display:block;\"><\/div>[vc_column_text]Utiliser les capuchons LockRail pour empecher une accumulation de d\u00e9bris dans les manchons lorsque le garde-corps est retir\u00e9.[\/vc_column_text][vc_gallery type=\u00a0\u00bbimage_grid\u00a0\u00bb images=\u00a0\u00bb32952,32950&Prime; column_number=\u00a0\u00bb6&Prime; grayscale=\u00a0\u00bbno\u00a0\u00bb images_space=\u00a0\u00bbgallery_with_space\u00a0\u00bb][\/vc_column][\/vc_row][vc_row css_animation=\u00a0\u00bb\u00a0\u00bb row_type=\u00a0\u00bbrow\u00a0\u00bb use_row_as_full_screen_section=\u00a0\u00bbno\u00a0\u00bb type=\u00a0\u00bbfull_width\u00a0\u00bb angled_section=\u00a0\u00bbno\u00a0\u00bb text_align=\u00a0\u00bbleft\u00a0\u00bb background_image_as_pattern=\u00a0\u00bbwithout_pattern\u00a0\u00bb css=\u00a0\u00bb.vc_custom_1435843296453{margin-top: 0px !important;padding-top: 10px !important;padding-bottom: 30px !important;}\u00a0\u00bb][vc_column]<div class=\"ult-spacer spacer-69e06c00ce24c\" data-id=\"69e06c00ce24c\" data-height=\"55\" data-height-mobile=\"55\" data-height-tab=\"55\" data-height-tab-portrait=\"\" data-height-mobile-landscape=\"\" style=\"clear:both;display:block;\"><\/div>[vc_text_separator title=\u00a0\u00bbTransport\u00a0\u00bb border=\u00a0\u00bbno\u00a0\u00bb background_color=\u00a0\u00bb#db4405&Prime;]<div class=\"ult-spacer spacer-69e06c00ce28c\" data-id=\"69e06c00ce28c\" data-height=\"20\" data-height-mobile=\"20\" data-height-tab=\"20\" data-height-tab-portrait=\"\" data-height-mobile-landscape=\"\" style=\"clear:both;display:block;\"><\/div>[\/vc_column][\/vc_row][vc_row css_animation=\u00a0\u00bb\u00a0\u00bb row_type=\u00a0\u00bbrow\u00a0\u00bb use_row_as_full_screen_section=\u00a0\u00bbno\u00a0\u00bb type=\u00a0\u00bbfull_width\u00a0\u00bb angled_section=\u00a0\u00bbno\u00a0\u00bb text_align=\u00a0\u00bbleft\u00a0\u00bb background_image_as_pattern=\u00a0\u00bbwithout_pattern\u00a0\u00bb css=\u00a0\u00bb.vc_custom_1435843296453{margin-top: 0px !important;padding-top: 10px !important;padding-bottom: 30px !important;}\u00a0\u00bb][vc_column][vc_gallery type=\u00a0\u00bbimage_grid\u00a0\u00bb images=\u00a0\u00bb29075,29074,29072,29073&Prime; column_number=\u00a0\u00bb5&Prime; grayscale=\u00a0\u00bbno\u00a0\u00bb images_space=\u00a0\u00bbgallery_with_space\u00a0\u00bb][\/vc_column][\/vc_row]<\/div>","protected":false},"excerpt":{"rendered":"<p>[vc_row css_animation=\u00a0\u00bb\u00a0\u00bb row_type=\u00a0\u00bbrow\u00a0\u00bb use_row_as_full_screen_section=\u00a0\u00bbno\u00a0\u00bb type=\u00a0\u00bbfull_width\u00a0\u00bb angled_section=\u00a0\u00bbno\u00a0\u00bb text_align=\u00a0\u00bbleft\u00a0\u00bb background_image_as_pattern=\u00a0\u00bbwithout_pattern\u00a0\u00bb css=\u00a0\u00bb.vc_custom_1435843296453{margin-top: 0px !important;padding-top: 10px !important;padding-bottom: 30px !important;}\u00a0\u00bb][vc_column width=\u00a0\u00bb1\/2&Prime;][vc_column_text] LockRail &#8211; Syst\u00e8me de garde-corps ultra-rapide [\/vc_column_text][vc_column_text]Garde-Corps amovible avec manchons encastr\u00e9s au sol.[\/vc_column_text][vc_video link=\u00a0\u00bbhttps:\/\/www.youtube.com\/watch?v=7KQZnbyXbd8&Prime; el_width=\u00a0\u00bb70&Prime;][vc_video link=\u00a0\u00bbhttps:\/\/www.youtube.com\/watch?v=V3_ELcXQUW8&Prime; el_width=\u00a0\u00bb70&Prime;][\/vc_column][vc_column width=\u00a0\u00bb1\/2&Prime;][vc_column_text]\u00a0[\/vc_column_text][\/vc_column][\/vc_row][vc_row css_animation=\u00a0\u00bb\u00a0\u00bb row_type=\u00a0\u00bbrow\u00a0\u00bb use_row_as_full_screen_section=\u00a0\u00bbno\u00a0\u00bb type=\u00a0\u00bbfull_width\u00a0\u00bb angled_section=\u00a0\u00bbno\u00a0\u00bb text_align=\u00a0\u00bbleft\u00a0\u00bb background_image_as_pattern=\u00a0\u00bbwithout_pattern\u00a0\u00bb css=\u00a0\u00bb.vc_custom_1435843296453{margin-top: 0px !important;padding-top: 10px&#8230;<\/p>\n","protected":false},"author":7,"featured_media":0,"parent":23072,"menu_order":2,"comment_status":"open","ping_status":"closed","template":"","meta":{"_seopress_robots_primary_cat":"","_seopress_titles_title":"","_seopress_titles_desc":"","_seopress_robots_index":"","inline_featured_image":false,"footnotes":""},"class_list":["post-29184","page","type-page","status-publish","hentry"],"_links":{"self":[{"href":"https:\/\/superchute.com\/fr\/wp-json\/wp\/v2\/pages\/29184","targetHints":{"allow":["GET"]}}],"collection":[{"href":"https:\/\/superchute.com\/fr\/wp-json\/wp\/v2\/pages"}],"about":[{"href":"https:\/\/superchute.com\/fr\/wp-json\/wp\/v2\/types\/page"}],"author":[{"embeddable":true,"href":"https:\/\/superchute.com\/fr\/wp-json\/wp\/v2\/users\/7"}],"replies":[{"embeddable":true,"href":"https:\/\/superchute.com\/fr\/wp-json\/wp\/v2\/comments?post=29184"}],"version-history":[{"count":2,"href":"https:\/\/superchute.com\/fr\/wp-json\/wp\/v2\/pages\/29184\/revisions"}],"predecessor-version":[{"id":91972,"href":"https:\/\/superchute.com\/fr\/wp-json\/wp\/v2\/pages\/29184\/revisions\/91972"}],"up":[{"embeddable":true,"href":"https:\/\/superchute.com\/fr\/wp-json\/wp\/v2\/pages\/23072"}],"wp:attachment":[{"href":"https:\/\/superchute.com\/fr\/wp-json\/wp\/v2\/media?parent=29184"}],"curies":[{"name":"wp","href":"https:\/\/api.w.org\/{rel}","templated":true}]}}