{"id":25866,"date":"2016-12-01T10:14:15","date_gmt":"2016-12-01T15:14:15","guid":{"rendered":"https:\/\/superchute.com\/sytemes-chutes\/supa-slides\/loading-pans\/"},"modified":"2020-08-07T10:52:36","modified_gmt":"2020-08-07T14:52:36","slug":"tremies-chargement","status":"publish","type":"page","link":"https:\/\/superchute.com\/fr\/systemes-chutes\/glissoires-supa-slides\/tremies-chargement\/","title":{"rendered":"Tr\u00e9mies de chargements"},"content":{"rendered":"<div class=\"wpb-content-wrapper\">[vc_row css_animation=\u00a0\u00bb\u00a0\u00bb row_type=\u00a0\u00bbrow\u00a0\u00bb use_row_as_full_screen_section=\u00a0\u00bbno\u00a0\u00bb type=\u00a0\u00bbfull_width\u00a0\u00bb angled_section=\u00a0\u00bbno\u00a0\u00bb text_align=\u00a0\u00bbleft\u00a0\u00bb background_image_as_pattern=\u00a0\u00bbwithout_pattern\u00a0\u00bb][vc_column width=\u00a0\u00bb1\/2&Prime;][vc_column_text]\r\n<h3><span style=\"color: #ffc726;\">Tr\u00e9mies de chargements<\/span><\/h3>\r\n[\/vc_column_text][vc_column_text][\/vc_column_text]<div class=\"ult-spacer spacer-69e75aab129ce\" data-id=\"69e75aab129ce\" data-height=\"55\" data-height-mobile=\"55\" data-height-tab=\"55\" data-height-tab-portrait=\"\" data-height-mobile-landscape=\"\" style=\"clear:both;display:block;\"><\/div><a  itemprop=\"url\" href=\"https:\/\/superchute.com\/fr\/sytemes-chutes\/devis\/\" target=\"_self\" data-hover-background-color=\"#4d4d4d\" data-hover-border-color=\"#4d4d4d\" data-hover-color=\"#ffffff\" class=\"qbutton  small default\" style=\"color: #ffffff; border-color: #4d4d4d; background-color:#4d4d4d;\">DEMANDER UN DEVIS<\/a>[\/vc_column][vc_column width=\u00a0\u00bb1\/2&Prime;][vc_column_text]<span style=\"color: #ff0000;\"><i class=\"fa fa-search-plus\"><\/i>\u00a0<\/span>[\/vc_column_text][\/vc_column][\/vc_row][vc_row css_animation=\u00a0\u00bb\u00a0\u00bb row_type=\u00a0\u00bbrow\u00a0\u00bb use_row_as_full_screen_section=\u00a0\u00bbno\u00a0\u00bb type=\u00a0\u00bbfull_width\u00a0\u00bb angled_section=\u00a0\u00bbno\u00a0\u00bb text_align=\u00a0\u00bbleft\u00a0\u00bb background_image_as_pattern=\u00a0\u00bbwithout_pattern\u00a0\u00bb][vc_column]<div class=\"ult-spacer spacer-69e75aab136f3\" data-id=\"69e75aab136f3\" data-height=\"55\" data-height-mobile=\"55\" data-height-tab=\"55\" data-height-tab-portrait=\"\" data-height-mobile-landscape=\"\" style=\"clear:both;display:block;\"><\/div>[vc_text_separator title=\u00a0\u00bbInformation\u00a0\u00bb border=\u00a0\u00bbno\u00a0\u00bb background_color=\u00a0\u00bb#ffc726&Prime; title_color=\u00a0\u00bb#4d4d4d\u00a0\u00bb]<div class=\"ult-spacer spacer-69e75aab1371f\" data-id=\"69e75aab1371f\" data-height=\"20\" data-height-mobile=\"20\" data-height-tab=\"20\" data-height-tab-portrait=\"\" data-height-mobile-landscape=\"\" style=\"clear:both;display:block;\"><\/div>[\/vc_column][\/vc_row][vc_row css_animation=\u00a0\u00bb\u00a0\u00bb row_type=\u00a0\u00bbrow\u00a0\u00bb use_row_as_full_screen_section=\u00a0\u00bbno\u00a0\u00bb type=\u00a0\u00bbfull_width\u00a0\u00bb angled_section=\u00a0\u00bbno\u00a0\u00bb text_align=\u00a0\u00bbleft\u00a0\u00bb background_image_as_pattern=\u00a0\u00bbwithout_pattern\u00a0\u00bb][vc_column][vc_tabs style=\u00a0\u00bbvertical_left\u00a0\u00bb][vc_tab title=\u00a0\u00bbCaract\u00e9ristiques\u00a0\u00bb tab_id=\u00a0\u00bb1452875761463-5-6&Prime;][vc_column_text]\r\n<ul>\r\n \t<li>Rigides et l\u00e9g\u00e8res\u00a0<span style=\"color: #ffc726;\">\u2713<\/span><\/li>\r\n \t<li>2 mod\u00e8les sont disponibles <span style=\"color: #ffc726;\">\u2713<\/span><\/li>\r\n \t<li>Tr\u00e8s utile pour des grands projets de coffrages <span style=\"color: #ffc726;\">\u2713<\/span><\/li>\r\n \t<li>Possibilit\u00e9 de relier des sections pour cr\u00e9er une tr\u00e9mie flexible courb\u00e9e\u00a0<span style=\"color: #ffc726;\">\u2713<\/span><\/li>\r\n \t<li>Flexible et s\u00e9curitaire\u00a0<span style=\"color: #ffc726;\">\u2713<\/span><\/li>\r\n \t<li>Silencieux pendant l&rsquo;utilisation\u00a0<span style=\"color: #ffc726;\">\u2713<\/span><\/li>\r\n \t<li>Mat\u00e9riel glissant et facile \u00e0 nettoyer <span style=\"color: #ffc726;\">\u2713<\/span><\/li>\r\n \t<li>Plusieurs diam\u00e8tres sont disponibles <span style=\"color: #ffc726;\">\u2713<\/span><\/li>\r\n \t<li>Id\u00e9ale pour des constructeurs, des couvreurs, des \u00e9chafaudeurs, des contractants, des fournisseurs, des magasins de location, des ma\u00e7ons et des r\u00e9novateurs <span style=\"color: #ffc726;\">\u2713<\/span><\/li>\r\n<\/ul>\r\n[\/vc_column_text][\/vc_tab][vc_tab title=\u00a0\u00bbCroquis personnalis\u00e9s\u00a0\u00bb tab_id=\u00a0\u00bb66358c81-c18c-6&Prime;][vc_column_text]Superchute\u00ae offre rapidement et gratuitement des croquis en moins de 24 heures.\r\n\r\nUn <strong>croquis <\/strong>:\r\n<ul>\r\n \t<li>Vous montre une repr\u00e9sentation claire de la bo\u00eete d&rsquo;\u00e9cluse sur le chantier<\/li>\r\n \t<li>Vous montre comment positionner correctement les composants<\/li>\r\n \t<li>Vous recommande le cadre de support appropri\u00e9<\/li>\r\n \t<li>Il faut nous contacter pour obtenir votre croquis personnalis\u00e9<\/li>\r\n<\/ul>\r\n[\/vc_column_text][\/vc_tab][vc_tab title=\u00a0\u00bbMarquage\u00a0\u00bb tab_id=\u00a0\u00bb1452807542855-4-10&Prime;][vc_column_text]Les indications suivantes sont estamp\u00e9es sur l\u2019avant et l\u2019arri\u00e8re de toutes les sections avec un moule d\u2019impression mesurant 11\u2033 x 5\u2033 :\r\n<ul>\r\n \t<li>Nom de la compagnie et les coordonn\u00e9es<\/li>\r\n \t<li>Description de la section de la chute<\/li>\r\n \t<li>Mois et ann\u00e9e de fabrication<\/li>\r\n \t<li>\u00c9paisseur du\u00a0plastique<\/li>\r\n \t<li>Diam\u00e8tre et poids de la\u00a0chute<\/li>\r\n \t<li>Instructions d\u00e9taill\u00e9es &amp; avertissement de feu<\/li>\r\n \t<li>Excellent outil de publicit\u00e9 &amp; de pr\u00e9vention de vols<\/li>\r\n \t<li>Nous gardons votre plaque d\u2019impression en catalogue pour des commandes futurs<\/li>\r\n<\/ul>\r\n<div class=\"wpb_text_column wpb_content_element \">\r\n<div class=\"wpb_wrapper\">\r\n\r\n<em>De l\u00e9gers frais s\u2019appliquent pour la pr\u00e9paration du moule d\u2019impression. Permettre 24 heures pour la pr\u00e9paration.<\/em>\r\n\r\n<\/div>\r\n<\/div>\r\n[\/vc_column_text]<div class=\"ult-spacer spacer-69e75aab1373c\" data-id=\"69e75aab1373c\" data-height=\"15\" data-height-mobile=\"15\" data-height-tab=\"15\" data-height-tab-portrait=\"\" data-height-mobile-landscape=\"\" style=\"clear:both;display:block;\"><\/div>[vc_column_text]<span style=\"color: #ff0000;\"><i class=\"fa fa-search-plus\"><\/i>\u00a0<\/span>[\/vc_column_text][\/vc_tab][vc_tab title=\u00a0\u00bbBrochure\u00a0\u00bb tab_id=\u00a0\u00bb1474041703524-5-3&Prime;][vc_column_text]\r\n<h5><a href=\"https:\/\/superchute.com\/brochures_\/brochure-slides-4sides-fr.pdf\" target=\"_blank\" rel=\"noopener noreferrer\"><img loading=\"lazy\" decoding=\"async\" class=\"alignleft wp-image-17521\" src=\"https:\/\/superchute.com\/wp-content\/uploads\/2015\/04\/brochure-slides-4sides-1-233x300.jpg\" alt=\"brochure-slides-4sides-1\" width=\"100\" height=\"129\" srcset=\"https:\/\/superchute.com\/wp-content\/uploads\/2015\/04\/brochure-slides-4sides-1-233x300.jpg 233w, https:\/\/superchute.com\/wp-content\/uploads\/2015\/04\/brochure-slides-4sides-1.jpg 630w\" sizes=\"auto, (max-width: 100px) 100vw, 100px\" \/><\/a><a href=\"https:\/\/superchute.com\/brochures_\/brochure-slides-4sides-fr.pdf\" target=\"_blank\" rel=\"noopener noreferrer\">Brochure pour des glissoires<\/a><\/h5>\r\nVersion PDF<span class='q_social_icon_holder normal_social' data-color=#ff0000 data-hover-color=#4d4d4d><a itemprop='url' href='https:\/\/superchute.com\/brochures_\/brochure-slides-4sides-fr.pdf' target='_blank'><i class=\"qode_icon_font_awesome fa fa-file-pdf-o fa-lg simple_social\" style=\"color: #ff0000;\" ><\/i><\/a><\/span>[\/vc_column_text][\/vc_tab][\/vc_tabs]<div class=\"ult-spacer spacer-69e75aab13fc9\" data-id=\"69e75aab13fc9\" data-height=\"55\" data-height-mobile=\"55\" data-height-tab=\"55\" data-height-tab-portrait=\"\" data-height-mobile-landscape=\"\" style=\"clear:both;display:block;\"><\/div>[\/vc_column][\/vc_row][vc_row css_animation=\u00a0\u00bb\u00a0\u00bb row_type=\u00a0\u00bbrow\u00a0\u00bb use_row_as_full_screen_section=\u00a0\u00bbno\u00a0\u00bb type=\u00a0\u00bbfull_width\u00a0\u00bb angled_section=\u00a0\u00bbno\u00a0\u00bb text_align=\u00a0\u00bbleft\u00a0\u00bb background_image_as_pattern=\u00a0\u00bbwithout_pattern\u00a0\u00bb][vc_column]<div class=\"ult-spacer spacer-69e75aab13fec\" data-id=\"69e75aab13fec\" data-height=\"55\" data-height-mobile=\"55\" data-height-tab=\"55\" data-height-tab-portrait=\"\" data-height-mobile-landscape=\"\" style=\"clear:both;display:block;\"><\/div>[vc_text_separator title=\u00a0\u00bbMat\u00e9riaux\u00a0\u00bb border=\u00a0\u00bbno\u00a0\u00bb background_color=\u00a0\u00bb#ffc726&Prime; title_color=\u00a0\u00bb#4d4d4d\u00a0\u00bb]<div class=\"ult-spacer spacer-69e75aab14007\" data-id=\"69e75aab14007\" data-height=\"20\" data-height-mobile=\"20\" data-height-tab=\"20\" data-height-tab-portrait=\"\" data-height-mobile-landscape=\"\" style=\"clear:both;display:block;\"><\/div>[\/vc_column][\/vc_row][vc_row css_animation=\u00a0\u00bb\u00a0\u00bb row_type=\u00a0\u00bbrow\u00a0\u00bb use_row_as_full_screen_section=\u00a0\u00bbno\u00a0\u00bb type=\u00a0\u00bbfull_width\u00a0\u00bb angled_section=\u00a0\u00bbno\u00a0\u00bb text_align=\u00a0\u00bbleft\u00a0\u00bb background_image_as_pattern=\u00a0\u00bbwithout_pattern\u00a0\u00bb][vc_column][vc_tabs style=\u00a0\u00bbvertical_left\u00a0\u00bb][vc_tab title=\u00a0\u00bbPlastique jaune\u00a0\u00bb tab_id=\u00a0\u00bb3b45b1d2-0385-1&Prime;][vc_column_text]\r\n<ul>\r\n \t<li>La plupart des sections de chutes Superchute\u00ae sont fabriqu\u00e9es en poly\u00e9thyl\u00e8ne de poids mol\u00e9culaire \u00e9lev\u00e9\u00a0<strong>JAUNE<\/strong><\/li>\r\n \t<li><strong>HMWPE\u00a0<\/strong>est r\u00e9sistant \u00e0 l\u2019abrasion, aux produits chimiques<strong>\u00a0<\/strong>et aux temp\u00e9ratures froides<\/li>\r\n \t<li>Nos clients en Alaska et ailleurs appr\u00e9cient sa r\u00e9sistance aux chocs dans des temp\u00e9ratures basses de\u00a0<strong>-100 \u00baC (-156 \u00baF)<\/strong><\/li>\r\n \t<li>Le plastique s\u2019assouplit avec des temp\u00e9ratures plus chaudes<\/li>\r\n \t<li>Le plastique jaune vif (couleur de s\u00e9curit\u00e9) montre votre nom de compagnie<\/li>\r\n \t<li>Plusieurs \u00e9paisseurs sont disponibles<\/li>\r\n \t<li>Trait\u00e9 anti-UV<\/li>\r\n<\/ul>\r\n[\/vc_column_text][\/vc_tab][\/vc_tabs][\/vc_column][\/vc_row][vc_row css_animation=\u00a0\u00bb\u00a0\u00bb row_type=\u00a0\u00bbrow\u00a0\u00bb use_row_as_full_screen_section=\u00a0\u00bbno\u00a0\u00bb type=\u00a0\u00bbfull_width\u00a0\u00bb angled_section=\u00a0\u00bbno\u00a0\u00bb text_align=\u00a0\u00bbleft\u00a0\u00bb background_image_as_pattern=\u00a0\u00bbwithout_pattern\u00a0\u00bb css=\u00a0\u00bb.vc_custom_1431528190800{margin-top: 0px !important;padding-top: 10px !important;padding-bottom: 30px !important;}\u00a0\u00bb][vc_column]<div class=\"ult-spacer spacer-69e75aab14021\" data-id=\"69e75aab14021\" data-height=\"55\" data-height-mobile=\"55\" data-height-tab=\"55\" data-height-tab-portrait=\"\" data-height-mobile-landscape=\"\" style=\"clear:both;display:block;\"><\/div>[vc_text_separator title=\u00a0\u00bbProjets\u00a0\u00bb border=\u00a0\u00bbno\u00a0\u00bb background_color=\u00a0\u00bb#ffc726&Prime; title_color=\u00a0\u00bb#4d4d4d\u00a0\u00bb]<div class=\"ult-spacer spacer-69e75aab1403a\" data-id=\"69e75aab1403a\" data-height=\"15\" data-height-mobile=\"15\" data-height-tab=\"15\" data-height-tab-portrait=\"\" data-height-mobile-landscape=\"\" style=\"clear:both;display:block;\"><\/div>[vc_column_text]\r\n<p style=\"text-align: center;\">Cliquer sur les images pour visionner les projets.<\/p>\r\n[\/vc_column_text]<div class=\"ult-spacer spacer-69e75aab14051\" data-id=\"69e75aab14051\" data-height=\"25\" data-height-mobile=\"25\" data-height-tab=\"25\" data-height-tab-portrait=\"\" data-height-mobile-landscape=\"\" style=\"clear:both;display:block;\"><\/div><div class='projects_holder_outer v4 portfolio_with_space portfolio_standard'>\n        <div class='projects_holder portfolio_main_holder clearfix v4 standard portfolio_landscape_image '>\n        \n        <article class='mix portfolio_category_443 portfolio_category_402 default' style=''>\n    \n    \n    \n                <div class='image_holder'>\n                <a itemprop='url' class='portfolio_link_for_touch' href='https:\/\/superchute.com\/fr\/portfolio_page\/loading-pans\/' target='_self'>\n                    \n<span class='image'><img loading=\"lazy\" decoding=\"async\" width=\"600\" height=\"525\" src=\"https:\/\/superchute.com\/wp-content\/uploads\/2016\/12\/01-1-min.jpg\" class=\"attachment-portfolio-landscape size-portfolio-landscape wp-post-image\" alt=\"\" srcset=\"https:\/\/superchute.com\/wp-content\/uploads\/2016\/12\/01-1-min.jpg 600w, https:\/\/superchute.com\/wp-content\/uploads\/2016\/12\/01-1-min-300x263.jpg 300w\" sizes=\"auto, (max-width: 600px) 100vw, 600px\" \/><\/span>                <\/a>\n\n                <span class='text_holder'>\n    <span class='text_outer'>\n        <span class='text_inner'>\n            <span class='feature_holder'>\n                            <span class=\"feature_holder_icons\">';\n                    \n                            <a itemprop='url' class='preview qbutton small white' href='https:\/\/superchute.com\/fr\/portfolio_page\/loading-pans\/' target='_self'>view<\/i><\/a>\n    \n                                            <\/span>\n        <\/span>\n    <\/span>\n<\/span>            <\/div>\n                <div class='portfolio_description ' >\n\n        \n    <h5 itemprop=\"name\" class=\"portfolio_title entry_title\"><a itemprop=\"url\" href=\"https:\/\/superchute.com\/fr\/portfolio_page\/loading-pans\/\" style=\"color: #4d4d4d\" target=\"_self\"> Bo\u00eetes d&rsquo;\u00e9cluses<\/a><\/h5>\n\n\n            <div style=\"background-color: #4d4d4d\" class=\"portfolio_separator separator  small center\"><\/div>\n\n            <span class=\"project_category\"  >\n    Supa-Slide\u2122, Tr\u00e9mies de chargement    <\/span>\n\n    <\/div>\n        \n<\/article>\n<article class='mix portfolio_category_425 portfolio_category_401 portfolio_category_420 portfolio_category_397 portfolio_category_443 portfolio_category_402 default' style=''>\n    \n    \n    \n                <div class='image_holder'>\n                <a itemprop='url' class='portfolio_link_for_touch' href='https:\/\/superchute.com\/fr\/portfolio_page\/complete-property-services\/' target='_self'>\n                    \n<span class='image'><img loading=\"lazy\" decoding=\"async\" width=\"600\" height=\"450\" src=\"https:\/\/superchute.com\/wp-content\/uploads\/2016\/11\/Complete-Property-Services-06-min.jpg\" class=\"attachment-portfolio-landscape size-portfolio-landscape wp-post-image\" alt=\"\" srcset=\"https:\/\/superchute.com\/wp-content\/uploads\/2016\/11\/Complete-Property-Services-06-min.jpg 600w, https:\/\/superchute.com\/wp-content\/uploads\/2016\/11\/Complete-Property-Services-06-min-300x225.jpg 300w\" sizes=\"auto, (max-width: 600px) 100vw, 600px\" \/><\/span>                <\/a>\n\n                <span class='text_holder'>\n    <span class='text_outer'>\n        <span class='text_inner'>\n            <span class='feature_holder'>\n                            <span class=\"feature_holder_icons\">';\n                    \n                            <a itemprop='url' class='preview qbutton small white' href='https:\/\/superchute.com\/fr\/portfolio_page\/complete-property-services\/' target='_self'>view<\/i><\/a>\n    \n                                            <\/span>\n        <\/span>\n    <\/span>\n<\/span>            <\/div>\n                <div class='portfolio_description ' >\n\n        \n    <h5 itemprop=\"name\" class=\"portfolio_title entry_title\"><a itemprop=\"url\" href=\"https:\/\/superchute.com\/fr\/portfolio_page\/complete-property-services\/\" style=\"color: #4d4d4d\" target=\"_self\"> Complete Property Services<\/a><\/h5>\n\n\n            <div style=\"background-color: #4d4d4d\" class=\"portfolio_separator separator  small center\"><\/div>\n\n            <span class=\"project_category\"  >\n    Chutes pour la construction, Palan pour terrasses, Palans pour chutes, Sections de chutes, Supa-Slide\u2122, Tr\u00e9mies de chargement    <\/span>\n\n    <\/div>\n        \n<\/article>\n<article class='mix portfolio_category_443 portfolio_category_402 default' style=''>\n    \n    \n    \n                <div class='image_holder'>\n                <a itemprop='url' class='portfolio_link_for_touch' href='https:\/\/superchute.com\/fr\/portfolio_page\/funderburk-roofing-2\/' target='_self'>\n                    \n<span class='image'><img loading=\"lazy\" decoding=\"async\" width=\"789\" height=\"444\" src=\"https:\/\/superchute.com\/wp-content\/uploads\/2019\/01\/Funderburk-Roofing-min.jpg\" class=\"attachment-portfolio-landscape size-portfolio-landscape wp-post-image\" alt=\"\" srcset=\"https:\/\/superchute.com\/wp-content\/uploads\/2019\/01\/Funderburk-Roofing-min.jpg 789w, https:\/\/superchute.com\/wp-content\/uploads\/2019\/01\/Funderburk-Roofing-min-300x169.jpg 300w, https:\/\/superchute.com\/wp-content\/uploads\/2019\/01\/Funderburk-Roofing-min-768x432.jpg 768w, https:\/\/superchute.com\/wp-content\/uploads\/2019\/01\/Funderburk-Roofing-min-700x394.jpg 700w, https:\/\/superchute.com\/wp-content\/uploads\/2019\/01\/Funderburk-Roofing-min-539x303.jpg 539w\" sizes=\"auto, (max-width: 789px) 100vw, 789px\" \/><\/span>                <\/a>\n\n                <span class='text_holder'>\n    <span class='text_outer'>\n        <span class='text_inner'>\n            <span class='feature_holder'>\n                            <span class=\"feature_holder_icons\">';\n                    \n                            <a itemprop='url' class='preview qbutton small white' href='https:\/\/superchute.com\/fr\/portfolio_page\/funderburk-roofing-2\/' target='_self'>view<\/i><\/a>\n    \n                                            <\/span>\n        <\/span>\n    <\/span>\n<\/span>            <\/div>\n                <div class='portfolio_description ' >\n\n        \n    <h5 itemprop=\"name\" class=\"portfolio_title entry_title\"><a itemprop=\"url\" href=\"https:\/\/superchute.com\/fr\/portfolio_page\/funderburk-roofing-2\/\" style=\"color: #4d4d4d\" target=\"_self\"> Funderburk Roofing, Inc.<\/a><\/h5>\n\n\n            <div style=\"background-color: #4d4d4d\" class=\"portfolio_separator separator  small center\"><\/div>\n\n            <span class=\"project_category\"  >\n    Supa-Slide\u2122, Tr\u00e9mies de chargement    <\/span>\n\n    <\/div>\n        \n<\/article>\n        <div class='filler'><\/div>\n            <div class='filler'><\/div>\n            <div class='filler'><\/div>\n            <div class='filler'><\/div>\n        <\/div>\n\n    \n    <\/div>[\/vc_column][\/vc_row]<\/div>","protected":false},"excerpt":{"rendered":"<p>[vc_row css_animation=\u00a0\u00bb\u00a0\u00bb row_type=\u00a0\u00bbrow\u00a0\u00bb use_row_as_full_screen_section=\u00a0\u00bbno\u00a0\u00bb type=\u00a0\u00bbfull_width\u00a0\u00bb angled_section=\u00a0\u00bbno\u00a0\u00bb text_align=\u00a0\u00bbleft\u00a0\u00bb background_image_as_pattern=\u00a0\u00bbwithout_pattern\u00a0\u00bb][vc_column width=\u00a0\u00bb1\/2&Prime;][vc_column_text] Tr\u00e9mies de chargements [\/vc_column_text][vc_column_text][\/vc_column_text][\/vc_column][vc_column width=\u00a0\u00bb1\/2&Prime;][vc_column_text]\u00a0[\/vc_column_text][\/vc_column][\/vc_row][vc_row css_animation=\u00a0\u00bb\u00a0\u00bb row_type=\u00a0\u00bbrow\u00a0\u00bb use_row_as_full_screen_section=\u00a0\u00bbno\u00a0\u00bb type=\u00a0\u00bbfull_width\u00a0\u00bb angled_section=\u00a0\u00bbno\u00a0\u00bb text_align=\u00a0\u00bbleft\u00a0\u00bb background_image_as_pattern=\u00a0\u00bbwithout_pattern\u00a0\u00bb][vc_column][vc_text_separator title=\u00a0\u00bbInformation\u00a0\u00bb border=\u00a0\u00bbno\u00a0\u00bb background_color=\u00a0\u00bb#ffc726&Prime; title_color=\u00a0\u00bb#4d4d4d\u00a0\u00bb][\/vc_column][\/vc_row][vc_row css_animation=\u00a0\u00bb\u00a0\u00bb row_type=\u00a0\u00bbrow\u00a0\u00bb use_row_as_full_screen_section=\u00a0\u00bbno\u00a0\u00bb type=\u00a0\u00bbfull_width\u00a0\u00bb angled_section=\u00a0\u00bbno\u00a0\u00bb text_align=\u00a0\u00bbleft\u00a0\u00bb background_image_as_pattern=\u00a0\u00bbwithout_pattern\u00a0\u00bb][vc_column][vc_tabs style=\u00a0\u00bbvertical_left\u00a0\u00bb][vc_tab title=\u00a0\u00bbCaract\u00e9ristiques\u00a0\u00bb tab_id=\u00a0\u00bb1452875761463-5-6&Prime;][vc_column_text] Rigides et l\u00e9g\u00e8res\u00a0\u2713 2 mod\u00e8les sont disponibles \u2713 Tr\u00e8s utile&#8230;<\/p>\n","protected":false},"author":7,"featured_media":0,"parent":23251,"menu_order":0,"comment_status":"open","ping_status":"closed","template":"","meta":{"_seopress_robots_primary_cat":"","_seopress_titles_title":"","_seopress_titles_desc":"","_seopress_robots_index":"","inline_featured_image":false,"footnotes":""},"class_list":["post-25866","page","type-page","status-publish","hentry"],"_links":{"self":[{"href":"https:\/\/superchute.com\/fr\/wp-json\/wp\/v2\/pages\/25866","targetHints":{"allow":["GET"]}}],"collection":[{"href":"https:\/\/superchute.com\/fr\/wp-json\/wp\/v2\/pages"}],"about":[{"href":"https:\/\/superchute.com\/fr\/wp-json\/wp\/v2\/types\/page"}],"author":[{"embeddable":true,"href":"https:\/\/superchute.com\/fr\/wp-json\/wp\/v2\/users\/7"}],"replies":[{"embeddable":true,"href":"https:\/\/superchute.com\/fr\/wp-json\/wp\/v2\/comments?post=25866"}],"version-history":[{"count":0,"href":"https:\/\/superchute.com\/fr\/wp-json\/wp\/v2\/pages\/25866\/revisions"}],"up":[{"embeddable":true,"href":"https:\/\/superchute.com\/fr\/wp-json\/wp\/v2\/pages\/23251"}],"wp:attachment":[{"href":"https:\/\/superchute.com\/fr\/wp-json\/wp\/v2\/media?parent=25866"}],"curies":[{"name":"wp","href":"https:\/\/api.w.org\/{rel}","templated":true}]}}