{"id":25861,"date":"2016-09-02T11:11:04","date_gmt":"2016-09-02T15:11:04","guid":{"rendered":"https:\/\/superchute.com\/filets-construction\/lifting-tarps\/"},"modified":"2020-07-28T15:48:53","modified_gmt":"2020-07-28T19:48:53","slug":"baches-levage","status":"publish","type":"page","link":"https:\/\/superchute.com\/fr\/filets-construction\/baches-levage\/","title":{"rendered":"B\u00e2ches pour du levage"},"content":{"rendered":"<div class=\"wpb-content-wrapper\">[vc_row css_animation=\u00a0\u00bb\u00a0\u00bb row_type=\u00a0\u00bbrow\u00a0\u00bb use_row_as_full_screen_section=\u00a0\u00bbno\u00a0\u00bb type=\u00a0\u00bbfull_width\u00a0\u00bb angled_section=\u00a0\u00bbno\u00a0\u00bb text_align=\u00a0\u00bbleft\u00a0\u00bb background_image_as_pattern=\u00a0\u00bbwithout_pattern\u00a0\u00bb css=\u00a0\u00bb.vc_custom_1435843296453{margin-top: 0px !important;padding-top: 10px !important;padding-bottom: 30px !important;}\u00a0\u00bb][vc_column width=\u00a0\u00bb1\/2&Prime;][vc_column_text]\r\n<h3><span style=\"color: #007a53;\">B\u00e2ches pour du levage<\/span><\/h3>\r\nB\u00e2ches octogonales pour du levage pour des d\u00e9bris et des mat\u00e9riaux du toit.[\/vc_column_text]<div class=\"ult-spacer spacer-69f3389be821d\" data-id=\"69f3389be821d\" data-height=\"25\" data-height-mobile=\"25\" data-height-tab=\"25\" data-height-tab-portrait=\"\" data-height-mobile-landscape=\"\" style=\"clear:both;display:block;\"><\/div><a  itemprop=\"url\" href=\"https:\/\/superchute.com\/fr\/filets-construction\/devis\/\" target=\"_self\" data-hover-background-color=\"#4d4d4d\" data-hover-border-color=\"#4d4d4d\" data-hover-color=\"#ffffff\" class=\"qbutton  small default\" style=\"color: #ffffff; border-color: #4d4d4d; background-color:#4d4d4d;\">DEMANDER UN DEVIS<\/a>[\/vc_column][vc_column width=\u00a0\u00bb1\/2&Prime;][vc_column_text]<span style=\"color: #ff0000;\"><i class=\"fa fa-search-plus\"><\/i>\u00a0<\/span>[\/vc_column_text][vc_row_inner row_type=\u00a0\u00bbrow\u00a0\u00bb type=\u00a0\u00bbfull_width\u00a0\u00bb text_align=\u00a0\u00bbleft\u00a0\u00bb css_animation=\u00a0\u00bb\u00a0\u00bb][vc_column_inner width=\u00a0\u00bb1\/2&Prime;][vc_single_image image=\u00a0\u00bb30850&Prime; img_size=\u00a0\u00bb200&#215;312&Prime; onclick=\u00a0\u00bblink_image\u00a0\u00bb qode_css_animation=\u00a0\u00bb\u00a0\u00bb][\/vc_column_inner][vc_column_inner width=\u00a0\u00bb1\/2&Prime;][vc_single_image image=\u00a0\u00bb33886&Prime; img_size=\u00a0\u00bbmedium\u00a0\u00bb onclick=\u00a0\u00bblink_image\u00a0\u00bb qode_css_animation=\u00a0\u00bb\u00a0\u00bb][\/vc_column_inner][\/vc_row_inner][\/vc_column][\/vc_row][vc_row css_animation=\u00a0\u00bb\u00a0\u00bb row_type=\u00a0\u00bbrow\u00a0\u00bb use_row_as_full_screen_section=\u00a0\u00bbno\u00a0\u00bb type=\u00a0\u00bbfull_width\u00a0\u00bb angled_section=\u00a0\u00bbno\u00a0\u00bb text_align=\u00a0\u00bbleft\u00a0\u00bb background_image_as_pattern=\u00a0\u00bbwithout_pattern\u00a0\u00bb][vc_column][vc_tabs style=\u00a0\u00bbvertical_left\u00a0\u00bb][vc_tab title=\u00a0\u00bbCaract\u00e9ristiques\u00a0\u00bb tab_id=\u00a0\u00bba7411184-ed50-0&Prime;][vc_column_text]\r\n<ul>\r\n \t<li>Utiliser en conjonction avec une grue pour faire descendre les d\u00e9bris arrach\u00e9s des toits et pour relever les nouveaux mat\u00e9riaux <span style=\"color: #007a53;\">\u2713<\/span><\/li>\r\n \t<li>B\u00e2ches imperm\u00e9ables\u00a0<span style=\"color: #007a53;\">\u2713<\/span><\/li>\r\n \t<li>B\u00e2ches solides fabriqu\u00e9es pour vos besoins <span style=\"color: #007a53;\">\u2713<\/span><\/li>\r\n \t<li>Toutes les dimensions pour vos besoins <span style=\"color: #007a53;\">\u2713<\/span><\/li>\r\n \t<li>Plusieurs poids et plusieurs couleurs sont disponibles <span style=\"color: #007a53;\">\u2713<\/span><\/li>\r\n \t<li>Panneaux avec des \u0153illets en laiton de haute qualit\u00e9 <span style=\"color: #007a53;\">\u2713<\/span><\/li>\r\n \t<li>Ourlage qui ressemble au patron d&rsquo;une ceinture de s\u00e9curit\u00e9 pour une r\u00e9sistance sup\u00e9rieur\u00a0<span style=\"color: #007a53;\">\u2713<\/span><\/li>\r\n \t<li>Des crochets, des manilles ou d&rsquo;autre mat\u00e9riel de gr\u00e9ement peuvent \u00eatre incorpor\u00e9s dans les panneaux <span style=\"color: #007a53;\">\u2713<\/span><\/li>\r\n \t<li>Aucune commande minimale\u00a0<span style=\"color: #007a53;\">\u2713<\/span><\/li>\r\n \t<li>Vinyle retardateur de flamme de haute qualit\u00e9 fabriqu\u00e9 au Canada\u00a0<span style=\"color: #007a53;\">\u2713<\/span><\/li>\r\n<\/ul>\r\n[\/vc_column_text][\/vc_tab][vc_tab title=\u00a0\u00bbSp\u00e9cifications\u00a0\u00bb tab_id=\u00a0\u00bb93d8c306-2a45-6&Prime;][vc_column_text]\r\n<ul>\r\n \t<li>Tissu de vinyle PVC noir renforc\u00e9 40 oz.<\/li>\r\n \t<li>Design de 8 points &#8211; tressage de harnais \u00e9pais de 4\u201d (tension de rupture 40,000 lb)<\/li>\r\n \t<li>Anneaux Delta &#8211; 20,000 lb tension de rupture minimal<\/li>\r\n \t<li>Bordure renforc\u00e9e avec du tressage de ceinture de s\u00e9curit\u00e9 de 2\u201d (tension de rupture 10,000 lb)<\/li>\r\n \t<li>Couture &amp; fabrication de qualit\u00e9<\/li>\r\n \t<li>Poids 113 lb<\/li>\r\n \t<li>Charge d&rsquo;utilisation 4000 lb<\/li>\r\n<\/ul>\r\n[\/vc_column_text][\/vc_tab][vc_tab title=\u00a0\u00bbDocuments\u00a0\u00bb tab_id=\u00a0\u00bb1472846372937-2-5&Prime;][vc_column_text]<span style=\"color: #db4405;\"><a style=\"color: #db4405;\" href=\"https:\/\/superchute.com\/wp-content\/uploads\/2016\/09\/Roofmart-Q-101337-2-D.pdf\" target=\"_blank\" rel=\"noopener noreferrer\">Aper\u00e7u d&rsquo;une b\u00e2che pour du levage<\/a><strong>\u00a0<\/strong><\/span><span class='q_social_icon_holder normal_social' data-color=#ff0000 data-hover-color=#4d4d4d><a itemprop='url' href='https:\/\/superchute.com\/wp-content\/uploads\/2016\/09\/Roofmart-Q-101337-2-D.pdf' target='_blank'><i class=\"qode_icon_font_awesome fa fa-file-pdf-o fa-lg simple_social\" style=\"color: #ff0000;\" ><\/i><\/a><\/span>[\/vc_column_text][\/vc_tab][vc_tab title=\u00a0\u00bbBrochure\u00a0\u00bb tab_id=\u00a0\u00bb1473946541859-3-7&Prime;][vc_column_text]\r\n<h5><a href=\"https:\/\/superchute.com\/brochures_\/brochure-netting-4sides-fr.pdf\" target=\"_blank\" rel=\"noopener noreferrer\"><img loading=\"lazy\" decoding=\"async\" class=\"alignleft wp-image-17519\" src=\"https:\/\/superchute.com\/wp-content\/uploads\/2015\/04\/brochure-netting-4sides-v2-1-233x300.jpg\" alt=\"brochure-netting-4sides-v2-1\" width=\"100\" height=\"129\" srcset=\"https:\/\/superchute.com\/wp-content\/uploads\/2015\/04\/brochure-netting-4sides-v2-1-233x300.jpg 233w, https:\/\/superchute.com\/wp-content\/uploads\/2015\/04\/brochure-netting-4sides-v2-1.jpg 630w\" sizes=\"auto, (max-width: 100px) 100vw, 100px\" \/><\/a><a href=\"https:\/\/superchute.com\/brochures_\/brochure-netting-4sides-fr.pdf\" target=\"_blank\" rel=\"noopener noreferrer\">Brochure des filets de construction<\/a><\/h5>\r\nVersion PDF<span class='q_social_icon_holder normal_social' data-color=#ff0000 data-hover-color=#4d4d4d><a itemprop='url' href='https:\/\/superchute.com\/brochures_\/brochure-netting-4sides-fr.pdf' target='_blank'><i class=\"qode_icon_font_awesome fa fa-file-pdf-o fa-lg simple_social\" style=\"color: #ff0000;\" ><\/i><\/a><\/span>[\/vc_column_text][\/vc_tab][\/vc_tabs][\/vc_column][\/vc_row][vc_row css_animation=\u00a0\u00bb\u00a0\u00bb row_type=\u00a0\u00bbrow\u00a0\u00bb use_row_as_full_screen_section=\u00a0\u00bbno\u00a0\u00bb type=\u00a0\u00bbfull_width\u00a0\u00bb angled_section=\u00a0\u00bbno\u00a0\u00bb text_align=\u00a0\u00bbleft\u00a0\u00bb background_image_as_pattern=\u00a0\u00bbwithout_pattern\u00a0\u00bb css=\u00a0\u00bb.vc_custom_1431528190800{margin-top: 0px !important;padding-top: 10px !important;padding-bottom: 30px !important;}\u00a0\u00bb][vc_column]<div class=\"ult-spacer spacer-69f3389be8774\" data-id=\"69f3389be8774\" data-height=\"55\" data-height-mobile=\"55\" data-height-tab=\"55\" data-height-tab-portrait=\"\" data-height-mobile-landscape=\"\" style=\"clear:both;display:block;\"><\/div>[vc_text_separator title=\u00a0\u00bbProjets\u00a0\u00bb border=\u00a0\u00bbno\u00a0\u00bb background_color=\u00a0\u00bb#007a53&Prime; title_color=\u00a0\u00bb#ffffff\u00a0\u00bb]<div class=\"ult-spacer spacer-69f3389be87a1\" data-id=\"69f3389be87a1\" data-height=\"15\" data-height-mobile=\"15\" data-height-tab=\"15\" data-height-tab-portrait=\"\" data-height-mobile-landscape=\"\" style=\"clear:both;display:block;\"><\/div>[vc_column_text]\r\n<p style=\"text-align: center;\">Cliquer sur les images pour visionner les projets.<\/p>\r\n[\/vc_column_text]<div class=\"ult-spacer spacer-69f3389be87c6\" data-id=\"69f3389be87c6\" data-height=\"25\" data-height-mobile=\"25\" data-height-tab=\"25\" data-height-tab-portrait=\"\" data-height-mobile-landscape=\"\" style=\"clear:both;display:block;\"><\/div><div class='projects_holder_outer v4 portfolio_with_space portfolio_standard'>\n        <div class='projects_holder portfolio_main_holder clearfix v4 standard portfolio_square_image '>\n        \n        <article class='mix portfolio_category_393 portfolio_category_432 portfolio_category_430 portfolio_category_482 default' style=''>\n    \n    \n    \n                <div class='image_holder'>\n                <a itemprop='url' class='portfolio_link_for_touch' href='https:\/\/superchute.com\/fr\/portfolio_page\/covertite\/' target='_self'>\n                    \n<span class='image'><img loading=\"lazy\" decoding=\"async\" width=\"570\" height=\"570\" src=\"https:\/\/superchute.com\/wp-content\/uploads\/2019\/06\/lifting-tarp-stock-1024x768-min-570x570.jpg\" class=\"attachment-portfolio-square size-portfolio-square wp-post-image\" alt=\"\" srcset=\"https:\/\/superchute.com\/wp-content\/uploads\/2019\/06\/lifting-tarp-stock-1024x768-min-570x570.jpg 570w, https:\/\/superchute.com\/wp-content\/uploads\/2019\/06\/lifting-tarp-stock-1024x768-min-500x500.jpg 500w\" sizes=\"auto, (max-width: 570px) 100vw, 570px\" \/><\/span>                <\/a>\n\n                <span class='text_holder'>\n    <span class='text_outer'>\n        <span class='text_inner'>\n            <span class='feature_holder'>\n                            <span class=\"feature_holder_icons\">';\n                    \n                            <a itemprop='url' class='preview qbutton small white' href='https:\/\/superchute.com\/fr\/portfolio_page\/covertite\/' target='_self'>view<\/i><\/a>\n    \n                                            <\/span>\n        <\/span>\n    <\/span>\n<\/span>            <\/div>\n                <div class='portfolio_description ' >\n\n        \n    <h5 itemprop=\"name\" class=\"portfolio_title entry_title\"><a itemprop=\"url\" href=\"https:\/\/superchute.com\/fr\/portfolio_page\/covertite\/\" style=\"color: #4d4d4d\" target=\"_self\"> Covertite Eastern Ltd.<\/a><\/h5>\n\n\n            <div style=\"background-color: #4d4d4d\" class=\"portfolio_separator separator  small center\"><\/div>\n\n            <span class=\"project_category\"  >\n    B\u00e2ches pour levage, Filets et b\u00e2ches, Produits sur mesure, Vinyl Tarps    <\/span>\n\n    <\/div>\n        \n<\/article>\n<article class='mix portfolio_category_393 default' style=''>\n    \n    \n    \n                <div class='image_holder'>\n                <a itemprop='url' class='portfolio_link_for_touch' href='https:\/\/superchute.com\/fr\/portfolio_page\/duron\/' target='_self'>\n                    \n<span class='image'><img loading=\"lazy\" decoding=\"async\" width=\"570\" height=\"570\" src=\"https:\/\/superchute.com\/wp-content\/uploads\/2025\/10\/DURON_118263_04-570x570.jpg\" class=\"attachment-portfolio-square size-portfolio-square wp-post-image\" alt=\"\" srcset=\"https:\/\/superchute.com\/wp-content\/uploads\/2025\/10\/DURON_118263_04-570x570.jpg 570w, https:\/\/superchute.com\/wp-content\/uploads\/2025\/10\/DURON_118263_04-600x600.jpg 600w, https:\/\/superchute.com\/wp-content\/uploads\/2025\/10\/DURON_118263_04-500x500.jpg 500w\" sizes=\"auto, (max-width: 570px) 100vw, 570px\" \/><\/span>                <\/a>\n\n                <span class='text_holder'>\n    <span class='text_outer'>\n        <span class='text_inner'>\n            <span class='feature_holder'>\n                            <span class=\"feature_holder_icons\">';\n                    \n                            <a itemprop='url' class='preview qbutton small white' href='https:\/\/superchute.com\/fr\/portfolio_page\/duron\/' target='_self'>view<\/i><\/a>\n    \n                                            <\/span>\n        <\/span>\n    <\/span>\n<\/span>            <\/div>\n                <div class='portfolio_description ' >\n\n        \n    <h5 itemprop=\"name\" class=\"portfolio_title entry_title\"><a itemprop=\"url\" href=\"https:\/\/superchute.com\/fr\/portfolio_page\/duron\/\" style=\"color: #4d4d4d\" target=\"_self\"> Duron<\/a><\/h5>\n\n\n            <div style=\"background-color: #4d4d4d\" class=\"portfolio_separator separator  small center\"><\/div>\n\n            <span class=\"project_category\"  >\n    B\u00e2ches pour levage    <\/span>\n\n    <\/div>\n        \n<\/article>\n<article class='mix portfolio_category_393 portfolio_category_432 portfolio_category_430 default' style=''>\n    \n    \n    \n                <div class='image_holder'>\n                <a itemprop='url' class='portfolio_link_for_touch' href='https:\/\/superchute.com\/fr\/portfolio_page\/rona-fort-st-john\/' target='_self'>\n                    \n<span class='image'><img loading=\"lazy\" decoding=\"async\" width=\"570\" height=\"424\" src=\"https:\/\/superchute.com\/wp-content\/uploads\/2018\/04\/IMG_7119-min-570x424.jpg\" class=\"attachment-portfolio-square size-portfolio-square wp-post-image\" alt=\"\" \/><\/span>                <\/a>\n\n                <span class='text_holder'>\n    <span class='text_outer'>\n        <span class='text_inner'>\n            <span class='feature_holder'>\n                            <span class=\"feature_holder_icons\">';\n                    \n                            <a itemprop='url' class='preview qbutton small white' href='https:\/\/superchute.com\/fr\/portfolio_page\/rona-fort-st-john\/' target='_self'>view<\/i><\/a>\n    \n                                            <\/span>\n        <\/span>\n    <\/span>\n<\/span>            <\/div>\n                <div class='portfolio_description ' >\n\n        \n    <h5 itemprop=\"name\" class=\"portfolio_title entry_title\"><a itemprop=\"url\" href=\"https:\/\/superchute.com\/fr\/portfolio_page\/rona-fort-st-john\/\" style=\"color: #4d4d4d\" target=\"_self\"> Rona<\/a><\/h5>\n\n\n            <div style=\"background-color: #4d4d4d\" class=\"portfolio_separator separator  small center\"><\/div>\n\n            <span class=\"project_category\"  >\n    B\u00e2ches pour levage, Filets et b\u00e2ches, Produits sur mesure    <\/span>\n\n    <\/div>\n        \n<\/article>\n<article class='mix portfolio_category_393 portfolio_category_432 portfolio_category_430 default' style=''>\n    \n    \n    \n                <div class='image_holder'>\n                <a itemprop='url' class='portfolio_link_for_touch' href='https:\/\/superchute.com\/fr\/portfolio_page\/roofmart\/' target='_self'>\n                    \n<span class='image'><img loading=\"lazy\" decoding=\"async\" width=\"570\" height=\"570\" src=\"https:\/\/superchute.com\/wp-content\/uploads\/2017\/01\/IMG_0201-min-570x570.jpg\" class=\"attachment-portfolio-square size-portfolio-square wp-post-image\" alt=\"\" srcset=\"https:\/\/superchute.com\/wp-content\/uploads\/2017\/01\/IMG_0201-min-570x570.jpg 570w, https:\/\/superchute.com\/wp-content\/uploads\/2017\/01\/IMG_0201-min-500x500.jpg 500w\" sizes=\"auto, (max-width: 570px) 100vw, 570px\" \/><\/span>                <\/a>\n\n                <span class='text_holder'>\n    <span class='text_outer'>\n        <span class='text_inner'>\n            <span class='feature_holder'>\n                            <span class=\"feature_holder_icons\">';\n                    \n                            <a itemprop='url' class='preview qbutton small white' href='https:\/\/superchute.com\/fr\/portfolio_page\/roofmart\/' target='_self'>view<\/i><\/a>\n    \n                                            <\/span>\n        <\/span>\n    <\/span>\n<\/span>            <\/div>\n                <div class='portfolio_description ' >\n\n        \n    <h5 itemprop=\"name\" class=\"portfolio_title entry_title\"><a itemprop=\"url\" href=\"https:\/\/superchute.com\/fr\/portfolio_page\/roofmart\/\" style=\"color: #4d4d4d\" target=\"_self\"> Roofmart<\/a><\/h5>\n\n\n            <div style=\"background-color: #4d4d4d\" class=\"portfolio_separator separator  small center\"><\/div>\n\n            <span class=\"project_category\"  >\n    B\u00e2ches pour levage, Filets et b\u00e2ches, Produits sur mesure    <\/span>\n\n    <\/div>\n        \n<\/article>\n        <div class='filler'><\/div>\n            <div class='filler'><\/div>\n            <div class='filler'><\/div>\n            <div class='filler'><\/div>\n        <\/div>\n\n    \n    <\/div>[\/vc_column][\/vc_row]<\/div>","protected":false},"excerpt":{"rendered":"<p>[vc_row css_animation=\u00a0\u00bb\u00a0\u00bb row_type=\u00a0\u00bbrow\u00a0\u00bb use_row_as_full_screen_section=\u00a0\u00bbno\u00a0\u00bb type=\u00a0\u00bbfull_width\u00a0\u00bb angled_section=\u00a0\u00bbno\u00a0\u00bb text_align=\u00a0\u00bbleft\u00a0\u00bb background_image_as_pattern=\u00a0\u00bbwithout_pattern\u00a0\u00bb css=\u00a0\u00bb.vc_custom_1435843296453{margin-top: 0px !important;padding-top: 10px !important;padding-bottom: 30px !important;}\u00a0\u00bb][vc_column width=\u00a0\u00bb1\/2&Prime;][vc_column_text] B\u00e2ches pour du levage B\u00e2ches octogonales pour du levage pour des d\u00e9bris et des mat\u00e9riaux du toit.[\/vc_column_text][\/vc_column][vc_column width=\u00a0\u00bb1\/2&Prime;][vc_column_text]\u00a0[\/vc_column_text][vc_row_inner row_type=\u00a0\u00bbrow\u00a0\u00bb type=\u00a0\u00bbfull_width\u00a0\u00bb text_align=\u00a0\u00bbleft\u00a0\u00bb css_animation=\u00a0\u00bb\u00a0\u00bb][vc_column_inner width=\u00a0\u00bb1\/2&Prime;][vc_single_image image=\u00a0\u00bb30850&Prime; img_size=\u00a0\u00bb200&#215;312&Prime; onclick=\u00a0\u00bblink_image\u00a0\u00bb qode_css_animation=\u00a0\u00bb\u00a0\u00bb][\/vc_column_inner][vc_column_inner width=\u00a0\u00bb1\/2&Prime;][vc_single_image image=\u00a0\u00bb33886&Prime;&#8230;<\/p>\n","protected":false},"author":7,"featured_media":0,"parent":23066,"menu_order":0,"comment_status":"open","ping_status":"closed","template":"","meta":{"_seopress_robots_primary_cat":"","_seopress_titles_title":"","_seopress_titles_desc":"","_seopress_robots_index":"","inline_featured_image":false,"footnotes":""},"class_list":["post-25861","page","type-page","status-publish","hentry"],"_links":{"self":[{"href":"https:\/\/superchute.com\/fr\/wp-json\/wp\/v2\/pages\/25861","targetHints":{"allow":["GET"]}}],"collection":[{"href":"https:\/\/superchute.com\/fr\/wp-json\/wp\/v2\/pages"}],"about":[{"href":"https:\/\/superchute.com\/fr\/wp-json\/wp\/v2\/types\/page"}],"author":[{"embeddable":true,"href":"https:\/\/superchute.com\/fr\/wp-json\/wp\/v2\/users\/7"}],"replies":[{"embeddable":true,"href":"https:\/\/superchute.com\/fr\/wp-json\/wp\/v2\/comments?post=25861"}],"version-history":[{"count":0,"href":"https:\/\/superchute.com\/fr\/wp-json\/wp\/v2\/pages\/25861\/revisions"}],"up":[{"embeddable":true,"href":"https:\/\/superchute.com\/fr\/wp-json\/wp\/v2\/pages\/23066"}],"wp:attachment":[{"href":"https:\/\/superchute.com\/fr\/wp-json\/wp\/v2\/media?parent=25861"}],"curies":[{"name":"wp","href":"https:\/\/api.w.org\/{rel}","templated":true}]}}