{"id":24106,"date":"2016-09-02T09:14:06","date_gmt":"2016-09-02T13:14:06","guid":{"rendered":"https:\/\/superchute.com\/fr\/protection-anti-chute\/solutions-anti-chute-sur-mesure\/pit-bridge\/"},"modified":"2020-07-23T17:02:26","modified_gmt":"2020-07-23T21:02:26","slug":"couvre-fosses","status":"publish","type":"page","link":"https:\/\/superchute.com\/fr\/garde-corps\/solutions-anti-chute-sur-mesure\/couvre-fosses\/","title":{"rendered":"Couvre fosses"},"content":{"rendered":"<div class=\"wpb-content-wrapper\">[vc_row css_animation=\u00a0\u00bb\u00a0\u00bb row_type=\u00a0\u00bbrow\u00a0\u00bb use_row_as_full_screen_section=\u00a0\u00bbno\u00a0\u00bb type=\u00a0\u00bbfull_width\u00a0\u00bb angled_section=\u00a0\u00bbno\u00a0\u00bb text_align=\u00a0\u00bbleft\u00a0\u00bb background_image_as_pattern=\u00a0\u00bbwithout_pattern\u00a0\u00bb css=\u00a0\u00bb.vc_custom_1435843296453{margin-top: 0px !important;padding-top: 10px !important;padding-bottom: 30px !important;}\u00a0\u00bb][vc_column width=\u00a0\u00bb1\/2&Prime;][vc_column_text]\r\n<h3><span style=\"color: #db4405;\">Couvre fosses &#8211; solutions sur mesure<\/span><\/h3>\r\n[\/vc_column_text][vc_column_text]<strong>Plateformes portables mobiles fabriqu\u00e9es sur mesure.<\/strong>[\/vc_column_text]<div class=\"ult-spacer spacer-69f38b6a1e341\" data-id=\"69f38b6a1e341\" data-height=\"25\" data-height-mobile=\"25\" data-height-tab=\"25\" data-height-tab-portrait=\"\" data-height-mobile-landscape=\"\" style=\"clear:both;display:block;\"><\/div><a  itemprop=\"url\" href=\"https:\/\/superchute.com\/fr\/protection-anti-chute\/devis\/\" target=\"_self\" data-hover-background-color=\"#4d4d4d\" data-hover-border-color=\"#4d4d4d\" data-hover-color=\"#ffffff\" class=\"qbutton  small default\" style=\"color: #ffffff; border-color: #4d4d4d; background-color:#4d4d4d;\">DEMANDER UN DEVIS<\/a>[\/vc_column][vc_column width=\u00a0\u00bb1\/2&Prime;][vc_column_text]\r\n\r\n<div id=\"jig1\" class=\"justified-image-grid jig-1ae1cf1902a92b1fb30640d0ed9234e8 jig-preset-global jig-source-wp-gallery\"><div class=\"jig-clearfix\"><\/div><noscript id=\"jig1-html\" class=\"justified-image-grid-html\" data-lazy-src=\"skiplazyload\" data-src=\"skipunveillazyload\"><ul><li><a href=\"https:\/\/superchute.com\/wp-content\/uploads\/2016\/08\/portable-staircase.jpg\"><img loading=\"lazy\" decoding=\"async\" src=\"https:\/\/superchute.com\/wp-content\/plugins\/justified-image-grid\/timthumb.php?src=https%3A%2F%2Fsuperchute.com%2Fwp-content%2Fuploads%2F2016%2F08%2Fportable-staircase.jpg&amp;h=198&amp;w=198&amp;q=90&amp;f=.jpg\" alt=\"Pit Bridge\" width=\"198\" height=\"198\" \/><\/a><p class=\"jig-HTMLdescription\">Pit Bridge<\/p><\/li><\/ul><\/noscript><\/div>\r\n\r\n[\/vc_column_text][vc_column_text]<span style=\"color: #ff0000;\"><i class=\"fa fa-search-plus\"><\/i>\u00a0<\/span>[\/vc_column_text][\/vc_column][\/vc_row][vc_row css_animation=\u00a0\u00bb\u00a0\u00bb row_type=\u00a0\u00bbrow\u00a0\u00bb use_row_as_full_screen_section=\u00a0\u00bbno\u00a0\u00bb type=\u00a0\u00bbfull_width\u00a0\u00bb angled_section=\u00a0\u00bbno\u00a0\u00bb text_align=\u00a0\u00bbleft\u00a0\u00bb background_image_as_pattern=\u00a0\u00bbwithout_pattern\u00a0\u00bb css=\u00a0\u00bb.vc_custom_1435843296453{margin-top: 0px !important;padding-top: 10px !important;padding-bottom: 30px !important;}\u00a0\u00bb][vc_column]<div class=\"ult-spacer spacer-69f38b6a1f5a8\" data-id=\"69f38b6a1f5a8\" data-height=\"55\" data-height-mobile=\"55\" data-height-tab=\"55\" data-height-tab-portrait=\"\" data-height-mobile-landscape=\"\" style=\"clear:both;display:block;\"><\/div>[vc_text_separator title=\u00a0\u00bbInformation\u00a0\u00bb border=\u00a0\u00bbno\u00a0\u00bb background_color=\u00a0\u00bb#db4405&Prime;]<div class=\"ult-spacer spacer-69f38b6a1f5cc\" data-id=\"69f38b6a1f5cc\" data-height=\"20\" data-height-mobile=\"20\" data-height-tab=\"20\" data-height-tab-portrait=\"\" data-height-mobile-landscape=\"\" style=\"clear:both;display:block;\"><\/div>[\/vc_column][\/vc_row][vc_row css_animation=\u00a0\u00bb\u00a0\u00bb row_type=\u00a0\u00bbrow\u00a0\u00bb use_row_as_full_screen_section=\u00a0\u00bbno\u00a0\u00bb type=\u00a0\u00bbfull_width\u00a0\u00bb angled_section=\u00a0\u00bbno\u00a0\u00bb text_align=\u00a0\u00bbleft\u00a0\u00bb background_image_as_pattern=\u00a0\u00bbwithout_pattern\u00a0\u00bb][vc_column][vc_tabs style=\u00a0\u00bbvertical_left\u00a0\u00bb][vc_tab title=\u00a0\u00bbCaract\u00e9ristiques\u00a0\u00bb tab_id=\u00a0\u00bb226cc590-e243-9&Prime;][vc_column_text]\r\n<ul>\r\n \t<li>Solutions fabriqu\u00e9es sur mesure pour r\u00e9pondre \u00e0 vos besoins\u00a0<span style=\"color: #db4405;\">\u2713<\/span><\/li>\r\n<\/ul>\r\n&nbsp;\r\n\r\n<div id=\"jig2\" class=\"justified-image-grid jig-2a8a12ae596f6bac1d67dbda04e1b6ef jig-preset-global jig-source-wp-gallery\"><div class=\"jig-clearfix\"><\/div><noscript id=\"jig2-html\" class=\"justified-image-grid-html\" data-lazy-src=\"skiplazyload\" data-src=\"skipunveillazyload\"><ul><li><a href=\"https:\/\/superchute.com\/wp-content\/uploads\/2015\/04\/pit-bridge-04.jpg\"><img loading=\"lazy\" decoding=\"async\" src=\"https:\/\/superchute.com\/wp-content\/plugins\/justified-image-grid\/timthumb.php?src=https%3A%2F%2Fsuperchute.com%2Fwp-content%2Fuploads%2F2015%2F04%2Fpit-bridge-04.jpg&amp;h=198&amp;w=198&amp;q=90&amp;f=.jpg\" alt=\"Pit bridge\" width=\"198\" height=\"198\" \/><\/a><p class=\"jig-HTMLdescription\">Pit bridge<\/p><\/li><li><a href=\"https:\/\/superchute.com\/wp-content\/uploads\/2015\/04\/pit-bridge-03.jpg\"><img loading=\"lazy\" decoding=\"async\" src=\"https:\/\/superchute.com\/wp-content\/plugins\/justified-image-grid\/timthumb.php?src=https%3A%2F%2Fsuperchute.com%2Fwp-content%2Fuploads%2F2015%2F04%2Fpit-bridge-03.jpg&amp;h=198&amp;w=198&amp;q=90&amp;f=.jpg\" alt=\"Pit bridge\" width=\"198\" height=\"198\" \/><\/a><p class=\"jig-HTMLdescription\">Pit bridge<\/p><\/li><li><a href=\"https:\/\/superchute.com\/wp-content\/uploads\/2015\/04\/pit-bridge-02.jpg\"><img loading=\"lazy\" decoding=\"async\" src=\"https:\/\/superchute.com\/wp-content\/plugins\/justified-image-grid\/timthumb.php?src=https%3A%2F%2Fsuperchute.com%2Fwp-content%2Fuploads%2F2015%2F04%2Fpit-bridge-02.jpg&amp;h=198&amp;w=198&amp;q=90&amp;f=.jpg\" alt=\"Pit bridge\" width=\"198\" height=\"198\" \/><\/a><p class=\"jig-HTMLdescription\">Pit bridge<\/p><\/li><li><a href=\"https:\/\/superchute.com\/wp-content\/uploads\/2015\/04\/pit-bridge-01.jpg\"><img loading=\"lazy\" decoding=\"async\" src=\"https:\/\/superchute.com\/wp-content\/plugins\/justified-image-grid\/timthumb.php?src=https%3A%2F%2Fsuperchute.com%2Fwp-content%2Fuploads%2F2015%2F04%2Fpit-bridge-01.jpg&amp;h=198&amp;w=198&amp;q=90&amp;f=.jpg\" alt=\"Pit bridge\" width=\"198\" height=\"198\" \/><\/a><p class=\"jig-HTMLdescription\">Pit bridge<\/p><\/li><\/ul><\/noscript><\/div>\r\n\r\n[\/vc_column_text][\/vc_tab][vc_tab title=\u00a0\u00bbCroquis\u00a0\u00bb tab_id=\u00a0\u00bb1465913327346-2-7&Prime;][vc_column_text]Superchute\u00ae offre rapidement &amp; gratuitement des croquis en moins de 24 heures.\r\n\r\nUn <strong>croquis<\/strong> :\r\n<ul>\r\n \t<li>Vous montre une repr\u00e9sentation claire du produit fait sur mesure et d\u00e9ploy\u00e9 sur le chantier<\/li>\r\n \t<li>Vous recommande les pi\u00e8ces appropri\u00e9es<\/li>\r\n \t<li>Il faut nous contacter pour obtenir votre croquis personnalis\u00e9<\/li>\r\n<\/ul>\r\n[\/vc_column_text][\/vc_tab][\/vc_tabs][\/vc_column][\/vc_row][vc_row css_animation=\u00a0\u00bb\u00a0\u00bb row_type=\u00a0\u00bbrow\u00a0\u00bb use_row_as_full_screen_section=\u00a0\u00bbno\u00a0\u00bb type=\u00a0\u00bbfull_width\u00a0\u00bb angled_section=\u00a0\u00bbno\u00a0\u00bb text_align=\u00a0\u00bbleft\u00a0\u00bb background_image_as_pattern=\u00a0\u00bbwithout_pattern\u00a0\u00bb css=\u00a0\u00bb.vc_custom_1431528190800{margin-top: 0px !important;padding-top: 10px !important;padding-bottom: 30px !important;}\u00a0\u00bb][vc_column]<div class=\"ult-spacer spacer-69f38b6a2006e\" data-id=\"69f38b6a2006e\" data-height=\"55\" data-height-mobile=\"55\" data-height-tab=\"55\" data-height-tab-portrait=\"\" data-height-mobile-landscape=\"\" style=\"clear:both;display:block;\"><\/div>[vc_text_separator title=\u00a0\u00bbProjets\u00a0\u00bb border=\u00a0\u00bbno\u00a0\u00bb background_color=\u00a0\u00bb#db4405&Prime; title_color=\u00a0\u00bb#ffffff\u00a0\u00bb]<div class=\"ult-spacer spacer-69f38b6a20090\" data-id=\"69f38b6a20090\" data-height=\"15\" data-height-mobile=\"15\" data-height-tab=\"15\" data-height-tab-portrait=\"\" data-height-mobile-landscape=\"\" style=\"clear:both;display:block;\"><\/div>[vc_column_text]\r\n<p style=\"text-align: center;\">Cliquer sur les images pour visionner les projets.<\/p>\r\n[\/vc_column_text]<div class=\"ult-spacer spacer-69f38b6a200ab\" data-id=\"69f38b6a200ab\" data-height=\"25\" data-height-mobile=\"25\" data-height-tab=\"25\" data-height-tab-portrait=\"\" data-height-mobile-landscape=\"\" style=\"clear:both;display:block;\"><\/div><div class='projects_holder_outer v4 portfolio_with_space portfolio_standard'>\n        <div class='projects_holder portfolio_main_holder clearfix v4 standard portfolio_square_image '>\n        \n        <article class='mix portfolio_category_368 portfolio_category_370 portfolio_category_429 portfolio_category_366 default' style=''>\n    \n    \n    \n                <div class='image_holder'>\n                <a itemprop='url' class='portfolio_link_for_touch' href='https:\/\/superchute.com\/fr\/portfolio_page\/speedco-pit-bridge\/' target='_self'>\n                    \n<span class='image'><img loading=\"lazy\" decoding=\"async\" width=\"570\" height=\"570\" src=\"https:\/\/superchute.com\/wp-content\/uploads\/2016\/12\/speedco-min-570x570.jpg\" class=\"attachment-portfolio-square size-portfolio-square wp-post-image\" alt=\"\" srcset=\"https:\/\/superchute.com\/wp-content\/uploads\/2016\/12\/speedco-min-570x570.jpg 570w, https:\/\/superchute.com\/wp-content\/uploads\/2016\/12\/speedco-min-500x500.jpg 500w\" sizes=\"auto, (max-width: 570px) 100vw, 570px\" \/><\/span>                <\/a>\n\n                <span class='text_holder'>\n    <span class='text_outer'>\n        <span class='text_inner'>\n            <span class='feature_holder'>\n                            <span class=\"feature_holder_icons\">';\n                    \n                            <a itemprop='url' class='preview qbutton small white' href='https:\/\/superchute.com\/fr\/portfolio_page\/speedco-pit-bridge\/' target='_self'>view<\/i><\/a>\n    \n                                            <\/span>\n        <\/span>\n    <\/span>\n<\/span>            <\/div>\n                <div class='portfolio_description ' >\n\n        \n    <h5 itemprop=\"name\" class=\"portfolio_title entry_title\"><a itemprop=\"url\" href=\"https:\/\/superchute.com\/fr\/portfolio_page\/speedco-pit-bridge\/\" style=\"color: #4d4d4d\" target=\"_self\"> Speedco Inc<\/a><\/h5>\n\n\n            <div style=\"background-color: #4d4d4d\" class=\"portfolio_separator separator  small center\"><\/div>\n\n            <span class=\"project_category\"  >\n    Couvre Fosses, Garde-Corps, Protection Anti-chute, Solutions sur mesure    <\/span>\n\n    <\/div>\n        \n<\/article>\n        <div class='filler'><\/div>\n            <div class='filler'><\/div>\n            <div class='filler'><\/div>\n            <div class='filler'><\/div>\n        <\/div>\n\n    \n    <\/div>[\/vc_column][\/vc_row]<\/div>","protected":false},"excerpt":{"rendered":"<p>[vc_row css_animation=\u00a0\u00bb\u00a0\u00bb row_type=\u00a0\u00bbrow\u00a0\u00bb use_row_as_full_screen_section=\u00a0\u00bbno\u00a0\u00bb type=\u00a0\u00bbfull_width\u00a0\u00bb angled_section=\u00a0\u00bbno\u00a0\u00bb text_align=\u00a0\u00bbleft\u00a0\u00bb background_image_as_pattern=\u00a0\u00bbwithout_pattern\u00a0\u00bb css=\u00a0\u00bb.vc_custom_1435843296453{margin-top: 0px !important;padding-top: 10px !important;padding-bottom: 30px !important;}\u00a0\u00bb][vc_column width=\u00a0\u00bb1\/2&Prime;][vc_column_text] Couvre fosses &#8211; solutions sur mesure [\/vc_column_text][vc_column_text]Plateformes portables mobiles fabriqu\u00e9es sur mesure.[\/vc_column_text][\/vc_column][vc_column width=\u00a0\u00bb1\/2&Prime;][vc_column_text] [\/vc_column_text][vc_column_text]\u00a0[\/vc_column_text][\/vc_column][\/vc_row][vc_row css_animation=\u00a0\u00bb\u00a0\u00bb row_type=\u00a0\u00bbrow\u00a0\u00bb use_row_as_full_screen_section=\u00a0\u00bbno\u00a0\u00bb type=\u00a0\u00bbfull_width\u00a0\u00bb angled_section=\u00a0\u00bbno\u00a0\u00bb text_align=\u00a0\u00bbleft\u00a0\u00bb background_image_as_pattern=\u00a0\u00bbwithout_pattern\u00a0\u00bb css=\u00a0\u00bb.vc_custom_1435843296453{margin-top: 0px !important;padding-top: 10px !important;padding-bottom: 30px !important;}\u00a0\u00bb][vc_column][vc_text_separator title=\u00a0\u00bbInformation\u00a0\u00bb&#8230;<\/p>\n","protected":false},"author":7,"featured_media":0,"parent":23734,"menu_order":2,"comment_status":"open","ping_status":"closed","template":"","meta":{"_seopress_robots_primary_cat":"","_seopress_titles_title":"","_seopress_titles_desc":"","_seopress_robots_index":"","inline_featured_image":false,"footnotes":""},"class_list":["post-24106","page","type-page","status-publish","hentry"],"_links":{"self":[{"href":"https:\/\/superchute.com\/fr\/wp-json\/wp\/v2\/pages\/24106","targetHints":{"allow":["GET"]}}],"collection":[{"href":"https:\/\/superchute.com\/fr\/wp-json\/wp\/v2\/pages"}],"about":[{"href":"https:\/\/superchute.com\/fr\/wp-json\/wp\/v2\/types\/page"}],"author":[{"embeddable":true,"href":"https:\/\/superchute.com\/fr\/wp-json\/wp\/v2\/users\/7"}],"replies":[{"embeddable":true,"href":"https:\/\/superchute.com\/fr\/wp-json\/wp\/v2\/comments?post=24106"}],"version-history":[{"count":0,"href":"https:\/\/superchute.com\/fr\/wp-json\/wp\/v2\/pages\/24106\/revisions"}],"up":[{"embeddable":true,"href":"https:\/\/superchute.com\/fr\/wp-json\/wp\/v2\/pages\/23734"}],"wp:attachment":[{"href":"https:\/\/superchute.com\/fr\/wp-json\/wp\/v2\/media?parent=24106"}],"curies":[{"name":"wp","href":"https:\/\/api.w.org\/{rel}","templated":true}]}}