{"id":23777,"date":"2016-08-15T15:00:31","date_gmt":"2016-08-15T19:00:31","guid":{"rendered":"https:\/\/superchute.com\/fr\/protection-anti-chute\/straprail\/stainless-system\/"},"modified":"2020-07-22T12:04:09","modified_gmt":"2020-07-22T16:04:09","slug":"systeme-inoxydable","status":"publish","type":"page","link":"https:\/\/superchute.com\/fr\/garde-corps\/straprail\/systeme-inoxydable\/","title":{"rendered":"Syst\u00e8me inoxydable"},"content":{"rendered":"<div class=\"wpb-content-wrapper\">[vc_row css_animation=\u00a0\u00bb\u00a0\u00bb row_type=\u00a0\u00bbrow\u00a0\u00bb use_row_as_full_screen_section=\u00a0\u00bbno\u00a0\u00bb type=\u00a0\u00bbfull_width\u00a0\u00bb angled_section=\u00a0\u00bbno\u00a0\u00bb text_align=\u00a0\u00bbleft\u00a0\u00bb background_image_as_pattern=\u00a0\u00bbwithout_pattern\u00a0\u00bb css=\u00a0\u00bb.vc_custom_1435843296453{margin-top: 0px !important;padding-top: 10px !important;padding-bottom: 30px !important;}\u00a0\u00bb][vc_column width=\u00a0\u00bb1\/2&Prime;][vc_single_image image=\u00a0\u00bb29438&Prime; img_size=\u00a0\u00bbmedium\u00a0\u00bb qode_css_animation=\u00a0\u00bb\u00a0\u00bb][vc_column_text]\r\n<h3><span style=\"color: #db4405;\">Syst\u00e8me inoxydable \u2013 StrapRail\u00ae (produit brevet\u00e9)<\/span><\/h3>\r\n[\/vc_column_text][vc_column_text]<strong>Garde-corps en acier inoxydable pour un environnement corrosif.<\/strong>[\/vc_column_text]<div class=\"ult-spacer spacer-69f559c07e310\" data-id=\"69f559c07e310\" data-height=\"25\" data-height-mobile=\"25\" data-height-tab=\"25\" data-height-tab-portrait=\"\" data-height-mobile-landscape=\"\" style=\"clear:both;display:block;\"><\/div><a  itemprop=\"url\" href=\"https:\/\/superchute.com\/fr\/protection-anti-chute\/devis\/\" target=\"_self\" data-hover-background-color=\"#4d4d4d\" data-hover-border-color=\"#4d4d4d\" data-hover-color=\"#ffffff\" class=\"qbutton  small default\" style=\"color: #ffffff; border-color: #4d4d4d; background-color:#4d4d4d;\">DEMANDER UN DEVIS<\/a>[\/vc_column][vc_column width=\u00a0\u00bb1\/2&Prime;]<div class='ult_hotspot_container ult-adjust-bottom-margin ult-hotspot-tooltip-wrapper ' style=width:158px;>  <img class='ult_hotspot_image' src=https:\/\/superchute.com\/wp-content\/uploads\/2015\/04\/Wall-Post-with-Pins-no-wall.jpg alt=''\/>     <div class='utl-hotspot-items ult-hotspot-item'><div class='ult-hotspot-item  ' style='top:-webkit-calc(0.4552607913669065% - 16px);top:-moz-calc(0.4552607913669065% - 16px);top:calc(0.4552607913669065% - 16px);left: -webkit-calc(19.62025316455696% - 16px);left: -moz-calc(19.62025316455696% - 16px);left: calc(19.62025316455696% - 16px);' >  <div style='z-index: 39;position: relative;'>   <a data-link_style='tootip' data-mycust-id=\"hotspot-tooltip-3212\"  data-ultimate-target='#hotspot-tooltip-3212 .ult-tooltipster-content'  data-responsive-json-new='{\"font-size\":\"\",\"line-height\":\"\"}' data-tooltip-content-style=\"width:300px;\"data-tooltip-base-style=\"background-color:#fff;color:#4c4c4c;\" data-bubble-arrow=\"true\" data-tooltip-offsety=\"16\" class='ult-tooltipstered ult-hotspot-tooltip' href='#' data-status='show'><div class=\"ult-just-icon-wrapper  \"><div class=\"align-icon\" style=\"text-align:center;\">\n<div class=\"aio-icon  \"  style=\"color:#dd3333;font-size:32px;display:inline-block;\">\n\t<i class=\"Defaults-search-plus\"><\/i>\n<\/div><\/div><\/div><span class='hotspot-tooltip-content'>&lt;img class=&#039;alignleft size-full wp-image-22474&#039; src=&#039;https:\/\/superchute.com\/wp-content\/uploads\/2015\/04\/Wall-Post-with-Pins-no-wall.jpg&#039; alt=&#039;Stainless System&#039; width=&#039;284&#039; height=&#039;500&#039; \/&gt;<\/span>  <\/a> <\/div><!-- ICON WRAP --><\/div>\n<\/div>     <div style='color:#000;' data-image='    '><\/div><\/div>[\/vc_column][\/vc_row][vc_row css_animation=\u00a0\u00bb\u00a0\u00bb row_type=\u00a0\u00bbrow\u00a0\u00bb use_row_as_full_screen_section=\u00a0\u00bbno\u00a0\u00bb type=\u00a0\u00bbfull_width\u00a0\u00bb angled_section=\u00a0\u00bbno\u00a0\u00bb text_align=\u00a0\u00bbleft\u00a0\u00bb background_image_as_pattern=\u00a0\u00bbwithout_pattern\u00a0\u00bb css=\u00a0\u00bb.vc_custom_1435843296453{margin-top: 0px !important;padding-top: 10px !important;padding-bottom: 30px !important;}\u00a0\u00bb][vc_column]<div class=\"ult-spacer spacer-69f559c07f02d\" data-id=\"69f559c07f02d\" data-height=\"55\" data-height-mobile=\"55\" data-height-tab=\"55\" data-height-tab-portrait=\"\" data-height-mobile-landscape=\"\" style=\"clear:both;display:block;\"><\/div>[vc_text_separator title=\u00a0\u00bbInformation\u00a0\u00bb border=\u00a0\u00bbno\u00a0\u00bb background_color=\u00a0\u00bb#db4405&Prime;]<div class=\"ult-spacer spacer-69f559c07f070\" data-id=\"69f559c07f070\" data-height=\"20\" data-height-mobile=\"20\" data-height-tab=\"20\" data-height-tab-portrait=\"\" data-height-mobile-landscape=\"\" style=\"clear:both;display:block;\"><\/div>[\/vc_column][\/vc_row][vc_row css_animation=\u00a0\u00bb\u00a0\u00bb row_type=\u00a0\u00bbrow\u00a0\u00bb use_row_as_full_screen_section=\u00a0\u00bbno\u00a0\u00bb type=\u00a0\u00bbfull_width\u00a0\u00bb angled_section=\u00a0\u00bbno\u00a0\u00bb text_align=\u00a0\u00bbleft\u00a0\u00bb background_image_as_pattern=\u00a0\u00bbwithout_pattern\u00a0\u00bb][vc_column][vc_tabs style=\u00a0\u00bbvertical_left\u00a0\u00bb][vc_tab title=\u00a0\u00bbCaract\u00e9ristiques\u00a0\u00bb tab_id=\u00a0\u00bb226cc590-e243-9&Prime;][vc_column_text]\r\n<ul>\r\n \t<li>Solution faite sur mesure et fabriqu\u00e9e pour r\u00e9pondre \u00e0 vos besoins <span style=\"color: #db4405;\">\u2713<\/span><\/li>\r\n<\/ul>\r\n[\/vc_column_text]<div class=\"ult-spacer spacer-69f559c07f0ab\" data-id=\"69f559c07f0ab\" data-height=\"15\" data-height-mobile=\"15\" data-height-tab=\"15\" data-height-tab-portrait=\"\" data-height-mobile-landscape=\"\" style=\"clear:both;display:block;\"><\/div>[vc_column_text]<span style=\"color: #ff0000;\"><i class=\"fa fa-search-plus\"><\/i>\u00a0<\/span>[\/vc_column_text]<div class=\"ult-spacer spacer-69f559c07f0e1\" data-id=\"69f559c07f0e1\" data-height=\"15\" data-height-mobile=\"15\" data-height-tab=\"15\" data-height-tab-portrait=\"\" data-height-mobile-landscape=\"\" style=\"clear:both;display:block;\"><\/div>[vc_row_inner row_type=\u00a0\u00bbrow\u00a0\u00bb type=\u00a0\u00bbfull_width\u00a0\u00bb text_align=\u00a0\u00bbleft\u00a0\u00bb css_animation=\u00a0\u00bb\u00a0\u00bb][vc_column_inner width=\u00a0\u00bb1\/2&Prime;][vc_single_image image=\u00a0\u00bb33811&Prime; img_size=\u00a0\u00bb158&#215;400&Prime; onclick=\u00a0\u00bblink_image\u00a0\u00bb qode_css_animation=\u00a0\u00bb\u00a0\u00bb][\/vc_column_inner][vc_column_inner width=\u00a0\u00bb1\/2&Prime;][vc_single_image image=\u00a0\u00bb33815&Prime; img_size=\u00a0\u00bb158&#215;400&Prime; onclick=\u00a0\u00bblink_image\u00a0\u00bb qode_css_animation=\u00a0\u00bb\u00a0\u00bb][\/vc_column_inner][\/vc_row_inner][\/vc_tab][vc_tab title=\u00a0\u00bbCroquis personnalis\u00e9s\u00a0\u00bb tab_id=\u00a0\u00bb1465913327346-2-7&Prime;][vc_column_text]Superchute\u00ae offre rapidement &amp; gratuitement des croquis en moins de 24 heures.\r\n\r\nUn c<strong>roquis<\/strong> :\r\n<ul>\r\n \t<li>Vous montre une repr\u00e9sentation claire du garde-corps d\u00e9ploy\u00e9 sur le chantier<\/li>\r\n \t<li>Vous montre la quantit\u00e9 pr\u00e9cise de StrapRail\u00ae n\u00e9cessaire pour accomplir le travail<\/li>\r\n \t<li>Vous montre comment atteindre le meilleur positionnement<\/li>\r\n \t<li>Vous recommande les pi\u00e8ces appropri\u00e9es<\/li>\r\n \t<li>Il faut nous contacter pour votre croquis personnalis\u00e9<\/li>\r\n<\/ul>\r\n[\/vc_column_text][\/vc_tab][vc_tab title=\u00a0\u00bbDocuments\u00a0\u00bb tab_id=\u00a0\u00bb1466018770172-6-10&Prime;][vc_column_text]Un garde-corps autour de la cage gabion en escalier pour une barri\u00e8re de tsunami dans une centrale nucl\u00e9aire.\r\n\r\n<span style=\"color: #db4405;\"><a style=\"color: #db4405;\" href=\"https:\/\/superchute.com\/wp-content\/uploads\/2016\/08\/Overview-of-a-Stainless-StrapRail\u00ae-System.pdf\" target=\"_blank\" rel=\"noopener noreferrer\">Aper\u00e7u d&rsquo;un syst\u00e8me inoxydable StrapRail\u00ae<\/a><\/span>\u00a0<span class='q_social_icon_holder normal_social' data-color=#ff0000 data-hover-color=#4d4d4d><a itemprop='url' href='https:\/\/superchute.com\/wp-content\/uploads\/2016\/08\/Overview-of-a-Stainless-StrapRail\u00ae-System.pdf' target='_blank'><i class=\"qode_icon_font_awesome fa fa-file-pdf-o fa-lg simple_social\" style=\"color: #ff0000;\" ><\/i><\/a><\/span>[\/vc_column_text]<div class=\"ult-spacer spacer-69f559c07f31c\" data-id=\"69f559c07f31c\" data-height=\"20\" data-height-mobile=\"20\" data-height-tab=\"20\" data-height-tab-portrait=\"\" data-height-mobile-landscape=\"\" style=\"clear:both;display:block;\"><\/div>[vc_column_text]<span style=\"color: #db4405;\"><a style=\"color: #db4405;\" href=\"https:\/\/superchute.com\/pdf\/StrapRail-Daily-Inspection-Checklist-for-Installed-Systems.pdf\" target=\"_blank\" rel=\"noopener noreferrer\">Liste d&rsquo;inspection quotidienne pour les syst\u00e8mes StrapRail install\u00e9s<\/a> <\/span><span class='q_social_icon_holder normal_social' data-color=#ff0000 data-hover-color=#4d4d4d><a itemprop='url' href='https:\/\/superchute.com\/pdf\/StrapRail-Daily-Inspection-Checklist-for-Installed-Systems.pdf' target='_blank'><i class=\"qode_icon_font_awesome fa fa-file-pdf-o fa-lg simple_social\" style=\"color: #ff0000;\" ><\/i><\/a><\/span>[\/vc_column_text][\/vc_tab][\/vc_tabs][\/vc_column][\/vc_row][vc_row css_animation=\u00a0\u00bb\u00a0\u00bb row_type=\u00a0\u00bbrow\u00a0\u00bb use_row_as_full_screen_section=\u00a0\u00bbno\u00a0\u00bb type=\u00a0\u00bbfull_width\u00a0\u00bb angled_section=\u00a0\u00bbno\u00a0\u00bb text_align=\u00a0\u00bbleft\u00a0\u00bb background_image_as_pattern=\u00a0\u00bbwithout_pattern\u00a0\u00bb css=\u00a0\u00bb.vc_custom_1435843296453{margin-top: 0px !important;padding-top: 10px !important;padding-bottom: 30px !important;}\u00a0\u00bb][vc_column]<div class=\"ult-spacer spacer-69f559c07f412\" data-id=\"69f559c07f412\" data-height=\"55\" data-height-mobile=\"55\" data-height-tab=\"55\" data-height-tab-portrait=\"\" data-height-mobile-landscape=\"\" style=\"clear:both;display:block;\"><\/div>[vc_text_separator title=\u00a0\u00bbRail &amp; Sangles \u00e0 Cliquet\u00a0\u00bb border=\u00a0\u00bbno\u00a0\u00bb background_color=\u00a0\u00bb#db4405&Prime;]<div class=\"ult-spacer spacer-69f559c07f44a\" data-id=\"69f559c07f44a\" data-height=\"20\" data-height-mobile=\"20\" data-height-tab=\"20\" data-height-tab-portrait=\"\" data-height-mobile-landscape=\"\" style=\"clear:both;display:block;\"><\/div>[\/vc_column][\/vc_row][vc_row css_animation=\u00a0\u00bb\u00a0\u00bb row_type=\u00a0\u00bbrow\u00a0\u00bb use_row_as_full_screen_section=\u00a0\u00bbno\u00a0\u00bb type=\u00a0\u00bbfull_width\u00a0\u00bb angled_section=\u00a0\u00bbno\u00a0\u00bb text_align=\u00a0\u00bbleft\u00a0\u00bb background_image_as_pattern=\u00a0\u00bbwithout_pattern\u00a0\u00bb css=\u00a0\u00bb.vc_custom_1435843296453{margin-top: 0px !important;padding-top: 10px !important;padding-bottom: 30px !important;}\u00a0\u00bb][vc_column][vc_tabs style=\u00a0\u00bbvertical_left\u00a0\u00bb][vc_tab title=\u00a0\u00bbCliquets inoxydables\u00a0\u00bb tab_id=\u00a0\u00bb1556133982717-2-9&Prime;][vc_column_text]<span style=\"color: #ff0000;\"><i class=\"fa fa-search-plus\"><\/i>\u00a0<\/span>[\/vc_column_text][vc_single_image image=\u00a0\u00bb33826&Prime; img_size=\u00a0\u00bbmedium\u00a0\u00bb onclick=\u00a0\u00bblink_image\u00a0\u00bb qode_css_animation=\u00a0\u00bb\u00a0\u00bb][\/vc_tab][vc_tab title=\u00a0\u00bbSangles pour rail\u00a0\u00bb tab_id=\u00a0\u00bbaf14129e-8cdc-9&Prime;][vc_row_inner row_type=\u00a0\u00bbrow\u00a0\u00bb type=\u00a0\u00bbfull_width\u00a0\u00bb text_align=\u00a0\u00bbleft\u00a0\u00bb css_animation=\u00a0\u00bb\u00a0\u00bb][vc_column_inner width=\u00a0\u00bb1\/3&Prime;][vc_column_text]<img loading=\"lazy\" decoding=\"async\" class=\"alignleft size-medium wp-image-17487\" src=\"https:\/\/superchute.com\/wp-content\/uploads\/2015\/06\/Railstrap-300px-300x138.jpg\" alt=\"StrapRail\u00ae Railstrap\" width=\"300\" height=\"138\" srcset=\"https:\/\/superchute.com\/wp-content\/uploads\/2015\/06\/Railstrap-300px-300x138.jpg 300w, https:\/\/superchute.com\/wp-content\/uploads\/2015\/06\/Railstrap-300px.jpg 350w\" sizes=\"auto, (max-width: 300px) 100vw, 300px\" \/>[\/vc_column_text][\/vc_column_inner][vc_column_inner width=\u00a0\u00bb1\/3&Prime;][vc_column_text]<strong>Sangles pour Rail StrapRail\u00ae<\/strong>\r\n<ul>\r\n \t<li>Nos sangles sont tiss\u00e9es au Canada en utilisant du fil r\u00e9sistant aux rayons UV pour une dur\u00e9e de vie pr\u00e9vue de 10 ans<\/li>\r\n \t<li>Les sangles sont tiss\u00e9es utilisant des machines \u00e0 coudre \u00e9lectroniques<\/li>\r\n \t<li>Puce d&rsquo;identification par radiofr\u00e9quence\u00a0incorpor\u00e9e<\/li>\r\n \t<li>Velcro cousu pour attacher le\u00a0rouleau<\/li>\r\n<\/ul>\r\n[\/vc_column_text][\/vc_column_inner][vc_column_inner width=\u00a0\u00bb1\/3&Prime;][\/vc_column_inner][\/vc_row_inner][\/vc_tab][vc_tab title=\u00a0\u00bbSangles \u00e0 cliquet\u00a0\u00bb tab_id=\u00a0\u00bb1675e6c6-1c0f-4&Prime;][vc_row_inner row_type=\u00a0\u00bbrow\u00a0\u00bb type=\u00a0\u00bbfull_width\u00a0\u00bb text_align=\u00a0\u00bbleft\u00a0\u00bb css_animation=\u00a0\u00bb\u00a0\u00bb][vc_column_inner width=\u00a0\u00bb1\/3&Prime;][vc_column_text]<img loading=\"lazy\" decoding=\"async\" class=\"alignleft size-medium wp-image-17491\" src=\"https:\/\/superchute.com\/wp-content\/uploads\/2015\/06\/Ratchetstrap-large-300x112.jpg\" alt=\"4 ft. Ratchet Strap w\/ Quick Link\" width=\"300\" height=\"112\" srcset=\"https:\/\/superchute.com\/wp-content\/uploads\/2015\/06\/Ratchetstrap-large-300x112.jpg 300w, https:\/\/superchute.com\/wp-content\/uploads\/2015\/06\/Ratchetstrap-large.jpg 700w\" sizes=\"auto, (max-width: 300px) 100vw, 300px\" \/>[\/vc_column_text][\/vc_column_inner][vc_column_inner width=\u00a0\u00bb1\/3&Prime;][vc_column_text]<strong>StrapRail\u00ae Sangles \u00e0 Cliquet<\/strong>\r\n<ul>\r\n \t<li>Nos sangles sont tiss\u00e9es au Canada en utilisant du fil r\u00e9sistant aux rayons UV pour une dur\u00e9e de vie pr\u00e9vue de 10 ans<\/li>\r\n \t<li>Les sangles sont tiss\u00e9es utilisant des machines \u00e0 coudre \u00e9lectroniques<\/li>\r\n \t<li>Puce d&rsquo;identification par radiofr\u00e9quence\u00a0incorpor\u00e9e<\/li>\r\n \t<li>Velcro cousu pour attacher le\u00a0rouleau<\/li>\r\n<\/ul>\r\n[\/vc_column_text][\/vc_column_inner][vc_column_inner width=\u00a0\u00bb1\/3&Prime;][\/vc_column_inner][\/vc_row_inner][\/vc_tab][\/vc_tabs][\/vc_column][\/vc_row][vc_row css_animation=\u00a0\u00bb\u00a0\u00bb row_type=\u00a0\u00bbrow\u00a0\u00bb use_row_as_full_screen_section=\u00a0\u00bbno\u00a0\u00bb type=\u00a0\u00bbfull_width\u00a0\u00bb angled_section=\u00a0\u00bbno\u00a0\u00bb text_align=\u00a0\u00bbleft\u00a0\u00bb background_image_as_pattern=\u00a0\u00bbwithout_pattern\u00a0\u00bb css=\u00a0\u00bb.vc_custom_1435843296453{margin-top: 0px !important;padding-top: 10px !important;padding-bottom: 30px !important;}\u00a0\u00bb][vc_column]<div class=\"ult-spacer spacer-69f559c07f480\" data-id=\"69f559c07f480\" data-height=\"55\" data-height-mobile=\"55\" data-height-tab=\"55\" data-height-tab-portrait=\"\" data-height-mobile-landscape=\"\" style=\"clear:both;display:block;\"><\/div>[vc_text_separator title=\u00a0\u00bbAccessoires\u00a0\u00bb border=\u00a0\u00bbno\u00a0\u00bb background_color=\u00a0\u00bb#db4405&Prime;]<div class=\"ult-spacer spacer-69f559c07f4b0\" data-id=\"69f559c07f4b0\" data-height=\"20\" data-height-mobile=\"20\" data-height-tab=\"20\" data-height-tab-portrait=\"\" data-height-mobile-landscape=\"\" style=\"clear:both;display:block;\"><\/div>[\/vc_column][\/vc_row][vc_row css_animation=\u00a0\u00bb\u00a0\u00bb row_type=\u00a0\u00bbrow\u00a0\u00bb use_row_as_full_screen_section=\u00a0\u00bbno\u00a0\u00bb type=\u00a0\u00bbfull_width\u00a0\u00bb angled_section=\u00a0\u00bbno\u00a0\u00bb text_align=\u00a0\u00bbleft\u00a0\u00bb background_image_as_pattern=\u00a0\u00bbwithout_pattern\u00a0\u00bb css=\u00a0\u00bb.vc_custom_1435843296453{margin-top: 0px !important;padding-top: 10px !important;padding-bottom: 30px !important;}\u00a0\u00bb][vc_column][vc_tabs style=\u00a0\u00bbvertical_left\u00a0\u00bb][vc_tab title=\u00a0\u00bbPochette interm\u00e9diare\u00a0\u00bb tab_id=\u00a0\u00bb8cf02d84-f8af-2&Prime;][vc_column_text]<strong>Pochette pour Rail StrapRail\u00ae<\/strong>\r\n<ul>\r\n \t<li>Pochette en vinyl orange (grille) permet aux sangles mouill\u00e9es de s\u00e9cher<\/li>\r\n \t<li>Conserver les bouts des sangles oranges qui pendent dans la pochette pour pr\u00e9venir que les ouvriers tr\u00e9buchent sur les sangle en surplus<\/li>\r\n \t<li>Installer la pochette sur le rail interm\u00e9diaire de notre Syst\u00e8me Garde-Corps de 45&Prime;<\/li>\r\n \t<li>Installer la pochette sur le rail sup\u00e9rieur de notre <span style=\"text-decoration: underline;\"><span style=\"color: #0000ff;\"><a style=\"color: #0000ff; text-decoration: underline;\" href=\"https:\/\/superchute.com\/fr\/protection-anti-chute\/straprail\/systeme-barriere\/\">Syst\u00e8me de Barri\u00e8re Haute<\/a><\/span><\/span><img loading=\"lazy\" decoding=\"async\" class=\" wp-image-17500 size-medium aligncenter\" src=\"https:\/\/superchute.com\/wp-content\/uploads\/2015\/06\/3strapbag-300x249.jpg\" alt=\"\" width=\"300\" height=\"249\" srcset=\"https:\/\/superchute.com\/wp-content\/uploads\/2015\/06\/3strapbag-300x249.jpg 300w, https:\/\/superchute.com\/wp-content\/uploads\/2015\/06\/3strapbag.jpg 350w\" sizes=\"auto, (max-width: 300px) 100vw, 300px\" \/><\/li>\r\n<\/ul>\r\n[\/vc_column_text][\/vc_tab][vc_tab title=\u00a0\u00bbBobineuse de sangle\u00a0\u00bb tab_id=\u00a0\u00bb0893afc3-7517-2&Prime;][vc_column_text]<strong><img loading=\"lazy\" decoding=\"async\" class=\"wp-image-22984 size-medium alignright\" src=\"https:\/\/superchute.com\/wp-content\/uploads\/2015\/06\/Winder-300x225.jpg\" alt=\"\" width=\"300\" height=\"225\" srcset=\"https:\/\/superchute.com\/wp-content\/uploads\/2015\/06\/Winder-300x225.jpg 300w, https:\/\/superchute.com\/wp-content\/uploads\/2015\/06\/Winder.jpg 500w\" sizes=\"auto, (max-width: 300px) 100vw, 300px\" \/>Bobineuse de Sangle StrapRail\u00ae<\/strong>\r\n<ul>\r\n \t<li>Permet le bobinage rapide de 100&prime; (30 m) de sangles<\/li>\r\n \t<li>Tr\u00e8s utile pour bobiner n&rsquo;importe quelle longueur de sangle StrapRail<sup>\u00ae<\/sup><\/li>\r\n \t<li>La manche se range bien dans le boitier en plastique<\/li>\r\n<\/ul>\r\n[\/vc_column_text][\/vc_tab][\/vc_tabs][\/vc_column][\/vc_row]<\/div>","protected":false},"excerpt":{"rendered":"<p>[vc_row css_animation=\u00a0\u00bb\u00a0\u00bb row_type=\u00a0\u00bbrow\u00a0\u00bb use_row_as_full_screen_section=\u00a0\u00bbno\u00a0\u00bb type=\u00a0\u00bbfull_width\u00a0\u00bb angled_section=\u00a0\u00bbno\u00a0\u00bb text_align=\u00a0\u00bbleft\u00a0\u00bb background_image_as_pattern=\u00a0\u00bbwithout_pattern\u00a0\u00bb css=\u00a0\u00bb.vc_custom_1435843296453{margin-top: 0px !important;padding-top: 10px !important;padding-bottom: 30px !important;}\u00a0\u00bb][vc_column width=\u00a0\u00bb1\/2&Prime;][vc_single_image image=\u00a0\u00bb29438&Prime; img_size=\u00a0\u00bbmedium\u00a0\u00bb qode_css_animation=\u00a0\u00bb\u00a0\u00bb][vc_column_text] Syst\u00e8me inoxydable \u2013 StrapRail\u00ae (produit brevet\u00e9) [\/vc_column_text][vc_column_text]Garde-corps en acier inoxydable pour un environnement corrosif.[\/vc_column_text][\/vc_column][vc_column width=\u00a0\u00bb1\/2&Prime;][\/vc_column][\/vc_row][vc_row css_animation=\u00a0\u00bb\u00a0\u00bb row_type=\u00a0\u00bbrow\u00a0\u00bb use_row_as_full_screen_section=\u00a0\u00bbno\u00a0\u00bb type=\u00a0\u00bbfull_width\u00a0\u00bb angled_section=\u00a0\u00bbno\u00a0\u00bb text_align=\u00a0\u00bbleft\u00a0\u00bb background_image_as_pattern=\u00a0\u00bbwithout_pattern\u00a0\u00bb css=\u00a0\u00bb.vc_custom_1435843296453{margin-top: 0px !important;padding-top: 10px&#8230;<\/p>\n","protected":false},"author":7,"featured_media":0,"parent":23115,"menu_order":2,"comment_status":"open","ping_status":"closed","template":"","meta":{"_seopress_robots_primary_cat":"","_seopress_titles_title":"","_seopress_titles_desc":"","_seopress_robots_index":"","inline_featured_image":false,"footnotes":""},"class_list":["post-23777","page","type-page","status-publish","hentry"],"_links":{"self":[{"href":"https:\/\/superchute.com\/fr\/wp-json\/wp\/v2\/pages\/23777","targetHints":{"allow":["GET"]}}],"collection":[{"href":"https:\/\/superchute.com\/fr\/wp-json\/wp\/v2\/pages"}],"about":[{"href":"https:\/\/superchute.com\/fr\/wp-json\/wp\/v2\/types\/page"}],"author":[{"embeddable":true,"href":"https:\/\/superchute.com\/fr\/wp-json\/wp\/v2\/users\/7"}],"replies":[{"embeddable":true,"href":"https:\/\/superchute.com\/fr\/wp-json\/wp\/v2\/comments?post=23777"}],"version-history":[{"count":0,"href":"https:\/\/superchute.com\/fr\/wp-json\/wp\/v2\/pages\/23777\/revisions"}],"up":[{"embeddable":true,"href":"https:\/\/superchute.com\/fr\/wp-json\/wp\/v2\/pages\/23115"}],"wp:attachment":[{"href":"https:\/\/superchute.com\/fr\/wp-json\/wp\/v2\/media?parent=23777"}],"curies":[{"name":"wp","href":"https:\/\/api.w.org\/{rel}","templated":true}]}}