{"id":23756,"date":"2016-08-11T17:03:19","date_gmt":"2016-08-11T21:03:19","guid":{"rendered":"https:\/\/superchute.com\/fr\/protection-anti-chute\/solutions-anti-chute-sur-mesure\/pit-bridge\/"},"modified":"2026-01-23T13:04:39","modified_gmt":"2026-01-23T18:04:39","slug":"drop-in-posts","status":"publish","type":"page","link":"https:\/\/superchute.com\/fr\/garde-corps\/straprail\/drop-in-posts\/","title":{"rendered":"Syst\u00e8me pour secteur industriel"},"content":{"rendered":"<div class=\"wpb-content-wrapper\">[vc_row css_animation=\u00a0\u00bb\u00a0\u00bb row_type=\u00a0\u00bbrow\u00a0\u00bb use_row_as_full_screen_section=\u00a0\u00bbno\u00a0\u00bb type=\u00a0\u00bbfull_width\u00a0\u00bb angled_section=\u00a0\u00bbno\u00a0\u00bb text_align=\u00a0\u00bbleft\u00a0\u00bb background_image_as_pattern=\u00a0\u00bbwithout_pattern\u00a0\u00bb css=\u00a0\u00bb.vc_custom_1435843296453{margin-top: 0px !important;padding-top: 10px !important;padding-bottom: 30px !important;}\u00a0\u00bb][vc_column width=\u00a0\u00bb1\/2&Prime;][vc_single_image image=\u00a0\u00bb29438&Prime; img_size=\u00a0\u00bbmedium\u00a0\u00bb qode_css_animation=\u00a0\u00bb\u00a0\u00bb][vc_column_text]\r\n<h3><span style=\"color: #db4405;\">Poteaux \u00e0 enclenchement StrapRail\u00ae (produit brevet\u00e9)<\/span><\/h3>\r\n[\/vc_column_text][vc_column_text]<strong>Garde-corps amovible pour une installation r\u00e9currente, avec<\/strong><strong>\u00a0douilles de plancher pr\u00e9install\u00e9es.<\/strong><strong>\r\n<\/strong>[\/vc_column_text]<div class=\"ult-spacer spacer-69e228740a129\" data-id=\"69e228740a129\" data-height=\"25\" data-height-mobile=\"25\" data-height-tab=\"25\" data-height-tab-portrait=\"\" data-height-mobile-landscape=\"\" style=\"clear:both;display:block;\"><\/div><a  itemprop=\"url\" href=\"https:\/\/superchute.com\/fr\/protection-anti-chute\/devis\/\" target=\"_self\" data-hover-background-color=\"#4d4d4d\" data-hover-border-color=\"#4d4d4d\" data-hover-color=\"#ffffff\" class=\"qbutton  small default\" style=\"color: #ffffff; border-color: #4d4d4d; background-color:#4d4d4d;\">DEMANDER UN DEVIS<\/a>[\/vc_column][vc_column width=\u00a0\u00bb1\/2&Prime;][vc_single_image image=\u00a0\u00bb31726&Prime; img_size=\u00a0\u00bb501&#215;289&Prime; onclick=\u00a0\u00bblink_image\u00a0\u00bb qode_css_animation=\u00a0\u00bb\u00a0\u00bb][vc_column_text]<span style=\"color: #ff0000;\"><i class=\"fa fa-search-plus\"><\/i>\u00a0<\/span>[\/vc_column_text][\/vc_column][\/vc_row][vc_row css_animation=\u00a0\u00bb\u00a0\u00bb row_type=\u00a0\u00bbrow\u00a0\u00bb use_row_as_full_screen_section=\u00a0\u00bbno\u00a0\u00bb type=\u00a0\u00bbfull_width\u00a0\u00bb angled_section=\u00a0\u00bbno\u00a0\u00bb text_align=\u00a0\u00bbleft\u00a0\u00bb background_image_as_pattern=\u00a0\u00bbwithout_pattern\u00a0\u00bb css=\u00a0\u00bb.vc_custom_1435843296453{margin-top: 0px !important;padding-top: 10px !important;padding-bottom: 30px !important;}\u00a0\u00bb][vc_column]<div class=\"ult-spacer spacer-69e228740a2dc\" data-id=\"69e228740a2dc\" data-height=\"55\" data-height-mobile=\"55\" data-height-tab=\"55\" data-height-tab-portrait=\"\" data-height-mobile-landscape=\"\" style=\"clear:both;display:block;\"><\/div>[vc_text_separator title=\u00a0\u00bbInformation\u00a0\u00bb border=\u00a0\u00bbno\u00a0\u00bb background_color=\u00a0\u00bb#db4405&Prime;]<div class=\"ult-spacer spacer-69e228740a2fe\" data-id=\"69e228740a2fe\" data-height=\"20\" data-height-mobile=\"20\" data-height-tab=\"20\" data-height-tab-portrait=\"\" data-height-mobile-landscape=\"\" style=\"clear:both;display:block;\"><\/div>[\/vc_column][\/vc_row][vc_row css_animation=\u00a0\u00bb\u00a0\u00bb row_type=\u00a0\u00bbrow\u00a0\u00bb use_row_as_full_screen_section=\u00a0\u00bbno\u00a0\u00bb type=\u00a0\u00bbfull_width\u00a0\u00bb angled_section=\u00a0\u00bbno\u00a0\u00bb text_align=\u00a0\u00bbleft\u00a0\u00bb background_image_as_pattern=\u00a0\u00bbwithout_pattern\u00a0\u00bb][vc_column][vc_tabs style=\u00a0\u00bbvertical_left\u00a0\u00bb][vc_tab title=\u00a0\u00bbCaract\u00e9ristiques\u00a0\u00bb tab_id=\u00a0\u00bb226cc590-e243-9&Prime;][vc_column_text]\r\n<ul>\r\n \t<li>Solution StrapRail\u00ae fabriqu\u00e9e sur mesure\u00a0<span style=\"color: #db4405;\">\u2713<\/span><\/li>\r\n \t<li>Lorsque le garde-corps doit \u00eatre retir\u00e9 fr\u00e9quemment <span style=\"color: #db4405;\">\u2713<\/span><\/li>\r\n \t<li>N\u00e9cessite des op\u00e9rations de carottage dans la dalle de b\u00e9ton <span style=\"color: #db4405;\">\u2713<\/span><\/li>\r\n \t<li>Ins\u00e9rer et b\u00e9tonner les douilles dans le plancher pour permettre l\u2019enl\u00e8vement rapide des poteaux \u00e0 enclenchement <span style=\"color: #db4405;\">\u2713<\/span><\/li>\r\n \t<li>Utiliser pour des fosses d&rsquo;inspections pour camions lordes etc <span style=\"color: #db4405;\">\u2713<\/span><\/li>\r\n \t<li>Solution fabriqu\u00e9 sur mesure pour r\u00e9pondre \u00e0 vos besoins <span style=\"color: #db4405;\">\u2713<\/span><\/li>\r\n<\/ul>\r\n[\/vc_column_text]<div class=\"ult-spacer spacer-69e228740a31c\" data-id=\"69e228740a31c\" data-height=\"25\" data-height-mobile=\"25\" data-height-tab=\"25\" data-height-tab-portrait=\"\" data-height-mobile-landscape=\"\" style=\"clear:both;display:block;\"><\/div>[vc_column_text]\r\n\r\n<div id=\"jig1\" class=\"justified-image-grid jig-e1c1a68a0a3a8f177451db4e0bc03e16 jig-preset-global jig-source-wp-gallery\"><div class=\"jig-clearfix\"><\/div><noscript id=\"jig1-html\" class=\"justified-image-grid-html\" data-lazy-src=\"skiplazyload\" data-src=\"skipunveillazyload\"><ul><li><a href=\"https:\/\/superchute.com\/wp-content\/uploads\/2016\/08\/StrapRail-Truck-Inspection-Pit-1-1024x789.jpg\"><img loading=\"lazy\" decoding=\"async\" src=\"https:\/\/superchute.com\/wp-content\/plugins\/justified-image-grid\/timthumb.php?src=https%3A%2F%2Fsuperchute.com%2Fwp-content%2Fuploads%2F2016%2F08%2FStrapRail-Truck-Inspection-Pit-1-1024x789.jpg&amp;h=198&amp;w=198&amp;q=90&amp;f=.jpg\" alt=\"Speedco\" width=\"198\" height=\"198\" \/><\/a><p class=\"jig-HTMLdescription\">Speedco<\/p><\/li><li><a href=\"https:\/\/superchute.com\/wp-content\/uploads\/2016\/08\/StrapRail-Truck-Inspection-Pit-3.jpg\"><img loading=\"lazy\" decoding=\"async\" src=\"https:\/\/superchute.com\/wp-content\/plugins\/justified-image-grid\/timthumb.php?src=https%3A%2F%2Fsuperchute.com%2Fwp-content%2Fuploads%2F2016%2F08%2FStrapRail-Truck-Inspection-Pit-3.jpg&amp;h=198&amp;w=198&amp;q=90&amp;f=.jpg\" alt=\"Speedco\" width=\"198\" height=\"198\" \/><\/a><p class=\"jig-HTMLdescription\">Speedco<\/p><\/li><li><a href=\"https:\/\/superchute.com\/wp-content\/uploads\/2016\/08\/StrapRail-Truck-Inspection-Pit-4.jpg\"><img loading=\"lazy\" decoding=\"async\" src=\"https:\/\/superchute.com\/wp-content\/plugins\/justified-image-grid\/timthumb.php?src=https%3A%2F%2Fsuperchute.com%2Fwp-content%2Fuploads%2F2016%2F08%2FStrapRail-Truck-Inspection-Pit-4.jpg&amp;h=198&amp;w=198&amp;q=90&amp;f=.jpg\" alt=\"Speedco\" width=\"198\" height=\"198\" \/><\/a><p class=\"jig-HTMLdescription\">Speedco<\/p><\/li><\/ul><\/noscript><\/div>\r\n\r\n[\/vc_column_text][vc_column_text]\r\n<p style=\"text-align: left;\"><span style=\"color: #ff0000;\"><i class=\"fa fa-search-plus\"><\/i>\u00a0<\/span><\/p>\r\n[\/vc_column_text][\/vc_tab][vc_tab title=\u00a0\u00bbSp\u00e9cifications\u00a0\u00bb tab_id=\u00a0\u00bb2d2fa819-078e-0&Prime;][vc_column_text]\r\n<ul>\r\n \t<li>Les douilles sont typiquement install\u00e9es \u00e0 des intervalles de 10\u2019<\/li>\r\n \t<li>Les poteaux d&rsquo;ancrage ou les poteaux raidisseurs permettent le syst\u00e8me de terminer \u00e0 n&rsquo;importe quelle douille<\/li>\r\n \t<li>Syst\u00e8me originalement con\u00e7u pour prot\u00e9ger la tomb\u00e9e dans les fosses d\u2019inspections pour camions<\/li>\r\n \t<li>Composants : les douilles pour dalles, 1 poteau d&rsquo;enroulement de sangle, 1 poteau d&rsquo;ancrage, des poteaux raidisseurs, des sangles oranges en polyester (2 x 4\u201d large) avec l&rsquo;avertissement suivant: &lsquo;Warning! Fall Hazard Area&rsquo;<\/li>\r\n \t<li>Option d&rsquo;ajouter une sangle pour plinthe<\/li>\r\n<\/ul>\r\n<div id=\"attachment_23841\" style=\"width: 304px\" class=\"wp-caption alignleft\"><img loading=\"lazy\" decoding=\"async\" aria-describedby=\"caption-attachment-23841\" class=\"wp-image-23841\" src=\"https:\/\/superchute.com\/wp-content\/uploads\/2016\/08\/socket-slab-drop-in-post.jpg\" width=\"294\" height=\"248\" srcset=\"https:\/\/superchute.com\/wp-content\/uploads\/2016\/08\/socket-slab-drop-in-post.jpg 550w, https:\/\/superchute.com\/wp-content\/uploads\/2016\/08\/socket-slab-drop-in-post-300x253.jpg 300w\" sizes=\"auto, (max-width: 294px) 100vw, 294px\" \/><p id=\"caption-attachment-23841\" class=\"wp-caption-text\">Douille pour dalle<\/p><\/div>\r\n\r\n[\/vc_column_text][\/vc_tab][vc_tab title=\u00a0\u00bbBoulon d&rsquo;ancrage\u00a0\u00bb tab_id=\u00a0\u00bb1490279504573-4-3&Prime;][vc_column_text css=\u00a0\u00bb\u00a0\u00bb]<img loading=\"lazy\" decoding=\"async\" class=\"alignleft wp-image-17697\" src=\"https:\/\/superchute.com\/wp-content\/uploads\/2015\/08\/HUS-KH-EZ.jpg\" alt=\"HUS-KH-EZ\" width=\"78\" height=\"284\" srcset=\"https:\/\/superchute.com\/wp-content\/uploads\/2015\/08\/HUS-KH-EZ.jpg 137w, https:\/\/superchute.com\/wp-content\/uploads\/2015\/08\/HUS-KH-EZ-82x300.jpg 82w\" sizes=\"auto, (max-width: 78px) 100vw, 78px\" \/>[vc_table vc_table_theme=\u00a0\u00bbclassic\u00a0\u00bb allow_html=\u00a0\u00bb\u00a0\u00bb][b]Type d\u00b4ancre,Vis|[b]Model,KH-EZ%205\/8\u2033%20x%205%201\/2\u2033|[b]Code,418080|[b]Longueur utilisable,5.5%22|[b]Minimum%20Embedment,5\u2033|[b]M\u00e8che,5%2F8%22|[b]Dalle. min.,7%22|[b]Profondeur trou,6%22|[b]Douille,15%2F16%22|[b]Couple,85%20pi.lb|[b]Couple max. cl\u00e9 \u00e0 chocs dans b\u00e9ton,450 pi.lb|[b]R\u00e9utilisable,Non[\/vc_table]\r\n\r\n&nbsp;\r\n\r\n<span style=\"text-decoration: underline; color: #0000ff;\"><a style=\"color: #0000ff; text-decoration: underline;\" href=\"https:\/\/www.hilti.ca\/c\/CLS_FASTENER_7135\/CLS_MECHANICAL_ANCHORS_7135\/r6271?activeTab=preconfigured-kits-tabs\">Cliquer ici<\/a><\/span> pour plus d&rsquo;information<strong>.<\/strong>[\/vc_column_text][\/vc_tab][vc_tab title=\u00a0\u00bbCroquis personnalis\u00e9s\u00a0\u00bb tab_id=\u00a0\u00bb1465913327346-2-7&Prime;][vc_column_text]Superchute\u00ae offre rapidement &amp; gratuitement des croquis en moins de 24 heures.\r\n\r\nUn <strong>croquis<\/strong> :\r\n<ul>\r\n \t<li>Vous montre une repr\u00e9sentation claire du garde-corps d\u00e9ploy\u00e9 sur le chantier<\/li>\r\n \t<li>Vous recommande les pi\u00e8ces appropri\u00e9es<\/li>\r\n \t<li>Il faut nous contacter pour votre croquis personnalis\u00e9<\/li>\r\n<\/ul>\r\n[\/vc_column_text][\/vc_tab][vc_tab title=\u00a0\u00bbDocuments\u00a0\u00bb tab_id=\u00a0\u00bb1466018770172-6-10&Prime;][vc_column_text]<span style=\"color: #db4405;\"><a style=\"color: #db4405;\" target=\"_blank\" rel=\"noopener noreferrer\">Aper\u00e7u d&rsquo;un Couvre Fosses<\/a><\/span>\u00a0<span class='q_social_icon_holder normal_social' data-color=#ff0000 data-hover-color=#4d4d4d><i class=\"qode_icon_font_awesome fa fa-file-pdf-o fa-lg simple_social\" style=\"color: #ff0000;\" ><\/i><\/span>[\/vc_column_text]<div class=\"ult-spacer spacer-69e228740c47d\" data-id=\"69e228740c47d\" data-height=\"20\" data-height-mobile=\"20\" data-height-tab=\"20\" data-height-tab-portrait=\"\" data-height-mobile-landscape=\"\" style=\"clear:both;display:block;\"><\/div>[vc_column_text]<span style=\"color: #db4405;\"><a style=\"color: #db4405;\" href=\"https:\/\/superchute.com\/pdf\/StrapRail-Daily-Inspection-Checklist-for-Installed-Systems.pdf\" target=\"_blank\" rel=\"noopener noreferrer\">Liste d&rsquo;inspection quotidienne pour les syst\u00e8mes StrapRail install\u00e9s<\/a> <\/span><span class='q_social_icon_holder normal_social' data-color=#ff0000 data-hover-color=#4d4d4d><a itemprop='url' href='https:\/\/superchute.com\/pdf\/StrapRail-Daily-Inspection-Checklist-for-Installed-Systems.pdf' target='_blank'><i class=\"qode_icon_font_awesome fa fa-file-pdf-o fa-lg simple_social\" style=\"color: #ff0000;\" ><\/i><\/a><\/span>[\/vc_column_text][\/vc_tab][\/vc_tabs][\/vc_column][\/vc_row][vc_row css_animation=\u00a0\u00bb\u00a0\u00bb row_type=\u00a0\u00bbrow\u00a0\u00bb use_row_as_full_screen_section=\u00a0\u00bbno\u00a0\u00bb type=\u00a0\u00bbfull_width\u00a0\u00bb angled_section=\u00a0\u00bbno\u00a0\u00bb text_align=\u00a0\u00bbleft\u00a0\u00bb background_image_as_pattern=\u00a0\u00bbwithout_pattern\u00a0\u00bb css=\u00a0\u00bb.vc_custom_1431528190800{margin-top: 0px !important;padding-top: 10px !important;padding-bottom: 30px !important;}\u00a0\u00bb][vc_column]<div class=\"ult-spacer spacer-69e228740c515\" data-id=\"69e228740c515\" data-height=\"55\" data-height-mobile=\"55\" data-height-tab=\"55\" data-height-tab-portrait=\"\" data-height-mobile-landscape=\"\" style=\"clear:both;display:block;\"><\/div>[vc_text_separator title=\u00a0\u00bbProjets\u00a0\u00bb border=\u00a0\u00bbno\u00a0\u00bb background_color=\u00a0\u00bb#db4405&Prime; title_color=\u00a0\u00bb#ffffff\u00a0\u00bb]<div class=\"ult-spacer spacer-69e228740c532\" data-id=\"69e228740c532\" data-height=\"15\" data-height-mobile=\"15\" data-height-tab=\"15\" data-height-tab-portrait=\"\" data-height-mobile-landscape=\"\" style=\"clear:both;display:block;\"><\/div>[vc_column_text]\r\n<p style=\"text-align: center;\">Cliquer sur les images pour afficher les projets.<\/p>\r\n[\/vc_column_text]<div class=\"ult-spacer spacer-69e228740c54c\" data-id=\"69e228740c54c\" data-height=\"25\" data-height-mobile=\"25\" data-height-tab=\"25\" data-height-tab-portrait=\"\" data-height-mobile-landscape=\"\" style=\"clear:both;display:block;\"><\/div><div class='projects_holder_outer v4 portfolio_with_space portfolio_standard'>\n        <div class='projects_holder portfolio_main_holder clearfix v4 standard portfolio_square_image '>\n        \n        <article class='mix portfolio_category_375 portfolio_category_370 portfolio_category_429 portfolio_category_365 default' style=''>\n    \n    \n    \n                <div class='image_holder'>\n                <a itemprop='url' class='portfolio_link_for_touch' href='https:\/\/superchute.com\/fr\/portfolio_page\/speedco-drop-in-post\/' target='_self'>\n                    \n<span class='image'><img loading=\"lazy\" decoding=\"async\" width=\"517\" height=\"570\" src=\"https:\/\/superchute.com\/wp-content\/uploads\/2017\/01\/IMG_4987-min-517x570.jpeg\" class=\"attachment-portfolio-square size-portfolio-square wp-post-image\" alt=\"\" \/><\/span>                <\/a>\n\n                <span class='text_holder'>\n    <span class='text_outer'>\n        <span class='text_inner'>\n            <span class='feature_holder'>\n                            <span class=\"feature_holder_icons\">';\n                    \n                            <a itemprop='url' class='preview qbutton small white' href='https:\/\/superchute.com\/fr\/portfolio_page\/speedco-drop-in-post\/' target='_self'>view<\/i><\/a>\n    \n                                            <\/span>\n        <\/span>\n    <\/span>\n<\/span>            <\/div>\n                <div class='portfolio_description ' >\n\n        \n    <h5 itemprop=\"name\" class=\"portfolio_title entry_title\"><a itemprop=\"url\" href=\"https:\/\/superchute.com\/fr\/portfolio_page\/speedco-drop-in-post\/\" style=\"color: #4d4d4d\" target=\"_self\"> Speedco<\/a><\/h5>\n\n\n            <div style=\"background-color: #4d4d4d\" class=\"portfolio_separator separator  small center\"><\/div>\n\n            <span class=\"project_category\"  >\n    Drop-In Posts, Garde-Corps, Protection Anti-chute, StrapRail\u00ae    <\/span>\n\n    <\/div>\n        \n<\/article>\n        <div class='filler'><\/div>\n            <div class='filler'><\/div>\n            <div class='filler'><\/div>\n            <div class='filler'><\/div>\n        <\/div>\n\n    \n    <\/div>[\/vc_column][\/vc_row]<\/div>","protected":false},"excerpt":{"rendered":"<p>[vc_row css_animation=\u00a0\u00bb\u00a0\u00bb row_type=\u00a0\u00bbrow\u00a0\u00bb use_row_as_full_screen_section=\u00a0\u00bbno\u00a0\u00bb type=\u00a0\u00bbfull_width\u00a0\u00bb angled_section=\u00a0\u00bbno\u00a0\u00bb text_align=\u00a0\u00bbleft\u00a0\u00bb background_image_as_pattern=\u00a0\u00bbwithout_pattern\u00a0\u00bb css=\u00a0\u00bb.vc_custom_1435843296453{margin-top: 0px !important;padding-top: 10px !important;padding-bottom: 30px !important;}\u00a0\u00bb][vc_column width=\u00a0\u00bb1\/2&Prime;][vc_single_image image=\u00a0\u00bb29438&Prime; img_size=\u00a0\u00bbmedium\u00a0\u00bb qode_css_animation=\u00a0\u00bb\u00a0\u00bb][vc_column_text] Poteaux \u00e0 enclenchement StrapRail\u00ae (produit brevet\u00e9) [\/vc_column_text][vc_column_text]Garde-corps amovible pour une installation r\u00e9currente, avec\u00a0douilles de plancher pr\u00e9install\u00e9es. [\/vc_column_text][\/vc_column][vc_column width=\u00a0\u00bb1\/2&Prime;][vc_single_image image=\u00a0\u00bb31726&Prime; img_size=\u00a0\u00bb501&#215;289&Prime; onclick=\u00a0\u00bblink_image\u00a0\u00bb qode_css_animation=\u00a0\u00bb\u00a0\u00bb][vc_column_text]\u00a0[\/vc_column_text][\/vc_column][\/vc_row][vc_row css_animation=\u00a0\u00bb\u00a0\u00bb row_type=\u00a0\u00bbrow\u00a0\u00bb use_row_as_full_screen_section=\u00a0\u00bbno\u00a0\u00bb type=\u00a0\u00bbfull_width\u00a0\u00bb&#8230;<\/p>\n","protected":false},"author":7,"featured_media":0,"parent":23115,"menu_order":2,"comment_status":"open","ping_status":"closed","template":"","meta":{"_seopress_robots_primary_cat":"","_seopress_titles_title":"","_seopress_titles_desc":"","_seopress_robots_index":"","inline_featured_image":false,"footnotes":""},"class_list":["post-23756","page","type-page","status-publish","hentry"],"_links":{"self":[{"href":"https:\/\/superchute.com\/fr\/wp-json\/wp\/v2\/pages\/23756","targetHints":{"allow":["GET"]}}],"collection":[{"href":"https:\/\/superchute.com\/fr\/wp-json\/wp\/v2\/pages"}],"about":[{"href":"https:\/\/superchute.com\/fr\/wp-json\/wp\/v2\/types\/page"}],"author":[{"embeddable":true,"href":"https:\/\/superchute.com\/fr\/wp-json\/wp\/v2\/users\/7"}],"replies":[{"embeddable":true,"href":"https:\/\/superchute.com\/fr\/wp-json\/wp\/v2\/comments?post=23756"}],"version-history":[{"count":2,"href":"https:\/\/superchute.com\/fr\/wp-json\/wp\/v2\/pages\/23756\/revisions"}],"predecessor-version":[{"id":89768,"href":"https:\/\/superchute.com\/fr\/wp-json\/wp\/v2\/pages\/23756\/revisions\/89768"}],"up":[{"embeddable":true,"href":"https:\/\/superchute.com\/fr\/wp-json\/wp\/v2\/pages\/23115"}],"wp:attachment":[{"href":"https:\/\/superchute.com\/fr\/wp-json\/wp\/v2\/media?parent=23756"}],"curies":[{"name":"wp","href":"https:\/\/api.w.org\/{rel}","templated":true}]}}