{"id":23734,"date":"2016-08-11T13:34:47","date_gmt":"2016-08-11T17:34:47","guid":{"rendered":"https:\/\/superchute.com\/fr\/protection-anti-chute\/custom-fall-solutions\/"},"modified":"2020-07-23T17:25:37","modified_gmt":"2020-07-23T21:25:37","slug":"solutions-anti-chute-sur-mesure","status":"publish","type":"page","link":"https:\/\/superchute.com\/fr\/garde-corps\/solutions-anti-chute-sur-mesure\/","title":{"rendered":"Solutions anti-chute sur mesure"},"content":{"rendered":"<div class=\"wpb-content-wrapper\">[vc_row css_animation=\u00a0\u00bb\u00a0\u00bb row_type=\u00a0\u00bbrow\u00a0\u00bb use_row_as_full_screen_section=\u00a0\u00bbno\u00a0\u00bb type=\u00a0\u00bbfull_width\u00a0\u00bb angled_section=\u00a0\u00bbno\u00a0\u00bb text_align=\u00a0\u00bbleft\u00a0\u00bb background_image_as_pattern=\u00a0\u00bbwithout_pattern\u00a0\u00bb css=\u00a0\u00bb.vc_custom_1435843296453{margin-top: 0px !important;padding-top: 10px !important;padding-bottom: 30px !important;}\u00a0\u00bb][vc_column width=\u00a0\u00bb1\/2&Prime;][vc_column_text]\r\n<h3><span style=\"color: #db4405;\">Solutions anti-chute sur mesure<\/span><\/h3>\r\n[\/vc_column_text][vc_column_text]Nous pouvons cr\u00e9er diff\u00e9rents syst\u00e8mes complexes sur mesure \u00e0 projection de chute.[\/vc_column_text]<div class=\"ult-spacer spacer-69e75aa5e0543\" data-id=\"69e75aa5e0543\" data-height=\"25\" data-height-mobile=\"25\" data-height-tab=\"25\" data-height-tab-portrait=\"\" data-height-mobile-landscape=\"\" style=\"clear:both;display:block;\"><\/div><a  itemprop=\"url\" href=\"https:\/\/superchute.com\/fr\/garde-corps\/devis\/\" target=\"_self\" data-hover-background-color=\"#4d4d4d\" data-hover-border-color=\"#4d4d4d\" data-hover-color=\"#ffffff\" class=\"qbutton  small default\" style=\"color: #ffffff; border-color: #4d4d4d; background-color:#4d4d4d;\">DEMANDER UN DEVIS<\/a>[\/vc_column][vc_column width=\u00a0\u00bb1\/2&Prime;][\/vc_column][\/vc_row][vc_row css_animation=\u00a0\u00bb\u00a0\u00bb row_type=\u00a0\u00bbrow\u00a0\u00bb use_row_as_full_screen_section=\u00a0\u00bbno\u00a0\u00bb type=\u00a0\u00bbfull_width\u00a0\u00bb angled_section=\u00a0\u00bbno\u00a0\u00bb text_align=\u00a0\u00bbleft\u00a0\u00bb background_image_as_pattern=\u00a0\u00bbwithout_pattern\u00a0\u00bb][vc_column width=\u00a0\u00bb1\/2&Prime;][vc_column_text]<a href=\"https:\/\/superchute.com\/fr\/garde-corps\/solutions-anti-chute-sur-mesure\/couvre-fosses\/\"><img loading=\"lazy\" decoding=\"async\" class=\"aligncenter wp-image-23739\" src=\"https:\/\/superchute.com\/wp-content\/uploads\/2016\/08\/portable-staircase.jpg\" width=\"280\" height=\"203\" srcset=\"https:\/\/superchute.com\/wp-content\/uploads\/2016\/08\/portable-staircase.jpg 482w, https:\/\/superchute.com\/wp-content\/uploads\/2016\/08\/portable-staircase-300x218.jpg 300w\" sizes=\"auto, (max-width: 280px) 100vw, 280px\" \/><\/a>[\/vc_column_text]<div class=\"ult-spacer spacer-69e75aa5e0679\" data-id=\"69e75aa5e0679\" data-height=\"15\" data-height-mobile=\"15\" data-height-tab=\"15\" data-height-tab-portrait=\"\" data-height-mobile-landscape=\"\" style=\"clear:both;display:block;\"><\/div>[vc_column_text]\r\n<h3 style=\"text-align: center;\"><a href=\"https:\/\/superchute.com\/fr\/garde-corps\/solutions-anti-chute-sur-mesure\/couvre-fosses\/\">Couvre fosses<\/a><\/h3>\r\n[\/vc_column_text][\/vc_column][vc_column width=\u00a0\u00bb1\/2&Prime;][vc_column_text]<a href=\"https:\/\/superchute.com\/fr\/garde-corps\/solutions-anti-chute-sur-mesure\/escaliers-portables\/\"><img loading=\"lazy\" decoding=\"async\" class=\"wp-image-24101 aligncenter\" src=\"https:\/\/superchute.com\/wp-content\/uploads\/2016\/08\/staircase-icon.jpg\" width=\"129\" height=\"203\" \/><\/a>[\/vc_column_text]<div class=\"ult-spacer spacer-69e75aa5e0699\" data-id=\"69e75aa5e0699\" data-height=\"15\" data-height-mobile=\"15\" data-height-tab=\"15\" data-height-tab-portrait=\"\" data-height-mobile-landscape=\"\" style=\"clear:both;display:block;\"><\/div>[vc_column_text]\r\n<h3 style=\"text-align: center;\"><a href=\"https:\/\/superchute.com\/fr\/garde-corps\/solutions-anti-chute-sur-mesure\/escaliers-portables\/\">Escaliers portables<\/a><\/h3>\r\n[\/vc_column_text][\/vc_column][\/vc_row]<\/div>","protected":false},"excerpt":{"rendered":"<p>[vc_row css_animation=\u00a0\u00bb\u00a0\u00bb row_type=\u00a0\u00bbrow\u00a0\u00bb use_row_as_full_screen_section=\u00a0\u00bbno\u00a0\u00bb type=\u00a0\u00bbfull_width\u00a0\u00bb angled_section=\u00a0\u00bbno\u00a0\u00bb text_align=\u00a0\u00bbleft\u00a0\u00bb background_image_as_pattern=\u00a0\u00bbwithout_pattern\u00a0\u00bb css=\u00a0\u00bb.vc_custom_1435843296453{margin-top: 0px !important;padding-top: 10px !important;padding-bottom: 30px !important;}\u00a0\u00bb][vc_column width=\u00a0\u00bb1\/2&Prime;][vc_column_text] Solutions anti-chute sur mesure [\/vc_column_text][vc_column_text]Nous pouvons cr\u00e9er diff\u00e9rents syst\u00e8mes complexes sur mesure \u00e0 projection de chute.[\/vc_column_text][\/vc_column][vc_column width=\u00a0\u00bb1\/2&Prime;][\/vc_column][\/vc_row][vc_row css_animation=\u00a0\u00bb\u00a0\u00bb row_type=\u00a0\u00bbrow\u00a0\u00bb use_row_as_full_screen_section=\u00a0\u00bbno\u00a0\u00bb type=\u00a0\u00bbfull_width\u00a0\u00bb angled_section=\u00a0\u00bbno\u00a0\u00bb text_align=\u00a0\u00bbleft\u00a0\u00bb background_image_as_pattern=\u00a0\u00bbwithout_pattern\u00a0\u00bb][vc_column width=\u00a0\u00bb1\/2&Prime;][vc_column_text][\/vc_column_text][vc_column_text] Couvre fosses [\/vc_column_text][\/vc_column][vc_column width=\u00a0\u00bb1\/2&Prime;][vc_column_text][\/vc_column_text][vc_column_text]&#8230;<\/p>\n","protected":false},"author":7,"featured_media":0,"parent":23072,"menu_order":1,"comment_status":"open","ping_status":"closed","template":"","meta":{"_seopress_robots_primary_cat":"","_seopress_titles_title":"","_seopress_titles_desc":"","_seopress_robots_index":"","inline_featured_image":false,"footnotes":""},"class_list":["post-23734","page","type-page","status-publish","hentry"],"_links":{"self":[{"href":"https:\/\/superchute.com\/fr\/wp-json\/wp\/v2\/pages\/23734","targetHints":{"allow":["GET"]}}],"collection":[{"href":"https:\/\/superchute.com\/fr\/wp-json\/wp\/v2\/pages"}],"about":[{"href":"https:\/\/superchute.com\/fr\/wp-json\/wp\/v2\/types\/page"}],"author":[{"embeddable":true,"href":"https:\/\/superchute.com\/fr\/wp-json\/wp\/v2\/users\/7"}],"replies":[{"embeddable":true,"href":"https:\/\/superchute.com\/fr\/wp-json\/wp\/v2\/comments?post=23734"}],"version-history":[{"count":0,"href":"https:\/\/superchute.com\/fr\/wp-json\/wp\/v2\/pages\/23734\/revisions"}],"up":[{"embeddable":true,"href":"https:\/\/superchute.com\/fr\/wp-json\/wp\/v2\/pages\/23072"}],"wp:attachment":[{"href":"https:\/\/superchute.com\/fr\/wp-json\/wp\/v2\/media?parent=23734"}],"curies":[{"name":"wp","href":"https:\/\/api.w.org\/{rel}","templated":true}]}}