{"id":23396,"date":"2015-04-07T13:57:03","date_gmt":"2015-04-07T17:57:03","guid":{"rendered":"https:\/\/superchute.com\/fr\/test\/"},"modified":"2020-07-27T17:08:21","modified_gmt":"2020-07-27T21:08:21","slug":"tests","status":"publish","type":"page","link":"https:\/\/superchute.com\/fr\/filets-construction\/tests\/","title":{"rendered":"Tests sur des filets de construction"},"content":{"rendered":"<div class=\"wpb-content-wrapper\">[vc_row css_animation=\u00a0\u00bb\u00a0\u00bb row_type=\u00a0\u00bbrow\u00a0\u00bb use_row_as_full_screen_section=\u00a0\u00bbno\u00a0\u00bb type=\u00a0\u00bbfull_width\u00a0\u00bb angled_section=\u00a0\u00bbno\u00a0\u00bb text_align=\u00a0\u00bbleft\u00a0\u00bb background_image_as_pattern=\u00a0\u00bbwithout_pattern\u00a0\u00bb][vc_column width=\u00a0\u00bb1\/2&Prime;][vc_column_text]\r\n<h3><span style=\"color: #007a53;\">Tests sur des filets de construction<\/span><\/h3>\r\n[\/vc_column_text][\/vc_column][vc_column width=\u00a0\u00bb1\/2&Prime;][vc_column_text]\r\n[\/vc_column_text][\/vc_column][\/vc_row][vc_row css_animation=\u00a0\u00bb\u00a0\u00bb row_type=\u00a0\u00bbrow\u00a0\u00bb use_row_as_full_screen_section=\u00a0\u00bbno\u00a0\u00bb type=\u00a0\u00bbfull_width\u00a0\u00bb angled_section=\u00a0\u00bbno\u00a0\u00bb text_align=\u00a0\u00bbleft\u00a0\u00bb background_image_as_pattern=\u00a0\u00bbwithout_pattern\u00a0\u00bb css=\u00a0\u00bb.vc_custom_1431528190800{margin-top: 0px !important;padding-top: 10px !important;padding-bottom: 30px !important;}\u00a0\u00bb][vc_column]<div class=\"ult-spacer spacer-69f54a97f1cf3\" data-id=\"69f54a97f1cf3\" data-height=\"20\" data-height-mobile=\"20\" data-height-tab=\"20\" data-height-tab-portrait=\"\" data-height-mobile-landscape=\"\" style=\"clear:both;display:block;\"><\/div>[vc_tabs style=\u00a0\u00bbvertical_left\u00a0\u00bb][vc_tab title=\u00a0\u00bbLettre de OSHA\u00a0\u00bb tab_id=\u00a0\u00bb7cd21e77-d1dd-4&Prime;][vc_column_text]<span style=\"color: #db4405;\"><a style=\"color: #db4405;\" href=\"https:\/\/superchute.com\/wp-content\/uploads\/2016\/02\/oshadoc.pdf\" target=\"_blank\" rel=\"noopener noreferrer\">Lettre de OSHA<\/a><\/span>\u00a0<span class='q_social_icon_holder normal_social' data-color=#ff0000 data-hover-color=#4d4d4d><a itemprop='url' href='https:\/\/superchute.com\/wp-content\/uploads\/2016\/02\/oshadoc.pdf' target='_blank'><i class=\"qode_icon_font_awesome fa fa-file-pdf-o fa-lg simple_social\" style=\"color: #ff0000;\" ><\/i><\/a><\/span>[\/vc_column_text][\/vc_tab][vc_tab title=\u00a0\u00bbTests pour la propagation des flammes\u00a0\u00bb tab_id=\u00a0\u00bb3a81dfca-2f4d-9&Prime;][vc_column_text]<span style=\"color: #db4405;\"><a style=\"color: #db4405;\" href=\"https:\/\/superchute.com\/wp-content\/uploads\/2016\/02\/ASTM_E_84_scafnet.pdf\" target=\"_blank\" rel=\"noopener noreferrer\">ASTM E 84 Surface Burning Characteristics Of \u00ab\u00a0The Original Scafnet &#8211; Green\u00a0\u00bb<\/a><\/span> <span class='q_social_icon_holder normal_social' data-color=#ff0000 data-hover-color=#4d4d4d><a itemprop='url' href='https:\/\/superchute.com\/wp-content\/uploads\/2016\/02\/ASTM_E_84_scafnet.pdf' target='_blank'><i class=\"qode_icon_font_awesome fa fa-file-pdf-o fa-lg simple_social\" style=\"color: #ff0000;\" ><\/i><\/a><\/span>[\/vc_column_text][vc_column_text]<span style=\"color: #db4405;\"><a style=\"color: #db4405;\" href=\"https:\/\/superchute.com\/wp-content\/uploads\/2016\/02\/Flame_Propagation_Test-Green_1M50.pdf\" target=\"_blank\" rel=\"noopener noreferrer\">Flame Propagation Test Of \u00ab\u00a0The Original Scafnet &#8211; Green\u00a0\u00bb<\/a><\/span> <span class='q_social_icon_holder normal_social' data-color=#ff0000 data-hover-color=#4d4d4d><a itemprop='url' href='https:\/\/superchute.com\/wp-content\/uploads\/2016\/02\/Flame_Propagation_Test-Green_1M50.pdf' target='_blank'><i class=\"qode_icon_font_awesome fa fa-file-pdf-o fa-lg simple_social\" style=\"color: #ff0000;\" ><\/i><\/a><\/span>[\/vc_column_text][vc_column_text]<span style=\"color: #db4405;\"><a style=\"color: #db4405;\" href=\"https:\/\/superchute.com\/wp-content\/uploads\/2016\/02\/Flame_Propagation_Test-Orange_1M50-O.pdf\" target=\"_blank\" rel=\"noopener noreferrer\">Flame Propagation Test Of \u00ab\u00a0The Original Scafnet &#8211; Orange\u00a0\u00bb<\/a><\/span>\u00a0<span class='q_social_icon_holder normal_social' data-color=#ff0000 data-hover-color=#4d4d4d><a itemprop='url' href='https:\/\/superchute.com\/wp-content\/uploads\/2016\/02\/Flame_Propagation_Test-Orange_1M50-O.pdf' target='_blank'><i class=\"qode_icon_font_awesome fa fa-file-pdf-o fa-lg simple_social\" style=\"color: #ff0000;\" ><\/i><\/a><\/span>[\/vc_column_text][vc_column_text]<span style=\"color: #db4405;\"><a style=\"color: #db4405;\" href=\"https:\/\/superchute.com\/wp-content\/uploads\/2016\/02\/Flame_Propagation_Test-Red_1M50-R.pdf\" target=\"_blank\" rel=\"noopener noreferrer\">Flame Propagation Test Of \u00ab\u00a0The Original Scafnet &#8211; Red\u00a0\u00bb<\/a><\/span>\u00a0<span class='q_social_icon_holder normal_social' data-color=#ff0000 data-hover-color=#4d4d4d><a itemprop='url' href='https:\/\/superchute.com\/wp-content\/uploads\/2016\/02\/Flame_Propagation_Test-Red_1M50-R.pdf' target='_blank'><i class=\"qode_icon_font_awesome fa fa-file-pdf-o fa-lg simple_social\" style=\"color: #ff0000;\" ><\/i><\/a><\/span>[\/vc_column_text][vc_column_text]<span style=\"color: #db4405;\"><a style=\"color: #db4405;\" href=\"https:\/\/superchute.com\/wp-content\/uploads\/2016\/02\/Flame_Propagation_Test-Tight_Weave_Black_2M50-B.pdf\" target=\"_blank\" rel=\"noopener noreferrer\">Flame Propagation Test Of \u201cTight Weave Scafnet \u2013 Black\u201d<\/a><\/span>\u00a0<span class='q_social_icon_holder normal_social' data-color=#ff0000 data-hover-color=#4d4d4d><a itemprop='url' href='https:\/\/superchute.com\/wp-content\/uploads\/2016\/02\/Flame_Propagation_Test-Tight_Weave_Black_2M50-B.pdf' target='_blank'><i class=\"qode_icon_font_awesome fa fa-file-pdf-o fa-lg simple_social\" style=\"color: #ff0000;\" ><\/i><\/a><\/span>[\/vc_column_text][vc_column_text]<span style=\"color: #db4405;\"><a style=\"color: #db4405;\" href=\"https:\/\/superchute.com\/wp-content\/uploads\/2016\/02\/Flame_Propagation_Test-High_-Strength_White_4M50-W.pdf\" target=\"_blank\" rel=\"noopener noreferrer\">Flame Propagation Test Of \u201cHigh Strength Scafnet \u2013 White\u201d<\/a><\/span>\u00a0<span class='q_social_icon_holder normal_social' data-color=#ff0000 data-hover-color=#4d4d4d><a itemprop='url' href='https:\/\/superchute.com\/wp-content\/uploads\/2016\/02\/Flame_Propagation_Test-High_-Strength_White_4M50-W.pdf' target='_blank'><i class=\"qode_icon_font_awesome fa fa-file-pdf-o fa-lg simple_social\" style=\"color: #ff0000;\" ><\/i><\/a><\/span>[\/vc_column_text][vc_column_text]<span style=\"color: #db4405;\"><a style=\"color: #db4405;\" href=\"https:\/\/superchute.com\/wp-content\/uploads\/2016\/02\/bostonfiredoc.pdf\" target=\"_blank\" rel=\"noopener noreferrer\">Letter from the Boston Fire Department<\/a><\/span>\u00a0<span class='q_social_icon_holder normal_social' data-color=#ff0000 data-hover-color=#4d4d4d><a itemprop='url' href='https:\/\/superchute.com\/wp-content\/uploads\/2016\/02\/bostonfiredoc.pdf' target='_blank'><i class=\"qode_icon_font_awesome fa fa-file-pdf-o fa-lg simple_social\" style=\"color: #ff0000;\" ><\/i><\/a><\/span>[\/vc_column_text][\/vc_tab][vc_tab title=\u00a0\u00bbEssais de r\u00e9sistance\u00a0\u00bb tab_id=\u00a0\u00bb1455641448053-2-6&Prime;]<div class=\"ult-spacer spacer-69f54a97f20f6\" data-id=\"69f54a97f20f6\" data-height=\"15\" data-height-mobile=\"15\" data-height-tab=\"15\" data-height-tab-portrait=\"\" data-height-mobile-landscape=\"\" style=\"clear:both;display:block;\"><\/div>[vc_table vc_table_theme=\u00a0\u00bbclassic\u00a0\u00bb allow_html=\u00a0\u00bb1&Prime;][b]Type%20de%20test,Filet%20vert%20et%20orange,Filet%20noir,Filet%20blanc|[align-left]Force%20de%20la%20rupture%20de%20la%20m%C3%A8che%20(longueur),61%20lb.,83%20lb.,255%20lb.|[align-left]Force%20de%20la%20rupture%20de%20la%20m%C3%A8che%20(largeur),93%20lb.,80%20lb.,173%20lb.|[align-left]Allongement%20%C3%A0%20la%20rupture%20(longueur),61%25,50%25,51%25|[align-left]Allongement%20%C3%A0%20la%20rupture%20(largeur),88%25,98%25,141%25|[align-left]Force%20de%20la%20rupture%20du%20fil,4%20lb.,4%20lb.,16%20lb.|[align-left]R%C3%A9sistance%20%C3%A0%20l%E2%80%99%C3%A9clatement,138%20psi,97%20psi,390%20psi|[align-left]R%C3%A9sistance%20%C3%A0%20l%E2%80%99%C3%A9clatement%20(d%C3%A9lib%C3%A9r%C3%A9),53%20psi,44%20psi,91%20psi%0A%0A%0A%0A%0A%0A%0A%0A%0A%0A[\/vc_table][\/vc_tab][vc_tab title=\u00a0\u00bbDescription d\u2019essais de r\u00e9sistance\u00a0\u00bb tab_id=\u00a0\u00bb1455641466312-4-0&Prime;][vc_column_text]\r\n<ol>\r\n \t<li><strong>Force de rupture des tissus<\/strong>\u00a0(Grab Method: CAN\/GSB-4.2 Method 9.2-M90)\r\nTest similaire au ISO 5082:1982\r\nUn tissu sp\u00e9cimen 4&Prime; long x 6&Prime; haut est tenu par 2 pinces verticaux. La tension est appliqu\u00e9 pour causer une rupture en 20 secondes.<\/li>\r\n \t<li><strong>Force de rupture du fil<\/strong>\u00a0(Single Strand Method: CAN\/GSB-4.2 Method 9.4-M91)\r\nUn brin du fil tenu par\u00a02 pinces verticaux. La tension est appliqu\u00e9 pour causer une rupture dans une intervalle sp\u00e9cifi\u00e9e.<\/li>\r\n \t<li><strong>Tension de rupture<\/strong>\u00a0(Diaphragm Pressure Test: CAN\/GSB-4.2 Method 11.1-94)\r\nTest \u00e9quivalent au ASTM D 3786-87.\r\nPression appliqu\u00e9 sur une zone fixe de tissu avec par un diaphragm jusqu&rsquo;\u00e0 la rupture.<\/li>\r\n \t<li><strong>R\u00e9sistance \u00e0 l\u2019\u00e9clatement (d\u00e9lib\u00e9r\u00e9)<\/strong>\u00a0&#8211; (Diaphragm Pressure Test: CAN\/GSB-4.2 Method 11.1-94)\r\nM\u00eame que pr\u00e9c\u00e9dent avec coupure de 12.5 mm fait dans la zone test.<\/li>\r\n<\/ol>\r\n[\/vc_column_text][\/vc_tab][vc_tab title=\u00a0\u00bbBrochure\u00a0\u00bb tab_id=\u00a0\u00bb1487012673132-4-7&Prime;][vc_column_text]\r\n<h5><a href=\"https:\/\/superchute.com\/brochures_\/brochure-netting-4sides-fr.pdf\" target=\"_blank\" rel=\"noopener noreferrer\"><img loading=\"lazy\" decoding=\"async\" class=\"alignleft wp-image-17519\" src=\"https:\/\/superchute.com\/wp-content\/uploads\/2015\/04\/brochure-netting-4sides-v2-1-233x300.jpg\" alt=\"brochure-netting-4sides-v2-1\" width=\"100\" height=\"129\" srcset=\"https:\/\/superchute.com\/wp-content\/uploads\/2015\/04\/brochure-netting-4sides-v2-1-233x300.jpg 233w, https:\/\/superchute.com\/wp-content\/uploads\/2015\/04\/brochure-netting-4sides-v2-1.jpg 630w\" sizes=\"auto, (max-width: 100px) 100vw, 100px\" \/><\/a><a href=\"https:\/\/superchute.com\/brochures_\/brochure-netting-4sides-fr.pdf\" target=\"_blank\" rel=\"noopener noreferrer\">Brochure des filets de construction<\/a><\/h5>\r\nVersion PDF<span class='q_social_icon_holder normal_social' data-color=#ff0000 data-hover-color=#4d4d4d><a itemprop='url' href='https:\/\/superchute.com\/brochures_\/brochure-netting-4sides-fr.pdf' target='_blank'><i class=\"qode_icon_font_awesome fa fa-file-pdf-o fa-lg simple_social\" style=\"color: #ff0000;\" ><\/i><\/a><\/span>[\/vc_column_text][\/vc_tab][\/vc_tabs]<div class=\"ult-spacer spacer-69f54a97f2163\" data-id=\"69f54a97f2163\" data-height=\"55\" data-height-mobile=\"55\" data-height-tab=\"55\" data-height-tab-portrait=\"\" data-height-mobile-landscape=\"\" style=\"clear:both;display:block;\"><\/div>[vc_accordion active_tab=\u00a0\u00bb1&Prime; collapsible=\u00a0\u00bbyes\u00a0\u00bb style=\u00a0\u00bbboxed_accordion\u00a0\u00bb][vc_accordion_tab title=\u00a0\u00bbVid\u00e9o\u00a0\u00bb][vc_column_text]Cette vid\u00e9o montre 6 tests effectu\u00e9s sur du filet \u00e0 haute r\u00e9sistance blanc.\r\n\r\n&nbsp;\r\n\r\nTests de chute de 20 pieds effectu\u00e9s en 2008 sur 2 panneaux de filets en stock (noir et blanc) de 12&prime; x 25&prime; sur mesure. La chute \u00e9tait effectu\u00e9e au centre du filet utilisant un morceau de bois de 15 lb.\r\n\r\n&nbsp;\r\n\r\n<strong><span style=\"text-decoration: underline;\">Filet noir<\/span>\r\n<\/strong>Le morceau de bois \u00e0 p\u00e9n\u00e9tr\u00e9 le filet apr\u00e8s 2 chutes.\r\n\r\n&nbsp;\r\n\r\n<span style=\"text-decoration: underline;\"><strong>Filet blanc\r\n<\/strong><\/span>Aucuns dommages au filet apr\u00e8s 5 tests. Aucuns dommages avec un 6e test utilisant un poids en fonte de 55 lb.[\/vc_column_text]<div class=\"ult-spacer spacer-69f54a97f217f\" data-id=\"69f54a97f217f\" data-height=\"15\" data-height-mobile=\"15\" data-height-tab=\"15\" data-height-tab-portrait=\"\" data-height-mobile-landscape=\"\" style=\"clear:both;display:block;\"><\/div>[vc_video link=\u00a0\u00bbhttps:\/\/www.youtube.com\/watch?v=NDezGRA9BZ4&Prime;][\/vc_accordion_tab][\/vc_accordion][vc_column_text]\r\n\r\n<a id=\"tremie\" class=\"anchor\"><\/a>\u00ad\r\n\r\n[\/vc_column_text][\/vc_column][\/vc_row]<\/div>","protected":false},"excerpt":{"rendered":"<p>[vc_row css_animation=\u00a0\u00bb\u00a0\u00bb row_type=\u00a0\u00bbrow\u00a0\u00bb use_row_as_full_screen_section=\u00a0\u00bbno\u00a0\u00bb type=\u00a0\u00bbfull_width\u00a0\u00bb angled_section=\u00a0\u00bbno\u00a0\u00bb text_align=\u00a0\u00bbleft\u00a0\u00bb background_image_as_pattern=\u00a0\u00bbwithout_pattern\u00a0\u00bb][vc_column width=\u00a0\u00bb1\/2&Prime;][vc_column_text] Tests sur des filets de construction [\/vc_column_text][\/vc_column][vc_column width=\u00a0\u00bb1\/2&Prime;][vc_column_text] [\/vc_column_text][\/vc_column][\/vc_row][vc_row css_animation=\u00a0\u00bb\u00a0\u00bb row_type=\u00a0\u00bbrow\u00a0\u00bb use_row_as_full_screen_section=\u00a0\u00bbno\u00a0\u00bb type=\u00a0\u00bbfull_width\u00a0\u00bb angled_section=\u00a0\u00bbno\u00a0\u00bb text_align=\u00a0\u00bbleft\u00a0\u00bb background_image_as_pattern=\u00a0\u00bbwithout_pattern\u00a0\u00bb css=\u00a0\u00bb.vc_custom_1431528190800{margin-top: 0px !important;padding-top: 10px !important;padding-bottom: 30px !important;}\u00a0\u00bb][vc_column][vc_tabs style=\u00a0\u00bbvertical_left\u00a0\u00bb][vc_tab title=\u00a0\u00bbLettre de OSHA\u00a0\u00bb tab_id=\u00a0\u00bb7cd21e77-d1dd-4&Prime;][vc_column_text]Lettre de OSHA\u00a0[\/vc_column_text][\/vc_tab][vc_tab title=\u00a0\u00bbTests pour la propagation des flammes\u00a0\u00bb&#8230;<\/p>\n","protected":false},"author":7,"featured_media":0,"parent":23066,"menu_order":0,"comment_status":"open","ping_status":"open","template":"","meta":{"_seopress_robots_primary_cat":"","_seopress_titles_title":"","_seopress_titles_desc":"","_seopress_robots_index":"","inline_featured_image":false,"footnotes":""},"class_list":["post-23396","page","type-page","status-publish","hentry"],"_links":{"self":[{"href":"https:\/\/superchute.com\/fr\/wp-json\/wp\/v2\/pages\/23396","targetHints":{"allow":["GET"]}}],"collection":[{"href":"https:\/\/superchute.com\/fr\/wp-json\/wp\/v2\/pages"}],"about":[{"href":"https:\/\/superchute.com\/fr\/wp-json\/wp\/v2\/types\/page"}],"author":[{"embeddable":true,"href":"https:\/\/superchute.com\/fr\/wp-json\/wp\/v2\/users\/7"}],"replies":[{"embeddable":true,"href":"https:\/\/superchute.com\/fr\/wp-json\/wp\/v2\/comments?post=23396"}],"version-history":[{"count":0,"href":"https:\/\/superchute.com\/fr\/wp-json\/wp\/v2\/pages\/23396\/revisions"}],"up":[{"embeddable":true,"href":"https:\/\/superchute.com\/fr\/wp-json\/wp\/v2\/pages\/23066"}],"wp:attachment":[{"href":"https:\/\/superchute.com\/fr\/wp-json\/wp\/v2\/media?parent=23396"}],"curies":[{"name":"wp","href":"https:\/\/api.w.org\/{rel}","templated":true}]}}