{"id":23392,"date":"2015-04-07T13:52:52","date_gmt":"2015-04-07T17:52:52","guid":{"rendered":"https:\/\/superchute.com\/fr\/filets-construction\/lightweight-hooks\/"},"modified":"2023-07-20T11:21:03","modified_gmt":"2023-07-20T15:21:03","slug":"mousquetons-legers","status":"publish","type":"page","link":"https:\/\/superchute.com\/fr\/filets-construction\/mousquetons-legers\/","title":{"rendered":"Mousquetons l\u00e9gers"},"content":{"rendered":"<div class=\"wpb-content-wrapper\">[vc_row css_animation=\u00a0\u00bb\u00a0\u00bb row_type=\u00a0\u00bbrow\u00a0\u00bb use_row_as_full_screen_section=\u00a0\u00bbno\u00a0\u00bb type=\u00a0\u00bbfull_width\u00a0\u00bb angled_section=\u00a0\u00bbno\u00a0\u00bb text_align=\u00a0\u00bbleft\u00a0\u00bb background_image_as_pattern=\u00a0\u00bbwithout_pattern\u00a0\u00bb css=\u00a0\u00bb.vc_custom_1435843296453{margin-top: 0px !important;padding-top: 10px !important;padding-bottom: 30px !important;}\u00a0\u00bb][vc_column width=\u00a0\u00bb1\/2&Prime;][vc_column_text]\r\n<h3><span style=\"color: #007a53;\">Mousquetons l\u00e9gers<\/span><\/h3>\r\n<em>Les mousquetons en alliage Superchute\u00ae ne sont pas class\u00e9s ou destin\u00e9s pour tirer ou pour soulever.<\/em>[\/vc_column_text][\/vc_column][vc_column width=\u00a0\u00bb1\/2&Prime;][vc_column_text]\r\n<p style=\"text-align: center;\"><img loading=\"lazy\" decoding=\"async\" class=\"alignnone wp-image-17331 size-full\" src=\"https:\/\/superchute.com\/wp-content\/uploads\/2015\/04\/Clips-trio2.jpg\" alt=\"\" width=\"277\" height=\"190\" \/><\/p>\r\n[\/vc_column_text][\/vc_column][\/vc_row][vc_row css_animation=\u00a0\u00bb\u00a0\u00bb row_type=\u00a0\u00bbrow\u00a0\u00bb use_row_as_full_screen_section=\u00a0\u00bbno\u00a0\u00bb type=\u00a0\u00bbfull_width\u00a0\u00bb angled_section=\u00a0\u00bbno\u00a0\u00bb text_align=\u00a0\u00bbleft\u00a0\u00bb background_image_as_pattern=\u00a0\u00bbwithout_pattern\u00a0\u00bb][vc_column]<div class=\"ult-spacer spacer-69e75aa9738da\" data-id=\"69e75aa9738da\" data-height=\"55\" data-height-mobile=\"55\" data-height-tab=\"55\" data-height-tab-portrait=\"\" data-height-mobile-landscape=\"\" style=\"clear:both;display:block;\"><\/div>[vc_text_separator title=\u00a0\u00bbMousqueton (avec \u0153illet)\u00a0\u00bb border=\u00a0\u00bbno\u00a0\u00bb background_color=\u00a0\u00bb#007a53&Prime;]<div class=\"ult-spacer spacer-69e75aa97390d\" data-id=\"69e75aa97390d\" data-height=\"20\" data-height-mobile=\"20\" data-height-tab=\"20\" data-height-tab-portrait=\"\" data-height-mobile-landscape=\"\" style=\"clear:both;display:block;\"><\/div>[\/vc_column][\/vc_row][vc_row css_animation=\u00a0\u00bb\u00a0\u00bb row_type=\u00a0\u00bbrow\u00a0\u00bb use_row_as_full_screen_section=\u00a0\u00bbno\u00a0\u00bb type=\u00a0\u00bbfull_width\u00a0\u00bb angled_section=\u00a0\u00bbno\u00a0\u00bb text_align=\u00a0\u00bbleft\u00a0\u00bb background_image_as_pattern=\u00a0\u00bbwithout_pattern\u00a0\u00bb css=\u00a0\u00bb.vc_custom_1431528190800{margin-top: 0px !important;padding-top: 10px !important;padding-bottom: 30px !important;}\u00a0\u00bb][vc_column][vc_column_text]\r\n<ul>\r\n \t<li>Tr\u00e8s pratique pour les t\u00e2ches sans charge lourde &#8211; comme l&rsquo;attachement de filet pour d\u00e9bris \u00e0 un c\u00e2ble de guide <span style=\"color: #007a53;\">\u2713<\/span><\/li>\r\n \t<li>Dimension pour des mousquetons l\u00e9gers : longueur 4\u2033 x 2\u2033 au point le plus large x 3\/8\u2033 dia. de la tige <span style=\"color: #007a53;\">\u2713<\/span><\/li>\r\n<\/ul>\r\n[\/vc_column_text]<div class=\"ult-spacer spacer-69e75aa973934\" data-id=\"69e75aa973934\" data-height=\"20\" data-height-mobile=\"20\" data-height-tab=\"20\" data-height-tab-portrait=\"\" data-height-mobile-landscape=\"\" style=\"clear:both;display:block;\"><\/div>[vc_column_text]\r\n\r\n<div id=\"jig1\" class=\"justified-image-grid jig-9744cfb1271f0600912533bd7a03bd19 jig-preset-global jig-source-wp-gallery\"><div class=\"jig-clearfix\"><\/div><noscript id=\"jig1-html\" class=\"justified-image-grid-html\" data-lazy-src=\"skiplazyload\" data-src=\"skipunveillazyload\"><ul><li><a href=\"https:\/\/superchute.com\/wp-content\/uploads\/2023\/07\/1.jpg\" title=\"1\"><img loading=\"lazy\" decoding=\"async\" src=\"https:\/\/superchute.com\/wp-content\/plugins\/justified-image-grid\/timthumb.php?src=https%3A%2F%2Fsuperchute.com%2Fwp-content%2Fuploads%2F2023%2F07%2F1.jpg&amp;h=198&amp;w=198&amp;q=90&amp;f=.jpg\" alt=\"1\" width=\"198\" height=\"198\" \/><\/a><p class=\"jig-HTMLdescription\">1<\/p><\/li><li><a href=\"https:\/\/superchute.com\/wp-content\/uploads\/2023\/07\/2.jpg\" title=\"2\"><img loading=\"lazy\" decoding=\"async\" src=\"https:\/\/superchute.com\/wp-content\/plugins\/justified-image-grid\/timthumb.php?src=https%3A%2F%2Fsuperchute.com%2Fwp-content%2Fuploads%2F2023%2F07%2F2.jpg&amp;h=198&amp;w=198&amp;q=90&amp;f=.jpg\" alt=\"2\" width=\"198\" height=\"198\" \/><\/a><p class=\"jig-HTMLdescription\">2<\/p><\/li><\/ul><\/noscript><\/div>\r\n\r\n[\/vc_column_text][\/vc_column][\/vc_row][vc_row css_animation=\u00a0\u00bb\u00a0\u00bb row_type=\u00a0\u00bbrow\u00a0\u00bb use_row_as_full_screen_section=\u00a0\u00bbno\u00a0\u00bb type=\u00a0\u00bbfull_width\u00a0\u00bb angled_section=\u00a0\u00bbno\u00a0\u00bb text_align=\u00a0\u00bbleft\u00a0\u00bb background_image_as_pattern=\u00a0\u00bbwithout_pattern\u00a0\u00bb][vc_column]<div class=\"ult-spacer spacer-69e75aa974b9b\" data-id=\"69e75aa974b9b\" data-height=\"55\" data-height-mobile=\"55\" data-height-tab=\"55\" data-height-tab-portrait=\"\" data-height-mobile-landscape=\"\" style=\"clear:both;display:block;\"><\/div>[vc_text_separator title=\u00a0\u00bbMousqueton (sans \u0153illet)\u00a0\u00bb border=\u00a0\u00bbno\u00a0\u00bb background_color=\u00a0\u00bb#007a53&Prime;]<div class=\"ult-spacer spacer-69e75aa974bbe\" data-id=\"69e75aa974bbe\" data-height=\"20\" data-height-mobile=\"20\" data-height-tab=\"20\" data-height-tab-portrait=\"\" data-height-mobile-landscape=\"\" style=\"clear:both;display:block;\"><\/div>[\/vc_column][\/vc_row][vc_row css_animation=\u00a0\u00bb\u00a0\u00bb row_type=\u00a0\u00bbrow\u00a0\u00bb use_row_as_full_screen_section=\u00a0\u00bbno\u00a0\u00bb type=\u00a0\u00bbfull_width\u00a0\u00bb angled_section=\u00a0\u00bbno\u00a0\u00bb text_align=\u00a0\u00bbleft\u00a0\u00bb background_image_as_pattern=\u00a0\u00bbwithout_pattern\u00a0\u00bb css=\u00a0\u00bb.vc_custom_1431528190800{margin-top: 0px !important;padding-top: 10px !important;padding-bottom: 30px !important;}\u00a0\u00bb][vc_column][vc_column_text]\r\n<ul>\r\n \t<li>Tr\u00e8s pratique pour des t\u00e2ches sans charge lourde &#8211; comme l&rsquo;attachement de filet pour d\u00e9bris \u00e0 un c\u00e2ble de guide <span style=\"color: #007a53;\">\u2713<\/span><\/li>\r\n \t<li>Dimension pour des mousquetons l\u00e9gers : longueur 4\u2033 x 2\u2033 au point le plus large x 3\/8\u2033 dia. de la tige <span style=\"color: #007a53;\">\u2713<\/span><\/li>\r\n<\/ul>\r\n[\/vc_column_text]<div class=\"ult-spacer spacer-69e75aa974bda\" data-id=\"69e75aa974bda\" data-height=\"20\" data-height-mobile=\"20\" data-height-tab=\"20\" data-height-tab-portrait=\"\" data-height-mobile-landscape=\"\" style=\"clear:both;display:block;\"><\/div>[vc_column_text]\r\n\r\n<div id=\"jig2\" class=\"justified-image-grid jig-6ced936f18fecfea0d24aed5a7c91df7 jig-preset-global jig-source-wp-gallery\"><div class=\"jig-clearfix\"><\/div><noscript id=\"jig2-html\" class=\"justified-image-grid-html\" data-lazy-src=\"skiplazyload\" data-src=\"skipunveillazyload\"><ul><li><a href=\"https:\/\/superchute.com\/wp-content\/uploads\/2015\/04\/snaphook_noeye.jpg\" title=\"snaphook_noeye\"><img loading=\"lazy\" decoding=\"async\" src=\"https:\/\/superchute.com\/wp-content\/plugins\/justified-image-grid\/timthumb.php?src=https%3A%2F%2Fsuperchute.com%2Fwp-content%2Fuploads%2F2015%2F04%2Fsnaphook_noeye.jpg&amp;h=198&amp;w=198&amp;q=90&amp;f=.jpg\" alt=\"Snap Hook (no eye)\" width=\"198\" height=\"198\" \/><\/a><p class=\"jig-HTMLdescription\">Snap Hook (no eye)<br\/>snaphook_noeye<\/p><\/li><li><a href=\"https:\/\/superchute.com\/wp-content\/uploads\/2015\/04\/snaphook_blacknet_r.jpg\" title=\"snaphook_blacknet_r\"><img loading=\"lazy\" decoding=\"async\" src=\"https:\/\/superchute.com\/wp-content\/plugins\/justified-image-grid\/timthumb.php?src=https%3A%2F%2Fsuperchute.com%2Fwp-content%2Fuploads%2F2015%2F04%2Fsnaphook_blacknet_r.jpg&amp;h=198&amp;w=198&amp;q=90&amp;f=.jpg\" alt=\"Snap Hook (without eye) on  Black Scafnet\u00ae Panel\" width=\"198\" height=\"198\" \/><\/a><p class=\"jig-HTMLdescription\">Snap Hook (without eye) on  Black Scafnet\u00ae Panel<br\/>snaphook_blacknet_r<\/p><\/li><li><a href=\"https:\/\/superchute.com\/wp-content\/uploads\/2015\/04\/snaphook_blacknet_w.jpg\" title=\"snaphook_blacknet_w\"><img loading=\"lazy\" decoding=\"async\" src=\"https:\/\/superchute.com\/wp-content\/plugins\/justified-image-grid\/timthumb.php?src=https%3A%2F%2Fsuperchute.com%2Fwp-content%2Fuploads%2F2015%2F04%2Fsnaphook_blacknet_w.jpg&amp;h=198&amp;w=198&amp;q=90&amp;f=.jpg\" alt=\"Attachment of debris netting to a guide wire\" width=\"198\" height=\"198\" \/><\/a><p class=\"jig-HTMLdescription\">Attachment of debris netting to a guide wire<br\/>snaphook_blacknet_w<\/p><\/li><\/ul><\/noscript><\/div>\r\n\r\n[vc_column_text]<span style=\"color: #ff0000;\"><i class=\"fa fa-search-plus\"><\/i>\u00a0<\/span>[\/vc_column_text][\/vc_column][\/vc_row][vc_row css_animation=\u00a0\u00bb\u00a0\u00bb row_type=\u00a0\u00bbrow\u00a0\u00bb use_row_as_full_screen_section=\u00a0\u00bbno\u00a0\u00bb type=\u00a0\u00bbfull_width\u00a0\u00bb angled_section=\u00a0\u00bbno\u00a0\u00bb text_align=\u00a0\u00bbleft\u00a0\u00bb background_image_as_pattern=\u00a0\u00bbwithout_pattern\u00a0\u00bb][vc_column]<div class=\"ult-spacer spacer-69e75aa97591c\" data-id=\"69e75aa97591c\" data-height=\"55\" data-height-mobile=\"55\" data-height-tab=\"55\" data-height-tab-portrait=\"\" data-height-mobile-landscape=\"\" style=\"clear:both;display:block;\"><\/div>[vc_text_separator title=\u00a0\u00bbLiens rapides &amp; crochets\u00a0\u00bb border=\u00a0\u00bbno\u00a0\u00bb background_color=\u00a0\u00bb#007a53&Prime;]<div class=\"ult-spacer spacer-69e75aa97593e\" data-id=\"69e75aa97593e\" data-height=\"20\" data-height-mobile=\"20\" data-height-tab=\"20\" data-height-tab-portrait=\"\" data-height-mobile-landscape=\"\" style=\"clear:both;display:block;\"><\/div>[\/vc_column][\/vc_row][vc_row css_animation=\u00a0\u00bb\u00a0\u00bb row_type=\u00a0\u00bbrow\u00a0\u00bb use_row_as_full_screen_section=\u00a0\u00bbno\u00a0\u00bb type=\u00a0\u00bbfull_width\u00a0\u00bb angled_section=\u00a0\u00bbno\u00a0\u00bb text_align=\u00a0\u00bbleft\u00a0\u00bb background_image_as_pattern=\u00a0\u00bbwithout_pattern\u00a0\u00bb css=\u00a0\u00bb.vc_custom_1431528190800{margin-top: 0px !important;padding-top: 10px !important;padding-bottom: 30px !important;}\u00a0\u00bb][vc_column][vc_column_text]Premi\u00e8re photo : Filet \u00e0 haute r\u00e9sistance avec un ourlet cousu, une toile \u00e0 sangles similaire aux ceintures et des \u0153illets en laiton connect\u00e9s \u00e0 un c\u00e2ble avec des liens rapides.\u00a0 <span style=\"color: #007a53;\">\u2713<\/span>\r\n\r\nDeuxi\u00e8me photo : Filet \u00e0 haute r\u00e9sistance avec des boutonni\u00e8res tricot\u00e9es renforc\u00e9es et connect\u00e9es \u00e0 un c\u00e2ble avec des liens rapides.\u00a0 <span style=\"color: #007a53;\">\u2713<\/span>[\/vc_column_text]<div class=\"ult-spacer spacer-69e75aa97595a\" data-id=\"69e75aa97595a\" data-height=\"20\" data-height-mobile=\"20\" data-height-tab=\"20\" data-height-tab-portrait=\"\" data-height-mobile-landscape=\"\" style=\"clear:both;display:block;\"><\/div>[vc_column_text]\r\n\r\n\r\n\r\n[vc_column_text]<span style=\"color: #ff0000;\"><i class=\"fa fa-search-plus\"><\/i>\u00a0<\/span>[\/vc_column_text][\/vc_column][\/vc_row]<\/div>","protected":false},"excerpt":{"rendered":"<p>[vc_row css_animation=\u00a0\u00bb\u00a0\u00bb row_type=\u00a0\u00bbrow\u00a0\u00bb use_row_as_full_screen_section=\u00a0\u00bbno\u00a0\u00bb type=\u00a0\u00bbfull_width\u00a0\u00bb angled_section=\u00a0\u00bbno\u00a0\u00bb text_align=\u00a0\u00bbleft\u00a0\u00bb background_image_as_pattern=\u00a0\u00bbwithout_pattern\u00a0\u00bb css=\u00a0\u00bb.vc_custom_1435843296453{margin-top: 0px !important;padding-top: 10px !important;padding-bottom: 30px !important;}\u00a0\u00bb][vc_column width=\u00a0\u00bb1\/2&Prime;][vc_column_text] Mousquetons l\u00e9gers Les mousquetons en alliage Superchute\u00ae ne sont pas class\u00e9s ou destin\u00e9s pour tirer ou pour soulever.[\/vc_column_text][\/vc_column][vc_column width=\u00a0\u00bb1\/2&Prime;][vc_column_text] [\/vc_column_text][\/vc_column][\/vc_row][vc_row css_animation=\u00a0\u00bb\u00a0\u00bb row_type=\u00a0\u00bbrow\u00a0\u00bb use_row_as_full_screen_section=\u00a0\u00bbno\u00a0\u00bb type=\u00a0\u00bbfull_width\u00a0\u00bb angled_section=\u00a0\u00bbno\u00a0\u00bb text_align=\u00a0\u00bbleft\u00a0\u00bb background_image_as_pattern=\u00a0\u00bbwithout_pattern\u00a0\u00bb][vc_column][vc_text_separator title=\u00a0\u00bbMousqueton (avec&#8230;<\/p>\n","protected":false},"author":7,"featured_media":0,"parent":23066,"menu_order":5,"comment_status":"open","ping_status":"open","template":"","meta":{"_seopress_robots_primary_cat":"","_seopress_titles_title":"","_seopress_titles_desc":"","_seopress_robots_index":"","inline_featured_image":false,"footnotes":""},"class_list":["post-23392","page","type-page","status-publish","hentry"],"_links":{"self":[{"href":"https:\/\/superchute.com\/fr\/wp-json\/wp\/v2\/pages\/23392","targetHints":{"allow":["GET"]}}],"collection":[{"href":"https:\/\/superchute.com\/fr\/wp-json\/wp\/v2\/pages"}],"about":[{"href":"https:\/\/superchute.com\/fr\/wp-json\/wp\/v2\/types\/page"}],"author":[{"embeddable":true,"href":"https:\/\/superchute.com\/fr\/wp-json\/wp\/v2\/users\/7"}],"replies":[{"embeddable":true,"href":"https:\/\/superchute.com\/fr\/wp-json\/wp\/v2\/comments?post=23392"}],"version-history":[{"count":0,"href":"https:\/\/superchute.com\/fr\/wp-json\/wp\/v2\/pages\/23392\/revisions"}],"up":[{"embeddable":true,"href":"https:\/\/superchute.com\/fr\/wp-json\/wp\/v2\/pages\/23066"}],"wp:attachment":[{"href":"https:\/\/superchute.com\/fr\/wp-json\/wp\/v2\/media?parent=23392"}],"curies":[{"name":"wp","href":"https:\/\/api.w.org\/{rel}","templated":true}]}}