{"id":23387,"date":"2015-04-07T13:30:33","date_gmt":"2015-04-07T17:30:33","guid":{"rendered":"https:\/\/superchute.com\/fr\/filets-construction\/deck-discs\/"},"modified":"2020-07-27T17:37:16","modified_gmt":"2020-07-27T21:37:16","slug":"disques-plateforme","status":"publish","type":"page","link":"https:\/\/superchute.com\/fr\/filets-construction\/disques-plateforme\/","title":{"rendered":"Disques pour une plateforme"},"content":{"rendered":"<div class=\"wpb-content-wrapper\">[vc_row css_animation=\u00a0\u00bb\u00a0\u00bb row_type=\u00a0\u00bbrow\u00a0\u00bb use_row_as_full_screen_section=\u00a0\u00bbno\u00a0\u00bb type=\u00a0\u00bbfull_width\u00a0\u00bb angled_section=\u00a0\u00bbno\u00a0\u00bb text_align=\u00a0\u00bbleft\u00a0\u00bb background_image_as_pattern=\u00a0\u00bbwithout_pattern\u00a0\u00bb css=\u00a0\u00bb.vc_custom_1435843296453{margin-top: 0px !important;padding-top: 10px !important;padding-bottom: 30px !important;}\u00a0\u00bb][vc_column width=\u00a0\u00bb1\/2&Prime;][vc_column_text]\r\n<h3><span style=\"color: #007a53;\">Disques pour une plateforme<\/span><\/h3>\r\n[\/vc_column_text][vc_column_text]<strong>Disques larges et robustes pour ancrer le Scafnet\u00ae \u00e0 une surface stable.<\/strong>[\/vc_column_text]<div class=\"ult-spacer spacer-69f2a8f47deae\" data-id=\"69f2a8f47deae\" data-height=\"25\" data-height-mobile=\"25\" data-height-tab=\"25\" data-height-tab-portrait=\"\" data-height-mobile-landscape=\"\" style=\"clear:both;display:block;\"><\/div><a  itemprop=\"url\" href=\"https:\/\/superchute.com\/fr\/filets-construction\/devis\/\" target=\"_self\" data-hover-background-color=\"#4d4d4d\" data-hover-border-color=\"#4d4d4d\" data-hover-color=\"#ffffff\" class=\"qbutton  small default\" style=\"color: #ffffff; border-color: #4d4d4d; background-color:#4d4d4d;\">DEMANDER UN DEVIS<\/a>[\/vc_column][vc_column width=\u00a0\u00bb1\/2&Prime;][vc_column_text]\r\n[\/vc_column_text][\/vc_column][\/vc_row][vc_row css_animation=\u00a0\u00bb\u00a0\u00bb row_type=\u00a0\u00bbrow\u00a0\u00bb use_row_as_full_screen_section=\u00a0\u00bbno\u00a0\u00bb type=\u00a0\u00bbfull_width\u00a0\u00bb angled_section=\u00a0\u00bbno\u00a0\u00bb text_align=\u00a0\u00bbleft\u00a0\u00bb background_image_as_pattern=\u00a0\u00bbwithout_pattern\u00a0\u00bb css=\u00a0\u00bb.vc_custom_1431528190800{margin-top: 0px !important;padding-top: 10px !important;padding-bottom: 30px !important;}\u00a0\u00bb][vc_column]<div class=\"ult-spacer spacer-69f2a8f47e0cc\" data-id=\"69f2a8f47e0cc\" data-height=\"55\" data-height-mobile=\"55\" data-height-tab=\"55\" data-height-tab-portrait=\"\" data-height-mobile-landscape=\"\" style=\"clear:both;display:block;\"><\/div>[vc_tabs style=\u00a0\u00bbvertical_left\u00a0\u00bb][vc_tab title=\u00a0\u00bbVues\u00a0\u00bb tab_id=\u00a0\u00bbda338a19-458e-5&Prime;][vc_row_inner row_type=\u00a0\u00bbrow\u00a0\u00bb type=\u00a0\u00bbfull_width\u00a0\u00bb text_align=\u00a0\u00bbleft\u00a0\u00bb css_animation=\u00a0\u00bb\u00a0\u00bb][vc_column_inner width=\u00a0\u00bb1\/3&Prime;][vc_column_text]<a href=\"https:\/\/superchute.com\/wp-content\/uploads\/2015\/04\/scafdisk.jpg\" rel=\"attachment wp-att-17305\"><img loading=\"lazy\" decoding=\"async\" class=\"wp-image-17305 size-full aligncenter\" src=\"https:\/\/superchute.com\/wp-content\/uploads\/2015\/04\/scafdisk.jpg\" alt=\"\" width=\"240\" height=\"143\" \/><\/a>\r\n<p style=\"text-align: center;\">Partie sup\u00e9rieur<\/p>\r\n[\/vc_column_text][\/vc_column_inner][vc_column_inner width=\u00a0\u00bb1\/3&Prime;][vc_column_text]<img loading=\"lazy\" decoding=\"async\" class=\"aligncenter wp-image-17306 size-full\" src=\"https:\/\/superchute.com\/wp-content\/uploads\/2015\/04\/scafdisk2.jpg\" alt=\"\" width=\"240\" height=\"143\" \/>\r\n<p style=\"text-align: center;\">Partie inf\u00e9rieur avec des crochets \u00e0 \u0153il<\/p>\r\n[\/vc_column_text][\/vc_column_inner][vc_column_inner width=\u00a0\u00bb1\/3&Prime;][vc_column_text]<img loading=\"lazy\" decoding=\"async\" class=\"wp-image-17307 size-full aligncenter\" src=\"https:\/\/superchute.com\/wp-content\/uploads\/2015\/04\/scafdisk3.jpg\" alt=\"\" width=\"240\" height=\"25\" \/>\r\n<p style=\"text-align: center;\">C\u00f4t\u00e9<\/p>\r\n[\/vc_column_text][\/vc_column_inner][\/vc_row_inner][\/vc_tab][vc_tab title=\u00a0\u00bbSp\u00e9cifications\u00a0\u00bb tab_id=\u00a0\u00bb62434c06-e99c-10&Prime;][vc_table vc_table_theme=\u00a0\u00bbclassic\u00a0\u00bb allow_html=\u00a0\u00bb1&Prime;][align-left]Caract%C3%A9ristiques,[align-left]Description|[align-left]Diam%C3%A8tre,[align-left]3.5%22%20(88%20mm)|[align-left]Trou%20central,[align-left]11%2F32%22%20(0.34%22)|[align-left]Caract%C3%A9ristiques,[align-left]3%20anneaux%20concentriques%20avec%206%20crochets%20chacun%20(brevet%20d%C3%A9pos%C3%A9).%20Les%2018%20crochets%20s&rsquo;adh%C3%A8rent%20%C3%A0%20la%20membrane%20sans%20d%C3%A9chirures%20et%20ils%20sont%20plus%20maniables%20que%20des%20barbelures.%20Des%20c%C3%B4tes%20%C3%A9lev%C3%A9es%20et%20un%20centre%20extrud%C3%A9%20donnent%20une%20force%20augment%C3%A9e.|[align-left]Composition,[align-left]Acier%20Galvalume%20avec%20une%20haute%20force%20et%20un%20calibre%20de%2020%20(0.9%20mm)%20minimum%20AZ-50%20qui%20r%C3%A9pond%20aux%20crit%C3%A8res%20de%20corrosion%20Factory%20Mutual%204470.|[align-left]Emballage,[align-left]6%20seaux%20de%20un%20gallon%20(22.7%20litres)%20avec%20500%20pi%C3%A8ces%20dans%20chacun.%20Chaque%20%20seau%20p%C3%A8se%2052%20lb%20approx.%20(23.5%20kg).%20Possibilit%C3%A9%20de%20vendre%20individuellement.|[align-left]Support,[align-left]Nous%20pouvons%20aviser%20l&rsquo;installateur%20de%20la%20meilleur%20m%C3%A9thode%20d&rsquo;installation%20du%20disque%20pour%20une%20plateforme%20Superchute%C2%AE.[\/vc_table][\/vc_tab][vc_tab title=\u00a0\u00bbBrochure\u00a0\u00bb tab_id=\u00a0\u00bb1473948204669-2-3&Prime;][vc_column_text]\r\n<h5><a href=\"https:\/\/superchute.com\/brochures_\/brochure-netting-4sides-fr.pdf\" target=\"_blank\" rel=\"noopener noreferrer\"><img loading=\"lazy\" decoding=\"async\" class=\"alignleft wp-image-17519\" src=\"https:\/\/superchute.com\/wp-content\/uploads\/2015\/04\/brochure-netting-4sides-v2-1-233x300.jpg\" alt=\"brochure-netting-4sides-v2-1\" width=\"100\" height=\"129\" srcset=\"https:\/\/superchute.com\/wp-content\/uploads\/2015\/04\/brochure-netting-4sides-v2-1-233x300.jpg 233w, https:\/\/superchute.com\/wp-content\/uploads\/2015\/04\/brochure-netting-4sides-v2-1.jpg 630w\" sizes=\"auto, (max-width: 100px) 100vw, 100px\" \/><\/a><a href=\"https:\/\/superchute.com\/brochures_\/brochure-netting-4sides-fr.pdf\" target=\"_blank\" rel=\"noopener noreferrer\">Brochure des filets de construction<\/a><\/h5>\r\nVersion PDF<span class='q_social_icon_holder normal_social' data-color=#ff0000 data-hover-color=#4d4d4d><a itemprop='url' href='https:\/\/superchute.com\/brochures_\/brochure-netting-4sides-fr.pdf' target='_blank'><i class=\"qode_icon_font_awesome fa fa-file-pdf-o fa-lg simple_social\" style=\"color: #ff0000;\" ><\/i><\/a><\/span>[\/vc_column_text][\/vc_tab][\/vc_tabs]<div class=\"ult-spacer spacer-69f2a8f47e22f\" data-id=\"69f2a8f47e22f\" data-height=\"55\" data-height-mobile=\"55\" data-height-tab=\"55\" data-height-tab-portrait=\"\" data-height-mobile-landscape=\"\" style=\"clear:both;display:block;\"><\/div>[vc_text_separator title=\u00a0\u00bbVices\u00a0\u00bb border=\u00a0\u00bbno\u00a0\u00bb background_color=\u00a0\u00bb#007a53&Prime;]<div class=\"ult-spacer spacer-69f2a8f47e253\" data-id=\"69f2a8f47e253\" data-height=\"20\" data-height-mobile=\"20\" data-height-tab=\"20\" data-height-tab-portrait=\"\" data-height-mobile-landscape=\"\" style=\"clear:both;display:block;\"><\/div>[vc_tabs style=\u00a0\u00bbvertical_left\u00a0\u00bb][vc_tab title=\u00a0\u00bbVis d&rsquo;ancrage HILTI HUS-H\u00a0\u00bb tab_id=\u00a0\u00bba01ce658-db73-5&Prime;]<div class=\"image_with_text\"><img decoding=\"async\" itemprop=\"image\" src=\"https:\/\/superchute.com\/wp-content\/uploads\/2015\/04\/tapcon_hd.jpg\" alt=\"\" \/><h3  class=\"image_with_text_title\"><\/h3><span style=\"margin: 6px 0px;\" class=\"separator transparent\"><\/span><\/div>[vc_table vc_table_theme=\u00a0\u00bbclassic\u00a0\u00bb allow_html=\u00a0\u00bb1&Prime;][align-left],[align-left]Vis%20d&rsquo;ancrage%20HILTI%20HUS-H%20(Heavy%20Duty%20Fastener)|[align-left;b]T%C3%AAte,[align-left]Hexagonale|[align-left;b]Diam%C3%A8tre,[align-left]3%2F8%22|[align-left;b]Longueur,[align-left]2-1%2F8%22|[align-left;b]Charge%20ultime,[align-left]2%22%20implantation%20dans%204000%20psi%20de%20b%C3%A9ton%3A%20tension%204100%20lb%2C%20cisaillement%204475%20lb|[align-left;b]R%C3%A9utilisable,[align-left]Non%20(1%20usage)|[align-left;b]Code%20Hilti,[align-left]%E2%80%A2%20336686%20(1%20boite%20de%2050%20vis)%0A%E2%80%A2%20305618%20(12%20boites%20de%2050%20vis)|[align-left;b]Notes,[align-left]%E2%80%A2%20R%C3%A9sistance%20sup%C3%A9rieur%20%C3%A0%20la%20corrosion%2C%20240%20heures%20de%20pulv%C3%A9risation%20%C3%A0%20sel%0A%E2%80%A2%20Mat%C3%A9riaux%20de%20base%20ne%20seront%20pas%20abim%C3%A9s%20avec%20l&rsquo;enl%C3%A8vement%20ou%20le%20disque%0A%E2%80%A2%20Des%20filetages%20sont%20taraud%C3%A9s%20dans%20le%20mat%C3%A9riel%20de%20base%2C%20de%20b%C3%A9ton%2C%20de%20brique%20ou%20de%20bloque|[align-left;b]Forets,[align-left]%E2%80%A2%20Percer%20un%20trou%20de%205%2F16%22%20pr%C3%A9f%C3%A9rablement%20avec%20un%20marteau%20perforateur%20HILTI%20TE%206-S%0A%E2%80%A2%20M%C3%A8che%20recommand%C3%A9e%3A%20HILTI%20TE-C3X%205%2F16%22%20x%206%22%20bit%20(4%22%20utilisable)%0A%E2%80%A2%20Code%20pour%20une%20m%C3%A8che%20HILTI%3A%20206671%20(1%20m%C3%A8che)%20ou%20226968%20(6%20m%C3%A8ches)[\/vc_table][\/vc_tab][vc_tab title=\u00a0\u00bbVis Tapcon (fermeture l\u00e9g\u00e8re)\u00a0\u00bb tab_id=\u00a0\u00bb98d79d86-94d2-7&Prime;]<div class=\"image_with_text\"><img decoding=\"async\" itemprop=\"image\" src=\"https:\/\/superchute.com\/wp-content\/uploads\/2015\/04\/tapcon.jpg\" alt=\"\" \/><h3  class=\"image_with_text_title\"><\/h3><span style=\"margin: 6px 0px;\" class=\"separator transparent\"><\/span><\/div>[vc_table vc_table_theme=\u00a0\u00bbclassic\u00a0\u00bb allow_html=\u00a0\u00bb1&Prime;][align-left],[align-left]Vis%20Tapcon%20(fermeture%20l%C3%A9g%C3%A8re)|[align-left;b]T%C3%AAte,[align-left]T%C3%AAte%20hexagonale%20avec%20une%20fente|[align-left;b]Diam%C3%A8tre,[align-left]1%2F4%22|[align-left;b]Longueur%20utilisable,[align-left]1-1%2F4%22|[align-left;b]Charge%20ultime,[align-left]|[align-left;b]R%C3%A9utilisable,[align-left]Non%20(1%20usage)|[align-left;b]Code%20Hilti,[align-left]Vendu%20individuellement|[align-left;b]Notes,[align-left]%E2%80%A2%20R%C3%A9sistance%20sup%C3%A9rieur%20%C3%A0%20la%20corrosion%0A%E2%80%A2%20Ni%20le%20disque%20ou%20le%20mat%C3%A9riel%20de%20base%20seront%20endommag%C3%A9s%20apr%C3%A8s%20la%20s%C3%A9paration%0A%E2%80%A2%20Filetages%20taraud%C3%A9s%20dans%20le%20mat%C3%A9riel%20de%20base%2C%20le%20b%C3%A9ton%2C%20la%20brique%20ou%20le%20bloque|[align-left;b]M%C3%A8ches,[align-left]Percer%20un%20trou%20avec%20une%20m%C3%A8che%20pour%20la%20ma%C3%A7onnerie%203%2F16%E2%80%9D[\/vc_table][\/vc_tab][\/vc_tabs][vc_column_text]\r\n\r\n<a id=\"tremie\" class=\"anchor\"><\/a>\u00ad\r\n\r\n[\/vc_column_text][\/vc_column][\/vc_row]<\/div>","protected":false},"excerpt":{"rendered":"<p>[vc_row css_animation=\u00a0\u00bb\u00a0\u00bb row_type=\u00a0\u00bbrow\u00a0\u00bb use_row_as_full_screen_section=\u00a0\u00bbno\u00a0\u00bb type=\u00a0\u00bbfull_width\u00a0\u00bb angled_section=\u00a0\u00bbno\u00a0\u00bb text_align=\u00a0\u00bbleft\u00a0\u00bb background_image_as_pattern=\u00a0\u00bbwithout_pattern\u00a0\u00bb css=\u00a0\u00bb.vc_custom_1435843296453{margin-top: 0px !important;padding-top: 10px !important;padding-bottom: 30px !important;}\u00a0\u00bb][vc_column width=\u00a0\u00bb1\/2&Prime;][vc_column_text] Disques pour une plateforme [\/vc_column_text][vc_column_text]Disques larges et robustes pour ancrer le Scafnet\u00ae \u00e0 une surface stable.[\/vc_column_text][\/vc_column][vc_column width=\u00a0\u00bb1\/2&Prime;][vc_column_text] [\/vc_column_text][\/vc_column][\/vc_row][vc_row css_animation=\u00a0\u00bb\u00a0\u00bb row_type=\u00a0\u00bbrow\u00a0\u00bb use_row_as_full_screen_section=\u00a0\u00bbno\u00a0\u00bb type=\u00a0\u00bbfull_width\u00a0\u00bb angled_section=\u00a0\u00bbno\u00a0\u00bb text_align=\u00a0\u00bbleft\u00a0\u00bb background_image_as_pattern=\u00a0\u00bbwithout_pattern\u00a0\u00bb css=\u00a0\u00bb.vc_custom_1431528190800{margin-top: 0px !important;padding-top: 10px&#8230;<\/p>\n","protected":false},"author":7,"featured_media":0,"parent":23066,"menu_order":2,"comment_status":"open","ping_status":"open","template":"","meta":{"_seopress_robots_primary_cat":"","_seopress_titles_title":"","_seopress_titles_desc":"","_seopress_robots_index":"","inline_featured_image":false,"footnotes":""},"class_list":["post-23387","page","type-page","status-publish","hentry"],"_links":{"self":[{"href":"https:\/\/superchute.com\/fr\/wp-json\/wp\/v2\/pages\/23387","targetHints":{"allow":["GET"]}}],"collection":[{"href":"https:\/\/superchute.com\/fr\/wp-json\/wp\/v2\/pages"}],"about":[{"href":"https:\/\/superchute.com\/fr\/wp-json\/wp\/v2\/types\/page"}],"author":[{"embeddable":true,"href":"https:\/\/superchute.com\/fr\/wp-json\/wp\/v2\/users\/7"}],"replies":[{"embeddable":true,"href":"https:\/\/superchute.com\/fr\/wp-json\/wp\/v2\/comments?post=23387"}],"version-history":[{"count":0,"href":"https:\/\/superchute.com\/fr\/wp-json\/wp\/v2\/pages\/23387\/revisions"}],"up":[{"embeddable":true,"href":"https:\/\/superchute.com\/fr\/wp-json\/wp\/v2\/pages\/23066"}],"wp:attachment":[{"href":"https:\/\/superchute.com\/fr\/wp-json\/wp\/v2\/media?parent=23387"}],"curies":[{"name":"wp","href":"https:\/\/api.w.org\/{rel}","templated":true}]}}