{"id":23385,"date":"2015-11-26T14:10:01","date_gmt":"2015-11-26T19:10:01","guid":{"rendered":"https:\/\/superchute.com\/fr\/filets-construction\/quick-ties\/"},"modified":"2023-09-12T10:29:58","modified_gmt":"2023-09-12T14:29:58","slug":"attaches","status":"publish","type":"page","link":"https:\/\/superchute.com\/fr\/filets-construction\/attaches\/","title":{"rendered":"Attaches"},"content":{"rendered":"<div class=\"wpb-content-wrapper\">[vc_row css_animation=\u00a0\u00bb\u00a0\u00bb row_type=\u00a0\u00bbrow\u00a0\u00bb use_row_as_full_screen_section=\u00a0\u00bbno\u00a0\u00bb type=\u00a0\u00bbfull_width\u00a0\u00bb angled_section=\u00a0\u00bbno\u00a0\u00bb text_align=\u00a0\u00bbleft\u00a0\u00bb background_image_as_pattern=\u00a0\u00bbwithout_pattern\u00a0\u00bb css=\u00a0\u00bb.vc_custom_1435843296453{margin-top: 0px !important;padding-top: 10px !important;padding-bottom: 30px !important;}\u00a0\u00bb][vc_column width=\u00a0\u00bb1\/2&Prime;][vc_column_text]\r\n<h3><span style=\"color: #007a53;\">Attaches<\/span><\/h3>\r\n[\/vc_column_text][\/vc_column][vc_column width=\u00a0\u00bb1\/2&Prime;][vc_column_text]\r\n<p style=\"text-align: center;\"><img loading=\"lazy\" decoding=\"async\" class=\"aligncenter wp-image-17271 size-thumbnail\" src=\"https:\/\/superchute.com\/wp-content\/uploads\/2015\/04\/quick-tie-150x200.jpg\" alt=\"quick-tie\" width=\"150\" height=\"150\" \/><\/p>\r\n[\/vc_column_text][\/vc_column][\/vc_row][vc_row css_animation=\u00a0\u00bb\u00a0\u00bb row_type=\u00a0\u00bbrow\u00a0\u00bb use_row_as_full_screen_section=\u00a0\u00bbno\u00a0\u00bb type=\u00a0\u00bbfull_width\u00a0\u00bb angled_section=\u00a0\u00bbno\u00a0\u00bb text_align=\u00a0\u00bbleft\u00a0\u00bb background_image_as_pattern=\u00a0\u00bbwithout_pattern\u00a0\u00bb css=\u00a0\u00bb.vc_custom_1431528190800{margin-top: 0px !important;padding-top: 10px !important;padding-bottom: 30px !important;}\u00a0\u00bb][vc_column]<div class=\"ult-spacer spacer-69e739516ff2b\" data-id=\"69e739516ff2b\" data-height=\"20\" data-height-mobile=\"20\" data-height-tab=\"20\" data-height-tab-portrait=\"\" data-height-mobile-landscape=\"\" style=\"clear:both;display:block;\"><\/div>[vc_text_separator title=\u00a0\u00bbAttaches pour Scafnet\u00ae\u00a0\u00bb border=\u00a0\u00bbno\u00a0\u00bb background_color=\u00a0\u00bb#007a53&Prime;]<div class=\"ult-spacer spacer-69e739516ff6f\" data-id=\"69e739516ff6f\" data-height=\"20\" data-height-mobile=\"20\" data-height-tab=\"20\" data-height-tab-portrait=\"\" data-height-mobile-landscape=\"\" style=\"clear:both;display:block;\"><\/div>[vc_tabs style=\u00a0\u00bbvertical_left\u00a0\u00bb][vc_tab title=\u00a0\u00bbCaract\u00e9ristiques\u00a0\u00bb tab_id=\u00a0\u00bb8884f7b9-e9d5-8&Prime;][vc_column_text]\r\n<ul>\r\n \t<li>Utiliser les attaches pour joindre Scafnet\u00ae aux \u00e9chafaudages, aux clotures, aux structures d&rsquo;immeubles, etc. <span style=\"color: #007a53;\">\u2713<\/span><\/li>\r\n \t<li>Nous avons des attaches fortes r\u00e9utilisables ainsi que des attaches r\u00e9guli\u00e8res <span style=\"color: #007a53;\">\u2713<\/span><\/li>\r\n<\/ul>\r\n[\/vc_column_text]<div class=\"ult-spacer spacer-69e739516ff90\" data-id=\"69e739516ff90\" data-height=\"25\" data-height-mobile=\"25\" data-height-tab=\"25\" data-height-tab-portrait=\"\" data-height-mobile-landscape=\"\" style=\"clear:both;display:block;\"><\/div>[vc_column_text]\r\n\r\n<div id=\"jig1\" class=\"justified-image-grid jig-3c97803ffbd910547bca7fb69e708db8 jig-preset-global jig-source-wp-gallery\"><div class=\"jig-clearfix\"><\/div><noscript id=\"jig1-html\" class=\"justified-image-grid-html\" data-lazy-src=\"skiplazyload\" data-src=\"skipunveillazyload\"><ul><li><a href=\"https:\/\/superchute.com\/wp-content\/uploads\/2015\/04\/ties-bag.jpg\"><img loading=\"lazy\" decoding=\"async\" src=\"https:\/\/superchute.com\/wp-content\/plugins\/justified-image-grid\/timthumb.php?src=https%3A%2F%2Fsuperchute.com%2Fwp-content%2Fuploads%2F2015%2F04%2Fties-bag.jpg&amp;h=198&amp;w=198&amp;q=90&amp;f=.jpg\" alt=\"Scafnet\u00ae Cable Tie Bag\" width=\"198\" height=\"198\" \/><\/a><p class=\"jig-HTMLdescription\">Scafnet\u00ae Cable Tie Bag<\/p><\/li><li><a href=\"https:\/\/superchute.com\/wp-content\/uploads\/2015\/04\/tie_scaf01.jpg\" title=\"tie_scaf01\"><img loading=\"lazy\" decoding=\"async\" src=\"https:\/\/superchute.com\/wp-content\/plugins\/justified-image-grid\/timthumb.php?src=https%3A%2F%2Fsuperchute.com%2Fwp-content%2Fuploads%2F2015%2F04%2Ftie_scaf01.jpg&amp;h=198&amp;w=198&amp;q=90&amp;f=.jpg\" alt=\"Scafnet\u00ae Cable Tie Use\" width=\"198\" height=\"198\" \/><\/a><p class=\"jig-HTMLdescription\">Scafnet\u00ae Cable Tie Use<br\/>tie_scaf01<\/p><\/li><li><a href=\"https:\/\/superchute.com\/wp-content\/uploads\/2015\/04\/tie_scaf02.jpg\" title=\"tie_scaf02\"><img loading=\"lazy\" decoding=\"async\" src=\"https:\/\/superchute.com\/wp-content\/plugins\/justified-image-grid\/timthumb.php?src=https%3A%2F%2Fsuperchute.com%2Fwp-content%2Fuploads%2F2015%2F04%2Ftie_scaf02.jpg&amp;h=198&amp;w=198&amp;q=90&amp;f=.jpg\" alt=\"Scafnet\u00ae Cable Tie Use\" width=\"198\" height=\"198\" \/><\/a><p class=\"jig-HTMLdescription\">Scafnet\u00ae Cable Tie Use<br\/>tie_scaf02<\/p><\/li><li><a href=\"https:\/\/superchute.com\/wp-content\/uploads\/2015\/04\/tie_scaf04.jpg\" title=\"tie_scaf04\"><img loading=\"lazy\" decoding=\"async\" src=\"https:\/\/superchute.com\/wp-content\/plugins\/justified-image-grid\/timthumb.php?src=https%3A%2F%2Fsuperchute.com%2Fwp-content%2Fuploads%2F2015%2F04%2Ftie_scaf04.jpg&amp;h=198&amp;w=198&amp;q=90&amp;f=.jpg\" alt=\"Scafnet\u00ae Cable Tie Use\" width=\"198\" height=\"198\" \/><\/a><p class=\"jig-HTMLdescription\">Scafnet\u00ae Cable Tie Use<br\/>tie_scaf04<\/p><\/li><li><a href=\"https:\/\/superchute.com\/wp-content\/uploads\/2015\/04\/tie_scaf05.jpg\" title=\"tie_scaf05\"><img loading=\"lazy\" decoding=\"async\" src=\"https:\/\/superchute.com\/wp-content\/plugins\/justified-image-grid\/timthumb.php?src=https%3A%2F%2Fsuperchute.com%2Fwp-content%2Fuploads%2F2015%2F04%2Ftie_scaf05.jpg&amp;h=198&amp;w=198&amp;q=90&amp;f=.jpg\" alt=\"Scafnet\u00ae Cable Tie Use\" width=\"198\" height=\"198\" \/><\/a><p class=\"jig-HTMLdescription\">Scafnet\u00ae Cable Tie Use<br\/>tie_scaf05<\/p><\/li><li><a href=\"https:\/\/superchute.com\/wp-content\/uploads\/2015\/04\/tie_scaf06.jpg\" title=\"tie_scaf06\"><img loading=\"lazy\" decoding=\"async\" src=\"https:\/\/superchute.com\/wp-content\/plugins\/justified-image-grid\/timthumb.php?src=https%3A%2F%2Fsuperchute.com%2Fwp-content%2Fuploads%2F2015%2F04%2Ftie_scaf06.jpg&amp;h=198&amp;w=198&amp;q=90&amp;f=.jpg\" alt=\"Scafnet\u00ae Cable Tie Use\" width=\"198\" height=\"198\" \/><\/a><p class=\"jig-HTMLdescription\">Scafnet\u00ae Cable Tie Use<br\/>tie_scaf06<\/p><\/li><\/ul><\/noscript><\/div>\r\n\r\n[\/vc_column_text][vc_column_text]<span style=\"color: #ff0000;\"><i class=\"fa fa-search-plus\"><\/i>\u00a0<\/span>[\/vc_column_text][\/vc_tab][vc_tab title=\u00a0\u00bbSp\u00e9cifications\u00a0\u00bb tab_id=\u00a0\u00bb3b2a8a78-68a4-8&Prime;][vc_column_text]\r\n<ul>\r\n \t<li>Plus grande flexibilit\u00e9 et puissance pour l&rsquo;application dans des temp\u00e9ratures tr\u00e8s froides<\/li>\r\n \t<li>Haute r\u00e9sistance \u00e0 la traction avec une faible force d&rsquo;insertion<\/li>\r\n \t<li>Nylon noir anti-UV<\/li>\r\n \t<li>R\u00e9sistante \u00e0 la traction 120 lb; 534 Newtons<\/li>\r\n \t<li>Longueur 15.09 po (383.36 mm)<\/li>\r\n \t<li>Largeur 0.30 po (7.62 mm)<\/li>\r\n \t<li>\u00c9paisseur 0.07 po (1.93 mm)<\/li>\r\n \t<li>Diam\u00e8tre max du paquet : 4.06 po (103.12 mm)<\/li>\r\n \t<li>Diam\u00e8tre min du paquet :0.19 po (4.75 mm)<\/li>\r\n \t<li>Temp\u00e9rature de service max. \u00a0F: 149 C: 65<\/li>\r\n \t<li>Temp\u00e9rature de service min. F: -40 C: -40<\/li>\r\n \t<li>Temp\u00e9rature d&rsquo;installation min. F: -4 C: -20<\/li>\r\n \t<li>Class\u00e9 UL Type 11<\/li>\r\n \t<li>C\u00f4te d&rsquo;inflammabilit\u00e9 UL 94V-HB<\/li>\r\n \t<li>Compatible RoHs<\/li>\r\n<\/ul>\r\n[\/vc_column_text]<div class=\"ult-spacer spacer-69e7395171c9d\" data-id=\"69e7395171c9d\" data-height=\"20\" data-height-mobile=\"20\" data-height-tab=\"20\" data-height-tab-portrait=\"\" data-height-mobile-landscape=\"\" style=\"clear:both;display:block;\"><\/div>[vc_table vc_table_theme=\u00a0\u00bbclassic\u00a0\u00bb allow_html=\u00a0\u00bb1&Prime;][align-center]Type,R%C3%A9sistance%20%C3%A0%20la%20traction%20(lb),Longueur%20(po)|Attaches%20robustes%20par%20temps%20froid,120,15%0A%0A[\/vc_table][\/vc_tab][vc_tab title=\u00a0\u00bbBrochure\u00a0\u00bb tab_id=\u00a0\u00bb1473945890596-2-8&Prime;][vc_column_text]\r\n<h5><a href=\"https:\/\/superchute.com\/wp-content\/uploads\/2023\/08\/brochure-netting-4sides-fr.pdf\" target=\"_blank\" rel=\"noopener noreferrer\"><img loading=\"lazy\" decoding=\"async\" class=\"alignleft wp-image-17519\" src=\"https:\/\/superchute.com\/wp-content\/uploads\/2015\/04\/brochure-netting-4sides-v2-1-233x300.jpg\" alt=\"brochure-netting-4sides-v2-1\" width=\"100\" height=\"129\" srcset=\"https:\/\/superchute.com\/wp-content\/uploads\/2015\/04\/brochure-netting-4sides-v2-1-233x300.jpg 233w, https:\/\/superchute.com\/wp-content\/uploads\/2015\/04\/brochure-netting-4sides-v2-1.jpg 630w\" sizes=\"auto, (max-width: 100px) 100vw, 100px\" \/><\/a><a href=\"https:\/\/superchute.com\/wp-content\/uploads\/2023\/08\/brochure-netting-4sides-fr.pdf\" target=\"_blank\" rel=\"noopener noreferrer\">Brochure des filets de construction<\/a><\/h5>\r\nVersion PDF<span class='q_social_icon_holder normal_social' data-color=#ff0000 data-hover-color=#4d4d4d><a itemprop='url' href='https:\/\/superchute.com\/wp-content\/uploads\/2023\/08\/brochure-netting-4sides-fr.pdf' target='_blank'><i class=\"qode_icon_font_awesome fa fa-file-pdf-o fa-lg simple_social\" style=\"color: #ff0000;\" ><\/i><\/a><\/span>[\/vc_column_text][\/vc_tab][\/vc_tabs]<div class=\"ult-spacer spacer-69e7395171e93\" data-id=\"69e7395171e93\" data-height=\"55\" data-height-mobile=\"55\" data-height-tab=\"55\" data-height-tab-portrait=\"\" data-height-mobile-landscape=\"\" style=\"clear:both;display:block;\"><\/div>[vc_text_separator title=\u00a0\u00bbAttaches robustes r\u00e9utilisables\u00a0\u00bb border=\u00a0\u00bbno\u00a0\u00bb background_color=\u00a0\u00bb#007a53&Prime;]<div class=\"ult-spacer spacer-69e7395171eb6\" data-id=\"69e7395171eb6\" data-height=\"20\" data-height-mobile=\"20\" data-height-tab=\"20\" data-height-tab-portrait=\"\" data-height-mobile-landscape=\"\" style=\"clear:both;display:block;\"><\/div>[vc_row_inner row_type=\u00a0\u00bbrow\u00a0\u00bb type=\u00a0\u00bbfull_width\u00a0\u00bb text_align=\u00a0\u00bbleft\u00a0\u00bb css_animation=\u00a0\u00bb\u00a0\u00bb][vc_column_inner width=\u00a0\u00bb1\/3&Prime;][vc_column_text]<img loading=\"lazy\" decoding=\"async\" class=\"wp-image-17290 size-full alignleft\" src=\"https:\/\/superchute.com\/wp-content\/uploads\/2015\/04\/tiesscaf_b.jpg\" alt=\"\" width=\"197\" height=\"158\" \/>[\/vc_column_text][\/vc_column_inner][vc_column_inner width=\u00a0\u00bb1\/3&Prime;][vc_column_text]\r\n<ul>\r\n \t<li>S\u00e9parable &amp; r\u00e9utilisable<\/li>\r\n \t<li>Force min 250 lb<\/li>\r\n \t<li>9&Prime; long x 1\/2&Prime; large<\/li>\r\n \t<li>Diam\u00e8tre max du paquet : 2\u201d<\/li>\r\n \t<li>Nylon noir anti-UV<\/li>\r\n \t<li>25 attaches par sac<\/li>\r\n<\/ul>\r\n[\/vc_column_text][\/vc_column_inner][vc_column_inner width=\u00a0\u00bb1\/3&Prime;][\/vc_column_inner][\/vc_row_inner]<div class=\"ult-spacer spacer-69e7395171ed2\" data-id=\"69e7395171ed2\" data-height=\"55\" data-height-mobile=\"55\" data-height-tab=\"55\" data-height-tab-portrait=\"\" data-height-mobile-landscape=\"\" style=\"clear:both;display:block;\"><\/div>[vc_text_separator title=\u00a0\u00bbPince coupante\u00a0\u00bb border=\u00a0\u00bbno\u00a0\u00bb background_color=\u00a0\u00bb#007a53&Prime;]<div class=\"ult-spacer spacer-69e7395171eec\" data-id=\"69e7395171eec\" data-height=\"20\" data-height-mobile=\"20\" data-height-tab=\"20\" data-height-tab-portrait=\"\" data-height-mobile-landscape=\"\" style=\"clear:both;display:block;\"><\/div>[vc_column_text]<img loading=\"lazy\" decoding=\"async\" class=\"wp-image-17690 size-medium alignleft\" src=\"https:\/\/superchute.com\/wp-content\/uploads\/2015\/06\/tie-cutters-151x300.jpg\" alt=\"tie-cutters\" width=\"151\" height=\"300\" srcset=\"https:\/\/superchute.com\/wp-content\/uploads\/2015\/06\/tie-cutters-151x300.jpg 151w, https:\/\/superchute.com\/wp-content\/uploads\/2015\/06\/tie-cutters.jpg 302w\" sizes=\"auto, (max-width: 151px) 100vw, 151px\" \/>Utiliser des pinces coupantes pour enlever des attaches rapidement en toute s\u00e9curit\u00e9.[\/vc_column_text][vc_column_text]\r\n\r\n<a id=\"tremie\" class=\"anchor\"><\/a>\u00ad\r\n\r\n[\/vc_column_text][\/vc_column][\/vc_row]<\/div>","protected":false},"excerpt":{"rendered":"<p>[vc_row css_animation=\u00a0\u00bb\u00a0\u00bb row_type=\u00a0\u00bbrow\u00a0\u00bb use_row_as_full_screen_section=\u00a0\u00bbno\u00a0\u00bb type=\u00a0\u00bbfull_width\u00a0\u00bb angled_section=\u00a0\u00bbno\u00a0\u00bb text_align=\u00a0\u00bbleft\u00a0\u00bb background_image_as_pattern=\u00a0\u00bbwithout_pattern\u00a0\u00bb css=\u00a0\u00bb.vc_custom_1435843296453{margin-top: 0px !important;padding-top: 10px !important;padding-bottom: 30px !important;}\u00a0\u00bb][vc_column width=\u00a0\u00bb1\/2&Prime;][vc_column_text] Attaches [\/vc_column_text][\/vc_column][vc_column width=\u00a0\u00bb1\/2&Prime;][vc_column_text] [\/vc_column_text][\/vc_column][\/vc_row][vc_row css_animation=\u00a0\u00bb\u00a0\u00bb row_type=\u00a0\u00bbrow\u00a0\u00bb use_row_as_full_screen_section=\u00a0\u00bbno\u00a0\u00bb type=\u00a0\u00bbfull_width\u00a0\u00bb angled_section=\u00a0\u00bbno\u00a0\u00bb text_align=\u00a0\u00bbleft\u00a0\u00bb background_image_as_pattern=\u00a0\u00bbwithout_pattern\u00a0\u00bb css=\u00a0\u00bb.vc_custom_1431528190800{margin-top: 0px !important;padding-top: 10px !important;padding-bottom: 30px !important;}\u00a0\u00bb][vc_column][vc_text_separator title=\u00a0\u00bbAttaches pour Scafnet\u00ae\u00a0\u00bb border=\u00a0\u00bbno\u00a0\u00bb background_color=\u00a0\u00bb#007a53&Prime;][vc_tabs style=\u00a0\u00bbvertical_left\u00a0\u00bb][vc_tab title=\u00a0\u00bbCaract\u00e9ristiques\u00a0\u00bb tab_id=\u00a0\u00bb8884f7b9-e9d5-8&Prime;][vc_column_text] Utiliser les attaches&#8230;<\/p>\n","protected":false},"author":7,"featured_media":0,"parent":23066,"menu_order":1,"comment_status":"open","ping_status":"closed","template":"","meta":{"_seopress_robots_primary_cat":"","_seopress_titles_title":"","_seopress_titles_desc":"","_seopress_robots_index":"","inline_featured_image":false,"footnotes":""},"class_list":["post-23385","page","type-page","status-publish","hentry"],"_links":{"self":[{"href":"https:\/\/superchute.com\/fr\/wp-json\/wp\/v2\/pages\/23385","targetHints":{"allow":["GET"]}}],"collection":[{"href":"https:\/\/superchute.com\/fr\/wp-json\/wp\/v2\/pages"}],"about":[{"href":"https:\/\/superchute.com\/fr\/wp-json\/wp\/v2\/types\/page"}],"author":[{"embeddable":true,"href":"https:\/\/superchute.com\/fr\/wp-json\/wp\/v2\/users\/7"}],"replies":[{"embeddable":true,"href":"https:\/\/superchute.com\/fr\/wp-json\/wp\/v2\/comments?post=23385"}],"version-history":[{"count":1,"href":"https:\/\/superchute.com\/fr\/wp-json\/wp\/v2\/pages\/23385\/revisions"}],"predecessor-version":[{"id":44319,"href":"https:\/\/superchute.com\/fr\/wp-json\/wp\/v2\/pages\/23385\/revisions\/44319"}],"up":[{"embeddable":true,"href":"https:\/\/superchute.com\/fr\/wp-json\/wp\/v2\/pages\/23066"}],"wp:attachment":[{"href":"https:\/\/superchute.com\/fr\/wp-json\/wp\/v2\/media?parent=23385"}],"curies":[{"name":"wp","href":"https:\/\/api.w.org\/{rel}","templated":true}]}}