{"id":23361,"date":"2015-04-23T13:55:18","date_gmt":"2015-04-23T08:43:11","guid":{"rendered":"https:\/\/superchute.com\/fr\/filets-construction\/vinyl-tarp\/"},"modified":"2020-07-28T15:38:03","modified_gmt":"2020-07-28T19:38:03","slug":"baches-vinyle","status":"publish","type":"page","link":"https:\/\/superchute.com\/fr\/filets-construction\/baches-vinyle\/","title":{"rendered":"B\u00e2ches en vinyle"},"content":{"rendered":"<div class=\"wpb-content-wrapper\">[vc_row css_animation=\u00a0\u00bb\u00a0\u00bb row_type=\u00a0\u00bbrow\u00a0\u00bb use_row_as_full_screen_section=\u00a0\u00bbno\u00a0\u00bb type=\u00a0\u00bbfull_width\u00a0\u00bb angled_section=\u00a0\u00bbno\u00a0\u00bb text_align=\u00a0\u00bbleft\u00a0\u00bb background_image_as_pattern=\u00a0\u00bbwithout_pattern\u00a0\u00bb css=\u00a0\u00bb.vc_custom_1435843296453{margin-top: 0px !important;padding-top: 10px !important;padding-bottom: 30px !important;}\u00a0\u00bb][vc_column width=\u00a0\u00bb1\/2&Prime;][vc_column_text]\r\n<h3><span style=\"color: #007a53;\">B\u00e2ches en vinyle<\/span><\/h3>\r\n[\/vc_column_text]<div class=\"ult-spacer spacer-6a0358df71386\" data-id=\"6a0358df71386\" data-height=\"25\" data-height-mobile=\"25\" data-height-tab=\"25\" data-height-tab-portrait=\"\" data-height-mobile-landscape=\"\" style=\"clear:both;display:block;\"><\/div><a  itemprop=\"url\" href=\"https:\/\/superchute.com\/fr\/filets-construction\/devis\/\" target=\"_self\" data-hover-background-color=\"#4d4d4d\" data-hover-border-color=\"#4d4d4d\" data-hover-color=\"#ffffff\" class=\"qbutton  small default\" style=\"color: #ffffff; border-color: #4d4d4d; background-color:#4d4d4d;\">DEMANDER UN DEVIS<\/a>[\/vc_column][vc_column width=\u00a0\u00bb1\/2&Prime;][vc_column_text]\r\n<p style=\"text-align: center;\"><img loading=\"lazy\" decoding=\"async\" class=\" size-full wp-image-17243 aligncenter\" src=\"https:\/\/superchute.com\/wp-content\/uploads\/2015\/04\/whitetharp1.jpg\" alt=\"Superchute\u00ae Vinyl Tarp\" width=\"200\" height=\"200\" srcset=\"https:\/\/superchute.com\/wp-content\/uploads\/2015\/04\/whitetharp1.jpg 200w, https:\/\/superchute.com\/wp-content\/uploads\/2015\/04\/whitetharp1-150x150.jpg 150w\" sizes=\"auto, (max-width: 200px) 100vw, 200px\" \/><\/p>\r\n[\/vc_column_text][\/vc_column][\/vc_row][vc_row css_animation=\u00a0\u00bb\u00a0\u00bb row_type=\u00a0\u00bbrow\u00a0\u00bb use_row_as_full_screen_section=\u00a0\u00bbno\u00a0\u00bb type=\u00a0\u00bbfull_width\u00a0\u00bb angled_section=\u00a0\u00bbno\u00a0\u00bb text_align=\u00a0\u00bbleft\u00a0\u00bb background_image_as_pattern=\u00a0\u00bbwithout_pattern\u00a0\u00bb][vc_column][vc_tabs style=\u00a0\u00bbvertical_left\u00a0\u00bb][vc_tab title=\u00a0\u00bbCaract\u00e9ristiques\u00a0\u00bb tab_id=\u00a0\u00bbc15a9747-c0fa-6&Prime;][vc_column_text]\r\n<ul>\r\n \t<li>B\u00e2ches imperm\u00e9ables\u00a0<span style=\"color: #007a53;\">\u2713<\/span><\/li>\r\n \t<li>B\u00e2ches solides fabriqu\u00e9es selon vos sp\u00e9cifications\u00a0<span style=\"color: #007a53;\">\u2713<\/span><\/li>\r\n \t<li>Toutes les dimensions sont pour vos besoins <span style=\"color: #007a53;\">\u2713<\/span><\/li>\r\n \t<li>Plusieurs poids et plusieurs couleurs sont disponibles <span style=\"color: #007a53;\">\u2713<\/span><\/li>\r\n \t<li>Panneaux avec des \u0153illets en laiton de haute qualit\u00e9 <span style=\"color: #007a53;\">\u2713<\/span><\/li>\r\n \t<li>Ourlage qui ressemble au patron d&rsquo;une ceinture de s\u00e9curit\u00e9 pour une r\u00e9sistance sup\u00e9rieur\u00a0<span style=\"color: #007a53;\">\u2713<\/span><\/li>\r\n \t<li>Des crochets, des manilles ou d&rsquo;autre mat\u00e9riel de gr\u00e9ement peuvent \u00eatre incorpor\u00e9s dans les panneaux <span style=\"color: #007a53;\">\u2713<\/span><\/li>\r\n \t<li>Aucune commande minimale\u00a0<span style=\"color: #007a53;\">\u2713<\/span><\/li>\r\n \t<li>Vinyle retardateur de flamme de haute qualit\u00e9 fabriqu\u00e9 au Canada\u00a0<span style=\"color: #007a53;\">\u2713<\/span><\/li>\r\n<\/ul>\r\n[\/vc_column_text][\/vc_tab][vc_tab title=\u00a0\u00bbBrochure\u00a0\u00bb tab_id=\u00a0\u00bb1473192421208-2-8&Prime;][vc_column_text]\r\n<h5><a href=\"https:\/\/superchute.com\/brochures_\/brochure-netting-4sides-fr.pdf\" target=\"_blank\" rel=\"noopener noreferrer\"><img loading=\"lazy\" decoding=\"async\" class=\"alignleft wp-image-17519\" src=\"https:\/\/superchute.com\/wp-content\/uploads\/2015\/04\/brochure-netting-4sides-v2-1-233x300.jpg\" alt=\"brochure-netting-4sides-v2-1\" width=\"100\" height=\"129\" srcset=\"https:\/\/superchute.com\/wp-content\/uploads\/2015\/04\/brochure-netting-4sides-v2-1-233x300.jpg 233w, https:\/\/superchute.com\/wp-content\/uploads\/2015\/04\/brochure-netting-4sides-v2-1.jpg 630w\" sizes=\"auto, (max-width: 100px) 100vw, 100px\" \/><\/a><a href=\"https:\/\/superchute.com\/brochures_\/brochure-netting-4sides-fr.pdf\" target=\"_blank\" rel=\"noopener noreferrer\">Brochure des filets de construction<\/a><\/h5>\r\nVersion PDF<span class='q_social_icon_holder normal_social' data-color=#ff0000 data-hover-color=#4d4d4d><a itemprop='url' href='https:\/\/superchute.com\/brochures_\/brochure-netting-4sides-fr.pdf' target='_blank'><i class=\"qode_icon_font_awesome fa fa-file-pdf-o fa-lg simple_social\" style=\"color: #ff0000;\" ><\/i><\/a><\/span>[\/vc_column_text][\/vc_tab][\/vc_tabs][\/vc_column][\/vc_row][vc_row css_animation=\u00a0\u00bb\u00a0\u00bb row_type=\u00a0\u00bbrow\u00a0\u00bb use_row_as_full_screen_section=\u00a0\u00bbno\u00a0\u00bb type=\u00a0\u00bbfull_width\u00a0\u00bb angled_section=\u00a0\u00bbno\u00a0\u00bb text_align=\u00a0\u00bbleft\u00a0\u00bb background_image_as_pattern=\u00a0\u00bbwithout_pattern\u00a0\u00bb][vc_column]<div class=\"ult-spacer spacer-6a0358df7161f\" data-id=\"6a0358df7161f\" data-height=\"35\" data-height-mobile=\"35\" data-height-tab=\"35\" data-height-tab-portrait=\"\" data-height-mobile-landscape=\"\" style=\"clear:both;display:block;\"><\/div>[\/vc_column][\/vc_row]<\/div>","protected":false},"excerpt":{"rendered":"<p>[vc_row css_animation=\u00a0\u00bb\u00a0\u00bb row_type=\u00a0\u00bbrow\u00a0\u00bb use_row_as_full_screen_section=\u00a0\u00bbno\u00a0\u00bb type=\u00a0\u00bbfull_width\u00a0\u00bb angled_section=\u00a0\u00bbno\u00a0\u00bb text_align=\u00a0\u00bbleft\u00a0\u00bb background_image_as_pattern=\u00a0\u00bbwithout_pattern\u00a0\u00bb css=\u00a0\u00bb.vc_custom_1435843296453{margin-top: 0px !important;padding-top: 10px !important;padding-bottom: 30px !important;}\u00a0\u00bb][vc_column width=\u00a0\u00bb1\/2&Prime;][vc_column_text] B\u00e2ches en vinyle [\/vc_column_text][\/vc_column][vc_column width=\u00a0\u00bb1\/2&Prime;][vc_column_text] [\/vc_column_text][\/vc_column][\/vc_row][vc_row css_animation=\u00a0\u00bb\u00a0\u00bb row_type=\u00a0\u00bbrow\u00a0\u00bb use_row_as_full_screen_section=\u00a0\u00bbno\u00a0\u00bb type=\u00a0\u00bbfull_width\u00a0\u00bb angled_section=\u00a0\u00bbno\u00a0\u00bb text_align=\u00a0\u00bbleft\u00a0\u00bb background_image_as_pattern=\u00a0\u00bbwithout_pattern\u00a0\u00bb][vc_column][vc_tabs style=\u00a0\u00bbvertical_left\u00a0\u00bb][vc_tab title=\u00a0\u00bbCaract\u00e9ristiques\u00a0\u00bb tab_id=\u00a0\u00bbc15a9747-c0fa-6&Prime;][vc_column_text] B\u00e2ches imperm\u00e9ables\u00a0\u2713 B\u00e2ches solides fabriqu\u00e9es selon vos sp\u00e9cifications\u00a0\u2713 Toutes les dimensions sont pour&#8230;<\/p>\n","protected":false},"author":7,"featured_media":0,"parent":23066,"menu_order":0,"comment_status":"open","ping_status":"closed","template":"","meta":{"_seopress_robots_primary_cat":"","_seopress_titles_title":"","_seopress_titles_desc":"","_seopress_robots_index":"","inline_featured_image":false,"footnotes":""},"class_list":["post-23361","page","type-page","status-publish","hentry"],"_links":{"self":[{"href":"https:\/\/superchute.com\/fr\/wp-json\/wp\/v2\/pages\/23361","targetHints":{"allow":["GET"]}}],"collection":[{"href":"https:\/\/superchute.com\/fr\/wp-json\/wp\/v2\/pages"}],"about":[{"href":"https:\/\/superchute.com\/fr\/wp-json\/wp\/v2\/types\/page"}],"author":[{"embeddable":true,"href":"https:\/\/superchute.com\/fr\/wp-json\/wp\/v2\/users\/7"}],"replies":[{"embeddable":true,"href":"https:\/\/superchute.com\/fr\/wp-json\/wp\/v2\/comments?post=23361"}],"version-history":[{"count":0,"href":"https:\/\/superchute.com\/fr\/wp-json\/wp\/v2\/pages\/23361\/revisions"}],"up":[{"embeddable":true,"href":"https:\/\/superchute.com\/fr\/wp-json\/wp\/v2\/pages\/23066"}],"wp:attachment":[{"href":"https:\/\/superchute.com\/fr\/wp-json\/wp\/v2\/media?parent=23361"}],"curies":[{"name":"wp","href":"https:\/\/api.w.org\/{rel}","templated":true}]}}