{"id":23356,"date":"2015-04-23T13:52:11","date_gmt":"2015-04-23T08:43:11","guid":{"rendered":"https:\/\/superchute.com\/fr\/filets-construction\/custom-panel\/"},"modified":"2023-09-06T10:42:05","modified_gmt":"2023-09-06T14:42:05","slug":"panneaux-personnalises","status":"publish","type":"page","link":"https:\/\/superchute.com\/fr\/filets-construction\/panneaux-personnalises\/","title":{"rendered":"Panneaux cousus"},"content":{"rendered":"<div class=\"wpb-content-wrapper\">[vc_row css_animation=\u00a0\u00bb\u00a0\u00bb row_type=\u00a0\u00bbrow\u00a0\u00bb use_row_as_full_screen_section=\u00a0\u00bbno\u00a0\u00bb type=\u00a0\u00bbfull_width\u00a0\u00bb angled_section=\u00a0\u00bbno\u00a0\u00bb text_align=\u00a0\u00bbleft\u00a0\u00bb background_image_as_pattern=\u00a0\u00bbwithout_pattern\u00a0\u00bb css=\u00a0\u00bb.vc_custom_1435843296453{margin-top: 0px !important;padding-top: 10px !important;padding-bottom: 30px !important;}\u00a0\u00bb][vc_column width=\u00a0\u00bb1\/2&Prime;][vc_column_text]\r\n<h3><span style=\"color: #007a53;\">Panneaux personnalis\u00e9s Scafnet\u00ae<\/span><\/h3>\r\n[\/vc_column_text][vc_column_text]<strong>Superchute\u00ae<sup>\u00a0<\/sup>peut pr\u00e9parer une vari\u00e9t\u00e9 de panneaux Scafnet\u00ae avec une fermeture des bordures et avec des \u0153illets en laiton de haute qualit\u00e9.<\/strong>[\/vc_column_text]<div class=\"ult-spacer spacer-69f4df8ef271f\" data-id=\"69f4df8ef271f\" data-height=\"25\" data-height-mobile=\"25\" data-height-tab=\"25\" data-height-tab-portrait=\"\" data-height-mobile-landscape=\"\" style=\"clear:both;display:block;\"><\/div>[vc_column_text]<a href=\"https:\/\/superchute.com\/wp-content\/uploads\/2023\/08\/brochure-netting-4sides-fr.pdf\" target=\"_blank\" rel=\"noopener\"><span style=\"color: #db4405;\">Broc<\/span><span style=\"color: #db4405;\">hure<\/span><span style=\"color: #db4405;\"> des filets de construction (PDF)<\/span><\/a><span class='q_social_icon_holder normal_social' data-color=#ff0000 data-hover-color=#4d4d4d><a itemprop='url' href='https:\/\/superchute.com\/wp-content\/uploads\/2023\/08\/brochure-netting-4sides-fr.pdf' target='_blank'><i class=\"qode_icon_font_awesome fa fa-file-pdf-o fa-lg simple_social\" style=\"color: #ff0000;\" ><\/i><\/a><\/span>[\/vc_column_text]<div class=\"ult-spacer spacer-69f4df8ef289a\" data-id=\"69f4df8ef289a\" data-height=\"55\" data-height-mobile=\"55\" data-height-tab=\"55\" data-height-tab-portrait=\"\" data-height-mobile-landscape=\"\" style=\"clear:both;display:block;\"><\/div><a  itemprop=\"url\" href=\"https:\/\/superchute.com\/fr\/filets-construction\/devis\/\" target=\"_self\" data-hover-background-color=\"#4d4d4d\" data-hover-border-color=\"#4d4d4d\" data-hover-color=\"#ffffff\" class=\"qbutton  small default\" style=\"color: #ffffff; border-color: #4d4d4d; background-color:#4d4d4d;\">DEMANDER UN DEVIS<\/a>[\/vc_column][vc_column width=\u00a0\u00bb1\/2&Prime;][vc_column_text]\r\n<p style=\"text-align: center;\"><img loading=\"lazy\" decoding=\"async\" class=\"alignleft size-full wp-image-17208\" src=\"https:\/\/superchute.com\/wp-content\/uploads\/2015\/04\/hart-lrg.jpg\" alt=\"hart-lrg\" width=\"350\" height=\"220\" srcset=\"https:\/\/superchute.com\/wp-content\/uploads\/2015\/04\/hart-lrg.jpg 350w, https:\/\/superchute.com\/wp-content\/uploads\/2015\/04\/hart-lrg-300x189.jpg 300w\" sizes=\"auto, (max-width: 350px) 100vw, 350px\" \/><\/p>\r\n[\/vc_column_text][\/vc_column][\/vc_row][vc_row css_animation=\u00a0\u00bb\u00a0\u00bb row_type=\u00a0\u00bbrow\u00a0\u00bb use_row_as_full_screen_section=\u00a0\u00bbno\u00a0\u00bb type=\u00a0\u00bbfull_width\u00a0\u00bb angled_section=\u00a0\u00bbno\u00a0\u00bb text_align=\u00a0\u00bbleft\u00a0\u00bb background_image_as_pattern=\u00a0\u00bbwithout_pattern\u00a0\u00bb][vc_column][vc_tabs style=\u00a0\u00bbvertical_left\u00a0\u00bb][vc_tab title=\u00a0\u00bbOeillets pour des panneaux Scafnet\u00ae sur mesure\u00a0\u00bb tab_id=\u00a0\u00bbb1c21c2d-9197-7&Prime;][vc_column_text]\r\n\r\n<div id=\"jig1\" class=\"justified-image-grid jig-47d0f68a30dbbfbd4d62eae579270af5 jig-preset-global jig-source-wp-gallery\"><div class=\"jig-clearfix\"><\/div><noscript id=\"jig1-html\" class=\"justified-image-grid-html\" data-lazy-src=\"skiplazyload\" data-src=\"skipunveillazyload\"><ul><li><a href=\"https:\/\/superchute.com\/wp-content\/uploads\/2015\/04\/scaf_grom11.jpg\" title=\"scaf_grom11\"><img loading=\"lazy\" decoding=\"async\" src=\"https:\/\/superchute.com\/wp-content\/plugins\/justified-image-grid\/timthumb.php?src=https%3A%2F%2Fsuperchute.com%2Fwp-content%2Fuploads%2F2015%2F04%2Fscaf_grom11.jpg&amp;h=198&amp;w=198&amp;q=90&amp;f=.jpg\" alt=\"Scafnet\u00ae Panel Grommet\" width=\"198\" height=\"198\" \/><\/a><p class=\"jig-HTMLdescription\">Scafnet\u00ae Panel Grommet<br\/>scaf_grom11<\/p><\/li><li><a href=\"https:\/\/superchute.com\/wp-content\/uploads\/2015\/04\/scaf_grom2.jpg\" title=\"scaf_grom2\"><img loading=\"lazy\" decoding=\"async\" src=\"https:\/\/superchute.com\/wp-content\/plugins\/justified-image-grid\/timthumb.php?src=https%3A%2F%2Fsuperchute.com%2Fwp-content%2Fuploads%2F2015%2F04%2Fscaf_grom2.jpg&amp;h=198&amp;w=198&amp;q=90&amp;f=.jpg\" alt=\"Scafnet\u00ae Panel Grommet\" width=\"198\" height=\"198\" \/><\/a><p class=\"jig-HTMLdescription\">Scafnet\u00ae Panel Grommet<br\/>scaf_grom2<\/p><\/li><\/ul><\/noscript><\/div>\r\n\r\n[vc_column_text]<span style=\"color: #ff0000;\"><i class=\"fa fa-search-plus\"><\/i>\u00a0<\/span>[\/vc_column_text][\/vc_tab][vc_tab title=\u00a0\u00bbPanneaux Scafnet\u00ae sur mesure avec une fermeture des bordures\u00a0\u00bb tab_id=\u00a0\u00bb30c79445-bc82-10&Prime;][vc_column_text]\r\n\r\n<div id=\"jig2\" class=\"justified-image-grid jig-4e6ebf2f8e40071f1d3032b1ab3f7379 jig-preset-global jig-source-wp-gallery\"><div class=\"jig-clearfix\"><\/div><noscript id=\"jig2-html\" class=\"justified-image-grid-html\" data-lazy-src=\"skiplazyload\" data-src=\"skipunveillazyload\"><ul><li><a href=\"https:\/\/superchute.com\/wp-content\/uploads\/2015\/04\/scaf_penn1.jpg\" title=\"scaf_penn1\"><img loading=\"lazy\" decoding=\"async\" src=\"https:\/\/superchute.com\/wp-content\/plugins\/justified-image-grid\/timthumb.php?src=https%3A%2F%2Fsuperchute.com%2Fwp-content%2Fuploads%2F2015%2F04%2Fscaf_penn1.jpg&amp;h=198&amp;w=198&amp;q=90&amp;f=.jpg\" alt=\"Custom Scafnet\u00ae Panel - Seam Closure\" width=\"198\" height=\"198\" \/><\/a><p class=\"jig-HTMLdescription\">Custom Scafnet\u00ae Panel - Seam Closure<br\/>scaf_penn1<\/p><\/li><li><a href=\"https:\/\/superchute.com\/wp-content\/uploads\/2015\/04\/scaf_penn4.jpg\" title=\"scaf_penn4\"><img loading=\"lazy\" decoding=\"async\" src=\"https:\/\/superchute.com\/wp-content\/plugins\/justified-image-grid\/timthumb.php?src=https%3A%2F%2Fsuperchute.com%2Fwp-content%2Fuploads%2F2015%2F04%2Fscaf_penn4.jpg&amp;h=198&amp;w=198&amp;q=90&amp;f=.jpg\" alt=\"Custom Scafnet\u00ae Panel - Seam Closure\" width=\"198\" height=\"198\" \/><\/a><p class=\"jig-HTMLdescription\">Custom Scafnet\u00ae Panel - Seam Closure<br\/>scaf_penn4<\/p><\/li><li><a href=\"https:\/\/superchute.com\/wp-content\/uploads\/2015\/04\/scaf_penn3.jpg\" title=\"scaf_penn3\"><img loading=\"lazy\" decoding=\"async\" src=\"https:\/\/superchute.com\/wp-content\/plugins\/justified-image-grid\/timthumb.php?src=https%3A%2F%2Fsuperchute.com%2Fwp-content%2Fuploads%2F2015%2F04%2Fscaf_penn3.jpg&amp;h=198&amp;w=198&amp;q=90&amp;f=.jpg\" alt=\"Custom Scafnet\u00ae Panel - Seam Closure\" width=\"198\" height=\"198\" \/><\/a><p class=\"jig-HTMLdescription\">Custom Scafnet\u00ae Panel - Seam Closure<br\/>scaf_penn3<\/p><\/li><li><a href=\"https:\/\/superchute.com\/wp-content\/uploads\/2015\/04\/scaf_penn2.jpg\" title=\"scaf_penn2\"><img loading=\"lazy\" decoding=\"async\" src=\"https:\/\/superchute.com\/wp-content\/plugins\/justified-image-grid\/timthumb.php?src=https%3A%2F%2Fsuperchute.com%2Fwp-content%2Fuploads%2F2015%2F04%2Fscaf_penn2.jpg&amp;h=198&amp;w=198&amp;q=90&amp;f=.jpg\" alt=\"Custom Scafnet\u00ae Panel - Seam Closure\" width=\"198\" height=\"198\" \/><\/a><p class=\"jig-HTMLdescription\">Custom Scafnet\u00ae Panel - Seam Closure<br\/>scaf_penn2<\/p><\/li><\/ul><\/noscript><\/div>\r\n\r\n[vc_column_text]<span style=\"color: #ff0000;\"><i class=\"fa fa-search-plus\"><\/i>\u00a0<\/span>[\/vc_column_text][\/vc_tab][\/vc_tabs][\/vc_column][\/vc_row][vc_row css_animation=\u00a0\u00bb\u00a0\u00bb row_type=\u00a0\u00bbrow\u00a0\u00bb use_row_as_full_screen_section=\u00a0\u00bbno\u00a0\u00bb type=\u00a0\u00bbfull_width\u00a0\u00bb angled_section=\u00a0\u00bbno\u00a0\u00bb text_align=\u00a0\u00bbleft\u00a0\u00bb background_image_as_pattern=\u00a0\u00bbwithout_pattern\u00a0\u00bb][vc_column]<div class=\"ult-spacer spacer-69f4df8f00d51\" data-id=\"69f4df8f00d51\" data-height=\"25\" data-height-mobile=\"25\" data-height-tab=\"25\" data-height-tab-portrait=\"\" data-height-mobile-landscape=\"\" style=\"clear:both;display:block;\"><\/div>[vc_text_separator title=\u00a0\u00bbProjets\u00a0\u00bb border=\u00a0\u00bbno\u00a0\u00bb background_color=\u00a0\u00bb#007a53&Prime;]<div class=\"ult-spacer spacer-69f4df8f00d85\" data-id=\"69f4df8f00d85\" data-height=\"25\" data-height-mobile=\"25\" data-height-tab=\"25\" data-height-tab-portrait=\"\" data-height-mobile-landscape=\"\" style=\"clear:both;display:block;\"><\/div>[vc_column_text]\r\n<p style=\"text-align: center;\">Cliquer sur les images pour visionner les projets.<\/p>\r\n[\/vc_column_text]<div class=\"ult-spacer spacer-69f4df8f00dae\" data-id=\"69f4df8f00dae\" data-height=\"25\" data-height-mobile=\"25\" data-height-tab=\"25\" data-height-tab-portrait=\"\" data-height-mobile-landscape=\"\" style=\"clear:both;display:block;\"><\/div><div class='projects_holder_outer v4 portfolio_with_space portfolio_standard'>\n        <div class='projects_holder portfolio_main_holder clearfix v4 standard portfolio_square_image '>\n        \n        <article class='mix portfolio_category_432 portfolio_category_451 portfolio_category_430 default' style=''>\n    \n    \n    \n                <div class='image_holder'>\n                <a itemprop='url' class='portfolio_link_for_touch' href='https:\/\/superchute.com\/fr\/portfolio_page\/bechtel-power-corp\/' target='_self'>\n                    \n<span class='image'><img loading=\"lazy\" decoding=\"async\" width=\"432\" height=\"324\" src=\"https:\/\/superchute.com\/wp-content\/uploads\/2018\/11\/conveyornet2-min.jpg\" class=\"attachment-portfolio-square size-portfolio-square wp-post-image\" alt=\"\" srcset=\"https:\/\/superchute.com\/wp-content\/uploads\/2018\/11\/conveyornet2-min.jpg 432w, https:\/\/superchute.com\/wp-content\/uploads\/2018\/11\/conveyornet2-min-300x225.jpg 300w\" sizes=\"auto, (max-width: 432px) 100vw, 432px\" \/><\/span>                <\/a>\n\n                <span class='text_holder'>\n    <span class='text_outer'>\n        <span class='text_inner'>\n            <span class='feature_holder'>\n                            <span class=\"feature_holder_icons\">';\n                    \n                            <a itemprop='url' class='preview qbutton small white' href='https:\/\/superchute.com\/fr\/portfolio_page\/bechtel-power-corp\/' target='_self'>view<\/i><\/a>\n    \n                                            <\/span>\n        <\/span>\n    <\/span>\n<\/span>            <\/div>\n                <div class='portfolio_description ' >\n\n        \n    <h5 itemprop=\"name\" class=\"portfolio_title entry_title\"><a itemprop=\"url\" href=\"https:\/\/superchute.com\/fr\/portfolio_page\/bechtel-power-corp\/\" style=\"color: #4d4d4d\" target=\"_self\"> Bechtel Power Corporation<\/a><\/h5>\n\n\n            <div style=\"background-color: #4d4d4d\" class=\"portfolio_separator separator  small center\"><\/div>\n\n            <span class=\"project_category\"  >\n    Filets et b\u00e2ches, Panneaux personnalis\u00e9s, Produits sur mesure    <\/span>\n\n    <\/div>\n        \n<\/article>\n<article class='mix portfolio_category_434 portfolio_category_384 portfolio_category_432 portfolio_category_386 portfolio_category_451 default' style=''>\n    \n    \n    \n                <div class='image_holder'>\n                <a itemprop='url' class='portfolio_link_for_touch' href='https:\/\/superchute.com\/fr\/portfolio_page\/granleigh-construction\/' target='_self'>\n                    \n<span class='image'><img loading=\"lazy\" decoding=\"async\" width=\"432\" height=\"324\" src=\"https:\/\/superchute.com\/wp-content\/uploads\/2017\/01\/ropenetinuse31-min.jpg\" class=\"attachment-portfolio-square size-portfolio-square wp-post-image\" alt=\"\" srcset=\"https:\/\/superchute.com\/wp-content\/uploads\/2017\/01\/ropenetinuse31-min.jpg 432w, https:\/\/superchute.com\/wp-content\/uploads\/2017\/01\/ropenetinuse31-min-300x225.jpg 300w\" sizes=\"auto, (max-width: 432px) 100vw, 432px\" \/><\/span>                <\/a>\n\n                <span class='text_holder'>\n    <span class='text_outer'>\n        <span class='text_inner'>\n            <span class='feature_holder'>\n                            <span class=\"feature_holder_icons\">';\n                    \n                            <a itemprop='url' class='preview qbutton small white' href='https:\/\/superchute.com\/fr\/portfolio_page\/granleigh-construction\/' target='_self'>view<\/i><\/a>\n    \n                                            <\/span>\n        <\/span>\n    <\/span>\n<\/span>            <\/div>\n                <div class='portfolio_description ' >\n\n        \n    <h5 itemprop=\"name\" class=\"portfolio_title entry_title\"><a itemprop=\"url\" href=\"https:\/\/superchute.com\/fr\/portfolio_page\/granleigh-construction\/\" style=\"color: #4d4d4d\" target=\"_self\"> Granleigh Construction<\/a><\/h5>\n\n\n            <div style=\"background-color: #4d4d4d\" class=\"portfolio_separator separator  small center\"><\/div>\n\n            <span class=\"project_category\"  >\n    Filets, Filets de cordes sur mesure, Filets et b\u00e2ches, Haute R\u00e9sistance Blanc, Panneaux personnalis\u00e9s    <\/span>\n\n    <\/div>\n        \n<\/article>\n<article class='mix portfolio_category_384 portfolio_category_432 portfolio_category_451 portfolio_category_430 default' style=''>\n    \n    \n    \n                <div class='image_holder'>\n                <a itemprop='url' class='portfolio_link_for_touch' href='https:\/\/superchute.com\/fr\/portfolio_page\/hart-eng\/' target='_self'>\n                    \n<span class='image'><img loading=\"lazy\" decoding=\"async\" width=\"570\" height=\"570\" src=\"https:\/\/superchute.com\/wp-content\/uploads\/2017\/07\/IMG00023-20100803-1441-min-570x570.jpg\" class=\"attachment-portfolio-square size-portfolio-square wp-post-image\" alt=\"\" srcset=\"https:\/\/superchute.com\/wp-content\/uploads\/2017\/07\/IMG00023-20100803-1441-min-570x570.jpg 570w, https:\/\/superchute.com\/wp-content\/uploads\/2017\/07\/IMG00023-20100803-1441-min-500x500.jpg 500w\" sizes=\"auto, (max-width: 570px) 100vw, 570px\" \/><\/span>                <\/a>\n\n                <span class='text_holder'>\n    <span class='text_outer'>\n        <span class='text_inner'>\n            <span class='feature_holder'>\n                            <span class=\"feature_holder_icons\">';\n                    \n                            <a itemprop='url' class='preview qbutton small white' href='https:\/\/superchute.com\/fr\/portfolio_page\/hart-eng\/' target='_self'>view<\/i><\/a>\n    \n                                            <\/span>\n        <\/span>\n    <\/span>\n<\/span>            <\/div>\n                <div class='portfolio_description ' >\n\n        \n    <h5 itemprop=\"name\" class=\"portfolio_title entry_title\"><a itemprop=\"url\" href=\"https:\/\/superchute.com\/fr\/portfolio_page\/hart-eng\/\" style=\"color: #4d4d4d\" target=\"_self\"> Hart Engineering<\/a><\/h5>\n\n\n            <div style=\"background-color: #4d4d4d\" class=\"portfolio_separator separator  small center\"><\/div>\n\n            <span class=\"project_category\"  >\n    Filets de cordes sur mesure, Filets et b\u00e2ches, Panneaux personnalis\u00e9s, Produits sur mesure    <\/span>\n\n    <\/div>\n        \n<\/article>\n<article class='mix portfolio_category_434 portfolio_category_432 portfolio_category_386 portfolio_category_451 default' style=''>\n    \n    \n    \n                <div class='image_holder'>\n                <a itemprop='url' class='portfolio_link_for_touch' href='https:\/\/superchute.com\/fr\/portfolio_page\/ista-inc\/' target='_self'>\n                    \n<span class='image'><img loading=\"lazy\" decoding=\"async\" width=\"570\" height=\"570\" src=\"https:\/\/superchute.com\/wp-content\/uploads\/2018\/12\/white-High-Strength-net-ista-tremblay-min-570x570.jpg\" class=\"attachment-portfolio-square size-portfolio-square wp-post-image\" alt=\"\" srcset=\"https:\/\/superchute.com\/wp-content\/uploads\/2018\/12\/white-High-Strength-net-ista-tremblay-min-570x570.jpg 570w, https:\/\/superchute.com\/wp-content\/uploads\/2018\/12\/white-High-Strength-net-ista-tremblay-min-500x500.jpg 500w\" sizes=\"auto, (max-width: 570px) 100vw, 570px\" \/><\/span>                <\/a>\n\n                <span class='text_holder'>\n    <span class='text_outer'>\n        <span class='text_inner'>\n            <span class='feature_holder'>\n                            <span class=\"feature_holder_icons\">';\n                    \n                            <a itemprop='url' class='preview qbutton small white' href='https:\/\/superchute.com\/fr\/portfolio_page\/ista-inc\/' target='_self'>view<\/i><\/a>\n    \n                                            <\/span>\n        <\/span>\n    <\/span>\n<\/span>            <\/div>\n                <div class='portfolio_description ' >\n\n        \n    <h5 itemprop=\"name\" class=\"portfolio_title entry_title\"><a itemprop=\"url\" href=\"https:\/\/superchute.com\/fr\/portfolio_page\/ista-inc\/\" style=\"color: #4d4d4d\" target=\"_self\"> Ista Inc.<\/a><\/h5>\n\n\n            <div style=\"background-color: #4d4d4d\" class=\"portfolio_separator separator  small center\"><\/div>\n\n            <span class=\"project_category\"  >\n    Filets, Filets et b\u00e2ches, Haute R\u00e9sistance Blanc, Panneaux personnalis\u00e9s    <\/span>\n\n    <\/div>\n        \n<\/article>\n<article class='mix portfolio_category_432 portfolio_category_451 portfolio_category_430 default' style=''>\n    \n    \n    \n                <div class='image_holder'>\n                <a itemprop='url' class='portfolio_link_for_touch' href='https:\/\/superchute.com\/fr\/portfolio_page\/custom-panels-videos\/' target='_self'>\n                    \n<span class='image'><img loading=\"lazy\" decoding=\"async\" width=\"570\" height=\"570\" src=\"https:\/\/superchute.com\/wp-content\/uploads\/2017\/07\/custom-panel-video-img-570x570.jpg\" class=\"attachment-portfolio-square size-portfolio-square wp-post-image\" alt=\"\" srcset=\"https:\/\/superchute.com\/wp-content\/uploads\/2017\/07\/custom-panel-video-img-570x570.jpg 570w, https:\/\/superchute.com\/wp-content\/uploads\/2017\/07\/custom-panel-video-img-150x150.jpg 150w, https:\/\/superchute.com\/wp-content\/uploads\/2017\/07\/custom-panel-video-img-500x500.jpg 500w\" sizes=\"auto, (max-width: 570px) 100vw, 570px\" \/><\/span>                <\/a>\n\n                <span class='text_holder'>\n    <span class='text_outer'>\n        <span class='text_inner'>\n            <span class='feature_holder'>\n                            <span class=\"feature_holder_icons\">';\n                    \n                            <a itemprop='url' class='preview qbutton small white' href='https:\/\/superchute.com\/fr\/portfolio_page\/custom-panels-videos\/' target='_self'>view<\/i><\/a>\n    \n                                            <\/span>\n        <\/span>\n    <\/span>\n<\/span>            <\/div>\n                <div class='portfolio_description ' >\n\n        \n    <h5 itemprop=\"name\" class=\"portfolio_title entry_title\"><a itemprop=\"url\" href=\"https:\/\/superchute.com\/fr\/portfolio_page\/custom-panels-videos\/\" style=\"color: #4d4d4d\" target=\"_self\"> Videos<\/a><\/h5>\n\n\n            <div style=\"background-color: #4d4d4d\" class=\"portfolio_separator separator  small center\"><\/div>\n\n            <span class=\"project_category\"  >\n    Filets et b\u00e2ches, Panneaux personnalis\u00e9s, Produits sur mesure    <\/span>\n\n    <\/div>\n        \n<\/article>\n        <div class='filler'><\/div>\n            <div class='filler'><\/div>\n            <div class='filler'><\/div>\n            <div class='filler'><\/div>\n        <\/div>\n\n    \n    <\/div>[\/vc_column][\/vc_row]<\/div>","protected":false},"excerpt":{"rendered":"<p>[vc_row css_animation=\u00a0\u00bb\u00a0\u00bb row_type=\u00a0\u00bbrow\u00a0\u00bb use_row_as_full_screen_section=\u00a0\u00bbno\u00a0\u00bb type=\u00a0\u00bbfull_width\u00a0\u00bb angled_section=\u00a0\u00bbno\u00a0\u00bb text_align=\u00a0\u00bbleft\u00a0\u00bb background_image_as_pattern=\u00a0\u00bbwithout_pattern\u00a0\u00bb css=\u00a0\u00bb.vc_custom_1435843296453{margin-top: 0px !important;padding-top: 10px !important;padding-bottom: 30px !important;}\u00a0\u00bb][vc_column width=\u00a0\u00bb1\/2&Prime;][vc_column_text] Panneaux personnalis\u00e9s Scafnet\u00ae [\/vc_column_text][vc_column_text]Superchute\u00ae\u00a0peut pr\u00e9parer une vari\u00e9t\u00e9 de panneaux Scafnet\u00ae avec une fermeture des bordures et avec des \u0153illets en laiton de haute qualit\u00e9.[\/vc_column_text][vc_column_text]Brochure des filets de construction (PDF)[\/vc_column_text][\/vc_column][vc_column&#8230;<\/p>\n","protected":false},"author":7,"featured_media":0,"parent":23066,"menu_order":0,"comment_status":"open","ping_status":"closed","template":"","meta":{"_seopress_robots_primary_cat":"","_seopress_titles_title":"","_seopress_titles_desc":"","_seopress_robots_index":"","inline_featured_image":false,"footnotes":""},"class_list":["post-23356","page","type-page","status-publish","hentry"],"_links":{"self":[{"href":"https:\/\/superchute.com\/fr\/wp-json\/wp\/v2\/pages\/23356","targetHints":{"allow":["GET"]}}],"collection":[{"href":"https:\/\/superchute.com\/fr\/wp-json\/wp\/v2\/pages"}],"about":[{"href":"https:\/\/superchute.com\/fr\/wp-json\/wp\/v2\/types\/page"}],"author":[{"embeddable":true,"href":"https:\/\/superchute.com\/fr\/wp-json\/wp\/v2\/users\/7"}],"replies":[{"embeddable":true,"href":"https:\/\/superchute.com\/fr\/wp-json\/wp\/v2\/comments?post=23356"}],"version-history":[{"count":4,"href":"https:\/\/superchute.com\/fr\/wp-json\/wp\/v2\/pages\/23356\/revisions"}],"predecessor-version":[{"id":43245,"href":"https:\/\/superchute.com\/fr\/wp-json\/wp\/v2\/pages\/23356\/revisions\/43245"}],"up":[{"embeddable":true,"href":"https:\/\/superchute.com\/fr\/wp-json\/wp\/v2\/pages\/23066"}],"wp:attachment":[{"href":"https:\/\/superchute.com\/fr\/wp-json\/wp\/v2\/media?parent=23356"}],"curies":[{"name":"wp","href":"https:\/\/api.w.org\/{rel}","templated":true}]}}