{"id":23336,"date":"2015-04-23T13:45:11","date_gmt":"2015-04-23T08:43:11","guid":{"rendered":"https:\/\/superchute.com\/fr\/filets-construction\/barrier-rail-net\/"},"modified":"2023-08-30T13:46:39","modified_gmt":"2023-08-30T17:46:39","slug":"filet-haute-barriere","status":"publish","type":"page","link":"https:\/\/superchute.com\/fr\/filets-construction\/filet-haute-barriere\/","title":{"rendered":"Filet de barri\u00e8re haute pour StrapRail\u00ae"},"content":{"rendered":"<div class=\"wpb-content-wrapper\">[vc_row css_animation=\u00a0\u00bb\u00a0\u00bb row_type=\u00a0\u00bbrow\u00a0\u00bb use_row_as_full_screen_section=\u00a0\u00bbno\u00a0\u00bb type=\u00a0\u00bbfull_width\u00a0\u00bb angled_section=\u00a0\u00bbno\u00a0\u00bb text_align=\u00a0\u00bbleft\u00a0\u00bb background_image_as_pattern=\u00a0\u00bbwithout_pattern\u00a0\u00bb css=\u00a0\u00bb.vc_custom_1435843296453{margin-top: 0px !important;padding-top: 10px !important;padding-bottom: 30px !important;}\u00a0\u00bb][vc_column width=\u00a0\u00bb1\/2&Prime;][vc_column_text]\r\n<h3><span style=\"color: #007a53;\">Filet de barri\u00e8re haute pour StrapRail\u00ae<\/span><\/h3>\r\n[\/vc_column_text][vc_column_text]<strong>Utiliser avec un <\/strong><span style=\"text-decoration: underline; color: #0000ff;\"><a style=\"color: #0000ff; text-decoration: underline;\" href=\"https:\/\/superchute.com\/fr\/garde-corps\/straprail\/systeme-barriere\/\">syst\u00e8me StrapRail\u00ae<\/a><\/span>\u00a0<strong>pour pr\u00e9venir la chute de personnes et d&rsquo;objets.<\/strong>[\/vc_column_text]<div class=\"ult-spacer spacer-69dfdd7719312\" data-id=\"69dfdd7719312\" data-height=\"25\" data-height-mobile=\"25\" data-height-tab=\"25\" data-height-tab-portrait=\"\" data-height-mobile-landscape=\"\" style=\"clear:both;display:block;\"><\/div><a  itemprop=\"url\" href=\"https:\/\/superchute.com\/fr\/filets-construction\/devis\/\" target=\"_self\" data-hover-background-color=\"#4d4d4d\" data-hover-border-color=\"#4d4d4d\" data-hover-color=\"#ffffff\" class=\"qbutton  small default\" style=\"color: #ffffff; border-color: #4d4d4d; background-color:#4d4d4d;\">DEMANDER UN DEVIS<\/a>[\/vc_column][vc_column width=\u00a0\u00bb1\/2&Prime;]<div class='ult_hotspot_container ult-adjust-bottom-margin ult-hotspot-tooltip-wrapper ' style=width:441px;>  <img class='ult_hotspot_image' src=https:\/\/superchute.com\/wp-content\/uploads\/2015\/04\/barrier-rail-scafnet-441px.jpg alt=''\/>     <div class='utl-hotspot-items ult-hotspot-item'><div class='ult-hotspot-item  ' style='top:-webkit-calc(42.993951612903224% - 16px);top:-moz-calc(42.993951612903224% - 16px);top:calc(42.993951612903224% - 16px);left: -webkit-calc(40.666666666666664% - 16px);left: -moz-calc(40.666666666666664% - 16px);left: calc(40.666666666666664% - 16px);' >  <div style='z-index: 39;position: relative;'>   <a data-link_style='tootip' data-mycust-id=\"hotspot-tooltip-4167\"  data-ultimate-target='#hotspot-tooltip-4167 .ult-tooltipster-content'  data-responsive-json-new='{\"font-size\":\"desktop:12px;\",\"line-height\":\"desktop:18px;\"}' data-tooltip-content-style=\"width:300px;\"data-tooltip-base-style=\"background-color:#f9f9f9;color:#333333;\" data-bubble-arrow=\"true\" data-tooltip-offsety=\"16\" class='ult-tooltipstered ult-hotspot-tooltip' href='#' data-status='show'><div class=\"ult-just-icon-wrapper  \"><div class=\"align-icon\" style=\"text-align:center;\">\n<div class=\"aio-icon  \"  style=\"color:#dd3333;font-size:32px;display:inline-block;\">\n\t<i class=\"Defaults-search-plus\"><\/i>\n<\/div><\/div><\/div><span class='hotspot-tooltip-content'>&lt;img class=&#039; wp-image-17119 size-thumbnail aligncenter&#039; src=&#039;https:\/\/superchute.com\/wp-content\/uploads\/2015\/04\/Scaf_BarrierRail-150x200.jpg&#039; alt=&#039;&#039; width=&#039;150&#039; height=&#039;150&#039; \/&gt;&lt;\/p&gt;\n&lt;p style=&#039;text-align: center;&#039;&gt;&lt;strong&gt;Tissage Scafnet\u00ae&lt;\/strong&gt;&lt;\/p&gt;\n&lt;p&gt;<\/span>  <\/a> <\/div><!-- ICON WRAP --><\/div><div class='ult-hotspot-item  ' style='top:-webkit-calc(72.15106007067138% - 16px);top:-moz-calc(72.15106007067138% - 16px);top:calc(72.15106007067138% - 16px);left: -webkit-calc(25.6483843537415% - 16px);left: -moz-calc(25.6483843537415% - 16px);left: calc(25.6483843537415% - 16px);' >  <div style='z-index: 39;position: relative;'>   <a data-link_style='tootip' data-mycust-id=\"hotspot-tooltip-4253\"  data-ultimate-target='#hotspot-tooltip-4253 .ult-tooltipster-content'  data-responsive-json-new='{\"font-size\":\"desktop:12px;\",\"line-height\":\"desktop:18px;\"}' data-tooltip-content-style=\"width:300px;\"data-tooltip-base-style=\"background-color:#f9f9f9;color:#333333;\" data-bubble-arrow=\"true\" data-tooltip-offsety=\"16\" class='ult-tooltipstered ult-hotspot-tooltip' href='#' data-status='show'><div class=\"ult-just-icon-wrapper  \"><div class=\"align-icon\" style=\"text-align:center;\">\n<div class=\"aio-icon  \"  style=\"color:#dd3333;font-size:32px;display:inline-block;\">\n\t<i class=\"Defaults-search-plus\"><\/i>\n<\/div><\/div><\/div><span class='hotspot-tooltip-content'>&lt;img class=&#039; wp-image-17120 size-thumbnail aligncenter&#039; src=&#039;https:\/\/superchute.com\/wp-content\/uploads\/2015\/04\/Scaf_BarrierRail-btn-holes-150x200.jpg&#039; alt=&#039;&#039; width=&#039;150&#039; height=&#039;150&#039; \/&gt;&lt;\/p&gt;\n&lt;p style=&#039;text-align: center;&#039;&gt;&lt;strong&gt;Boutonni\u00e8res&lt;\/strong&gt;&lt;\/p&gt;\n&lt;p&gt;<\/span>  <\/a> <\/div><!-- ICON WRAP --><\/div>\n<\/div>     <div style='color:#000;' data-image='    '><\/div><\/div>[\/vc_column][\/vc_row][vc_row css_animation=\u00a0\u00bb\u00a0\u00bb row_type=\u00a0\u00bbrow\u00a0\u00bb use_row_as_full_screen_section=\u00a0\u00bbno\u00a0\u00bb type=\u00a0\u00bbfull_width\u00a0\u00bb angled_section=\u00a0\u00bbno\u00a0\u00bb text_align=\u00a0\u00bbleft\u00a0\u00bb background_image_as_pattern=\u00a0\u00bbwithout_pattern\u00a0\u00bb css=\u00a0\u00bb.vc_custom_1431528190800{margin-top: 0px !important;padding-top: 10px !important;padding-bottom: 30px !important;}\u00a0\u00bb][vc_column]<div class=\"ult-spacer spacer-69dfdd7719d3c\" data-id=\"69dfdd7719d3c\" data-height=\"20\" data-height-mobile=\"20\" data-height-tab=\"20\" data-height-tab-portrait=\"\" data-height-mobile-landscape=\"\" style=\"clear:both;display:block;\"><\/div>[vc_tabs style=\u00a0\u00bbvertical_left\u00a0\u00bb][vc_tab title=\u00a0\u00bbMod\u00e8les\u00a0\u00bb tab_id=\u00a0\u00bba3bbcc43-a96c-7&Prime;][vc_table vc_table_theme=\u00a0\u00bbclassic\u00a0\u00bb allow_html=\u00a0\u00bb1&Prime;]Fil,Diam%C3%A8tre%20de%20la%20grille,Poids,Ombre,R%C3%A9sistance%20%C3%A0%20l%E2%80%99%C3%A9clatement|HD%20Poly%C3%A9thyl%C3%A8ne,1%2F16%22,5.5%20oz%2Fsq.yd.,60%25,260%20psi%0A%0A[\/vc_table]<div class=\"ult-spacer spacer-69dfdd7719d6c\" data-id=\"69dfdd7719d6c\" data-height=\"35\" data-height-mobile=\"35\" data-height-tab=\"35\" data-height-tab-portrait=\"\" data-height-mobile-landscape=\"\" style=\"clear:both;display:block;\"><\/div>[vc_table vc_table_theme=\u00a0\u00bbsimple\u00a0\u00bb allow_html=\u00a0\u00bb1&Prime;][b;align-left]Mod%C3%A8le,[b;align-left]Couleurs,[b;align-left]Dimensions%20(imp%C3%A9rial),[b;align-left]Dimensions%20(m%C3%A9trique),[b;align-left]lb%2Frouleau|[align-left;b]SR-NET-84-100,[c;align-left]Jaune,[align-left]7&rsquo;%20x%20100&rsquo;%20%3D%20700%20pi2,[align-left]2.1%20m%20x%2030%20m%20%3D%2063%20m2,[align-left]49%20lb%0A%0A[\/vc_table][\/vc_tab][vc_tab title=\u00a0\u00bbCaract\u00e9ristiques\u00a0\u00bb tab_id=\u00a0\u00bb1466525373948-2-2&Prime;][vc_column_text]\r\n<ul>\r\n \t<li>Filet \u00e0 mailles fines r\u00e9duit l\u2019air, les poussi\u00e8res et les d\u00e9bris <span style=\"color: #007a53;\">\u2713<\/span><\/li>\r\n \t<li>Des centaines de rouleaux sont en stock en tout temps et ils sont pr\u00eats pour la livraison <span style=\"color: #007a53;\">\u2713<\/span><\/li>\r\n \t<li>Chaque rouleau est emball\u00e9 individuellement\u00a0<span style=\"color: #007a53;\">\u2713<\/span><\/li>\r\n<\/ul>\r\n[\/vc_column_text][\/vc_tab][vc_tab title=\u00a0\u00bbSp\u00e9cifications\u00a0\u00bb tab_id=\u00a0\u00bb710e7f0e-8e55-6&Prime;][vc_column_text]\r\n<ul>\r\n \t<li>Filet jaune avec une maille en poly\u00e9thyl\u00e8ne antid\u00e9chirure robuste<\/li>\r\n \t<li>Offre une barri\u00e8re ombr\u00e9 \u00e0 70%<\/li>\r\n \t<li>Boutonni\u00e8res tricot\u00e9es renforc\u00e9es sur les bords<\/li>\r\n \t<li>Tous les mod\u00e8les Scafnet\u00ae peuvent \u00eatre coup\u00e9s sans effilochage<\/li>\r\n<\/ul>\r\n[\/vc_column_text][\/vc_tab][vc_tab title=\u00a0\u00bbBrochure\u00a0\u00bb tab_id=\u00a0\u00bb1473944687658-3-7&Prime;][vc_column_text]\r\n<h5><a href=\"https:\/\/superchute.com\/brochures_\/brochure-netting-4sides-fr.pdf\" target=\"_blank\" rel=\"noopener noreferrer\"><img loading=\"lazy\" decoding=\"async\" class=\"alignleft wp-image-17519\" src=\"https:\/\/superchute.com\/wp-content\/uploads\/2015\/04\/brochure-netting-4sides-v2-1-233x300.jpg\" alt=\"brochure-netting-4sides-v2-1\" width=\"100\" height=\"129\" srcset=\"https:\/\/superchute.com\/wp-content\/uploads\/2015\/04\/brochure-netting-4sides-v2-1-233x300.jpg 233w, https:\/\/superchute.com\/wp-content\/uploads\/2015\/04\/brochure-netting-4sides-v2-1.jpg 630w\" sizes=\"auto, (max-width: 100px) 100vw, 100px\" \/><\/a><a href=\"https:\/\/superchute.com\/brochures_\/brochure-netting-4sides-fr.pdf\" target=\"_blank\" rel=\"noopener noreferrer\">Brochure des filets de construction<\/a><\/h5>\r\nVersion PDF<span class='q_social_icon_holder normal_social' data-color=#ff0000 data-hover-color=#4d4d4d><a itemprop='url' href='https:\/\/superchute.com\/brochures_\/brochure-netting-4sides-fr.pdf' target='_blank'><i class=\"qode_icon_font_awesome fa fa-file-pdf-o fa-lg simple_social\" style=\"color: #ff0000;\" ><\/i><\/a><\/span>[\/vc_column_text][\/vc_tab][\/vc_tabs]<div class=\"ult-spacer spacer-69dfdd7719e62\" data-id=\"69dfdd7719e62\" data-height=\"55\" data-height-mobile=\"55\" data-height-tab=\"55\" data-height-tab-portrait=\"\" data-height-mobile-landscape=\"\" style=\"clear:both;display:block;\"><\/div>[vc_accordion active_tab=\u00a0\u00bb1&Prime; collapsible=\u00a0\u00bbyes\u00a0\u00bb style=\u00a0\u00bbboxed_accordion\u00a0\u00bb][vc_accordion_tab title=\u00a0\u00bbProjets\u00a0\u00bb][vc_column_text]\r\n<p style=\"text-align: center;\">Cliquer sur les images pour visionner les projets.<\/p>\r\n[\/vc_column_text]<div class=\"ult-spacer spacer-69dfdd7719e98\" data-id=\"69dfdd7719e98\" data-height=\"15\" data-height-mobile=\"15\" data-height-tab=\"15\" data-height-tab-portrait=\"\" data-height-mobile-landscape=\"\" style=\"clear:both;display:block;\"><\/div>[vc_gallery type=\u00a0\u00bbimage_grid\u00a0\u00bb images=\u00a0\u00bb32072,32076&Prime; column_number=\u00a0\u00bb0&Prime; grayscale=\u00a0\u00bbno\u00a0\u00bb images_space=\u00a0\u00bbgallery_without_space\u00a0\u00bb][\/vc_accordion_tab][\/vc_accordion][vc_column_text]\r\n\r\n<a id=\"tremie\" class=\"anchor\"><\/a>\u00ad\r\n\r\n[\/vc_column_text][\/vc_column][\/vc_row]<\/div>","protected":false},"excerpt":{"rendered":"<p>[vc_row css_animation=\u00a0\u00bb\u00a0\u00bb row_type=\u00a0\u00bbrow\u00a0\u00bb use_row_as_full_screen_section=\u00a0\u00bbno\u00a0\u00bb type=\u00a0\u00bbfull_width\u00a0\u00bb angled_section=\u00a0\u00bbno\u00a0\u00bb text_align=\u00a0\u00bbleft\u00a0\u00bb background_image_as_pattern=\u00a0\u00bbwithout_pattern\u00a0\u00bb css=\u00a0\u00bb.vc_custom_1435843296453{margin-top: 0px !important;padding-top: 10px !important;padding-bottom: 30px !important;}\u00a0\u00bb][vc_column width=\u00a0\u00bb1\/2&Prime;][vc_column_text] Filet de barri\u00e8re haute pour StrapRail\u00ae [\/vc_column_text][vc_column_text]Utiliser avec un syst\u00e8me StrapRail\u00ae\u00a0pour pr\u00e9venir la chute de personnes et d&rsquo;objets.[\/vc_column_text][\/vc_column][vc_column width=\u00a0\u00bb1\/2&Prime;][\/vc_column][\/vc_row][vc_row css_animation=\u00a0\u00bb\u00a0\u00bb row_type=\u00a0\u00bbrow\u00a0\u00bb use_row_as_full_screen_section=\u00a0\u00bbno\u00a0\u00bb type=\u00a0\u00bbfull_width\u00a0\u00bb angled_section=\u00a0\u00bbno\u00a0\u00bb text_align=\u00a0\u00bbleft\u00a0\u00bb background_image_as_pattern=\u00a0\u00bbwithout_pattern\u00a0\u00bb css=\u00a0\u00bb.vc_custom_1431528190800{margin-top: 0px !important;padding-top:&#8230;<\/p>\n","protected":false},"author":7,"featured_media":0,"parent":23066,"menu_order":0,"comment_status":"open","ping_status":"closed","template":"","meta":{"_seopress_robots_primary_cat":"","_seopress_titles_title":"","_seopress_titles_desc":"","_seopress_robots_index":"","inline_featured_image":false,"footnotes":""},"class_list":["post-23336","page","type-page","status-publish","hentry"],"_links":{"self":[{"href":"https:\/\/superchute.com\/fr\/wp-json\/wp\/v2\/pages\/23336","targetHints":{"allow":["GET"]}}],"collection":[{"href":"https:\/\/superchute.com\/fr\/wp-json\/wp\/v2\/pages"}],"about":[{"href":"https:\/\/superchute.com\/fr\/wp-json\/wp\/v2\/types\/page"}],"author":[{"embeddable":true,"href":"https:\/\/superchute.com\/fr\/wp-json\/wp\/v2\/users\/7"}],"replies":[{"embeddable":true,"href":"https:\/\/superchute.com\/fr\/wp-json\/wp\/v2\/comments?post=23336"}],"version-history":[{"count":2,"href":"https:\/\/superchute.com\/fr\/wp-json\/wp\/v2\/pages\/23336\/revisions"}],"predecessor-version":[{"id":41394,"href":"https:\/\/superchute.com\/fr\/wp-json\/wp\/v2\/pages\/23336\/revisions\/41394"}],"up":[{"embeddable":true,"href":"https:\/\/superchute.com\/fr\/wp-json\/wp\/v2\/pages\/23066"}],"wp:attachment":[{"href":"https:\/\/superchute.com\/fr\/wp-json\/wp\/v2\/media?parent=23336"}],"curies":[{"name":"wp","href":"https:\/\/api.w.org\/{rel}","templated":true}]}}