{"id":23335,"date":"2015-04-23T13:43:58","date_gmt":"2015-04-23T08:43:11","guid":{"rendered":"https:\/\/superchute.com\/fr\/filets-construction\/guardrail-net\/"},"modified":"2023-08-31T09:32:21","modified_gmt":"2023-08-31T13:32:21","slug":"garde-corps-raye-orange","status":"publish","type":"page","link":"https:\/\/superchute.com\/fr\/filets-construction\/garde-corps-raye-orange\/","title":{"rendered":"Garde-corps ray\u00e9 orange"},"content":{"rendered":"<div class=\"wpb-content-wrapper\">[vc_row css_animation=\u00a0\u00bb\u00a0\u00bb row_type=\u00a0\u00bbrow\u00a0\u00bb use_row_as_full_screen_section=\u00a0\u00bbno\u00a0\u00bb type=\u00a0\u00bbfull_width\u00a0\u00bb angled_section=\u00a0\u00bbno\u00a0\u00bb text_align=\u00a0\u00bbleft\u00a0\u00bb background_image_as_pattern=\u00a0\u00bbwithout_pattern\u00a0\u00bb css=\u00a0\u00bb.vc_custom_1435843296453{margin-top: 0px !important;padding-top: 10px !important;padding-bottom: 30px !important;}\u00a0\u00bb][vc_column width=\u00a0\u00bb1\/2&Prime;][vc_column_text]\r\n<h3><span style=\"color: #007a53;\">Garde-corps ray\u00e9 orange<\/span><\/h3>\r\n[\/vc_column_text][vc_column_text]<strong>Utiliser avec le <\/strong><span style=\"text-decoration: underline; color: #0000ff;\"><a style=\"color: #0000ff; text-decoration: underline;\" href=\"https:\/\/superchute.com\/fr\/garde-corps\/straprail\/garde-corps\/\">syst\u00e8me de garde-corps StrapRail\u00ae<\/a><\/span>\u00a0<strong>pour pr\u00e9venir la chute des d\u00e9bris \u00e0 travers le garde-corps.<\/strong>[\/vc_column_text]<div class=\"ult-spacer spacer-69e12307e5892\" data-id=\"69e12307e5892\" data-height=\"25\" data-height-mobile=\"25\" data-height-tab=\"25\" data-height-tab-portrait=\"\" data-height-mobile-landscape=\"\" style=\"clear:both;display:block;\"><\/div><a  itemprop=\"url\" href=\"https:\/\/superchute.com\/fr\/filets-construction\/devis\/\" target=\"_self\" data-hover-background-color=\"#4d4d4d\" data-hover-border-color=\"#4d4d4d\" data-hover-color=\"#ffffff\" class=\"qbutton  small default\" style=\"color: #ffffff; border-color: #4d4d4d; background-color:#4d4d4d;\">DEMANDER UN DEVIS<\/a>[\/vc_column][vc_column width=\u00a0\u00bb1\/2&Prime;]<div class='ult_hotspot_container ult-adjust-bottom-margin ult-hotspot-tooltip-wrapper ' style=width:350px;>  <img class='ult_hotspot_image' src=https:\/\/superchute.com\/wp-content\/uploads\/2015\/04\/striped-gurardrail-scafnet-rolled-out.jpg alt=''\/>     <div class='utl-hotspot-items ult-hotspot-item'><div class='ult-hotspot-item  ' style='top:-webkit-calc(47.373826291079816% - 16px);top:-moz-calc(47.373826291079816% - 16px);top:calc(47.373826291079816% - 16px);left: -webkit-calc(27.482142857142854% - 16px);left: -moz-calc(27.482142857142854% - 16px);left: calc(27.482142857142854% - 16px);' >  <div style='z-index: 39;position: relative;'>   <a data-link_style='tootip' data-mycust-id=\"hotspot-tooltip-3016\"  data-ultimate-target='#hotspot-tooltip-3016 .ult-tooltipster-content'  data-responsive-json-new='{\"font-size\":\"desktop:12px;\",\"line-height\":\"desktop:18px;\"}' data-tooltip-content-style=\"width:300px;\"data-tooltip-base-style=\"background-color:#f9f9f9;color:#333333;\" data-bubble-arrow=\"true\" data-tooltip-offsety=\"16\" class='ult-tooltipstered ult-hotspot-tooltip' href='#' data-status='show'><div class=\"ult-just-icon-wrapper  \"><div class=\"align-icon\" style=\"text-align:center;\">\n<div class=\"aio-icon  \"  style=\"color:#dd3333;font-size:32px;display:inline-block;\">\n\t<i class=\"Defaults-search-plus\"><\/i>\n<\/div><\/div><\/div><span class='hotspot-tooltip-content'>&lt;img class=&#039; wp-image-17091 size-thumbnail aligncenter&#039; src=&#039;https:\/\/superchute.com\/wp-content\/uploads\/2015\/04\/guardrail-net-mesh-150x150.jpg&#039; alt=&#039;&#039; width=&#039;150&#039; height=&#039;150&#039; \/&gt;&lt;\/p&gt;\n&lt;p style=&#039;text-align: center;&#039;&gt;&lt;strong&gt;Tissage Scafnet\u00ae&lt;\/strong&gt;&lt;\/p&gt;\n&lt;p&gt;<\/span>  <\/a> <\/div><!-- ICON WRAP --><\/div><div class='ult-hotspot-item  ' style='top:-webkit-calc(73.81161971830986% - 16px);top:-moz-calc(73.81161971830986% - 16px);top:calc(73.81161971830986% - 16px);left: -webkit-calc(31.486607142857142% - 16px);left: -moz-calc(31.486607142857142% - 16px);left: calc(31.486607142857142% - 16px);' >  <div style='z-index: 39;position: relative;'>   <a data-link_style='tootip' data-mycust-id=\"hotspot-tooltip-1091\"  data-ultimate-target='#hotspot-tooltip-1091 .ult-tooltipster-content'  data-responsive-json-new='{\"font-size\":\"desktop:12px;\",\"line-height\":\"desktop:18px;\"}' data-tooltip-content-style=\"width:300px;\"data-tooltip-base-style=\"background-color:#f9f9f9;color:#333333;\" data-bubble-arrow=\"true\" data-tooltip-offsety=\"16\" class='ult-tooltipstered ult-hotspot-tooltip' href='#' data-status='show'><div class=\"ult-just-icon-wrapper  \"><div class=\"align-icon\" style=\"text-align:center;\">\n<div class=\"aio-icon  \"  style=\"color:#dd3333;font-size:32px;display:inline-block;\">\n\t<i class=\"Defaults-search-plus\"><\/i>\n<\/div><\/div><\/div><span class='hotspot-tooltip-content'>&lt;img class=&#039; wp-image-17092 size-thumbnail aligncenter&#039; src=&#039;https:\/\/superchute.com\/wp-content\/uploads\/2015\/04\/guardrail-net-buttonholes-150x150.jpg&#039; alt=&#039;&#039; width=&#039;150&#039; height=&#039;150&#039; \/&gt;&lt;\/p&gt;\n&lt;p style=&#039;text-align: center;&#039;&gt;&lt;strong&gt;Boutonni\u00e8res&lt;\/strong&gt;&lt;\/p&gt;\n&lt;p&gt;<\/span>  <\/a> <\/div><!-- ICON WRAP --><\/div>\n<\/div>     <div style='color:#000;' data-image='    '><\/div><\/div>[\/vc_column][\/vc_row][vc_row css_animation=\u00a0\u00bb\u00a0\u00bb row_type=\u00a0\u00bbrow\u00a0\u00bb use_row_as_full_screen_section=\u00a0\u00bbno\u00a0\u00bb type=\u00a0\u00bbfull_width\u00a0\u00bb angled_section=\u00a0\u00bbno\u00a0\u00bb text_align=\u00a0\u00bbleft\u00a0\u00bb background_image_as_pattern=\u00a0\u00bbwithout_pattern\u00a0\u00bb css=\u00a0\u00bb.vc_custom_1431528190800{margin-top: 0px !important;padding-top: 10px !important;padding-bottom: 30px !important;}\u00a0\u00bb][vc_column]<div class=\"ult-spacer spacer-69e12307e5fea\" data-id=\"69e12307e5fea\" data-height=\"20\" data-height-mobile=\"20\" data-height-tab=\"20\" data-height-tab-portrait=\"\" data-height-mobile-landscape=\"\" style=\"clear:both;display:block;\"><\/div>[vc_tabs style=\u00a0\u00bbvertical_left\u00a0\u00bb][vc_tab title=\u00a0\u00bbMod\u00e8les\u00a0\u00bb tab_id=\u00a0\u00bb0d71ca4d-9064-6&Prime;][vc_table vc_table_theme=\u00a0\u00bbclassic\u00a0\u00bb allow_html=\u00a0\u00bb1&Prime;]Fil,Diam%C3%A8tre%20de%20la%20grille,Poids,Ombre,R%C3%A9sistance%20%C3%A0%20l&rsquo;%C3%A9clatement|HD%20Poly%C3%A9thyl%C3%A8ne,1%2F4%22%20x%201%2F4%22,8.75%20oz%2Fsq.yd.,10%25,167%20psi%0A%0A[\/vc_table]<div class=\"ult-spacer spacer-69e12307e600a\" data-id=\"69e12307e600a\" data-height=\"35\" data-height-mobile=\"35\" data-height-tab=\"35\" data-height-tab-portrait=\"\" data-height-mobile-landscape=\"\" style=\"clear:both;display:block;\"><\/div>[vc_table vc_table_theme=\u00a0\u00bbsimple\u00a0\u00bb allow_html=\u00a0\u00bb1&Prime;][b;align-left]Mod%C3%A8le,[b;align-left]Couleurs,[b;align-left]Dimensions%20(imp%C3%A9rial),[b;align-left]Dimensions%20(m%C3%A9trique),[b;align-left]lb%2Frouleau|[align-left;b]SR-NET-39-100,[c;align-left]Orange,[align-left]39%22%20x%20100&rsquo;%20%3D%20325%20pi2,[align-left]1%20m%20x%2030%20m%20%3D%2030%20m2,[align-left]22%20lb%0A%0A|[b;align-left]SR-NET-39-200,[align-left]Orange,[align-left]39%22%20x%20200%E2%80%99%20%3D%20650%20pi2,[align-left]1%20m%20x%2060%20m%20%3D%2060%20m2,[align-left]44%20lb%0A%0A[\/vc_table][\/vc_tab][vc_tab title=\u00a0\u00bbCaract\u00e9ristiques\u00a0\u00bb tab_id=\u00a0\u00bb1466523513254-2-5&Prime;][vc_column_text]\r\n<ul>\r\n \t<li>Filet orange avec des bandes jaunes visibles <span style=\"color: #007a53;\">\u2713<\/span><\/li>\r\n \t<li>Des centaines de rouleaux sont en stock en tout temps et ils sont pr\u00eats pour la livraison <span style=\"color: #007a53;\">\u2713<\/span><\/li>\r\n \t<li>Chaque rouleau est emball\u00e9 individuellement\u00a0<span style=\"color: #007a53;\">\u2713<\/span><\/li>\r\n<\/ul>\r\n[\/vc_column_text][\/vc_tab][vc_tab title=\u00a0\u00bbSp\u00e9cifications\u00a0\u00bb tab_id=\u00a0\u00bb8257f114-1273-8&Prime;][vc_column_text]\r\n<ul>\r\n \t<li>Fabrication en poly\u00e9thyl\u00e8ne robuste<\/li>\r\n \t<li>Boutonni\u00e8res tricot\u00e9es et renforc\u00e9es sur les bords<\/li>\r\n \t<li>Des attaches jetables en nylon permettent d&rsquo;installer Scafnet\u00ae rapidement<\/li>\r\n<\/ul>\r\n[\/vc_column_text][\/vc_tab][vc_tab title=\u00a0\u00bbBrochure\u00a0\u00bb tab_id=\u00a0\u00bb1473944684625-3-1&Prime;][vc_column_text]\r\n<h5><a href=\"https:\/\/superchute.com\/wp-content\/uploads\/2023\/08\/brochure-netting-4sides-fr.pdf\" target=\"_blank\" rel=\"noopener noreferrer\"><img loading=\"lazy\" decoding=\"async\" class=\"alignleft wp-image-17519\" src=\"https:\/\/superchute.com\/wp-content\/uploads\/2015\/04\/brochure-netting-4sides-v2-1-233x300.jpg\" alt=\"brochure-netting-4sides-v2-1\" width=\"100\" height=\"129\" srcset=\"https:\/\/superchute.com\/wp-content\/uploads\/2015\/04\/brochure-netting-4sides-v2-1-233x300.jpg 233w, https:\/\/superchute.com\/wp-content\/uploads\/2015\/04\/brochure-netting-4sides-v2-1.jpg 630w\" sizes=\"auto, (max-width: 100px) 100vw, 100px\" \/><\/a><a href=\"https:\/\/superchute.com\/wp-content\/uploads\/2023\/08\/brochure-netting-4sides-fr.pdf\" target=\"_blank\" rel=\"noopener\">Brochure des filets de construction<\/a><\/h5>\r\nVersion PDF<span class='q_social_icon_holder normal_social' data-color=#ff0000 data-hover-color=#4d4d4d><a itemprop='url' href='https:\/\/superchute.com\/wp-content\/uploads\/2023\/08\/brochure-netting-4sides-fr.pdf' target='_blank'><i class=\"qode_icon_font_awesome fa fa-file-pdf-o fa-lg simple_social\" style=\"color: #ff0000;\" ><\/i><\/a><\/span>[\/vc_column_text][\/vc_tab][\/vc_tabs][\/vc_column][\/vc_row][vc_row css_animation=\u00a0\u00bb\u00a0\u00bb row_type=\u00a0\u00bbrow\u00a0\u00bb use_row_as_full_screen_section=\u00a0\u00bbno\u00a0\u00bb type=\u00a0\u00bbfull_width\u00a0\u00bb angled_section=\u00a0\u00bbno\u00a0\u00bb text_align=\u00a0\u00bbleft\u00a0\u00bb background_image_as_pattern=\u00a0\u00bbwithout_pattern\u00a0\u00bb css=\u00a0\u00bb.vc_custom_1431528190800{margin-top: 0px !important;padding-top: 10px !important;padding-bottom: 30px !important;}\u00a0\u00bb][vc_column]<div class=\"ult-spacer spacer-69e12307e61d7\" data-id=\"69e12307e61d7\" data-height=\"55\" data-height-mobile=\"55\" data-height-tab=\"55\" data-height-tab-portrait=\"\" data-height-mobile-landscape=\"\" style=\"clear:both;display:block;\"><\/div>[vc_text_separator title=\u00a0\u00bbProjets\u00a0\u00bb border=\u00a0\u00bbno\u00a0\u00bb background_color=\u00a0\u00bb#007a53&Prime; title_color=\u00a0\u00bb#ffffff\u00a0\u00bb]<div class=\"ult-spacer spacer-69e12307e61f7\" data-id=\"69e12307e61f7\" data-height=\"15\" data-height-mobile=\"15\" data-height-tab=\"15\" data-height-tab-portrait=\"\" data-height-mobile-landscape=\"\" style=\"clear:both;display:block;\"><\/div>[vc_column_text]\r\n<p style=\"text-align: center;\">Cliquer sur les images pour visionner les projets.<\/p>\r\n[\/vc_column_text]<div class=\"ult-spacer spacer-69e12307e6210\" data-id=\"69e12307e6210\" data-height=\"25\" data-height-mobile=\"25\" data-height-tab=\"25\" data-height-tab-portrait=\"\" data-height-mobile-landscape=\"\" style=\"clear:both;display:block;\"><\/div><div class='projects_holder_outer v4 portfolio_with_space portfolio_standard'>\n        <div class='projects_holder portfolio_main_holder clearfix v4 standard portfolio_square_image '>\n        \n        <article class='mix portfolio_category_434 portfolio_category_432 portfolio_category_389 default' style=''>\n    \n    \n    \n                <div class='image_holder'>\n                <a itemprop='url' class='portfolio_link_for_touch' href='https:\/\/superchute.com\/fr\/portfolio_page\/other-striped-guardrail-scafnet\/' target='_self'>\n                    \n<span class='image'><img loading=\"lazy\" decoding=\"async\" width=\"570\" height=\"554\" src=\"https:\/\/superchute.com\/wp-content\/uploads\/2017\/01\/Guardrail-Netting-02-min-570x554.jpg\" class=\"attachment-portfolio-square size-portfolio-square wp-post-image\" alt=\"\" \/><\/span>                <\/a>\n\n                <span class='text_holder'>\n    <span class='text_outer'>\n        <span class='text_inner'>\n            <span class='feature_holder'>\n                            <span class=\"feature_holder_icons\">';\n                    \n                            <a itemprop='url' class='preview qbutton small white' href='https:\/\/superchute.com\/fr\/portfolio_page\/other-striped-guardrail-scafnet\/' target='_self'>view<\/i><\/a>\n    \n                                            <\/span>\n        <\/span>\n    <\/span>\n<\/span>            <\/div>\n                <div class='portfolio_description ' >\n\n        \n    <h5 itemprop=\"name\" class=\"portfolio_title entry_title\"><a itemprop=\"url\" href=\"https:\/\/superchute.com\/fr\/portfolio_page\/other-striped-guardrail-scafnet\/\" style=\"color: #4d4d4d\" target=\"_self\"> Autres projets Garde-Corps Ray\u00e9 Orange<\/a><\/h5>\n\n\n            <div style=\"background-color: #4d4d4d\" class=\"portfolio_separator separator  small center\"><\/div>\n\n            <span class=\"project_category\"  >\n    Filets, Filets et b\u00e2ches, Striped Guardrail    <\/span>\n\n    <\/div>\n        \n<\/article>\n        <div class='filler'><\/div>\n            <div class='filler'><\/div>\n            <div class='filler'><\/div>\n            <div class='filler'><\/div>\n        <\/div>\n\n    \n    <\/div>[\/vc_column][\/vc_row]<\/div>","protected":false},"excerpt":{"rendered":"<p>[vc_row css_animation=\u00a0\u00bb\u00a0\u00bb row_type=\u00a0\u00bbrow\u00a0\u00bb use_row_as_full_screen_section=\u00a0\u00bbno\u00a0\u00bb type=\u00a0\u00bbfull_width\u00a0\u00bb angled_section=\u00a0\u00bbno\u00a0\u00bb text_align=\u00a0\u00bbleft\u00a0\u00bb background_image_as_pattern=\u00a0\u00bbwithout_pattern\u00a0\u00bb css=\u00a0\u00bb.vc_custom_1435843296453{margin-top: 0px !important;padding-top: 10px !important;padding-bottom: 30px !important;}\u00a0\u00bb][vc_column width=\u00a0\u00bb1\/2&Prime;][vc_column_text] Garde-corps ray\u00e9 orange [\/vc_column_text][vc_column_text]Utiliser avec le syst\u00e8me de garde-corps StrapRail\u00ae\u00a0pour pr\u00e9venir la chute des d\u00e9bris \u00e0 travers le garde-corps.[\/vc_column_text][\/vc_column][vc_column width=\u00a0\u00bb1\/2&Prime;][\/vc_column][\/vc_row][vc_row css_animation=\u00a0\u00bb\u00a0\u00bb row_type=\u00a0\u00bbrow\u00a0\u00bb use_row_as_full_screen_section=\u00a0\u00bbno\u00a0\u00bb type=\u00a0\u00bbfull_width\u00a0\u00bb angled_section=\u00a0\u00bbno\u00a0\u00bb text_align=\u00a0\u00bbleft\u00a0\u00bb background_image_as_pattern=\u00a0\u00bbwithout_pattern\u00a0\u00bb css=\u00a0\u00bb.vc_custom_1431528190800{margin-top: 0px&#8230;<\/p>\n","protected":false},"author":7,"featured_media":0,"parent":23066,"menu_order":0,"comment_status":"open","ping_status":"closed","template":"","meta":{"_seopress_robots_primary_cat":"","_seopress_titles_title":"","_seopress_titles_desc":"","_seopress_robots_index":"","inline_featured_image":false,"footnotes":""},"class_list":["post-23335","page","type-page","status-publish","hentry"],"_links":{"self":[{"href":"https:\/\/superchute.com\/fr\/wp-json\/wp\/v2\/pages\/23335","targetHints":{"allow":["GET"]}}],"collection":[{"href":"https:\/\/superchute.com\/fr\/wp-json\/wp\/v2\/pages"}],"about":[{"href":"https:\/\/superchute.com\/fr\/wp-json\/wp\/v2\/types\/page"}],"author":[{"embeddable":true,"href":"https:\/\/superchute.com\/fr\/wp-json\/wp\/v2\/users\/7"}],"replies":[{"embeddable":true,"href":"https:\/\/superchute.com\/fr\/wp-json\/wp\/v2\/comments?post=23335"}],"version-history":[{"count":3,"href":"https:\/\/superchute.com\/fr\/wp-json\/wp\/v2\/pages\/23335\/revisions"}],"predecessor-version":[{"id":41403,"href":"https:\/\/superchute.com\/fr\/wp-json\/wp\/v2\/pages\/23335\/revisions\/41403"}],"up":[{"embeddable":true,"href":"https:\/\/superchute.com\/fr\/wp-json\/wp\/v2\/pages\/23066"}],"wp:attachment":[{"href":"https:\/\/superchute.com\/fr\/wp-json\/wp\/v2\/media?parent=23335"}],"curies":[{"name":"wp","href":"https:\/\/api.w.org\/{rel}","templated":true}]}}