{"id":23331,"date":"2015-04-23T13:40:27","date_gmt":"2015-04-23T08:43:11","guid":{"rendered":"https:\/\/superchute.com\/fr\/filets-construction\/black-tight-weave\/"},"modified":"2023-11-08T10:01:34","modified_gmt":"2023-11-08T15:01:34","slug":"tissage-serre-noir","status":"publish","type":"page","link":"https:\/\/superchute.com\/fr\/filets-construction\/tissage-serre-noir\/","title":{"rendered":"Scafnet\u00ae tissage serr\u00e9 noir"},"content":{"rendered":"<div class=\"wpb-content-wrapper\">[vc_row css_animation=\u00a0\u00bb\u00a0\u00bb row_type=\u00a0\u00bbrow\u00a0\u00bb use_row_as_full_screen_section=\u00a0\u00bbno\u00a0\u00bb type=\u00a0\u00bbfull_width\u00a0\u00bb angled_section=\u00a0\u00bbno\u00a0\u00bb text_align=\u00a0\u00bbleft\u00a0\u00bb background_image_as_pattern=\u00a0\u00bbwithout_pattern\u00a0\u00bb css=\u00a0\u00bb.vc_custom_1435843296453{margin-top: 0px !important;padding-top: 10px !important;padding-bottom: 30px !important;}\u00a0\u00bb][vc_column width=\u00a0\u00bb1\/2&Prime;][vc_column_text]\r\n<h3><span style=\"color: #007a53;\">Scafnet\u00ae tissage serr\u00e9 noir<\/span><\/h3>\r\n[\/vc_column_text][vc_column_text]<strong>La maille fine noire offre un contr\u00f4le excellent des d\u00e9bris et des poussi\u00e8res. En plus, elle offre plus d\u2019ombre.<\/strong>[\/vc_column_text]<div class=\"ult-spacer spacer-69f5fa558b693\" data-id=\"69f5fa558b693\" data-height=\"25\" data-height-mobile=\"25\" data-height-tab=\"25\" data-height-tab-portrait=\"\" data-height-mobile-landscape=\"\" style=\"clear:both;display:block;\"><\/div><a  itemprop=\"url\" href=\"https:\/\/superchute.com\/fr\/filets-construction\/devis\/\" target=\"_self\" data-hover-background-color=\"#4d4d4d\" data-hover-border-color=\"#4d4d4d\" data-hover-color=\"#ffffff\" class=\"qbutton  small default\" style=\"color: #ffffff; border-color: #4d4d4d; background-color:#4d4d4d;\">DEMANDER UN DEVIS<\/a>[\/vc_column][vc_column width=\u00a0\u00bb1\/2&Prime;]<div class='ult_hotspot_container ult-adjust-bottom-margin ult-hotspot-tooltip-wrapper ' style=width:350px;>  <img class='ult_hotspot_image' src=https:\/\/superchute.com\/wp-content\/uploads\/2018\/03\/black-scafnet2.jpg alt='null'\/>     <div class='utl-hotspot-items ult-hotspot-item'><div class='ult-hotspot-item  ' style='top:-webkit-calc(44.660874439461885% - 16px);top:-moz-calc(44.660874439461885% - 16px);top:calc(44.660874439461885% - 16px);left: -webkit-calc(33.236607142857146% - 16px);left: -moz-calc(33.236607142857146% - 16px);left: calc(33.236607142857146% - 16px);' >  <div style='z-index: 39;position: relative;'>   <a data-link_style='tootip' data-mycust-id=\"hotspot-tooltip-8856\"  data-ultimate-target='#hotspot-tooltip-8856 .ult-tooltipster-content'  data-responsive-json-new='{\"font-size\":\"desktop:12px;\",\"line-height\":\"desktop:18px;\"}' data-tooltip-content-style=\"width:300px;\"data-tooltip-base-style=\"background-color:#f9f9f9;color:#333333;\" data-bubble-arrow=\"true\" data-tooltip-offsety=\"16\" class='ult-tooltipstered ult-hotspot-tooltip' href='#' data-status='show'><div class=\"ult-just-icon-wrapper  \"><div class=\"align-icon\" style=\"text-align:center;\">\n<div class=\"aio-icon  \"  style=\"color:#dd3333;font-size:32px;display:inline-block;\">\n\t<i class=\"Defaults-search-plus\"><\/i>\n<\/div><\/div><\/div><span class='hotspot-tooltip-content'>&lt;a href=&#039;https:\/\/superchute.com\/wp-content\/uploads\/2015\/04\/black-weave.jpg&#039;&gt;&lt;img class=&#039; wp-image-17020 size-thumbnail aligncenter&#039; src=&#039;https:\/\/superchute.com\/wp-content\/uploads\/2015\/04\/black-weave-150x150.jpg&#039; alt=&#039;&#039; width=&#039;150&#039; height=&#039;150&#039; \/&gt;&lt;\/a&gt;&lt;\/p&gt;\n&lt;p style=&#039;text-align: center;&#039;&gt;&lt;strong&gt;Maillage&lt;\/strong&gt;&lt;\/p&gt;\n&lt;p&gt;<\/span>  <\/a> <\/div><!-- ICON WRAP --><\/div>\n<\/div>     <div style='color:#000;' data-image='    '><\/div><\/div>[\/vc_column][\/vc_row][vc_row css_animation=\u00a0\u00bb\u00a0\u00bb row_type=\u00a0\u00bbrow\u00a0\u00bb use_row_as_full_screen_section=\u00a0\u00bbno\u00a0\u00bb type=\u00a0\u00bbfull_width\u00a0\u00bb angled_section=\u00a0\u00bbno\u00a0\u00bb text_align=\u00a0\u00bbleft\u00a0\u00bb background_image_as_pattern=\u00a0\u00bbwithout_pattern\u00a0\u00bb][vc_column][vc_tabs style=\u00a0\u00bbvertical_left\u00a0\u00bb][vc_tab title=\u00a0\u00bbMod\u00e8les\u00a0\u00bb tab_id=\u00a0\u00bbf6209c3f-94c3-7&Prime;][vc_table vc_table_theme=\u00a0\u00bbclassic\u00a0\u00bb allow_html=\u00a0\u00bb1&Prime;]Fil,Diam%C3%A8tre%20de%20la%20grille,Poids,Ombre,R%C3%A9sistance%20%C3%A0%20l&rsquo;%C3%A9clatement|Poly%C3%A9thylene,1%2F16%22,4.25%20oz%2Fsq.yd.,40%25,97%20psi%0A%0A[\/vc_table]<div class=\"ult-spacer spacer-69f5fa558c22a\" data-id=\"69f5fa558c22a\" data-height=\"20\" data-height-mobile=\"20\" data-height-tab=\"20\" data-height-tab-portrait=\"\" data-height-mobile-landscape=\"\" style=\"clear:both;display:block;\"><\/div>[vc_table vc_table_theme=\u00a0\u00bbsimple\u00a0\u00bb allow_html=\u00a0\u00bb1&Prime;][b;align-left]Mod%C3%A8le,[b;align-left]Couleurs,[b;align-left]Dimensions%20(imp%C3%A9riale),[b;align-left]Dimensions%20(m%C3%A9trique),[b;align-left]lb%2Frouleau|[align-left;b]SCAF2M50-b,[c;align-left]Noir,[align-left]6.1&rsquo;%20x%20164&rsquo;%20%3D%201%2C000%20pi2,[align-left]1.85%20m%20x%2050%20m%20%3D%2092.5%20m2,[align-left]40%20lb%0A%0A%0A%0A%0A%0A%0A%0A|[b;align-left]SCAF4M50,[align-left]Noir,[align-left]12.2%E2%80%99%20x%20164%E2%80%99%20%3D%202%2C000%20pi2,[align-left]3.7%20m%20x%2050%20m%20%3D%20185%20m2,[align-left]60%20lb|[b;align-left]SCAF8M50,[align-left]Noir,[align-left]26%E2%80%99%20x%20165%E2%80%99%20%3D%204300%20pi2,[align-left]8%20m%20x%2050%20m%20%3D%20400%20m2,[align-left]120%20lb%0A%0A[\/vc_table][\/vc_tab][vc_tab title=\u00a0\u00bbCaract\u00e9ristiques\u00a0\u00bb tab_id=\u00a0\u00bb1466521218574-2-0&Prime;][vc_column_text]\r\n<ul>\r\n \t<li>La maille fine noire offre un contr\u00f4le excellent des d\u00e9bris et des poussi\u00e8res\u00a0<span style=\"color: #007a53;\">\u2713<\/span><\/li>\r\n \t<li>Offre plus d&rsquo;ombre\u00a0<span style=\"color: #007a53;\">\u2713<\/span><\/li>\r\n \t<li>Attrape les d\u00e9bris l\u00e9gers tombant des \u00e9chafaudages, des ponts et des b\u00e2timents en construction <span style=\"color: #007a53;\">\u2713<\/span><\/li>\r\n \t<li>Des centaines de rouleaux sont en stock en tout temps et ils sont pr\u00eats pour la livraison <span style=\"color: #007a53;\">\u2713<\/span><\/li>\r\n \t<li>Plusieurs grandeurs sont disponibles <span style=\"color: #007a53;\">\u2713<\/span><\/li>\r\n \t<li>Chaque rouleau est emball\u00e9 individuellement\u00a0<span style=\"color: #007a53;\">\u2713<\/span><\/li>\r\n<\/ul>\r\n[\/vc_column_text][\/vc_tab][vc_tab title=\u00a0\u00bbSp\u00e9cifications\u00a0\u00bb tab_id=\u00a0\u00bb5322e516-5bee-4&Prime;][vc_column_text]\r\n<ul>\r\n \t<li>Filets extra larges souvent utilis\u00e9s sous les ponts<\/li>\r\n \t<li>Conforme avec NFPA 701-2004 Test Method 2 &#8211; Flame Propagation<\/li>\r\n \t<li>Bords jaunes renforc\u00e9s<\/li>\r\n \t<li>Tous les mod\u00e8les Scafnet\u00ae peuvent \u00eatre coup\u00e9s sans effilochage<\/li>\r\n \t<li>Des attaches jetables en nylon permettent d&rsquo;installer Scafnet\u00ae rapidement<\/li>\r\n \t<li>Il faut installer des bandes de Scafnet\u00ae de haut en bas ou de droite \u00e0 gauche<\/li>\r\n<\/ul>\r\n[\/vc_column_text][\/vc_tab][vc_tab title=\u00a0\u00bbEssais de la propagation des flammes\u00a0\u00bb tab_id=\u00a0\u00bb1473190949901-3-7&Prime;][vc_column_text]<span style=\"color: #db4405;\"><a style=\"color: #db4405;\" href=\"https:\/\/superchute.com\/wp-content\/uploads\/2016\/02\/bostonfiredoc.pdf\" target=\"_blank\" rel=\"noopener noreferrer\">Letter from the Boston Fire Department\u00a0\u00bb<\/a><\/span> <span class='q_social_icon_holder normal_social' data-color=#ff0000 data-hover-color=#4d4d4d><a itemprop='url' href='https:\/\/superchute.com\/wp-content\/uploads\/2016\/02\/bostonfiredoc.pdf' target='_blank'><i class=\"qode_icon_font_awesome fa fa-file-pdf-o fa-lg simple_social\" style=\"color: #ff0000;\" ><\/i><\/a><\/span>[\/vc_column_text][vc_column_text]<span style=\"color: #db4405;\"><a style=\"color: #db4405;\" href=\"https:\/\/superchute.com\/wp-content\/uploads\/2016\/02\/Flame_Propagation_Test-Tight_Weave_Black_2M50-B.pdf\" target=\"_blank\" rel=\"noopener noreferrer\">Flame Propagation Test Of \u00ab\u00a0The Original Scafnet &#8211; Black\u00a0\u00bb<\/a><\/span>\u00a0<span class='q_social_icon_holder normal_social' data-color=#ff0000 data-hover-color=#4d4d4d><a itemprop='url' href='https:\/\/superchute.com\/wp-content\/uploads\/2016\/02\/Flame_Propagation_Test-Tight_Weave_Black_2M50-B.pdf' target='_blank'><i class=\"qode_icon_font_awesome fa fa-file-pdf-o fa-lg simple_social\" style=\"color: #ff0000;\" ><\/i><\/a><\/span>[\/vc_column_text][\/vc_tab][vc_tab title=\u00a0\u00bbEssais physiques\u00a0\u00bb tab_id=\u00a0\u00bb1473190973532-4-6&Prime;][vc_table vc_table_theme=\u00a0\u00bbclassic\u00a0\u00bb allow_html=\u00a0\u00bb1&Prime;][align-left]Essai,[align-left]Type%20d%E2%80%99essai,[align-left]Filet%20noir|[align-left]1,[align-left]Force%20de%20la%20rupture%20de%20la%20maille%20(longueur),[align-left]83%20lb.|[align-left],[align-left]Force%20de%20la%20rupture%20de%20la%20maille%20(largeur),[align-left]80%20lb.|[align-left],[align-left]Allongement%20%C3%A0%20la%20rupture%20(longueur),[align-left]50%25|[align-left],[align-left]Allongement%20%C3%A0%20la%20rupture%20(largeur),[align-left]98%25|[align-left]2,[align-left]Force%20de%20la%20rupture%20du%20fil,[align-left]4%20lb.|[align-left]3,[align-left]R%C3%A9sistance%20%C3%A0%20l%E2%80%99%C3%A9clatement,[align-left]97%20psi|[align-left]4,[align-left]R%C3%A9sistance%20%C3%A0%20l%E2%80%99%C3%A9clatement%20(d%C3%A9lib%C3%A9r%C3%A9),[align-left]44%20psi%0A%0A[\/vc_table]<div class=\"ult-spacer spacer-69f5fa558c555\" data-id=\"69f5fa558c555\" data-height=\"35\" data-height-mobile=\"35\" data-height-tab=\"35\" data-height-tab-portrait=\"\" data-height-mobile-landscape=\"\" style=\"clear:both;display:block;\"><\/div>[vc_column_text]<span style=\"text-decoration: underline;\"><strong>Description des essais<\/strong> (en anglais) :<\/span>\r\n<ol>\r\n \t<li><strong>Force de la rupture des tissus\u00a0<\/strong> <em>(Grab Method: CAN\/GSB-4.2 Method 9.2-M90)<\/em>.\u00a0A 4&Prime; wide x 6&Prime; tall specimen of fabric is held between 2 vertical clamps. Tension is applied so that rupture of the specimen occurs within 20 seconds.\u00a0This test is similar to ISO 5082:1982.<\/li>\r\n \t<li><strong>Force de la rupture de la laine<\/strong>\u00a0<em>(Single Strand Method: CAN\/GSB-4.2 Method 9.4-M91).\u00a0<\/em>A single strand of yarn is held between 2 clamps. Tension is applied so that rupture of the specimen occurs within a specified interval of time.<\/li>\r\n \t<li><strong>Force de l&rsquo;\u00e9clatement<\/strong>\u00a0<em>(Diaphragm Pressure Test: CAN\/GSB-4.2 Method 11.1-94).\u00a0<\/em>A fixed area of fabric is subjected to pressure on one side through a diaphragm, and the pressure is gradually increased until the fabric is ruptured.\u00a0This test is technically equivalent to ASTM D 3786-87.<\/li>\r\n \t<li><strong>Force d&rsquo;un \u00e9clatement d\u00e9lib\u00e9r\u00e9<\/strong> <em>(Diaphragm Pressure Test: CAN\/GSB-4.2 Method 11.1-94).\u00a0<\/em>Same as previous except a 12.5 mm cut is made to the test area.<\/li>\r\n<\/ol>\r\n<em>\r\nDes rapports d\u00e9taill\u00e9s sont disponibles pour tous les filets.\r\n<\/em>[\/vc_column_text][\/vc_tab][vc_tab title=\u00a0\u00bbBrochure\u00a0\u00bb tab_id=\u00a0\u00bb1473944673562-5-7&Prime;][vc_column_text]\r\n<h5><a href=\"https:\/\/superchute.com\/brochures_\/brochure-netting-4sides-fr.pdf\" target=\"_blank\" rel=\"noopener noreferrer\"><img loading=\"lazy\" decoding=\"async\" class=\"alignleft wp-image-17519\" src=\"https:\/\/superchute.com\/wp-content\/uploads\/2015\/04\/brochure-netting-4sides-v2-1-233x300.jpg\" alt=\"brochure-netting-4sides-v2-1\" width=\"100\" height=\"129\" srcset=\"https:\/\/superchute.com\/wp-content\/uploads\/2015\/04\/brochure-netting-4sides-v2-1-233x300.jpg 233w, https:\/\/superchute.com\/wp-content\/uploads\/2015\/04\/brochure-netting-4sides-v2-1.jpg 630w\" sizes=\"auto, (max-width: 100px) 100vw, 100px\" \/><\/a><a href=\"https:\/\/superchute.com\/brochures_\/brochure-netting-4sides-fr.pdf\" target=\"_blank\" rel=\"noopener noreferrer\">Brochure des filets de construction<\/a><\/h5>\r\nVersion PDF<span class='q_social_icon_holder normal_social' data-color=#ff0000 data-hover-color=#4d4d4d><a itemprop='url' href='https:\/\/superchute.com\/brochures_\/brochure-netting-4sides-fr.pdf' target='_blank'><i class=\"qode_icon_font_awesome fa fa-file-pdf-o fa-lg simple_social\" style=\"color: #ff0000;\" ><\/i><\/a><\/span>[\/vc_column_text][\/vc_tab][\/vc_tabs]<div class=\"ult-spacer spacer-69f5fa558c629\" data-id=\"69f5fa558c629\" data-height=\"35\" data-height-mobile=\"35\" data-height-tab=\"35\" data-height-tab-portrait=\"\" data-height-mobile-landscape=\"\" style=\"clear:both;display:block;\"><\/div>[\/vc_column][\/vc_row]<\/div>","protected":false},"excerpt":{"rendered":"<p>[vc_row css_animation=\u00a0\u00bb\u00a0\u00bb row_type=\u00a0\u00bbrow\u00a0\u00bb use_row_as_full_screen_section=\u00a0\u00bbno\u00a0\u00bb type=\u00a0\u00bbfull_width\u00a0\u00bb angled_section=\u00a0\u00bbno\u00a0\u00bb text_align=\u00a0\u00bbleft\u00a0\u00bb background_image_as_pattern=\u00a0\u00bbwithout_pattern\u00a0\u00bb css=\u00a0\u00bb.vc_custom_1435843296453{margin-top: 0px !important;padding-top: 10px !important;padding-bottom: 30px !important;}\u00a0\u00bb][vc_column width=\u00a0\u00bb1\/2&Prime;][vc_column_text] Scafnet\u00ae tissage serr\u00e9 noir [\/vc_column_text][vc_column_text]La maille fine noire offre un contr\u00f4le excellent des d\u00e9bris et des poussi\u00e8res. En plus, elle offre plus d\u2019ombre.[\/vc_column_text][\/vc_column][vc_column width=\u00a0\u00bb1\/2&Prime;][\/vc_column][\/vc_row][vc_row css_animation=\u00a0\u00bb\u00a0\u00bb row_type=\u00a0\u00bbrow\u00a0\u00bb use_row_as_full_screen_section=\u00a0\u00bbno\u00a0\u00bb type=\u00a0\u00bbfull_width\u00a0\u00bb angled_section=\u00a0\u00bbno\u00a0\u00bb&#8230;<\/p>\n","protected":false},"author":7,"featured_media":0,"parent":23066,"menu_order":0,"comment_status":"open","ping_status":"closed","template":"","meta":{"_seopress_robots_primary_cat":"","_seopress_titles_title":"","_seopress_titles_desc":"","_seopress_robots_index":"","inline_featured_image":false,"footnotes":""},"class_list":["post-23331","page","type-page","status-publish","hentry"],"_links":{"self":[{"href":"https:\/\/superchute.com\/fr\/wp-json\/wp\/v2\/pages\/23331","targetHints":{"allow":["GET"]}}],"collection":[{"href":"https:\/\/superchute.com\/fr\/wp-json\/wp\/v2\/pages"}],"about":[{"href":"https:\/\/superchute.com\/fr\/wp-json\/wp\/v2\/types\/page"}],"author":[{"embeddable":true,"href":"https:\/\/superchute.com\/fr\/wp-json\/wp\/v2\/users\/7"}],"replies":[{"embeddable":true,"href":"https:\/\/superchute.com\/fr\/wp-json\/wp\/v2\/comments?post=23331"}],"version-history":[{"count":1,"href":"https:\/\/superchute.com\/fr\/wp-json\/wp\/v2\/pages\/23331\/revisions"}],"predecessor-version":[{"id":45088,"href":"https:\/\/superchute.com\/fr\/wp-json\/wp\/v2\/pages\/23331\/revisions\/45088"}],"up":[{"embeddable":true,"href":"https:\/\/superchute.com\/fr\/wp-json\/wp\/v2\/pages\/23066"}],"wp:attachment":[{"href":"https:\/\/superchute.com\/fr\/wp-json\/wp\/v2\/media?parent=23331"}],"curies":[{"name":"wp","href":"https:\/\/api.w.org\/{rel}","templated":true}]}}