{"id":23330,"date":"2015-04-23T13:47:48","date_gmt":"2015-04-23T08:43:11","guid":{"rendered":"https:\/\/superchute.com\/fr\/filets-construction\/roperail-net\/"},"modified":"2020-07-28T17:33:16","modified_gmt":"2020-07-28T21:33:16","slug":"filet-roperail","status":"publish","type":"page","link":"https:\/\/superchute.com\/fr\/filets-construction\/filet-roperail\/","title":{"rendered":"Filet RopeRail\u00ae"},"content":{"rendered":"<div class=\"wpb-content-wrapper\">[vc_row css_animation=\u00a0\u00bb\u00a0\u00bb row_type=\u00a0\u00bbrow\u00a0\u00bb use_row_as_full_screen_section=\u00a0\u00bbno\u00a0\u00bb type=\u00a0\u00bbfull_width\u00a0\u00bb angled_section=\u00a0\u00bbno\u00a0\u00bb text_align=\u00a0\u00bbleft\u00a0\u00bb background_image_as_pattern=\u00a0\u00bbwithout_pattern\u00a0\u00bb css=\u00a0\u00bb.vc_custom_1435843296453{margin-top: 0px !important;padding-top: 10px !important;padding-bottom: 30px !important;}\u00a0\u00bb][vc_column width=\u00a0\u00bb1\/3&Prime;][vc_column_text]\r\n<h3><span style=\"color: #007a53;\">Filet du garde-corps RopeRail\u00ae<\/span><\/h3>\r\n[\/vc_column_text][vc_column_text]Utiliser avec un <a style=\"color: #0000ff; text-decoration: underline;\" href=\"https:\/\/superchute.com\/fr\/protection-anti-chute\/roperail\/\">syst\u00e8me de garde-corps RopeRail\u00ae<\/a> pour pr\u00e9venir la chute de personnes et d&rsquo;objets.[\/vc_column_text]<div class=\"ult-spacer spacer-69f6073d96324\" data-id=\"69f6073d96324\" data-height=\"25\" data-height-mobile=\"25\" data-height-tab=\"25\" data-height-tab-portrait=\"\" data-height-mobile-landscape=\"\" style=\"clear:both;display:block;\"><\/div><a  itemprop=\"url\" href=\"https:\/\/superchute.com\/fr\/filets-construction\/devis\/\" target=\"_self\" data-hover-background-color=\"#4d4d4d\" data-hover-border-color=\"#4d4d4d\" data-hover-color=\"#ffffff\" class=\"qbutton  small default\" style=\"color: #ffffff; border-color: #4d4d4d; background-color:#4d4d4d;\">DEMANDER UN DEVIS<\/a>[\/vc_column][vc_column width=\u00a0\u00bb1\/3&Prime;]<div class='ult_hotspot_container ult-adjust-bottom-margin ult-hotspot-tooltip-wrapper ' style=width:326px;>  <img class='ult_hotspot_image' src=https:\/\/superchute.com\/wp-content\/uploads\/2015\/04\/rope-rail-net-e1520352105940.jpg alt=''\/>     <div class='utl-hotspot-items ult-hotspot-item'><div class='ult-hotspot-item  ' style='top:-webkit-calc(60.56840551181102% - 16px);top:-moz-calc(60.56840551181102% - 16px);top:calc(60.56840551181102% - 16px);left: -webkit-calc(13.39572622107969% - 16px);left: -moz-calc(13.39572622107969% - 16px);left: calc(13.39572622107969% - 16px);' >  <div style='z-index: 39;position: relative;'>   <a data-link_style='tootip' data-mycust-id=\"hotspot-tooltip-1387\"  data-ultimate-target='#hotspot-tooltip-1387 .ult-tooltipster-content'  data-responsive-json-new='{\"font-size\":\"desktop:12px;\",\"line-height\":\"desktop:18px;\"}' data-tooltip-content-style=\"width:300px;\"data-tooltip-base-style=\"background-color:#f9f9f9;color:#333333;\" data-bubble-arrow=\"true\" data-tooltip-offsety=\"16\" class='ult-tooltipstered ult-hotspot-tooltip' href='#' data-status='show'><div class=\"ult-just-icon-wrapper  \"><div class=\"align-icon\" style=\"text-align:center;\">\n<div class=\"aio-icon  \"  style=\"color:#dd3333;font-size:32px;display:inline-block;\">\n\t<i class=\"Defaults-search-plus\"><\/i>\n<\/div><\/div><\/div><span class='hotspot-tooltip-content'>&lt;img class=&#039; wp-image-17129 size-thumbnail aligncenter&#039; src=&#039;https:\/\/superchute.com\/wp-content\/uploads\/2015\/04\/roperail-scaf-btn-holes-150x150.jpg&#039; alt=&#039;&#039; width=&#039;150&#039; height=&#039;150&#039; \/&gt;&lt;\/p&gt;\n&lt;p style=&#039;text-align: center;&#039;&gt;&lt;strong&gt;Boutonni\u00e8res &amp; tissage Scafnet\u00ae&lt;\/strong&gt;&lt;\/p&gt;\n&lt;p&gt;<\/span>  <\/a> <\/div><!-- ICON WRAP --><\/div><div class='ult-hotspot-item  ' style='top:-webkit-calc(13.89640748031496% - 16px);top:-moz-calc(13.89640748031496% - 16px);top:calc(13.89640748031496% - 16px);left: -webkit-calc(47.56185732647815% - 16px);left: -moz-calc(47.56185732647815% - 16px);left: calc(47.56185732647815% - 16px);' >  <div style='z-index: 39;position: relative;'>   <a data-link_style='tootip' data-mycust-id=\"hotspot-tooltip-8984\"  data-ultimate-target='#hotspot-tooltip-8984 .ult-tooltipster-content'  data-responsive-json-new='{\"font-size\":\"desktop:12px;\",\"line-height\":\"desktop:18px;\"}' data-tooltip-content-style=\"width:300px;\"data-tooltip-base-style=\"background-color:#f9f9f9;color:#333333;\" data-bubble-arrow=\"true\" data-tooltip-offsety=\"16\" class='ult-tooltipstered ult-hotspot-tooltip' href='#' data-status='show'><div class=\"ult-just-icon-wrapper  \"><div class=\"align-icon\" style=\"text-align:center;\">\n<div class=\"aio-icon  \"  style=\"color:#dd3333;font-size:32px;display:inline-block;\">\n\t<i class=\"Defaults-search-plus\"><\/i>\n<\/div><\/div><\/div><span class='hotspot-tooltip-content'>&lt;img class=&#039; wp-image-17191 size-thumbnail aligncenter&#039; src=&#039;https:\/\/superchute.com\/wp-content\/uploads\/2015\/04\/roperail-net-mid-yellow-mesh-150x150.jpg&#039; alt=&#039;&#039; width=&#039;150&#039; height=&#039;150&#039; \/&gt;&lt;\/p&gt;\n&lt;p style=&#039;text-align: center;&#039;&gt;&lt;strong&gt;Ligne de pliage&lt;\/strong&gt;&lt;\/p&gt;\n&lt;p&gt;<\/span>  <\/a> <\/div><!-- ICON WRAP --><\/div>\n<\/div>     <div style='color:#000;' data-image='    '><\/div><\/div><div class=\"ult-spacer spacer-69f6073d97159\" data-id=\"69f6073d97159\" data-height=\"15\" data-height-mobile=\"15\" data-height-tab=\"15\" data-height-tab-portrait=\"\" data-height-mobile-landscape=\"\" style=\"clear:both;display:block;\"><\/div>[vc_column_text]\r\n<p style=\"text-align: center;\"><strong>Filet pour plinthe 90&Prime; (2 x plis)<\/strong><\/p>\r\n[\/vc_column_text][\/vc_column][vc_column width=\u00a0\u00bb1\/3&Prime;]<div class='ult_hotspot_container ult-adjust-bottom-margin ult-hotspot-tooltip-wrapper ' style=width:389px;>  <img class='ult_hotspot_image' src=https:\/\/superchute.com\/wp-content\/uploads\/2015\/04\/striped-gurardrail-scafnet-rolled-out.jpg alt=''\/>     <div class='utl-hotspot-items ult-hotspot-item'><div class='ult-hotspot-item  ' style='top:-webkit-calc(57.759757383966246% - 16px);top:-moz-calc(57.759757383966246% - 16px);top:calc(57.759757383966246% - 16px);left: -webkit-calc(38.688946015424165% - 16px);left: -moz-calc(38.688946015424165% - 16px);left: calc(38.688946015424165% - 16px);' >  <div style='z-index: 39;position: relative;'>   <a data-link_style='tootip' data-mycust-id=\"hotspot-tooltip-3939\"  data-ultimate-target='#hotspot-tooltip-3939 .ult-tooltipster-content'  data-responsive-json-new='{\"font-size\":\"desktop:12px;\",\"line-height\":\"desktop:18px;\"}' data-tooltip-content-style=\"width:300px;\"data-tooltip-base-style=\"background-color:#f9f9f9;color:#333333;\" data-bubble-arrow=\"true\" data-tooltip-offsety=\"16\" class='ult-tooltipstered ult-hotspot-tooltip' href='#' data-status='show'><div class=\"ult-just-icon-wrapper  \"><div class=\"align-icon\" style=\"text-align:center;\">\n<div class=\"aio-icon  \"  style=\"color:#dd3333;font-size:32px;display:inline-block;\">\n\t<i class=\"Defaults-search-plus\"><\/i>\n<\/div><\/div><\/div><span class='hotspot-tooltip-content'>&lt;img class=&#039; wp-image-17091 size-thumbnail aligncenter&#039; src=&#039;https:\/\/superchute.com\/wp-content\/uploads\/2015\/04\/guardrail-net-mesh-150x150.jpg&#039; alt=&#039;&#039; width=&#039;150&#039; height=&#039;150&#039; \/&gt;&lt;\/p&gt;\n&lt;p style=&#039;text-align: center;&#039;&gt;&lt;strong&gt;Tissage Scafnet\u00ae&lt;\/strong&gt;&lt;\/p&gt;\n&lt;p&gt;<\/span>  <\/a> <\/div><!-- ICON WRAP --><\/div><div class='ult-hotspot-item  ' style='top:-webkit-calc(74.2879746835443% - 16px);top:-moz-calc(74.2879746835443% - 16px);top:calc(74.2879746835443% - 16px);left: -webkit-calc(25.74710796915167% - 16px);left: -moz-calc(25.74710796915167% - 16px);left: calc(25.74710796915167% - 16px);' >  <div style='z-index: 39;position: relative;'>   <a data-link_style='tootip' data-mycust-id=\"hotspot-tooltip-7692\"  data-ultimate-target='#hotspot-tooltip-7692 .ult-tooltipster-content'  data-responsive-json-new='{\"font-size\":\"desktop:12px;\",\"line-height\":\"desktop:18px;\"}' data-tooltip-content-style=\"width:300px;\"data-tooltip-base-style=\"background-color:#f9f9f9;color:#333333;\" data-bubble-arrow=\"true\" data-tooltip-offsety=\"16\" class='ult-tooltipstered ult-hotspot-tooltip' href='#' data-status='show'><div class=\"ult-just-icon-wrapper  \"><div class=\"align-icon\" style=\"text-align:center;\">\n<div class=\"aio-icon  \"  style=\"color:#dd3333;font-size:32px;display:inline-block;\">\n\t<i class=\"Defaults-search-plus\"><\/i>\n<\/div><\/div><\/div><span class='hotspot-tooltip-content'>&lt;img class=&#039; wp-image-17092 size-thumbnail aligncenter&#039; src=&#039;https:\/\/superchute.com\/wp-content\/uploads\/2015\/04\/guardrail-net-buttonholes-150x150.jpg&#039; alt=&#039;&#039; width=&#039;150&#039; height=&#039;150&#039; \/&gt;&lt;\/p&gt;\n&lt;p style=&#039;text-align: center;&#039;&gt;&lt;strong&gt;Boutonni\u00e8res&lt;\/strong&gt;&lt;\/p&gt;\n&lt;p&gt;<\/span>  <\/a> <\/div><!-- ICON WRAP --><\/div>\n<\/div>     <div style='color:#000;' data-image='    '><\/div><\/div><div class=\"ult-spacer spacer-69f6073d97773\" data-id=\"69f6073d97773\" data-height=\"15\" data-height-mobile=\"15\" data-height-tab=\"15\" data-height-tab-portrait=\"\" data-height-mobile-landscape=\"\" style=\"clear:both;display:block;\"><\/div>[vc_column_text]\r\n<p style=\"text-align: center;\"><strong>Filet enjambeur 39\u2033<\/strong><\/p>\r\n[\/vc_column_text][\/vc_column][\/vc_row][vc_row css_animation=\u00a0\u00bb\u00a0\u00bb row_type=\u00a0\u00bbrow\u00a0\u00bb use_row_as_full_screen_section=\u00a0\u00bbno\u00a0\u00bb type=\u00a0\u00bbfull_width\u00a0\u00bb angled_section=\u00a0\u00bbno\u00a0\u00bb text_align=\u00a0\u00bbleft\u00a0\u00bb background_image_as_pattern=\u00a0\u00bbwithout_pattern\u00a0\u00bb css=\u00a0\u00bb.vc_custom_1431528190800{margin-top: 0px !important;padding-top: 10px !important;padding-bottom: 30px !important;}\u00a0\u00bb][vc_column]<div class=\"ult-spacer spacer-69f6073d977ae\" data-id=\"69f6073d977ae\" data-height=\"20\" data-height-mobile=\"20\" data-height-tab=\"20\" data-height-tab-portrait=\"\" data-height-mobile-landscape=\"\" style=\"clear:both;display:block;\"><\/div>[vc_tabs style=\u00a0\u00bbvertical_left\u00a0\u00bb][vc_tab title=\u00a0\u00bbMod\u00e8les\u00a0\u00bb tab_id=\u00a0\u00bb1455635880509-2-3&Prime;][vc_table vc_table_theme=\u00a0\u00bbclassic\u00a0\u00bb allow_html=\u00a0\u00bb1&Prime;][align-center]Mod%C3%A8le,[align-center]Fil,[align-center]Diam%C3%A8tre%20de%20la%20grille,[align-center]Poids,[align-center]Ombre,[align-center]Porosit%C3%A9,[align-center]R%C3%A9sistance%20%C3%A0%20l%E2%80%99%C3%A9clatement|[align-center]Filet%20pour%20plinthe,[align-center]Poly%C3%A9thyl%C3%A8ne%20HD,[align-center]1%2F4%22%20x%201%22,[align-center],[align-center]15%25,[align-center]80%25,[align-center]|[align-center]Filet%20enjambeur,[align-center]Poly%C3%A9thyl%C3%A8ne%20HD,[align-center]1%2F4%22%20x%201%2F4%22,[align-center]8.75%20oz%2Fyd.%C2%B2,[align-center]30%25,[align-center]60%25,[align-center]167%20psi[\/vc_table]<div class=\"ult-spacer spacer-69f6073d977e1\" data-id=\"69f6073d977e1\" data-height=\"35\" data-height-mobile=\"35\" data-height-tab=\"35\" data-height-tab-portrait=\"\" data-height-mobile-landscape=\"\" style=\"clear:both;display:block;\"><\/div>[vc_table vc_table_theme=\u00a0\u00bbsimple\u00a0\u00bb allow_html=\u00a0\u00bb1&Prime;][b;align-left]Mod%C3%A8le,[b;align-left]Couleurs,[b;align-left]Dimensions%20(imp%C3%A9rial),[b;align-left]Dimensions%20(m%C3%A9trique),[b;align-left]lb%2Frouleau|[align-left;b]RR-NET-TB100,[c;align-left]Orange%20-%201%20bande%20jaune,[align-left]90%22%20x%20100&rsquo;%20%3D%20800%20pi%C2%B2,[align-left]2.4%20m%20x%2030%20m%20%3D%2072%20m%C2%B2,[align-left]30.5%20lb%0A%0A%0A%0A%0A%0A|[b]RR-NET-HC100,Orange%20-%203%20bandes%20jaunes,39%E2%80%9D%20x%20100%E2%80%99,,22%20lb|[b]RR-NET-HC200,Orange%20-%203%20bandes%20jaunes,39%E2%80%9D%20x%20200%E2%80%99,,44%20lb%0A%0A[\/vc_table][\/vc_tab][vc_tab title=\u00a0\u00bbCaract\u00e9ristiques\u00a0\u00bb tab_id=\u00a0\u00bb1466529266437-3-2&Prime;][vc_column_text]\r\n<ul>\r\n \t<li>2 designs &#8211; filet pour plinthe et filet enjambeur <span style=\"color: #007a53;\">\u2713<\/span><\/li>\r\n \t<li>Des attaches jetables en nylon permettent d\u2019installer Scafnet\u00ae rapidement<span style=\"color: #007a53;\">\u2713<\/span><\/li>\r\n \t<li>Tous les mod\u00e8les Scafnet\u00ae peuvent \u00eatre coup\u00e9s sans effilochage <span style=\"color: #007a53;\">\u2713<\/span><\/li>\r\n \t<li>Des centaines de rouleaux sont en stock en tout temps et ils sont pr\u00eats pour la livraison <span style=\"color: #007a53;\">\u2713<\/span><\/li>\r\n \t<li>Chaque rouleau est emball\u00e9 individuellement\u00a0<span style=\"color: #007a53;\">\u2713<\/span><\/li>\r\n<\/ul>\r\n[\/vc_column_text][\/vc_tab][vc_tab title=\u00a0\u00bbFilet pour plinthe\u00a0\u00bb tab_id=\u00a0\u00bbcc9bfdff-db73-4&Prime;][vc_column_text]\r\n<ul>\r\n \t<li>Aucun \u00e9cart entre le c\u00e2ble et le plancher<\/li>\r\n \t<li>Protection contre des d\u00e9bris \u00e0 partir du c\u00e2ble sup\u00e9rieur jusqu&rsquo;au plancher<\/li>\r\n \t<li>Fabriqu\u00e9 en\u00a0poly\u00e9thyl\u00e8ne robuste<\/li>\r\n \t<li>Filet pli\u00e9 en deux et attach\u00e9 au c\u00e2ble de 45\u201d sup\u00e9rieur<\/li>\r\n \t<li>Bande d&rsquo;usure noir de 2\u201d au plancher<\/li>\r\n \t<li>Bande jaune de 6\u201d pour la plinthe<\/li>\r\n<\/ul>\r\n[\/vc_column_text][\/vc_tab][vc_tab title=\u00a0\u00bbFilet \u00e0 haut d\u00e9gagement\u00a0\u00bb tab_id=\u00a0\u00bb58e16086-e46c-5&Prime;][vc_column_text]\r\n<ul>\r\n \t<li>Prot\u00e8ge \u00e0 partir du c\u00e2ble sup\u00e9rieur jusqu&rsquo;au c\u00e2ble du bas<\/li>\r\n \t<li>Fabriqu\u00e9 en poly\u00e9thyl\u00e8ne robuste<\/li>\r\n \t<li>Filet pli\u00e9 une fois permettant un \u00e9cart de 11\u201d en dessous du filet<\/li>\r\n \t<li>Filet orange avec des bandes jaunes visibles<\/li>\r\n \t<li>Boutonni\u00e8res renforc\u00e9es<\/li>\r\n<\/ul>\r\n[\/vc_column_text]<div class=\"ult-spacer spacer-69f6073d97810\" data-id=\"69f6073d97810\" data-height=\"25\" data-height-mobile=\"25\" data-height-tab=\"25\" data-height-tab-portrait=\"\" data-height-mobile-landscape=\"\" style=\"clear:both;display:block;\"><\/div>[\/vc_tab][vc_tab title=\u00a0\u00bbBrochure\u00a0\u00bb tab_id=\u00a0\u00bb1473944691178-4-8&Prime;][vc_column_text]\r\n<h5><a href=\"https:\/\/superchute.com\/brochures_\/brochure-netting-4sides-fr.pdf\" target=\"_blank\" rel=\"noopener noreferrer\"><img loading=\"lazy\" decoding=\"async\" class=\"alignleft wp-image-17519\" src=\"https:\/\/superchute.com\/wp-content\/uploads\/2015\/04\/brochure-netting-4sides-v2-1-233x300.jpg\" alt=\"brochure-netting-4sides-v2-1\" width=\"100\" height=\"129\" srcset=\"https:\/\/superchute.com\/wp-content\/uploads\/2015\/04\/brochure-netting-4sides-v2-1-233x300.jpg 233w, https:\/\/superchute.com\/wp-content\/uploads\/2015\/04\/brochure-netting-4sides-v2-1.jpg 630w\" sizes=\"auto, (max-width: 100px) 100vw, 100px\" \/><\/a><a href=\"https:\/\/superchute.com\/brochures_\/brochure-netting-4sides-fr.pdf\" target=\"_blank\" rel=\"noopener noreferrer\">Brochure pour des filets de construction<\/a><\/h5>\r\nVersion PDF<span class='q_social_icon_holder normal_social' data-color=#ff0000 data-hover-color=#4d4d4d><a itemprop='url' href='https:\/\/superchute.com\/brochures_\/brochure-netting-4sides-fr.pdf' target='_blank'><i class=\"qode_icon_font_awesome fa fa-file-pdf-o fa-lg simple_social\" style=\"color: #ff0000;\" ><\/i><\/a><\/span>[\/vc_column_text][\/vc_tab][\/vc_tabs][\/vc_column][\/vc_row][vc_row css_animation=\u00a0\u00bb\u00a0\u00bb row_type=\u00a0\u00bbrow\u00a0\u00bb use_row_as_full_screen_section=\u00a0\u00bbno\u00a0\u00bb type=\u00a0\u00bbfull_width\u00a0\u00bb angled_section=\u00a0\u00bbno\u00a0\u00bb text_align=\u00a0\u00bbleft\u00a0\u00bb background_image_as_pattern=\u00a0\u00bbwithout_pattern\u00a0\u00bb css=\u00a0\u00bb.vc_custom_1431528190800{margin-top: 0px !important;padding-top: 10px !important;padding-bottom: 30px !important;}\u00a0\u00bb][vc_column]<div class=\"ult-spacer spacer-69f6073d97a53\" data-id=\"69f6073d97a53\" data-height=\"55\" data-height-mobile=\"55\" data-height-tab=\"55\" data-height-tab-portrait=\"\" data-height-mobile-landscape=\"\" style=\"clear:both;display:block;\"><\/div>[vc_text_separator title=\u00a0\u00bbProjets\u00a0\u00bb border=\u00a0\u00bbno\u00a0\u00bb background_color=\u00a0\u00bb#007a53&Prime; title_color=\u00a0\u00bb#ffffff\u00a0\u00bb]<div class=\"ult-spacer spacer-69f6073d97a94\" data-id=\"69f6073d97a94\" data-height=\"15\" data-height-mobile=\"15\" data-height-tab=\"15\" data-height-tab-portrait=\"\" data-height-mobile-landscape=\"\" style=\"clear:both;display:block;\"><\/div>[vc_column_text]\r\n<p style=\"text-align: center;\">Cliquer sur les images pour visionner les projets.<\/p>\r\n[\/vc_column_text]<div class=\"ult-spacer spacer-69f6073d97ac2\" data-id=\"69f6073d97ac2\" data-height=\"25\" data-height-mobile=\"25\" data-height-tab=\"25\" data-height-tab-portrait=\"\" data-height-mobile-landscape=\"\" style=\"clear:both;display:block;\"><\/div><div class='projects_holder_outer v4 portfolio_with_space portfolio_standard'>\n        <div class='projects_holder portfolio_main_holder clearfix v4 standard portfolio_square_image '>\n        \n        <article class='mix portfolio_category_390 portfolio_category_391 portfolio_category_434 portfolio_category_432 default' style=''>\n    \n    \n    \n                <div class='image_holder'>\n                <a itemprop='url' class='portfolio_link_for_touch' href='https:\/\/superchute.com\/fr\/portfolio_page\/high-clearance-net\/' target='_self'>\n                    \n<span class='image'><img loading=\"lazy\" decoding=\"async\" width=\"570\" height=\"570\" src=\"https:\/\/superchute.com\/wp-content\/uploads\/2017\/01\/5-Securing_the_net-570x570.jpg\" class=\"attachment-portfolio-square size-portfolio-square wp-post-image\" alt=\"\" srcset=\"https:\/\/superchute.com\/wp-content\/uploads\/2017\/01\/5-Securing_the_net-570x570.jpg 570w, https:\/\/superchute.com\/wp-content\/uploads\/2017\/01\/5-Securing_the_net-500x500.jpg 500w\" sizes=\"auto, (max-width: 570px) 100vw, 570px\" \/><\/span>                <\/a>\n\n                <span class='text_holder'>\n    <span class='text_outer'>\n        <span class='text_inner'>\n            <span class='feature_holder'>\n                            <span class=\"feature_holder_icons\">';\n                    \n                            <a itemprop='url' class='preview qbutton small white' href='https:\/\/superchute.com\/fr\/portfolio_page\/high-clearance-net\/' target='_self'>view<\/i><\/a>\n    \n                                            <\/span>\n        <\/span>\n    <\/span>\n<\/span>            <\/div>\n                <div class='portfolio_description ' >\n\n        \n    <h5 itemprop=\"name\" class=\"portfolio_title entry_title\"><a itemprop=\"url\" href=\"https:\/\/superchute.com\/fr\/portfolio_page\/high-clearance-net\/\" style=\"color: #4d4d4d\" target=\"_self\"> Filet Enjambeur<\/a><\/h5>\n\n\n            <div style=\"background-color: #4d4d4d\" class=\"portfolio_separator separator  small center\"><\/div>\n\n            <span class=\"project_category\"  >\n    Filet Enjambeur, Filet RopeRail\u00ae, Filets, Filets et b\u00e2ches    <\/span>\n\n    <\/div>\n        \n<\/article>\n<article class='mix portfolio_category_392 portfolio_category_391 portfolio_category_434 portfolio_category_432 default' style=''>\n    \n    \n    \n                <div class='image_holder'>\n                <a itemprop='url' class='portfolio_link_for_touch' href='https:\/\/superchute.com\/fr\/portfolio_page\/toeboard-net\/' target='_self'>\n                    \n<span class='image'><img loading=\"lazy\" decoding=\"async\" width=\"570\" height=\"570\" src=\"https:\/\/superchute.com\/wp-content\/uploads\/2015\/04\/INLINE-03-570x570.jpg\" class=\"attachment-portfolio-square size-portfolio-square wp-post-image\" alt=\"\" srcset=\"https:\/\/superchute.com\/wp-content\/uploads\/2015\/04\/INLINE-03-570x570.jpg 570w, https:\/\/superchute.com\/wp-content\/uploads\/2015\/04\/INLINE-03-150x150.jpg 150w, https:\/\/superchute.com\/wp-content\/uploads\/2015\/04\/INLINE-03-600x600.jpg 600w, https:\/\/superchute.com\/wp-content\/uploads\/2015\/04\/INLINE-03-500x500.jpg 500w\" sizes=\"auto, (max-width: 570px) 100vw, 570px\" \/><\/span>                <\/a>\n\n                <span class='text_holder'>\n    <span class='text_outer'>\n        <span class='text_inner'>\n            <span class='feature_holder'>\n                            <span class=\"feature_holder_icons\">';\n                    \n                            <a itemprop='url' class='preview qbutton small white' href='https:\/\/superchute.com\/fr\/portfolio_page\/toeboard-net\/' target='_self'>view<\/i><\/a>\n    \n                                            <\/span>\n        <\/span>\n    <\/span>\n<\/span>            <\/div>\n                <div class='portfolio_description ' >\n\n        \n    <h5 itemprop=\"name\" class=\"portfolio_title entry_title\"><a itemprop=\"url\" href=\"https:\/\/superchute.com\/fr\/portfolio_page\/toeboard-net\/\" style=\"color: #4d4d4d\" target=\"_self\"> Filet pour plinthe<\/a><\/h5>\n\n\n            <div style=\"background-color: #4d4d4d\" class=\"portfolio_separator separator  small center\"><\/div>\n\n            <span class=\"project_category\"  >\n    Filet pour plinthe, Filet RopeRail\u00ae, Filets, Filets et b\u00e2ches    <\/span>\n\n    <\/div>\n        \n<\/article>\n        <div class='filler'><\/div>\n            <div class='filler'><\/div>\n            <div class='filler'><\/div>\n            <div class='filler'><\/div>\n        <\/div>\n\n    \n    <\/div>[\/vc_column][\/vc_row]<\/div>","protected":false},"excerpt":{"rendered":"<p>[vc_row css_animation=\u00a0\u00bb\u00a0\u00bb row_type=\u00a0\u00bbrow\u00a0\u00bb use_row_as_full_screen_section=\u00a0\u00bbno\u00a0\u00bb type=\u00a0\u00bbfull_width\u00a0\u00bb angled_section=\u00a0\u00bbno\u00a0\u00bb text_align=\u00a0\u00bbleft\u00a0\u00bb background_image_as_pattern=\u00a0\u00bbwithout_pattern\u00a0\u00bb css=\u00a0\u00bb.vc_custom_1435843296453{margin-top: 0px !important;padding-top: 10px !important;padding-bottom: 30px !important;}\u00a0\u00bb][vc_column width=\u00a0\u00bb1\/3&Prime;][vc_column_text] Filet du garde-corps RopeRail\u00ae [\/vc_column_text][vc_column_text]Utiliser avec un syst\u00e8me de garde-corps RopeRail\u00ae pour pr\u00e9venir la chute de personnes et d&rsquo;objets.[\/vc_column_text][\/vc_column][vc_column width=\u00a0\u00bb1\/3&Prime;][vc_column_text] Filet pour plinthe 90&Prime; (2 x plis) [\/vc_column_text][\/vc_column][vc_column width=\u00a0\u00bb1\/3&Prime;][vc_column_text]&#8230;<\/p>\n","protected":false},"author":7,"featured_media":0,"parent":23066,"menu_order":0,"comment_status":"open","ping_status":"closed","template":"","meta":{"_seopress_robots_primary_cat":"","_seopress_titles_title":"","_seopress_titles_desc":"","_seopress_robots_index":"","inline_featured_image":false,"footnotes":""},"class_list":["post-23330","page","type-page","status-publish","hentry"],"_links":{"self":[{"href":"https:\/\/superchute.com\/fr\/wp-json\/wp\/v2\/pages\/23330","targetHints":{"allow":["GET"]}}],"collection":[{"href":"https:\/\/superchute.com\/fr\/wp-json\/wp\/v2\/pages"}],"about":[{"href":"https:\/\/superchute.com\/fr\/wp-json\/wp\/v2\/types\/page"}],"author":[{"embeddable":true,"href":"https:\/\/superchute.com\/fr\/wp-json\/wp\/v2\/users\/7"}],"replies":[{"embeddable":true,"href":"https:\/\/superchute.com\/fr\/wp-json\/wp\/v2\/comments?post=23330"}],"version-history":[{"count":0,"href":"https:\/\/superchute.com\/fr\/wp-json\/wp\/v2\/pages\/23330\/revisions"}],"up":[{"embeddable":true,"href":"https:\/\/superchute.com\/fr\/wp-json\/wp\/v2\/pages\/23066"}],"wp:attachment":[{"href":"https:\/\/superchute.com\/fr\/wp-json\/wp\/v2\/media?parent=23330"}],"curies":[{"name":"wp","href":"https:\/\/api.w.org\/{rel}","templated":true}]}}