{"id":23309,"date":"2016-03-31T10:11:48","date_gmt":"2016-03-31T14:11:48","guid":{"rendered":"https:\/\/superchute.com\/fr\/sytemes-chutes\/competition-2\/"},"modified":"2020-07-28T18:27:25","modified_gmt":"2020-07-28T22:27:25","slug":"versus-autres","status":"publish","type":"page","link":"https:\/\/superchute.com\/fr\/systemes-chutes\/versus-autres\/","title":{"rendered":"Superchute\u00ae versus les autres marques"},"content":{"rendered":"<div class=\"wpb-content-wrapper\">[vc_row css_animation=\u00a0\u00bb\u00a0\u00bb row_type=\u00a0\u00bbrow\u00a0\u00bb use_row_as_full_screen_section=\u00a0\u00bbno\u00a0\u00bb type=\u00a0\u00bbfull_width\u00a0\u00bb angled_section=\u00a0\u00bbno\u00a0\u00bb text_align=\u00a0\u00bbleft\u00a0\u00bb background_image_as_pattern=\u00a0\u00bbwithout_pattern\u00a0\u00bb][vc_column][vc_text_separator title=\u00a0\u00bbSuperchute\u00ae versus les autres marques\u00a0\u00bb border=\u00a0\u00bbno\u00a0\u00bb background_color=\u00a0\u00bb#ffc726&Prime; title_color=\u00a0\u00bb#4d4d4d\u00a0\u00bb]<div class=\"ult-spacer spacer-69e116c5a8eb5\" data-id=\"69e116c5a8eb5\" data-height=\"20\" data-height-mobile=\"20\" data-height-tab=\"20\" data-height-tab-portrait=\"\" data-height-mobile-landscape=\"\" style=\"clear:both;display:block;\"><\/div>[vc_tabs style=\u00a0\u00bbvertical_left\u00a0\u00bb][vc_tab title=\u00a0\u00bbRaccordements\u00a0\u00bb tab_id=\u00a0\u00bbb44ad797-1e7b-10&Prime;][vc_row_inner row_type=\u00a0\u00bbrow\u00a0\u00bb type=\u00a0\u00bbfull_width\u00a0\u00bb text_align=\u00a0\u00bbleft\u00a0\u00bb css_animation=\u00a0\u00bb\u00a0\u00bb][vc_column_inner width=\u00a0\u00bb1\/2&Prime;][vc_column_text]<strong><span style=\"color: #ffc726;\">Superchute\u00ae <\/span><\/strong>\r\n\r\n<strong>C\u00e2ble en m\u00e9tal<\/strong>\r\n\r\n<div id=\"attachment_19293\" style=\"width: 88px\" class=\"wp-caption alignleft\"><img loading=\"lazy\" decoding=\"async\" aria-describedby=\"caption-attachment-19293\" class=\"wp-image-19293 size-full\" src=\"https:\/\/superchute.com\/wp-content\/uploads\/2015\/04\/cutvcable.jpg\" alt=\"\" width=\"78\" height=\"78\" \/><p id=\"caption-attachment-19293\" class=\"wp-caption-text\">Section transversale d&rsquo;un c\u00e2ble de 7 x 19 avec 5\/16&Prime; de diam\u00e8tre<\/p><\/div>\r\n\r\nLa charge est partag\u00e9e plus de 133 fois avec le c\u00e2ble. Les fils qui composent le c\u00e2ble se cassent un par un quand ils sont fatigu\u00e9s sur une longue p\u00e9riode de temps. Cela a peu d&rsquo;effets sur sa r\u00e9sistance et ceci indique quand remplacer le c\u00e2ble.[\/vc_column_text][\/vc_column_inner][vc_column_inner width=\u00a0\u00bb1\/2&Prime;][vc_column_text]<strong><span style=\"color: #ffc726;\">Autres marques<\/span><\/strong>\r\n\r\n<strong>Cha\u00eene<\/strong>\r\n\r\n<img loading=\"lazy\" decoding=\"async\" class=\"alignleft wp-image-19292 size-thumbnail\" src=\"https:\/\/superchute.com\/wp-content\/uploads\/2015\/04\/chainsec-150x45.jpg\" alt=\"\" width=\"150\" height=\"45\" \/>Le poids de toute la chute repose sur un maillon de la cha\u00eene. Le syst\u00e8me de chute peut tomber en perdant un maillon. Cela a des cons\u00e9quences potentiellement fatales. Il est difficile de savoir quand la cha\u00eene va l\u00e2cher. Les cha\u00eenes utilis\u00e9es par nos comp\u00e9titeurs ne sont pas fiables et ne sont pas s\u00e9curitaires.\r\n\r\n<em>Une cha\u00eene est aussi rigoureuse que le maillon le plus faible de nos c\u00e2bles.<\/em>[\/vc_column_text][\/vc_column_inner][\/vc_row_inner][\/vc_tab][vc_tab title=\u00a0\u00bbFacteur de s\u00e9curit\u00e9 des assemblages de c\u00e2ble\u00a0\u00bb tab_id=\u00a0\u00bb1449079648111-5-0&Prime;][vc_row_inner row_type=\u00a0\u00bbrow\u00a0\u00bb type=\u00a0\u00bbfull_width\u00a0\u00bb text_align=\u00a0\u00bbleft\u00a0\u00bb css_animation=\u00a0\u00bb\u00a0\u00bb][vc_column_inner width=\u00a0\u00bb1\/2&Prime;][vc_column_text]<strong><span style=\"color: #ffc726;\">Superchute\u00ae <\/span><\/strong>\r\n\r\n<strong>Grand facteur<\/strong>\r\n<ul>\r\n \t<li>Facteur 10:1 sur deux assemblages de c\u00e2ble<\/li>\r\n \t<li>Deux assemblages de c\u00e2ble de 10,000 lb chacun permettent l&rsquo;assemblage d&rsquo;une chute de 200 pi ou de 2000 lb<\/li>\r\n<\/ul>\r\n[\/vc_column_text][\/vc_column_inner][vc_column_inner width=\u00a0\u00bb1\/2&Prime;][vc_column_text]<strong><span style=\"color: #ffc726;\">Autres marques<\/span><\/strong>\r\n\r\n<strong>Petit facteur<\/strong>\r\n\r\nUn faible facteur de s\u00e9curit\u00e9 ne prot\u00e8ge pas contre les cons\u00e9quences des blocages.[\/vc_column_text][\/vc_column_inner][\/vc_row_inner][\/vc_tab][vc_tab title=\u00a0\u00bbIndication de poids\u00a0\u00bb tab_id=\u00a0\u00bbd08cf743-ca29-3&Prime;][vc_row_inner row_type=\u00a0\u00bbrow\u00a0\u00bb type=\u00a0\u00bbfull_width\u00a0\u00bb text_align=\u00a0\u00bbleft\u00a0\u00bb css_animation=\u00a0\u00bb\u00a0\u00bb][vc_column_inner width=\u00a0\u00bb1\/2&Prime;][vc_column_text]<strong><span style=\"color: #ffc726;\">Superchute\u00ae <\/span><\/strong>\r\n\r\n<strong>Nous le faisons<\/strong>\r\n\r\nLe poids de chaque section est estamp\u00e9 pour aider les installateurs.\r\n\r\nPar exemple: Chaque section de Wraparound\u00ae r\u00e9guli\u00e8re de 30&Prime; dia. est de 39 lb.[\/vc_column_text][\/vc_column_inner][vc_column_inner width=\u00a0\u00bb1\/2&Prime;][vc_column_text]<strong><span style=\"color: #ffc726;\">Autres marques<\/span><\/strong>\r\n\r\n<strong>Ne le font pas<\/strong>\r\n\r\nSans connaitre les poids correctes, des erreurs d&rsquo;\u00e9valuation peuvent se produire sur le chantier.[\/vc_column_text][\/vc_column_inner][\/vc_row_inner][\/vc_tab][vc_tab title=\u00a0\u00bbPalans \u00e0 chute\u00a0\u00bb tab_id=\u00a0\u00bb1449079644458-2-10&Prime;][vc_row_inner row_type=\u00a0\u00bbrow\u00a0\u00bb type=\u00a0\u00bbfull_width\u00a0\u00bb text_align=\u00a0\u00bbleft\u00a0\u00bb css_animation=\u00a0\u00bb\u00a0\u00bb][vc_column_inner width=\u00a0\u00bb1\/2&Prime;][vc_column_text]<strong><span style=\"color: #ffc726;\">Superchute\u00ae <\/span><\/strong>\r\n\r\n<strong><img loading=\"lazy\" decoding=\"async\" class=\"alignleft wp-image-18992\" src=\"https:\/\/superchute.com\/wp-content\/uploads\/2015\/11\/Hoist-on-deck-210x300.png\" alt=\"Hoist-on-deck\" width=\"189\" height=\"270\" srcset=\"https:\/\/superchute.com\/wp-content\/uploads\/2015\/11\/Hoist-on-deck-210x300.png 210w, https:\/\/superchute.com\/wp-content\/uploads\/2015\/11\/Hoist-on-deck.png 500w\" sizes=\"auto, (max-width: 189px) 100vw, 189px\" \/>Palans \u00e0 chutes<\/strong>\r\n<ul>\r\n \t<li>Con\u00e7us pour une charge maximale sp\u00e9cifique<\/li>\r\n \t<li>S\u00e9curitaire, rapide et facile \u00e0 utiliser<\/li>\r\n \t<li>Facteur de s\u00e9curit\u00e9 3:1<\/li>\r\n<\/ul>\r\n[\/vc_column_text][\/vc_column_inner][vc_column_inner width=\u00a0\u00bb1\/2&Prime;][vc_column_text]<strong><span style=\"color: #ffc726;\">Autres marques<\/span><\/strong>\r\n\r\n<strong>Parapets et autres moyens de fixation<\/strong>\r\n\r\n<img loading=\"lazy\" decoding=\"async\" class=\"alignleft size-thumbnail wp-image-19311\" src=\"https:\/\/superchute.com\/wp-content\/uploads\/2015\/04\/parapetclamp-150x150.jpg\" alt=\"parapetclamp\" width=\"150\" height=\"150\" \/>Ne pas utiliser les fixations de parapets! Les parapets varient en puissance et ils ne sont pas con\u00e7us pour soutenir une charge. Ils sont dangereux.[\/vc_column_text][\/vc_column_inner][\/vc_row_inner][\/vc_tab][vc_tab title=\u00a0\u00bbMarquage\u00a0\u00bb tab_id=\u00a0\u00bb1449079645653-3-1&Prime;][vc_row_inner row_type=\u00a0\u00bbrow\u00a0\u00bb type=\u00a0\u00bbfull_width\u00a0\u00bb text_align=\u00a0\u00bbleft\u00a0\u00bb css_animation=\u00a0\u00bb\u00a0\u00bb][vc_column_inner width=\u00a0\u00bb1\/2&Prime;][vc_column_text]<strong><span style=\"color: #ffc726;\">Superchute\u00ae <\/span><\/strong>\r\n\r\n<strong>Le nom et le logo de votre compagnie sont estamp\u00e9s sur chaque section\r\n<\/strong>\r\n\r\nExcellent outil de publicit\u00e9 &amp; de pr\u00e9vention de vols.\r\n<img loading=\"lazy\" decoding=\"async\" class=\"alignleft wp-image-20567 size-full\" src=\"https:\/\/superchute.com\/wp-content\/uploads\/2015\/06\/front-plateC-tn.png\" alt=\"\" width=\"198\" height=\"71\" \/>[\/vc_column_text][\/vc_column_inner][vc_column_inner width=\u00a0\u00bb1\/2&Prime;][vc_column_text]<strong><span style=\"color: #ffc726;\">Aures marques<\/span><\/strong>\r\n\r\n<strong>Pas de marquage<\/strong>\r\n\r\nDes chutes vol\u00e9es ne sont pas identifiables.[\/vc_column_text][\/vc_column_inner][\/vc_row_inner][\/vc_tab][vc_tab title=\u00a0\u00bbDiam\u00e8tres\u00a0\u00bb tab_id=\u00a0\u00bb1449079646815-4-8&Prime;][vc_row_inner row_type=\u00a0\u00bbrow\u00a0\u00bb type=\u00a0\u00bbfull_width\u00a0\u00bb text_align=\u00a0\u00bbleft\u00a0\u00bb css_animation=\u00a0\u00bb\u00a0\u00bb][vc_column_inner width=\u00a0\u00bb1\/2&Prime;][vc_column_text]<strong><span style=\"color: #ffc726;\">Superchute\u00ae <\/span><\/strong>\r\n\r\n<strong>6 diam\u00e8tres de chute : 18&Prime; \u00e0 36&Prime;<\/strong>\r\n\r\n<strong><img loading=\"lazy\" decoding=\"async\" class=\"alignleft wp-image-19313 size-full\" src=\"https:\/\/superchute.com\/wp-content\/uploads\/2015\/04\/dia.png\" alt=\"\" width=\"333\" height=\"58\" srcset=\"https:\/\/superchute.com\/wp-content\/uploads\/2015\/04\/dia.png 333w, https:\/\/superchute.com\/wp-content\/uploads\/2015\/04\/dia-300x52.png 300w\" sizes=\"auto, (max-width: 333px) 100vw, 333px\" \/><\/strong>\r\n\r\n&nbsp;\r\n\r\n&nbsp;\r\n\r\n<strong>\u00a0<\/strong>[\/vc_column_text][\/vc_column_inner][vc_column_inner width=\u00a0\u00bb1\/2&Prime;][vc_column_text]<strong><span style=\"color: #ffc726;\">Autres marques<\/span><\/strong>\r\n\r\nDes blocages fr\u00e9quents peuvent survenir avec 1 seul diam\u00e8tre.[\/vc_column_text][\/vc_column_inner][\/vc_row_inner][\/vc_tab][vc_tab title=\u00a0\u00bbEffet conique\u00a0\u00bb tab_id=\u00a0\u00bb1449079649119-6-8&Prime;][vc_row_inner row_type=\u00a0\u00bbrow\u00a0\u00bb type=\u00a0\u00bbfull_width\u00a0\u00bb text_align=\u00a0\u00bbleft\u00a0\u00bb css_animation=\u00a0\u00bb\u00a0\u00bb][vc_column_inner width=\u00a0\u00bb1\/2&Prime;][vc_column_text]<strong><span style=\"color: #ffc726;\">Superchute\u00ae <\/span><\/strong>\r\n\r\n<strong>R\u00e9tr\u00e9cie de 1&Prime; seulement<\/strong>\r\n\r\nLes sections de chutes sont r\u00e9tr\u00e9cies de 1&Prime; seulement pour pr\u00e9venir l&rsquo;usure.\r\n\r\n<strong>\u00a0<\/strong>[\/vc_column_text][\/vc_column_inner][vc_column_inner width=\u00a0\u00bb1\/2&Prime;][vc_column_text]<strong><span style=\"color: #ffc726;\">Autres marques<\/span><\/strong>\r\n\r\n<strong>R\u00e9tr\u00e9cis jusqu&rsquo;\u00e0 5 pouces<\/strong>\r\n\r\nLes bouts des sections sont us\u00e9s plus rapidement.[\/vc_column_text][\/vc_column_inner][\/vc_row_inner][\/vc_tab][vc_tab title=\u00a0\u00bbDesign des chutes\u00a0\u00bb tab_id=\u00a0\u00bb1449079650151-7-1&Prime;][vc_row_inner row_type=\u00a0\u00bbrow\u00a0\u00bb type=\u00a0\u00bbfull_width\u00a0\u00bb text_align=\u00a0\u00bbleft\u00a0\u00bb css_animation=\u00a0\u00bb\u00a0\u00bb][vc_column_inner width=\u00a0\u00bb1\/2&Prime;][vc_column_text]<strong><span style=\"color: #ffc726;\">Superchute\u00ae <\/span><\/strong>\r\n\r\n<strong>2 mod\u00e8les\r\n<\/strong>\r\n\r\nWraparound\u00ae (reste plat quand il est ouvert) ou soud\u00e9 (tube permanent)\r\n\r\n<img loading=\"lazy\" decoding=\"async\" class=\"alignleft wp-image-19453\" src=\"https:\/\/superchute.com\/wp-content\/uploads\/2015\/04\/Open-Chute.png\" alt=\"\" width=\"89\" height=\"138\" \/><img loading=\"lazy\" decoding=\"async\" class=\"alignleft size-full wp-image-19225\" src=\"https:\/\/superchute.com\/wp-content\/uploads\/2015\/04\/reg-sec-weld.jpg\" alt=\"reg-sec-weld\" width=\"96\" height=\"143\" \/>\r\n\r\n&nbsp;\r\n\r\n<strong>\u00a0<\/strong>[\/vc_column_text][\/vc_column_inner][vc_column_inner width=\u00a0\u00bb1\/2&Prime;][vc_column_text]<strong><span style=\"color: #ffc726;\">Autres marques<\/span><\/strong>\r\n\r\n<strong>Un mod\u00e8le\u00a0<\/strong><b>seulement<\/b>\r\n\r\nDes probl\u00e8mes de transport et de stockage peuvent se produire.[\/vc_column_text][\/vc_column_inner][\/vc_row_inner][\/vc_tab][vc_tab title=\u00a0\u00bbGaines pour chute\u00a0\u00bb tab_id=\u00a0\u00bb1449079651248-8-1&Prime;][vc_row_inner row_type=\u00a0\u00bbrow\u00a0\u00bb type=\u00a0\u00bbfull_width\u00a0\u00bb text_align=\u00a0\u00bbleft\u00a0\u00bb css_animation=\u00a0\u00bb\u00a0\u00bb][vc_column_inner width=\u00a0\u00bb1\/2&Prime;][vc_column_text]<strong><span style=\"color: #ffc726;\">Superchute\u00ae <\/span><\/strong>\r\n\r\n<strong>Acier galvanis\u00e9 14 gauge<\/strong>\r\n\r\n<img loading=\"lazy\" decoding=\"async\" class=\"alignleft wp-image-19452\" src=\"https:\/\/superchute.com\/wp-content\/uploads\/2015\/04\/steel-liner.png\" alt=\"\" width=\"126\" height=\"210\" \/>[\/vc_column_text][\/vc_column_inner][vc_column_inner width=\u00a0\u00bb1\/2&Prime;][vc_column_text]<strong><span style=\"color: #ffc726;\">Autres marques<\/span><\/strong>\r\n\r\nG\u00e9n\u00e9ralement seulement en plastique.[\/vc_column_text][\/vc_column_inner][\/vc_row_inner][\/vc_tab][vc_tab title=\u00a0\u00bbCroquis\u00a0\u00bb tab_id=\u00a0\u00bb1449080013409-9-1&Prime;][vc_row_inner row_type=\u00a0\u00bbrow\u00a0\u00bb type=\u00a0\u00bbfull_width\u00a0\u00bb text_align=\u00a0\u00bbleft\u00a0\u00bb css_animation=\u00a0\u00bb\u00a0\u00bb][vc_column_inner width=\u00a0\u00bb1\/2&Prime;][vc_column_text]<strong><span style=\"color: #ffc726;\">Superchute\u00ae <\/span><\/strong>\r\n\r\n<strong>Croquis sur mesure<\/strong>\r\n\r\nNos ing\u00e9nieurs cr\u00e9ent un <a href=\"https:\/\/superchute.com\/fr\/sytemes-chutes\/croquis-site\/\">croquis <\/a>pour vous montrer un aper\u00e7u de la chute sur votre immeuble.\r\n\r\n<strong><img loading=\"lazy\" decoding=\"async\" class=\"alignleft wp-image-19315 size-full\" src=\"https:\/\/superchute.com\/wp-content\/uploads\/2015\/04\/sitesketch.jpg\" alt=\"\" width=\"166\" height=\"215\" \/><\/strong>\r\n\r\n&nbsp;\r\n\r\n&nbsp;\r\n\r\n<strong>\u00a0<\/strong>[\/vc_column_text][\/vc_column_inner][vc_column_inner width=\u00a0\u00bb1\/2&Prime;][vc_column_text]<strong><span style=\"color: #ffc726;\">Autres marques<\/span><\/strong>\r\n\r\n<strong>Pas disponible<\/strong>[\/vc_column_text][\/vc_column_inner][\/vc_row_inner][\/vc_tab][\/vc_tabs][\/vc_column][\/vc_row][vc_row css_animation=\u00a0\u00bb\u00a0\u00bb row_type=\u00a0\u00bbrow\u00a0\u00bb use_row_as_full_screen_section=\u00a0\u00bbno\u00a0\u00bb type=\u00a0\u00bbfull_width\u00a0\u00bb angled_section=\u00a0\u00bbno\u00a0\u00bb text_align=\u00a0\u00bbleft\u00a0\u00bb background_image_as_pattern=\u00a0\u00bbwithout_pattern\u00a0\u00bb][vc_column]<div class=\"ult-spacer spacer-69e116c5a8f52\" data-id=\"69e116c5a8f52\" data-height=\"35\" data-height-mobile=\"35\" data-height-tab=\"35\" data-height-tab-portrait=\"\" data-height-mobile-landscape=\"\" style=\"clear:both;display:block;\"><\/div>[\/vc_column][\/vc_row]<\/div>","protected":false},"excerpt":{"rendered":"<p>[vc_row css_animation=\u00a0\u00bb\u00a0\u00bb row_type=\u00a0\u00bbrow\u00a0\u00bb use_row_as_full_screen_section=\u00a0\u00bbno\u00a0\u00bb type=\u00a0\u00bbfull_width\u00a0\u00bb angled_section=\u00a0\u00bbno\u00a0\u00bb text_align=\u00a0\u00bbleft\u00a0\u00bb background_image_as_pattern=\u00a0\u00bbwithout_pattern\u00a0\u00bb][vc_column][vc_text_separator title=\u00a0\u00bbSuperchute\u00ae versus les autres marques\u00a0\u00bb border=\u00a0\u00bbno\u00a0\u00bb background_color=\u00a0\u00bb#ffc726&Prime; title_color=\u00a0\u00bb#4d4d4d\u00a0\u00bb][vc_tabs style=\u00a0\u00bbvertical_left\u00a0\u00bb][vc_tab title=\u00a0\u00bbRaccordements\u00a0\u00bb tab_id=\u00a0\u00bbb44ad797-1e7b-10&Prime;][vc_row_inner row_type=\u00a0\u00bbrow\u00a0\u00bb type=\u00a0\u00bbfull_width\u00a0\u00bb text_align=\u00a0\u00bbleft\u00a0\u00bb css_animation=\u00a0\u00bb\u00a0\u00bb][vc_column_inner width=\u00a0\u00bb1\/2&Prime;][vc_column_text]Superchute\u00ae C\u00e2ble en m\u00e9tal La charge est partag\u00e9e plus de 133 fois avec le c\u00e2ble. Les fils qui composent le c\u00e2ble se&#8230;<\/p>\n","protected":false},"author":7,"featured_media":0,"parent":23062,"menu_order":1,"comment_status":"open","ping_status":"open","template":"","meta":{"_seopress_robots_primary_cat":"","_seopress_titles_title":"","_seopress_titles_desc":"","_seopress_robots_index":"","inline_featured_image":false,"footnotes":""},"class_list":["post-23309","page","type-page","status-publish","hentry"],"_links":{"self":[{"href":"https:\/\/superchute.com\/fr\/wp-json\/wp\/v2\/pages\/23309","targetHints":{"allow":["GET"]}}],"collection":[{"href":"https:\/\/superchute.com\/fr\/wp-json\/wp\/v2\/pages"}],"about":[{"href":"https:\/\/superchute.com\/fr\/wp-json\/wp\/v2\/types\/page"}],"author":[{"embeddable":true,"href":"https:\/\/superchute.com\/fr\/wp-json\/wp\/v2\/users\/7"}],"replies":[{"embeddable":true,"href":"https:\/\/superchute.com\/fr\/wp-json\/wp\/v2\/comments?post=23309"}],"version-history":[{"count":0,"href":"https:\/\/superchute.com\/fr\/wp-json\/wp\/v2\/pages\/23309\/revisions"}],"up":[{"embeddable":true,"href":"https:\/\/superchute.com\/fr\/wp-json\/wp\/v2\/pages\/23062"}],"wp:attachment":[{"href":"https:\/\/superchute.com\/fr\/wp-json\/wp\/v2\/media?parent=23309"}],"curies":[{"name":"wp","href":"https:\/\/api.w.org\/{rel}","templated":true}]}}