{"id":23306,"date":"2015-06-11T13:06:08","date_gmt":"2015-06-11T17:06:08","guid":{"rendered":"https:\/\/superchute.com\/fr\/sytemes-chutes\/training\/"},"modified":"2020-07-28T18:08:39","modified_gmt":"2020-07-28T22:08:39","slug":"formation","status":"publish","type":"page","link":"https:\/\/superchute.com\/fr\/systemes-chutes\/formation\/","title":{"rendered":"Formation"},"content":{"rendered":"<div class=\"wpb-content-wrapper\">[vc_row css_animation=\u00a0\u00bb\u00a0\u00bb row_type=\u00a0\u00bbrow\u00a0\u00bb use_row_as_full_screen_section=\u00a0\u00bbno\u00a0\u00bb type=\u00a0\u00bbfull_width\u00a0\u00bb angled_section=\u00a0\u00bbno\u00a0\u00bb text_align=\u00a0\u00bbleft\u00a0\u00bb background_image_as_pattern=\u00a0\u00bbwithout_pattern\u00a0\u00bb][vc_column][vc_column_text]\r\n<h3><span style=\"color: #ffc726;\"><strong>Formation sur les produits\r\n<\/strong><\/span><\/h3>\r\n&nbsp;\r\n\r\n<i class=\"fa fa-plane fa-3x\"><\/i><strong>Formation chez Superchute<\/strong>\r\n\r\n&nbsp;\r\n<ul>\r\n \t<li>Passez la journ\u00e9e ou la fin de semaine \u00e0 Montr\u00e9al! Nous offrons des formations dans notre usine.<\/li>\r\n \t<li>Mangez dans des restaurants renomm\u00e9s, pratiquez votre fran\u00e7ais et apprenez des techniques s\u00e9curitaires pour l&rsquo;installation des chutes.<\/li>\r\n \t<li>Une formation d&rsquo;une journ\u00e9e couvrira l&rsquo;utilisation de nos palans, de nos chutes et de nos accessoires.<\/li>\r\n \t<li>Nous pouvons pr\u00e9parer des sessions plus longues. Nous examinons les exigences OSHA aussi bien que des sc\u00e9narios non typiques.<\/li>\r\n \t<li>Notre usine est situ\u00e9e \u00e0 10 minutes de l&rsquo;a\u00e9roport de Montr\u00e9al Trudeau (YUL) et \u00e0 10 minutes du centre ville.<\/li>\r\n \t<li>Il faut nous contacter pour la prochaine session<\/li>\r\n<\/ul>\r\n&nbsp;\r\n\r\n<i class=\"fa fa-pencil-square-o fa-3x\"><\/i><strong>Formation sur votre chantier<\/strong>\r\n\r\n&nbsp;\r\n<ul>\r\n \t<li>La formation sur le chantier permet \u00e0 nos entra\u00eeneurs d&rsquo;enseigner la mati\u00e8re \u00e0 vos employ\u00e9s sur une installation actuelle.<\/li>\r\n \t<li>L&rsquo;apprentissage directe est la meilleure fa\u00e7on d&rsquo;assimiler l&rsquo;information n\u00e9cessaire pour installer une chute en s\u00e9curit\u00e9.<\/li>\r\n<\/ul>\r\n&nbsp;\r\n\r\n<strong>Co\u00fbts<\/strong>\r\n<ul>\r\n \t<li>Contactez nous pour obtenir une estimation des co\u00fbts.<\/li>\r\n<\/ul>\r\n[\/vc_column_text]<div class=\"ult-spacer spacer-69e266c2bb448\" data-id=\"69e266c2bb448\" data-height=\"33\" data-height-mobile=\"33\" data-height-tab=\"33\" data-height-tab-portrait=\"\" data-height-mobile-landscape=\"\" style=\"clear:both;display:block;\"><\/div>[\/vc_column][\/vc_row]<\/div>","protected":false},"excerpt":{"rendered":"<p>[vc_row css_animation=\u00a0\u00bb\u00a0\u00bb row_type=\u00a0\u00bbrow\u00a0\u00bb use_row_as_full_screen_section=\u00a0\u00bbno\u00a0\u00bb type=\u00a0\u00bbfull_width\u00a0\u00bb angled_section=\u00a0\u00bbno\u00a0\u00bb text_align=\u00a0\u00bbleft\u00a0\u00bb background_image_as_pattern=\u00a0\u00bbwithout_pattern\u00a0\u00bb][vc_column][vc_column_text] Formation sur les produits &nbsp; Formation chez Superchute &nbsp; Passez la journ\u00e9e ou la fin de semaine \u00e0 Montr\u00e9al! Nous offrons des formations dans notre usine. Mangez dans des restaurants renomm\u00e9s, pratiquez votre fran\u00e7ais et apprenez des&#8230;<\/p>\n","protected":false},"author":7,"featured_media":0,"parent":23062,"menu_order":3,"comment_status":"open","ping_status":"closed","template":"","meta":{"_seopress_robots_primary_cat":"","_seopress_titles_title":"","_seopress_titles_desc":"","_seopress_robots_index":"","inline_featured_image":false,"footnotes":""},"class_list":["post-23306","page","type-page","status-publish","hentry"],"_links":{"self":[{"href":"https:\/\/superchute.com\/fr\/wp-json\/wp\/v2\/pages\/23306","targetHints":{"allow":["GET"]}}],"collection":[{"href":"https:\/\/superchute.com\/fr\/wp-json\/wp\/v2\/pages"}],"about":[{"href":"https:\/\/superchute.com\/fr\/wp-json\/wp\/v2\/types\/page"}],"author":[{"embeddable":true,"href":"https:\/\/superchute.com\/fr\/wp-json\/wp\/v2\/users\/7"}],"replies":[{"embeddable":true,"href":"https:\/\/superchute.com\/fr\/wp-json\/wp\/v2\/comments?post=23306"}],"version-history":[{"count":0,"href":"https:\/\/superchute.com\/fr\/wp-json\/wp\/v2\/pages\/23306\/revisions"}],"up":[{"embeddable":true,"href":"https:\/\/superchute.com\/fr\/wp-json\/wp\/v2\/pages\/23062"}],"wp:attachment":[{"href":"https:\/\/superchute.com\/fr\/wp-json\/wp\/v2\/media?parent=23306"}],"curies":[{"name":"wp","href":"https:\/\/api.w.org\/{rel}","templated":true}]}}