{"id":23305,"date":"2015-04-07T13:25:09","date_gmt":"2015-04-07T17:25:09","guid":{"rendered":"https:\/\/superchute.com\/fr\/sytemes-chutes\/manuals\/"},"modified":"2024-01-16T11:28:23","modified_gmt":"2024-01-16T16:28:23","slug":"manuels","status":"publish","type":"page","link":"https:\/\/superchute.com\/fr\/systemes-chutes\/manuels\/","title":{"rendered":"Manuels"},"content":{"rendered":"<div class=\"wpb-content-wrapper\">[vc_row css_animation=\u00a0\u00bb\u00a0\u00bb row_type=\u00a0\u00bbrow\u00a0\u00bb use_row_as_full_screen_section=\u00a0\u00bbno\u00a0\u00bb type=\u00a0\u00bbfull_width\u00a0\u00bb angled_section=\u00a0\u00bbno\u00a0\u00bb text_align=\u00a0\u00bbleft\u00a0\u00bb background_image_as_pattern=\u00a0\u00bbwithout_pattern\u00a0\u00bb][vc_column][vc_column_text]\r\n<div class=\"row\">\r\n<div class=\"span900\">\r\n<h3 style=\"text-align: left;\"><span style=\"color: #ffc726;\">Manuels d&rsquo;installation<\/span><\/h3>\r\n<\/div>\r\n<\/div>\r\n[\/vc_column_text][vc_column_text]Pour planificateurs, superviseurs, installateurs et utilisateurs de produits Superchute\u00ae. [\/vc_column_text]<div class=\"ult-spacer spacer-69fc96a346eb6\" data-id=\"69fc96a346eb6\" data-height=\"20\" data-height-mobile=\"20\" data-height-tab=\"20\" data-height-tab-portrait=\"\" data-height-mobile-landscape=\"\" style=\"clear:both;display:block;\"><\/div>[vc_text_separator title=\u00a0\u00bbManuels pour chutes\u00a0\u00bb border=\u00a0\u00bbno\u00a0\u00bb title_color=\u00a0\u00bb#4d4d4d\u00a0\u00bb]<div class=\"ult-spacer spacer-69fc96a346ef2\" data-id=\"69fc96a346ef2\" data-height=\"55\" data-height-mobile=\"55\" data-height-tab=\"55\" data-height-tab-portrait=\"\" data-height-mobile-landscape=\"\" style=\"clear:both;display:block;\"><\/div>[vc_column_text]<span style=\"color: #db4405;\"><a style=\"color: #db4405;\" href=\"https:\/\/superchute.com\/manuals\/Superchute-Chute-Installation-Manual-Jan-2019-FR.pdf\" target=\"_blank\" rel=\"noopener noreferrer\">Manuel d&rsquo;utilisation pour les chutes \u00e0 d\u00e9bris<\/a><strong>\u00a0<\/strong><\/span><span class='q_social_icon_holder normal_social' data-color=#ff0000 data-hover-color=#4d4d4d><a itemprop='url' href='https:\/\/superchute.com\/manuals\/Superchute-Chute-Installation-Manual-Jan-2019-FR.pdf' target='_blank'><i class=\"qode_icon_font_awesome fa fa-file-pdf-o fa-lg simple_social\" style=\"color: #ff0000;\" ><\/i><\/a><\/span>[\/vc_column_text]<div class=\"ult-spacer spacer-69fc96a346fe9\" data-id=\"69fc96a346fe9\" data-height=\"55\" data-height-mobile=\"55\" data-height-tab=\"55\" data-height-tab-portrait=\"\" data-height-mobile-landscape=\"\" style=\"clear:both;display:block;\"><\/div>[vc_text_separator title=\u00a0\u00bbManuels pour palans\u00a0\u00bb border=\u00a0\u00bbno\u00a0\u00bb title_color=\u00a0\u00bb#4d4d4d\u00a0\u00bb]<div class=\"ult-spacer spacer-69fc96a34700a\" data-id=\"69fc96a34700a\" data-height=\"20\" data-height-mobile=\"20\" data-height-tab=\"20\" data-height-tab-portrait=\"\" data-height-mobile-landscape=\"\" style=\"clear:both;display:block;\"><\/div>[vc_tabs style=\u00a0\u00bbvertical_left\u00a0\u00bb][vc_tab title=\u00a0\u00bbB\u00e2tis \u00e0 boulons d\u2019ancrage\u00a0\u00bb tab_id=\u00a0\u00bb1454706868555-0-6&Prime;][vc_column_text]<span style=\"color: #db4405;\"><a style=\"color: #db4405;\" href=\"https:\/\/superchute.com\/manuals\/SC-250-bd.pdf\" target=\"_blank\" rel=\"noopener noreferrer\">SC-250-bd Manual<\/a><strong>\u00a0<\/strong><\/span><span class='q_social_icon_holder normal_social' data-color=#ff0000 data-hover-color=#4d4d4d><a itemprop='url' href='https:\/\/superchute.com\/manuals\/SC-250-bd.pdf' target='_blank'><i class=\"qode_icon_font_awesome fa fa-file-pdf-o fa-lg simple_social\" style=\"color: #ff0000;\" ><\/i><\/a><\/span>\r\n\r\n<span style=\"color: #db4405;\"><a style=\"color: #db4405;\" href=\"https:\/\/superchute.com\/manuals\/SC-500-bd.pdf\" target=\"_blank\" rel=\"noopener noreferrer\">SC-500-bd Manual<\/a><strong>\u00a0<\/strong><\/span><span class='q_social_icon_holder normal_social' data-color=#ff0000 data-hover-color=#4d4d4d><a itemprop='url' href='https:\/\/superchute.com\/manuals\/SC-500-bd.pdf' target='_blank'><i class=\"qode_icon_font_awesome fa fa-file-pdf-o fa-lg simple_social\" style=\"color: #ff0000;\" ><\/i><\/a><\/span>\r\n\r\n<span style=\"color: #db4405;\"><a style=\"color: #db4405;\" href=\"https:\/\/superchute.com\/manuals\/SC-750-bd.pdf\" target=\"_blank\" rel=\"noopener noreferrer\">SC-750-bd Manual<\/a><strong>\u00a0<\/strong><\/span><span class='q_social_icon_holder normal_social' data-color=#ff0000 data-hover-color=#4d4d4d><a itemprop='url' href='https:\/\/superchute.com\/manuals\/SC-750-bd.pdf' target='_blank'><i class=\"qode_icon_font_awesome fa fa-file-pdf-o fa-lg simple_social\" style=\"color: #ff0000;\" ><\/i><\/a><\/span>\r\n\r\n<span style=\"color: #db4405;\"><a style=\"color: #db4405;\" href=\"https:\/\/superchute.com\/manuals\/SC-1000-bd.pdf\" target=\"_blank\" rel=\"noopener noreferrer\">SC-1000-bd Manual<\/a><strong>\u00a0<\/strong><\/span><span class='q_social_icon_holder normal_social' data-color=#ff0000 data-hover-color=#4d4d4d><a itemprop='url' href='https:\/\/superchute.com\/manuals\/SC-1000-bd.pdf' target='_blank'><i class=\"qode_icon_font_awesome fa fa-file-pdf-o fa-lg simple_social\" style=\"color: #ff0000;\" ><\/i><\/a><\/span>\r\n\r\n<span style=\"color: #db4405;\"><a style=\"color: #db4405;\" href=\"https:\/\/superchute.com\/manuals\/SC-1500-bd.pdf\" target=\"_blank\" rel=\"noopener noreferrer\">SC-1500-bd Manual<\/a><strong>\u00a0<\/strong><\/span><span class='q_social_icon_holder normal_social' data-color=#ff0000 data-hover-color=#4d4d4d><a itemprop='url' href='https:\/\/superchute.com\/manuals\/SC-1500-bd.pdf' target='_blank'><i class=\"qode_icon_font_awesome fa fa-file-pdf-o fa-lg simple_social\" style=\"color: #ff0000;\" ><\/i><\/a><\/span>[\/vc_column_text][\/vc_tab][vc_tab title=\u00a0\u00bbPalans pour toitures\u00a0\u00bb tab_id=\u00a0\u00bb1454706868773-0-3&Prime;][vc_column_text]<span style=\"color: #db4405;\"><a style=\"color: #db4405;\" href=\"https:\/\/superchute.com\/manuals\/SC-300-cb.pdf\" target=\"_blank\" rel=\"noopener noreferrer\">SC-300-bd Manual<\/a><strong>\u00a0<\/strong><\/span><span class='q_social_icon_holder normal_social' data-color=#ff0000 data-hover-color=#4d4d4d><a itemprop='url' href='https:\/\/superchute.com\/manuals\/SC-300-cb.pdf' target='_blank'><i class=\"qode_icon_font_awesome fa fa-file-pdf-o fa-lg simple_social\" style=\"color: #ff0000;\" ><\/i><\/a><\/span>\r\n\r\n<span style=\"color: #db4405;\"><a style=\"color: #db4405;\" href=\"https:\/\/superchute.com\/manuals\/SC-605-cb.pdf\" target=\"_blank\" rel=\"noopener noreferrer\">SC-605-bd Manual<\/a><strong>\u00a0<\/strong><\/span><span class='q_social_icon_holder normal_social' data-color=#ff0000 data-hover-color=#4d4d4d><a itemprop='url' href='https:\/\/superchute.com\/manuals\/SC-605-cb.pdf' target='_blank'><i class=\"qode_icon_font_awesome fa fa-file-pdf-o fa-lg simple_social\" style=\"color: #ff0000;\" ><\/i><\/a><\/span>\r\n\r\n<span style=\"color: #db4405;\"><a style=\"color: #db4405;\" href=\"https:\/\/superchute.com\/manuals\/SC-905-cb.pdf\" target=\"_blank\" rel=\"noopener noreferrer\">SC-905-bd Manual<\/a><strong>\u00a0<\/strong><\/span><span class='q_social_icon_holder normal_social' data-color=#ff0000 data-hover-color=#4d4d4d><a itemprop='url' href='https:\/\/superchute.com\/manuals\/SC-905-cb.pdf' target='_blank'><i class=\"qode_icon_font_awesome fa fa-file-pdf-o fa-lg simple_social\" style=\"color: #ff0000;\" ><\/i><\/a><\/span>[\/vc_column_text][\/vc_tab][vc_tab title=\u00a0\u00bbPalans pour terrasses\u00a0\u00bb tab_id=\u00a0\u00bb1454948891506-3-7&Prime;][vc_column_text]<span style=\"color: #db4405;\"><a style=\"color: #db4405;\" href=\"https:\/\/superchute.com\/manuals\/SC-610-cb.pdf\" target=\"_blank\" rel=\"noopener noreferrer\">SC-610-cb Manual<\/a><strong>\u00a0<\/strong><\/span><span class='q_social_icon_holder normal_social' data-color=#ff0000 data-hover-color=#4d4d4d><a itemprop='url' href='https:\/\/superchute.com\/manuals\/SC-610-cb.pdf' target='_blank'><i class=\"qode_icon_font_awesome fa fa-file-pdf-o fa-lg simple_social\" style=\"color: #ff0000;\" ><\/i><\/a><\/span>\r\n\r\n<span style=\"color: #db4405;\"><a style=\"color: #db4405;\" href=\"https:\/\/superchute.com\/manuals\/SC-900-cb.pdf\" target=\"_blank\" rel=\"noopener noreferrer\">SC-900-cb Manual<\/a><strong>\u00a0<\/strong><\/span><span class='q_social_icon_holder normal_social' data-color=#ff0000 data-hover-color=#4d4d4d><a itemprop='url' href='https:\/\/superchute.com\/manuals\/SC-900-cb.pdf' target='_blank'><i class=\"qode_icon_font_awesome fa fa-file-pdf-o fa-lg simple_social\" style=\"color: #ff0000;\" ><\/i><\/a><\/span>\r\n\r\n<span style=\"color: #db4405;\"><a style=\"color: #db4405;\" href=\"https:\/\/superchute.com\/manuals\/SC-2000-cb.pdf\" target=\"_blank\" rel=\"noopener noreferrer\">SC-2000-cb Manual<\/a><strong>\u00a0<\/strong><\/span><span class='q_social_icon_holder normal_social' data-color=#ff0000 data-hover-color=#4d4d4d><a itemprop='url' href='https:\/\/superchute.com\/manuals\/SC-2000-cb.pdf' target='_blank'><i class=\"qode_icon_font_awesome fa fa-file-pdf-o fa-lg simple_social\" style=\"color: #ff0000;\" ><\/i><\/a><\/span>[\/vc_column_text][\/vc_tab][vc_tab title=\u00a0\u00bbR\u00e9partiteurs de charge\u00a0\u00bb tab_id=\u00a0\u00bb1454949870727-4-2&Prime;][vc_column_text]\r\n\r\n<span style=\"color: #db4405;\"><a style=\"color: #db4405;\" href=\"https:\/\/superchute.com\/manuals\/SC-350-w.pdf\" target=\"_blank\" rel=\"noopener noreferrer\">SC-350-w Manual<\/a><strong>\u00a0<\/strong><\/span><span class='q_social_icon_holder normal_social' data-color=#ff0000 data-hover-color=#4d4d4d><a itemprop='url' href='https:\/\/superchute.com\/manuals\/SC-350-w.pdf' target='_blank'><i class=\"qode_icon_font_awesome fa fa-file-pdf-o fa-lg simple_social\" style=\"color: #ff0000;\" ><\/i><\/a><\/span>\r\n\r\n<span style=\"color: #db4405;\"><a style=\"color: #db4405;\" href=\"https:\/\/superchute.com\/manuals\/SC-600-w.pdf\" target=\"_blank\" rel=\"noopener noreferrer\">SC-600-w Manual<\/a><strong>\u00a0<\/strong><\/span><span class='q_social_icon_holder normal_social' data-color=#ff0000 data-hover-color=#4d4d4d><a itemprop='url' href='https:\/\/superchute.com\/manuals\/SC-600-w.pdf' target='_blank'><i class=\"qode_icon_font_awesome fa fa-file-pdf-o fa-lg simple_social\" style=\"color: #ff0000;\" ><\/i><\/a><\/span>\r\n\r\n[\/vc_column_text][\/vc_tab][vc_tab title=\u00a0\u00bbB\u00e2ti pour chariot \u00e9l\u00e9vateur\u00a0\u00bb tab_id=\u00a0\u00bb1457710062760-6-7&Prime;][vc_column_text]<span style=\"color: #db4405;\"><a style=\"color: #db4405;\" href=\"https:\/\/superchute.com\/manuals\/SC-900-f.pdf\" target=\"_blank\" rel=\"noopener noreferrer\">SC-900-f Manual<\/a><strong>\u00a0<\/strong><\/span><span class='q_social_icon_holder normal_social' data-color=#ff0000 data-hover-color=#4d4d4d><a itemprop='url' href='https:\/\/superchute.com\/manuals\/SC-900-f.pdf' target='_blank'><i class=\"qode_icon_font_awesome fa fa-file-pdf-o fa-lg simple_social\" style=\"color: #ff0000;\" ><\/i><\/a><\/span>[\/vc_column_text][\/vc_tab][vc_tab title=\u00a0\u00bbPalans pour \u00e9chafaudages\u00a0\u00bb tab_id=\u00a0\u00bb1454948274096-2-8&Prime;][vc_column_text]\r\n\r\n<span style=\"color: #db4405;\"><a style=\"color: #db4405;\" href=\"https:\/\/superchute.com\/manuals\/SC-900-s.pdf\" target=\"_blank\" rel=\"noopener noreferrer\">SC-900-s Manual<\/a><strong>\u00a0<\/strong><\/span><span class='q_social_icon_holder normal_social' data-color=#ff0000 data-hover-color=#4d4d4d><a itemprop='url' href='https:\/\/superchute.com\/manuals\/SC-900-s.pdf' target='_blank'><i class=\"qode_icon_font_awesome fa fa-file-pdf-o fa-lg simple_social\" style=\"color: #ff0000;\" ><\/i><\/a><\/span>\r\n\r\n<span style=\"color: #db4405;\"><a style=\"color: #db4405;\" href=\"https:\/\/superchute.com\/manuals\/SC-2000-s.pdf\" target=\"_blank\" rel=\"noopener noreferrer\">SC-2000-s Manual<\/a><strong>\u00a0<\/strong><\/span><span class='q_social_icon_holder normal_social' data-color=#ff0000 data-hover-color=#4d4d4d><a itemprop='url' href='https:\/\/superchute.com\/manuals\/SC-2000-s.pdf' target='_blank'><i class=\"qode_icon_font_awesome fa fa-file-pdf-o fa-lg simple_social\" style=\"color: #ff0000;\" ><\/i><\/a><\/span>[\/vc_column_text][\/vc_tab][vc_tab title=\u00a0\u00bbPalan pour stades\u00a0\u00bb tab_id=\u00a0\u00bb1454950463029-5-1&Prime;][vc_column_text]\r\n\r\n<span style=\"color: #db4405;\"><a style=\"color: #db4405;\" href=\"https:\/\/superchute.com\/manuals\/SC-150-bd.pdf\" target=\"_blank\" rel=\"noopener noreferrer\">SC-150-bd Manual<\/a><strong>\u00a0<\/strong><\/span><span class='q_social_icon_holder normal_social' data-color=#ff0000 data-hover-color=#4d4d4d><a itemprop='url' href='https:\/\/superchute.com\/manuals\/SC-150-bd.pdf' target='_blank'><i class=\"qode_icon_font_awesome fa fa-file-pdf-o fa-lg simple_social\" style=\"color: #ff0000;\" ><\/i><\/a><\/span>[\/vc_column_text][\/vc_tab][\/vc_tabs]<div class=\"ult-spacer spacer-69fc96a347518\" data-id=\"69fc96a347518\" data-height=\"55\" data-height-mobile=\"55\" data-height-tab=\"55\" data-height-tab-portrait=\"\" data-height-mobile-landscape=\"\" style=\"clear:both;display:block;\"><\/div>[vc_text_separator title=\u00a0\u00bbTreuils Tirfor\u00ae\u00a0\u00bb border=\u00a0\u00bbno\u00a0\u00bb title_color=\u00a0\u00bb#4d4d4d\u00a0\u00bb]<div class=\"ult-spacer spacer-69fc96a347536\" data-id=\"69fc96a347536\" data-height=\"20\" data-height-mobile=\"20\" data-height-tab=\"20\" data-height-tab-portrait=\"\" data-height-mobile-landscape=\"\" style=\"clear:both;display:block;\"><\/div>[vc_column_text]<span style=\"color: #db4405;\"><a style=\"color: #db4405;\" href=\"https:\/\/superchute.com\/manuals\/tirfor.pdf\" target=\"_blank\" rel=\"noopener noreferrer\">Tirfor Operating and Maintenance Instruction Manual<\/a><strong>\u00a0<\/strong><\/span><span class='q_social_icon_holder normal_social' data-color=#ff0000 data-hover-color=#4d4d4d><a itemprop='url' href='https:\/\/superchute.com\/manuals\/tirfor.pdf' target='_blank'><i class=\"qode_icon_font_awesome fa fa-file-pdf-o fa-lg simple_social\" style=\"color: #ff0000;\" ><\/i><\/a><\/span>[\/vc_column_text]<div class=\"ult-spacer spacer-69fc96a34759a\" data-id=\"69fc96a34759a\" data-height=\"55\" data-height-mobile=\"55\" data-height-tab=\"55\" data-height-tab-portrait=\"\" data-height-mobile-landscape=\"\" style=\"clear:both;display:block;\"><\/div>[vc_text_separator title=\u00a0\u00bbGuide de r\u00e9ference\u00a0\u00bb border=\u00a0\u00bbno\u00a0\u00bb title_color=\u00a0\u00bb#4d4d4d\u00a0\u00bb]<div class=\"ult-spacer spacer-69fc96a3475b5\" data-id=\"69fc96a3475b5\" data-height=\"20\" data-height-mobile=\"20\" data-height-tab=\"20\" data-height-tab-portrait=\"\" data-height-mobile-landscape=\"\" style=\"clear:both;display:block;\"><\/div>[vc_column_text]<span style=\"color: #db4405;\"><a style=\"color: #db4405;\" href=\"https:\/\/superchute.com\/manuals\/referenceguide2002.pdf\" target=\"_blank\" rel=\"noopener noreferrer\">Reference Guide<\/a><strong>\u00a0<\/strong><\/span><span class='q_social_icon_holder normal_social' data-color=#ff0000 data-hover-color=#4d4d4d><a itemprop='url' href='https:\/\/superchute.com\/manuals\/referenceguide2002.pdf' target='_blank'><i class=\"qode_icon_font_awesome fa fa-file-pdf-o fa-lg simple_social\" style=\"color: #ff0000;\" ><\/i><\/a><\/span>\r\n\r\nLe guide pr\u00e9sente des renseignements g\u00e9n\u00e9raux sur les chutes et palans. Il est destin\u00e9 pour les planificateurs, superviseurs, installateurs et utilisateurs de la chute.[\/vc_column_text]<div class=\"ult-spacer spacer-69fc96a347619\" data-id=\"69fc96a347619\" data-height=\"55\" data-height-mobile=\"55\" data-height-tab=\"55\" data-height-tab-portrait=\"\" data-height-mobile-landscape=\"\" style=\"clear:both;display:block;\"><\/div>[\/vc_column][\/vc_row]<\/div>","protected":false},"excerpt":{"rendered":"<p>[vc_row css_animation=\u00a0\u00bb\u00a0\u00bb row_type=\u00a0\u00bbrow\u00a0\u00bb use_row_as_full_screen_section=\u00a0\u00bbno\u00a0\u00bb type=\u00a0\u00bbfull_width\u00a0\u00bb angled_section=\u00a0\u00bbno\u00a0\u00bb text_align=\u00a0\u00bbleft\u00a0\u00bb background_image_as_pattern=\u00a0\u00bbwithout_pattern\u00a0\u00bb][vc_column][vc_column_text] Manuels d&rsquo;installation [\/vc_column_text][vc_column_text]Pour planificateurs, superviseurs, installateurs et utilisateurs de produits Superchute\u00ae. [\/vc_column_text][vc_text_separator title=\u00a0\u00bbManuels pour chutes\u00a0\u00bb border=\u00a0\u00bbno\u00a0\u00bb title_color=\u00a0\u00bb#4d4d4d\u00a0\u00bb][vc_column_text]Manuel d&rsquo;utilisation pour les chutes \u00e0 d\u00e9bris\u00a0[\/vc_column_text][vc_text_separator title=\u00a0\u00bbManuels pour palans\u00a0\u00bb border=\u00a0\u00bbno\u00a0\u00bb title_color=\u00a0\u00bb#4d4d4d\u00a0\u00bb][vc_tabs style=\u00a0\u00bbvertical_left\u00a0\u00bb][vc_tab title=\u00a0\u00bbB\u00e2tis \u00e0 boulons d\u2019ancrage\u00a0\u00bb tab_id=\u00a0\u00bb1454706868555-0-6&Prime;][vc_column_text]SC-250-bd Manual\u00a0 SC-500-bd Manual\u00a0&#8230;<\/p>\n","protected":false},"author":7,"featured_media":0,"parent":23062,"menu_order":8,"comment_status":"open","ping_status":"open","template":"","meta":{"_seopress_robots_primary_cat":"","_seopress_titles_title":"","_seopress_titles_desc":"","_seopress_robots_index":"","inline_featured_image":false,"footnotes":""},"class_list":["post-23305","page","type-page","status-publish","hentry"],"_links":{"self":[{"href":"https:\/\/superchute.com\/fr\/wp-json\/wp\/v2\/pages\/23305","targetHints":{"allow":["GET"]}}],"collection":[{"href":"https:\/\/superchute.com\/fr\/wp-json\/wp\/v2\/pages"}],"about":[{"href":"https:\/\/superchute.com\/fr\/wp-json\/wp\/v2\/types\/page"}],"author":[{"embeddable":true,"href":"https:\/\/superchute.com\/fr\/wp-json\/wp\/v2\/users\/7"}],"replies":[{"embeddable":true,"href":"https:\/\/superchute.com\/fr\/wp-json\/wp\/v2\/comments?post=23305"}],"version-history":[{"count":1,"href":"https:\/\/superchute.com\/fr\/wp-json\/wp\/v2\/pages\/23305\/revisions"}],"predecessor-version":[{"id":46560,"href":"https:\/\/superchute.com\/fr\/wp-json\/wp\/v2\/pages\/23305\/revisions\/46560"}],"up":[{"embeddable":true,"href":"https:\/\/superchute.com\/fr\/wp-json\/wp\/v2\/pages\/23062"}],"wp:attachment":[{"href":"https:\/\/superchute.com\/fr\/wp-json\/wp\/v2\/media?parent=23305"}],"curies":[{"name":"wp","href":"https:\/\/api.w.org\/{rel}","templated":true}]}}