{"id":23277,"date":"2016-04-29T11:12:15","date_gmt":"2016-04-29T15:12:15","guid":{"rendered":"https:\/\/superchute.com\/fr\/sytemes-chutes\/chutes-retractables\/cascading-chutes\/"},"modified":"2020-08-05T17:28:55","modified_gmt":"2020-08-05T21:28:55","slug":"chutes-cascade","status":"publish","type":"page","link":"https:\/\/superchute.com\/fr\/systemes-chutes\/chutes-retractables\/chutes-cascade\/","title":{"rendered":"Chutes en cascade"},"content":{"rendered":"<div class=\"wpb-content-wrapper\">[vc_row css_animation=\u00a0\u00bb\u00a0\u00bb row_type=\u00a0\u00bbrow\u00a0\u00bb use_row_as_full_screen_section=\u00a0\u00bbno\u00a0\u00bb type=\u00a0\u00bbfull_width\u00a0\u00bb angled_section=\u00a0\u00bbno\u00a0\u00bb text_align=\u00a0\u00bbleft\u00a0\u00bb background_image_as_pattern=\u00a0\u00bbwithout_pattern\u00a0\u00bb css=\u00a0\u00bb.vc_custom_1432018051487{padding-bottom: 60px !important;}\u00a0\u00bb][vc_column width=\u00a0\u00bb1\/2&Prime;][vc_column_text]\r\n<h3><span style=\"color: #ffc726;\">Chutes en cascade<\/span><\/h3>\r\n[\/vc_column_text][vc_column_text]<strong>Utile pour d\u00e9poser des mat\u00e9riaux fluides, pour conduire les poussi\u00e8res fines dans des camions, dans des wagons ou dans d&rsquo;autres contenants.<\/strong>[\/vc_column_text]<div class=\"ult-spacer spacer-69e75aa97ce2c\" data-id=\"69e75aa97ce2c\" data-height=\"25\" data-height-mobile=\"25\" data-height-tab=\"25\" data-height-tab-portrait=\"\" data-height-mobile-landscape=\"\" style=\"clear:both;display:block;\"><\/div><a  itemprop=\"url\" href=\"https:\/\/superchute.com\/fr\/sytemes-chutes\/devis\/\" target=\"_self\" data-hover-background-color=\"#4d4d4d\" data-hover-border-color=\"#4d4d4d\" data-hover-color=\"#ffffff\" class=\"qbutton  small default\" style=\"color: #ffffff; border-color: #4d4d4d; background-color:#4d4d4d;\">DEMANDER UN DEVIS<\/a>[\/vc_column][vc_column width=\u00a0\u00bb1\/2&Prime;][vc_single_image image=\u00a0\u00bb22475&Prime; img_size=\u00a0\u00bbmedium\u00a0\u00bb alignment=\u00a0\u00bbcenter\u00a0\u00bb onclick=\u00a0\u00bblink_image\u00a0\u00bb qode_css_animation=\u00a0\u00bb\u00a0\u00bb][vc_column_text]\r\n<p style=\"text-align: center;\"><span style=\"color: #ff0000;\"><i class=\"fa fa-search-plus\"><\/i>\u00a0<\/span><\/p>\r\n[\/vc_column_text][\/vc_column][\/vc_row][vc_row css_animation=\u00a0\u00bb\u00a0\u00bb row_type=\u00a0\u00bbrow\u00a0\u00bb use_row_as_full_screen_section=\u00a0\u00bbno\u00a0\u00bb type=\u00a0\u00bbfull_width\u00a0\u00bb angled_section=\u00a0\u00bbno\u00a0\u00bb text_align=\u00a0\u00bbleft\u00a0\u00bb background_image_as_pattern=\u00a0\u00bbwithout_pattern\u00a0\u00bb][vc_column]<div class=\"ult-spacer spacer-69e75aa97cf96\" data-id=\"69e75aa97cf96\" data-height=\"55\" data-height-mobile=\"55\" data-height-tab=\"55\" data-height-tab-portrait=\"\" data-height-mobile-landscape=\"\" style=\"clear:both;display:block;\"><\/div>[vc_text_separator title=\u00a0\u00bbInformation\u00a0\u00bb border=\u00a0\u00bbno\u00a0\u00bb background_color=\u00a0\u00bb#ffc726&Prime; title_color=\u00a0\u00bb#4d4d4d\u00a0\u00bb]<div class=\"ult-spacer spacer-69e75aa97cfbc\" data-id=\"69e75aa97cfbc\" data-height=\"20\" data-height-mobile=\"20\" data-height-tab=\"20\" data-height-tab-portrait=\"\" data-height-mobile-landscape=\"\" style=\"clear:both;display:block;\"><\/div>[\/vc_column][\/vc_row][vc_row css_animation=\u00a0\u00bb\u00a0\u00bb row_type=\u00a0\u00bbrow\u00a0\u00bb use_row_as_full_screen_section=\u00a0\u00bbno\u00a0\u00bb type=\u00a0\u00bbfull_width\u00a0\u00bb angled_section=\u00a0\u00bbno\u00a0\u00bb text_align=\u00a0\u00bbleft\u00a0\u00bb background_image_as_pattern=\u00a0\u00bbwithout_pattern\u00a0\u00bb][vc_column][vc_tabs style=\u00a0\u00bbvertical_left\u00a0\u00bb][vc_tab title=\u00a0\u00bbCaract\u00e9ristiques\u00a0\u00bb tab_id=\u00a0\u00bb1452875761463-5-6&Prime;][vc_column_text]\r\n<ul>\r\n \t<li>Se r\u00e9tracte compl\u00e8tement pour permettre la circulation de camions en-dessous <span style=\"color: #ffc726;\">\u2713<\/span><\/li>\r\n \t<li>Utiliser lorsque l&rsquo;espace d\u2019enjambement est n\u00e9cessaire <span style=\"color: #ffc726;\">\u2713<\/span><\/li>\r\n \t<li>La chute est lev\u00e9e par un treuil en m\u00eame temps que la pile du mat\u00e9riel monte\u00a0<span style=\"color: #ffc726;\">\u2713<\/span><\/li>\r\n \t<li>Excellent pour du sable fin, des cendres volantes, des poudres fines et d&rsquo;autres mat\u00e9riaux <span style=\"color: #ffc726;\">\u2713<\/span><\/li>\r\n \t<li>Sections de chutes en cascade fabriqu\u00e9es sur mesure\u00a0<span style=\"color: #ffc726;\">\u2713<\/span><\/li>\r\n \t<li>Diff\u00e9rents diam\u00e8tres et diff\u00e9rentes formes <span style=\"color: #ffc726;\">\u2713<\/span><\/li>\r\n \t<li>\u00c9quip\u00e9 avec du mat\u00e9riel de liaison robuste et s\u00e9curitaire <span style=\"color: #ffc726;\">\u2713<\/span><\/li>\r\n<\/ul>\r\n[\/vc_column_text][\/vc_tab][vc_tab title=\u00a0\u00bbCroquis personnalis\u00e9s\u00a0\u00bb tab_id=\u00a0\u00bb66358c81-c18c-6&Prime;][vc_column_text]Superchute\u00ae offre rapidement &amp; gratuitement des croquis en moins de 24 heures.\r\n\r\nUn <strong>croquis<\/strong> :\r\n<ul>\r\n \t<li>Vous montre une repr\u00e9sentation claire des chutes en cascade<\/li>\r\n \t<li>Vous montre les sp\u00e9cifications pr\u00e9cises de votre chute<\/li>\r\n \t<li>Vous recommande le treuil et le cadre de support appropri\u00e9s<\/li>\r\n \t<li>Il faut nous contacter pour obtenir votre croquis personnalis\u00e9<\/li>\r\n<\/ul>\r\n[\/vc_column_text][\/vc_tab][vc_tab title=\u00a0\u00bbMarquage\u00a0\u00bb tab_id=\u00a0\u00bb1452807542855-4-10&Prime;][vc_column_text]Les indications suivantes sont estamp\u00e9es sur l&rsquo;avant et sur l&rsquo;arri\u00e8re de toutes les sections avec un moule d\u2019impression mesurant 11 x 5 :\r\n<ul>\r\n \t<li>Nom de la compagnie et les coordonn\u00e9es<\/li>\r\n \t<li>Description de la section de chute<\/li>\r\n \t<li>Mois et ann\u00e9e de fabrication<\/li>\r\n \t<li>\u00c9paisseur du\u00a0plastique<\/li>\r\n \t<li>Diam\u00e8tre et poids de la\u00a0chute<\/li>\r\n \t<li>Instructions d\u00e9taill\u00e9es &amp; avertissement de feu<\/li>\r\n \t<li>Excellent outil de publicit\u00e9 &amp; de pr\u00e9vention de vols<\/li>\r\n \t<li>Nous gardons votre plaque d\u2019impression en catalogue pour des commandes futurs<\/li>\r\n<\/ul>\r\n<div class=\"wpb_text_column wpb_content_element \">\r\n<div class=\"wpb_wrapper\">\r\n\r\n<em>De l\u00e9gers frais s\u2019appliquent pour la pr\u00e9paration du moule d\u2019impression. Permettre 24 heures pour la pr\u00e9paration.<\/em>\r\n\r\n<\/div>\r\n<\/div>\r\n[\/vc_column_text]<div class=\"ult-spacer spacer-69e75aa97cfdc\" data-id=\"69e75aa97cfdc\" data-height=\"15\" data-height-mobile=\"15\" data-height-tab=\"15\" data-height-tab-portrait=\"\" data-height-mobile-landscape=\"\" style=\"clear:both;display:block;\"><\/div>[vc_column_text]<span style=\"color: #ff0000;\"><i class=\"fa fa-search-plus\"><\/i>\u00a0<\/span>[\/vc_column_text][\/vc_tab][vc_tab title=\u00a0\u00bbTreuils et gr\u00e9ements\u00a0\u00bb tab_id=\u00a0\u00bb1528229003248-3-8&Prime;][vc_column_text]<span style=\"color: #0000ff;\"><a style=\"color: #0000ff;\" href=\"https:\/\/superchute.com\/fr\/systemes-chutes\/chutes-retractables\/treuils-greements\/\">Cliquer ici<\/a><\/span> pour voir nos treuils et nos solutions pour les gr\u00e9ements.[\/vc_column_text][\/vc_tab][\/vc_tabs][\/vc_column][\/vc_row][vc_row css_animation=\u00a0\u00bb\u00a0\u00bb row_type=\u00a0\u00bbrow\u00a0\u00bb use_row_as_full_screen_section=\u00a0\u00bbno\u00a0\u00bb type=\u00a0\u00bbfull_width\u00a0\u00bb angled_section=\u00a0\u00bbno\u00a0\u00bb text_align=\u00a0\u00bbleft\u00a0\u00bb background_image_as_pattern=\u00a0\u00bbwithout_pattern\u00a0\u00bb][vc_column]<div class=\"ult-spacer spacer-69e75aa97de5c\" data-id=\"69e75aa97de5c\" data-height=\"20\" data-height-mobile=\"20\" data-height-tab=\"20\" data-height-tab-portrait=\"\" data-height-mobile-landscape=\"\" style=\"clear:both;display:block;\"><\/div>[vc_text_separator title=\u00a0\u00bbMat\u00e9riaux\u00a0\u00bb border=\u00a0\u00bbno\u00a0\u00bb background_color=\u00a0\u00bb#ffc726&Prime; title_color=\u00a0\u00bb#4d4d4d\u00a0\u00bb]<div class=\"ult-spacer spacer-69e75aa97de85\" data-id=\"69e75aa97de85\" data-height=\"20\" data-height-mobile=\"20\" data-height-tab=\"20\" data-height-tab-portrait=\"\" data-height-mobile-landscape=\"\" style=\"clear:both;display:block;\"><\/div>[\/vc_column][\/vc_row][vc_row css_animation=\u00a0\u00bb\u00a0\u00bb row_type=\u00a0\u00bbrow\u00a0\u00bb use_row_as_full_screen_section=\u00a0\u00bbno\u00a0\u00bb type=\u00a0\u00bbfull_width\u00a0\u00bb angled_section=\u00a0\u00bbno\u00a0\u00bb text_align=\u00a0\u00bbleft\u00a0\u00bb background_image_as_pattern=\u00a0\u00bbwithout_pattern\u00a0\u00bb][vc_column][vc_tabs style=\u00a0\u00bbvertical_left\u00a0\u00bb][vc_tab title=\u00a0\u00bbPlastique jaune\u00a0\u00bb tab_id=\u00a0\u00bbcb9854ac-c1bf-6&Prime;][vc_row_inner row_type=\u00a0\u00bbrow\u00a0\u00bb type=\u00a0\u00bbfull_width\u00a0\u00bb text_align=\u00a0\u00bbleft\u00a0\u00bb css_animation=\u00a0\u00bb\u00a0\u00bb][vc_column_inner width=\u00a0\u00bb1\/2&Prime;][vc_column_text]\r\n<ul>\r\n \t<li>La plupart des sections de chutes Superchute\u00ae sont fabriqu\u00e9es en poly\u00e9thyl\u00e8ne de poids mol\u00e9culaire \u00e9lev\u00e9\u00a0<strong>JAUNE<\/strong><\/li>\r\n \t<li><strong>HMWPE\u00a0<\/strong>est r\u00e9sistant \u00e0 l\u2019abrasion, aux produits chimiques<strong>\u00a0<\/strong>et aux temp\u00e9ratures froides<\/li>\r\n \t<li>Nos clients en Alaska et ailleurs appr\u00e9cient sa r\u00e9sistance aux chocs dans des temp\u00e9ratures basses de\u00a0<strong>-100 \u00baC (-156 \u00baF)<\/strong><\/li>\r\n \t<li>Le plastique s\u2019assouplit avec des temp\u00e9ratures plus chaudes<\/li>\r\n \t<li>Le plastique jaune vif (couleur de s\u00e9curit\u00e9) montre votre nom de compagnie<\/li>\r\n \t<li>Plusieurs \u00e9paisseurs sont disponibles<\/li>\r\n \t<li>Trait\u00e9 anti-UV<\/li>\r\n<\/ul>\r\n[\/vc_column_text][\/vc_column_inner][vc_column_inner width=\u00a0\u00bb1\/2&Prime;][vc_single_image image=\u00a0\u00bb30682&Prime; img_size=\u00a0\u00bb107&#215;180&Prime; onclick=\u00a0\u00bblink_image\u00a0\u00bb qode_css_animation=\u00a0\u00bb\u00a0\u00bb][\/vc_column_inner][\/vc_row_inner][\/vc_tab][vc_tab title=\u00a0\u00bbPlastique noir RF\u00a0\u00bb tab_id=\u00a0\u00bb1481125081172-5-6&Prime;][vc_row_inner row_type=\u00a0\u00bbrow\u00a0\u00bb type=\u00a0\u00bbfull_width\u00a0\u00bb text_align=\u00a0\u00bbleft\u00a0\u00bb css_animation=\u00a0\u00bb\u00a0\u00bb][vc_column_inner width=\u00a0\u00bb1\/2&Prime;][vc_column_text]<strong>Sections Wraparound\u00ae retardateurs de flammes en plastique HMWPE noir<\/strong>\r\n<ul>\r\n \t<li>Chutes retardateurs de flammes pour les villes de Boston et de New York ainsi que pour des usines nucl\u00e9aires, des mines et le militaire<\/li>\r\n \t<li>Plus robuste et r\u00e9sistant \u00e0 l\u2019abrasion que le plastique jaune, l\u2019aluminium ou l\u2019acier<\/li>\r\n \t<li>Temp\u00e9rature d\u2019operation acceptable entre -100\u00b0C \u00e0 80\u00b0C (-148\u00b0F \u00e0 176\u00b0F)<\/li>\r\n \t<li>\u00c9paisseur de mur de 1\/4\u2033 \u2013 r\u00e9sistant aux bosses avec un poids pas trop lourd<\/li>\r\n \t<li>Silencieux pendant l\u2019utilisation<\/li>\r\n \t<li>Avertissement de feu estamp\u00e9 sur chaque section<\/li>\r\n \t<li>Diam\u00e8tres diff\u00e9rents possibles<\/li>\r\n \t<li>Visiter la page de\u00a0<a href=\"https:\/\/superchute.com\/fr\/sytemes-chutes\/chutes-construction\/chutes-anti-feu\/\">Chutes anti-feu<\/a>\u00a0pour plus d\u2019informations.<\/li>\r\n<\/ul>\r\n[\/vc_column_text][\/vc_column_inner][vc_column_inner width=\u00a0\u00bb1\/2&Prime;][vc_single_image image=\u00a0\u00bb30700&Prime; img_size=\u00a0\u00bb107&#215;180&Prime; onclick=\u00a0\u00bblink_image\u00a0\u00bb qode_css_animation=\u00a0\u00bb\u00a0\u00bb][\/vc_column_inner][\/vc_row_inner][\/vc_tab][vc_tab title=\u00a0\u00bbPlastique bleu\u00a0\u00bb tab_id=\u00a0\u00bb8b5b9c91-5d02-0&Prime;][vc_row_inner row_type=\u00a0\u00bbrow\u00a0\u00bb type=\u00a0\u00bbfull_width\u00a0\u00bb text_align=\u00a0\u00bbleft\u00a0\u00bb css_animation=\u00a0\u00bb\u00a0\u00bb][vc_column_inner width=\u00a0\u00bb1\/2&Prime;][vc_column_text]\r\n<ul>\r\n \t<li>Superchute\u00ae fabrique des sections\u00a0<strong>BLEUES\u00a0<\/strong>en utilisant de la poly\u00e9thyl\u00e8ne de tr\u00e8s haut poids mol\u00e9culaire pour la manutention d\u2019un volume consid\u00e9rable de mat\u00e9riaux abrasifs<\/li>\r\n \t<li><strong>UHMWPE\u00a0<\/strong>est cinq fois plus r\u00e9sistant \u00e0 l\u2019abrasion que le plastique jaune<\/li>\r\n \t<li>R\u00e9sistance aux chocs dans des temp\u00e9ratures basses de\u00a0<strong>-70 \u00baC (-94 \u00baF)<\/strong><\/li>\r\n \t<li>Temp\u00e9rature fondante :\u00a0<strong>137 \u00baC (280 \u00baF)<\/strong><\/li>\r\n \t<li>Temp\u00e9rature maximale d\u2019op\u00e9ration :\u00a0<strong>80\u00b0C (180\u00b0F)<\/strong><\/li>\r\n \t<li>Plusieurs \u00e9paisseurs sont disponibles<\/li>\r\n \t<li>Trait\u00e9 anti-UV<\/li>\r\n<\/ul>\r\n[\/vc_column_text][\/vc_column_inner][vc_column_inner width=\u00a0\u00bb1\/2&Prime;][vc_single_image image=\u00a0\u00bb30702&Prime; img_size=\u00a0\u00bb107&#215;180&Prime; onclick=\u00a0\u00bblink_image\u00a0\u00bb qode_css_animation=\u00a0\u00bb\u00a0\u00bb][\/vc_column_inner][\/vc_row_inner][\/vc_tab][vc_tab title=\u00a0\u00bbPlastique gris\u00a0\u00bb tab_id=\u00a0\u00bb1459876962712-2-8&Prime;][vc_row_inner row_type=\u00a0\u00bbrow\u00a0\u00bb type=\u00a0\u00bbfull_width\u00a0\u00bb text_align=\u00a0\u00bbleft\u00a0\u00bb css_animation=\u00a0\u00bb\u00a0\u00bb][vc_column_inner width=\u00a0\u00bb1\/2&Prime;][vc_column_text]\r\n<ul>\r\n \t<li>Superchute\u00ae fabrique des sections\u00a0<strong>GRISES<\/strong> en utilisant de la poly\u00e9thyl\u00e8ne de tr\u00e8s haute densit\u00e9 mol\u00e9culaire pour des mat\u00e9riaux tr\u00e8s chauds<\/li>\r\n \t<li><strong>UHMWPE<\/strong>\u00a0est cinq fois plus r\u00e9sistant \u00e0 l\u2019abrasion que le plastique jaune<\/li>\r\n \t<li>R\u00e9sistance aux chocs dans des temp\u00e9ratures basses :\u00a0<strong>-70 \u00baC (-94 \u00baF)<\/strong><\/li>\r\n \t<li>Temp\u00e9rature fondante :\u00a0<strong>150 \u00baC (300 \u00baF)<\/strong><\/li>\r\n \t<li>Temp\u00e9rature maximale d\u2019op\u00e9ration :\u00a0<strong>135\u00b0C (275\u00b0F)<\/strong><\/li>\r\n \t<li>Essentiellement con\u00e7u pour transporter l\u2019asphalte chaude dans les plateformes des camions<\/li>\r\n \t<li>Plusieurs \u00e9paisseurs sont disponibles<\/li>\r\n \t<li>Trait\u00e9 anti-UV<\/li>\r\n<\/ul>\r\n[\/vc_column_text][\/vc_column_inner][vc_column_inner width=\u00a0\u00bb1\/2&Prime;][vc_single_image image=\u00a0\u00bb30705&Prime; img_size=\u00a0\u00bb107&#215;180&Prime; onclick=\u00a0\u00bblink_image\u00a0\u00bb qode_css_animation=\u00a0\u00bb\u00a0\u00bb][\/vc_column_inner][\/vc_row_inner][\/vc_tab][vc_tab title=\u00a0\u00bbChutes en m\u00e9tal\u00a0\u00bb tab_id=\u00a0\u00bb1461702827094-4-7&Prime;][vc_column_text]Les sections de chutes en acier galvanis\u00e9 et en aluminium dur sont aussi disponibles. Visiter la page de <span style=\"text-decoration: underline; color: #0000ff;\"><a style=\"color: #0000ff; text-decoration: underline;\" href=\"https:\/\/superchute.com\/fr\/sytemes-chutes\/chutes-construction\/chutes-anti-feu\/\">Chutes anti-feu<\/a><\/span> pour plus d&rsquo;informations.[\/vc_column_text][\/vc_tab][vc_tab title=\u00a0\u00bbPerformance d&rsquo;usure de la chute\u00a0\u00bb tab_id=\u00a0\u00bb1459876976415-3-6&Prime;]<div class='q_progress_bar'><h5 class='progress_title_holder clearfix' style=''><span class='progress_title'><span>PEHD (autres marques)<\/span><\/span><span class='progress_number' style='color: #ffffff;'><span>0<\/span>%<\/span><\/h5><div class='progress_content_outer' style=''><div data-percentage='8' class='progress_content' style='background-color: #222222;'><\/div><\/div><\/div><div class='q_progress_bar'><h5 class='progress_title_holder clearfix' style=''><span class='progress_title'><span>HMWPE (Superchute\u00ae)<\/span><\/span><span class='progress_number' style='color: #ffffff;'><span>0<\/span>%<\/span><\/h5><div class='progress_content_outer' style=''><div data-percentage='17' class='progress_content' style='background-color: #ffc726;'><\/div><\/div><\/div><div class='q_progress_bar'><h5 class='progress_title_holder clearfix' style=''><span class='progress_title'><span>Aluminium<\/span><\/span><span class='progress_number' style='color: #ffffff;'><span>0<\/span>%<\/span><\/h5><div class='progress_content_outer' style=''><div data-percentage='33' class='progress_content' style='background-color: #c9c9c9;'><\/div><\/div><\/div><div class='q_progress_bar'><h5 class='progress_title_holder clearfix' style=''><span class='progress_title'><span>Acier en carbone<\/span><\/span><span class='progress_number' style='color: #ffffff;'><span>0<\/span>%<\/span><\/h5><div class='progress_content_outer' style=''><div data-percentage='58' class='progress_content' style='background-color: #a3a3a3;'><\/div><\/div><\/div><div class='q_progress_bar'><h5 class='progress_title_holder clearfix' style=''><span class='progress_title'><span>UHMWPE (plastique sur mesure Superchute\u00ae)<\/span><\/span><span class='progress_number' style='color: #ffffff;'><span>0<\/span>%<\/span><\/h5><div class='progress_content_outer' style=''><div data-percentage='84' class='progress_content' style='background-color: #3366ff;'><\/div><\/div><\/div>[vc_column_text]\r\n<h3><img loading=\"lazy\" decoding=\"async\" class=\"alignleft size-full wp-image-19466\" src=\"https:\/\/superchute.com\/wp-content\/uploads\/2015\/05\/12345678910112.png\" alt=\"12345678910112\" width=\"549\" height=\"38\" srcset=\"https:\/\/superchute.com\/wp-content\/uploads\/2015\/05\/12345678910112.png 549w, https:\/\/superchute.com\/wp-content\/uploads\/2015\/05\/12345678910112-300x21.png 300w, https:\/\/superchute.com\/wp-content\/uploads\/2015\/05\/12345678910112-539x38.png 539w\" sizes=\"auto, (max-width: 549px) 100vw, 549px\" \/><\/h3>\r\n<em>nombre plus \u00e9lev\u00e9 = vie plus longue<\/em>[\/vc_column_text][\/vc_tab][\/vc_tabs][\/vc_column][\/vc_row][vc_row css_animation=\u00a0\u00bb\u00a0\u00bb row_type=\u00a0\u00bbrow\u00a0\u00bb use_row_as_full_screen_section=\u00a0\u00bbno\u00a0\u00bb type=\u00a0\u00bbfull_width\u00a0\u00bb angled_section=\u00a0\u00bbno\u00a0\u00bb text_align=\u00a0\u00bbleft\u00a0\u00bb background_image_as_pattern=\u00a0\u00bbwithout_pattern\u00a0\u00bb css=\u00a0\u00bb.vc_custom_1431528190800{margin-top: 0px !important;padding-top: 10px !important;padding-bottom: 30px !important;}\u00a0\u00bb][vc_column]<div class=\"ult-spacer spacer-69e75aa97e06f\" data-id=\"69e75aa97e06f\" data-height=\"55\" data-height-mobile=\"55\" data-height-tab=\"55\" data-height-tab-portrait=\"\" data-height-mobile-landscape=\"\" style=\"clear:both;display:block;\"><\/div>[vc_text_separator title=\u00a0\u00bbProjets\u00a0\u00bb border=\u00a0\u00bbno\u00a0\u00bb background_color=\u00a0\u00bb#ffc726&Prime; title_color=\u00a0\u00bb#4d4d4d\u00a0\u00bb]<div class=\"ult-spacer spacer-69e75aa97e08b\" data-id=\"69e75aa97e08b\" data-height=\"15\" data-height-mobile=\"15\" data-height-tab=\"15\" data-height-tab-portrait=\"\" data-height-mobile-landscape=\"\" style=\"clear:both;display:block;\"><\/div>[vc_column_text]\r\n<p style=\"text-align: center;\">Cliquer sur les images pour visionner les projets.<\/p>\r\n[\/vc_column_text]<div class=\"ult-spacer spacer-69e75aa97e0a4\" data-id=\"69e75aa97e0a4\" data-height=\"25\" data-height-mobile=\"25\" data-height-tab=\"25\" data-height-tab-portrait=\"\" data-height-mobile-landscape=\"\" style=\"clear:both;display:block;\"><\/div><div class='projects_holder_outer v4 portfolio_with_space portfolio_standard'>\n        <div class='projects_holder portfolio_main_holder clearfix v4 standard portfolio_square_image '>\n        \n        <article class='mix portfolio_category_411 portfolio_category_399 default' style=''>\n    \n    \n    \n                <div class='image_holder'>\n                <a itemprop='url' class='portfolio_link_for_touch' href='https:\/\/superchute.com\/fr\/portfolio_page\/mobile-conveying\/' target='_self'>\n                    \n<span class='image'><img loading=\"lazy\" decoding=\"async\" width=\"570\" height=\"534\" src=\"https:\/\/superchute.com\/wp-content\/uploads\/2017\/01\/Mobile-08-min-570x534.jpg\" class=\"attachment-portfolio-square size-portfolio-square wp-post-image\" alt=\"\" \/><\/span>                <\/a>\n\n                <span class='text_holder'>\n    <span class='text_outer'>\n        <span class='text_inner'>\n            <span class='feature_holder'>\n                            <span class=\"feature_holder_icons\">';\n                    \n                            <a itemprop='url' class='preview qbutton small white' href='https:\/\/superchute.com\/fr\/portfolio_page\/mobile-conveying\/' target='_self'>view<\/i><\/a>\n    \n                                            <\/span>\n        <\/span>\n    <\/span>\n<\/span>            <\/div>\n                <div class='portfolio_description ' >\n\n        \n    <h5 itemprop=\"name\" class=\"portfolio_title entry_title\"><a itemprop=\"url\" href=\"https:\/\/superchute.com\/fr\/portfolio_page\/mobile-conveying\/\" style=\"color: #4d4d4d\" target=\"_self\"> Mobile Conveying<\/a><\/h5>\n\n\n            <div style=\"background-color: #4d4d4d\" class=\"portfolio_separator separator  small center\"><\/div>\n\n            <span class=\"project_category\"  >\n    Chutes en cascade, Chutes r\u00e9tractables    <\/span>\n\n    <\/div>\n        \n<\/article>\n<article class='mix portfolio_category_411 portfolio_category_399 default' style=''>\n    \n    \n    \n                <div class='image_holder'>\n                <a itemprop='url' class='portfolio_link_for_touch' href='https:\/\/superchute.com\/fr\/portfolio_page\/cascading-chute-videos\/' target='_self'>\n                    \n<span class='image'><img loading=\"lazy\" decoding=\"async\" width=\"500\" height=\"500\" src=\"https:\/\/superchute.com\/wp-content\/uploads\/2017\/01\/cascading-chute-coke-500x500-1.jpg\" class=\"attachment-portfolio-square size-portfolio-square wp-post-image\" alt=\"\" srcset=\"https:\/\/superchute.com\/wp-content\/uploads\/2017\/01\/cascading-chute-coke-500x500-1.jpg 500w, https:\/\/superchute.com\/wp-content\/uploads\/2017\/01\/cascading-chute-coke-500x500-1-300x300.jpg 300w\" sizes=\"auto, (max-width: 500px) 100vw, 500px\" \/><\/span>                <\/a>\n\n                <span class='text_holder'>\n    <span class='text_outer'>\n        <span class='text_inner'>\n            <span class='feature_holder'>\n                            <span class=\"feature_holder_icons\">';\n                    \n                            <a itemprop='url' class='preview qbutton small white' href='https:\/\/superchute.com\/fr\/portfolio_page\/cascading-chute-videos\/' target='_self'>view<\/i><\/a>\n    \n                                            <\/span>\n        <\/span>\n    <\/span>\n<\/span>            <\/div>\n                <div class='portfolio_description ' >\n\n        \n    <h5 itemprop=\"name\" class=\"portfolio_title entry_title\"><a itemprop=\"url\" href=\"https:\/\/superchute.com\/fr\/portfolio_page\/cascading-chute-videos\/\" style=\"color: #4d4d4d\" target=\"_self\"> Vid\u00e9os<\/a><\/h5>\n\n\n            <div style=\"background-color: #4d4d4d\" class=\"portfolio_separator separator  small center\"><\/div>\n\n            <span class=\"project_category\"  >\n    Chutes en cascade, Chutes r\u00e9tractables    <\/span>\n\n    <\/div>\n        \n<\/article>\n        <div class='filler'><\/div>\n            <div class='filler'><\/div>\n            <div class='filler'><\/div>\n            <div class='filler'><\/div>\n        <\/div>\n\n    \n    <\/div>[\/vc_column][\/vc_row]<\/div>","protected":false},"excerpt":{"rendered":"<p>[vc_row css_animation=\u00a0\u00bb\u00a0\u00bb row_type=\u00a0\u00bbrow\u00a0\u00bb use_row_as_full_screen_section=\u00a0\u00bbno\u00a0\u00bb type=\u00a0\u00bbfull_width\u00a0\u00bb angled_section=\u00a0\u00bbno\u00a0\u00bb text_align=\u00a0\u00bbleft\u00a0\u00bb background_image_as_pattern=\u00a0\u00bbwithout_pattern\u00a0\u00bb css=\u00a0\u00bb.vc_custom_1432018051487{padding-bottom: 60px !important;}\u00a0\u00bb][vc_column width=\u00a0\u00bb1\/2&Prime;][vc_column_text] Chutes en cascade [\/vc_column_text][vc_column_text]Utile pour d\u00e9poser des mat\u00e9riaux fluides, pour conduire les poussi\u00e8res fines dans des camions, dans des wagons ou dans d&rsquo;autres contenants.[\/vc_column_text][\/vc_column][vc_column width=\u00a0\u00bb1\/2&Prime;][vc_single_image image=\u00a0\u00bb22475&Prime; img_size=\u00a0\u00bbmedium\u00a0\u00bb alignment=\u00a0\u00bbcenter\u00a0\u00bb onclick=\u00a0\u00bblink_image\u00a0\u00bb qode_css_animation=\u00a0\u00bb\u00a0\u00bb][vc_column_text] \u00a0 [\/vc_column_text][\/vc_column][\/vc_row][vc_row css_animation=\u00a0\u00bb\u00a0\u00bb&#8230;<\/p>\n","protected":false},"author":7,"featured_media":0,"parent":23247,"menu_order":3,"comment_status":"open","ping_status":"closed","template":"","meta":{"_seopress_robots_primary_cat":"","_seopress_titles_title":"","_seopress_titles_desc":"","_seopress_robots_index":"","inline_featured_image":false,"footnotes":""},"class_list":["post-23277","page","type-page","status-publish","hentry"],"_links":{"self":[{"href":"https:\/\/superchute.com\/fr\/wp-json\/wp\/v2\/pages\/23277","targetHints":{"allow":["GET"]}}],"collection":[{"href":"https:\/\/superchute.com\/fr\/wp-json\/wp\/v2\/pages"}],"about":[{"href":"https:\/\/superchute.com\/fr\/wp-json\/wp\/v2\/types\/page"}],"author":[{"embeddable":true,"href":"https:\/\/superchute.com\/fr\/wp-json\/wp\/v2\/users\/7"}],"replies":[{"embeddable":true,"href":"https:\/\/superchute.com\/fr\/wp-json\/wp\/v2\/comments?post=23277"}],"version-history":[{"count":0,"href":"https:\/\/superchute.com\/fr\/wp-json\/wp\/v2\/pages\/23277\/revisions"}],"up":[{"embeddable":true,"href":"https:\/\/superchute.com\/fr\/wp-json\/wp\/v2\/pages\/23247"}],"wp:attachment":[{"href":"https:\/\/superchute.com\/fr\/wp-json\/wp\/v2\/media?parent=23277"}],"curies":[{"name":"wp","href":"https:\/\/api.w.org\/{rel}","templated":true}]}}