{"id":23185,"date":"2015-04-07T13:23:48","date_gmt":"2015-04-07T17:23:48","guid":{"rendered":"https:\/\/superchute.com\/fr\/sytemes-chutes\/chutes-construction\/fire-prevention\/"},"modified":"2017-10-17T09:39:10","modified_gmt":"2017-10-17T13:39:10","slug":"prevention-incendies","status":"publish","type":"page","link":"https:\/\/superchute.com\/fr\/systemes-chutes\/chutes-construction\/prevention-incendies\/","title":{"rendered":"Prevention d&rsquo;incendies"},"content":{"rendered":"<div class=\"wpb-content-wrapper\">[vc_row css_animation=\u00a0\u00bb\u00a0\u00bb row_type=\u00a0\u00bbrow\u00a0\u00bb use_row_as_full_screen_section=\u00a0\u00bbno\u00a0\u00bb type=\u00a0\u00bbfull_width\u00a0\u00bb angled_section=\u00a0\u00bbno\u00a0\u00bb text_align=\u00a0\u00bbleft\u00a0\u00bb background_image_as_pattern=\u00a0\u00bbwithout_pattern\u00a0\u00bb][vc_column][vc_column_text]\r\n<h3><span style=\"color: #ffc726;\">Prevention d&rsquo;incendies<i class=\"fa fa-fire\"><\/i><\/span><\/h3>\r\n[\/vc_column_text][vc_column_text]Les feus de conteneurs peuvent enflammer les chutes en suspension, produire de la fum\u00e9e et cr\u00e9er des incendies d&rsquo;immeubles.\r\nLire attentivement les pr\u00e9cautions suivantes pour pr\u00e9venir le feu.[\/vc_column_text]<div class=\"ult-spacer spacer-69e7495022772\" data-id=\"69e7495022772\" data-height=\"55\" data-height-mobile=\"55\" data-height-tab=\"55\" data-height-tab-portrait=\"\" data-height-mobile-landscape=\"\" style=\"clear:both;display:block;\"><\/div>[\/vc_column][\/vc_row][vc_row css_animation=\u00a0\u00bb\u00a0\u00bb row_type=\u00a0\u00bbrow\u00a0\u00bb use_row_as_full_screen_section=\u00a0\u00bbno\u00a0\u00bb type=\u00a0\u00bbfull_width\u00a0\u00bb angled_section=\u00a0\u00bbno\u00a0\u00bb text_align=\u00a0\u00bbleft\u00a0\u00bb background_image_as_pattern=\u00a0\u00bbwithout_pattern\u00a0\u00bb][vc_column][vc_tabs style=\u00a0\u00bbvertical_left\u00a0\u00bb][vc_tab title=\u00a0\u00bbPhoto\u00a0\u00bb tab_id=\u00a0\u00bb1452269114177-8-0&Prime;][vc_column_text]<img loading=\"lazy\" decoding=\"async\" class=\"alignleft wp-image-19496 size-full\" src=\"https:\/\/superchute.com\/wp-content\/uploads\/2015\/04\/chutefire.jpg\" alt=\"\" width=\"303\" height=\"400\" srcset=\"https:\/\/superchute.com\/wp-content\/uploads\/2015\/04\/chutefire.jpg 303w, https:\/\/superchute.com\/wp-content\/uploads\/2015\/04\/chutefire-227x300.jpg 227w\" sizes=\"auto, (max-width: 303px) 100vw, 303px\" \/>\r\n\r\nImage prise quelques minutes apr\u00e8s le d\u00e9but d&rsquo;un feu dans le conteneur. Les flammes se sont r\u00e9pandues dans l&rsquo;immeuble sous construction par la chute d&rsquo;un comp\u00e9titeur. L&rsquo;immeuble \u00e9tait d\u00e9truit.[\/vc_column_text][\/vc_tab][vc_tab title=\u00a0\u00bbSignes d&rsquo;avertissements\u00a0\u00bb tab_id=\u00a0\u00bb55d80637-cd40-7&Prime;][vc_row_inner row_type=\u00a0\u00bbrow\u00a0\u00bb type=\u00a0\u00bbfull_width\u00a0\u00bb text_align=\u00a0\u00bbleft\u00a0\u00bb css_animation=\u00a0\u00bb\u00a0\u00bb][vc_column_inner width=\u00a0\u00bb1\/2&Prime;][vc_column_text]<strong>Signes d&rsquo;avertissement d&rsquo;incendie<\/strong>\r\n\r\nChaque section de chute est estamp\u00e9 avec un avertissement de feu depuis mai 2004.\r\n<ul>\r\n \t<li><span style=\"color: #db4405;\"><a style=\"color: #db4405;\" href=\"https:\/\/superchute.com\/wp-content\/uploads\/2017\/10\/Fire-Hazard-Yellow-Chute-_-yellowBackgrnd-2009-fr.pdf\" target=\"_blank\" rel=\"noopener\">Avertissement de feu pour chutes jaunes<\/a><\/span>\u00a0<span class='q_social_icon_holder normal_social' data-color=#ff0000 data-hover-color=#ff0000><a itemprop='url' href='https:\/\/superchute.com\/wp-content\/uploads\/2017\/10\/Fire-Hazard-Yellow-Chute-_-yellowBackgrnd-2009-fr.pdf' target='_blank'><i class=\"qode_icon_font_awesome fa fa-file-pdf-o fa-lg simple_social\" style=\"color: #ff0000;\" ><\/i><\/a><\/span><span class='q_social_icon_holder normal_social' data-color=#4d4d4d data-hover-color=#4d4d4d><a itemprop='url' href='https:\/\/superchute.com\/wp-content\/uploads\/2017\/10\/Fire-Hazard-Yellow-Chute-_-white-background-2009-fr.pdf' target='_blank'><i class=\"qode_icon_font_awesome fa fa-file-pdf-o fa-lg simple_social\" style=\"color: #4d4d4d;\" ><\/i><\/a><\/span><\/li>\r\n \t<li><span style=\"color: #db4405;\"><a style=\"color: #db4405;\" href=\"https:\/\/superchute.com\/wp-content\/uploads\/2017\/10\/Fire-Hazard-Blue-2015-blueBackgrnd.pdf\" target=\"_blank\" rel=\"noopener\">Avertissement de feu pour chutes bleus<\/a><\/span>\u00a0<span class='q_social_icon_holder normal_social' data-color=#ff0000 data-hover-color=#ff0000><a itemprop='url' href='https:\/\/superchute.com\/wp-content\/uploads\/2017\/10\/Fire-Hazard-Blue-2015-blueBackgrnd.pdf' target='_blank'><i class=\"qode_icon_font_awesome fa fa-file-pdf-o fa-lg simple_social\" style=\"color: #ff0000;\" ><\/i><\/a><\/span><span class='q_social_icon_holder normal_social' data-color=#4d4d4d data-hover-color=#4d4d4d><a itemprop='url' href='https:\/\/superchute.com\/wp-content\/uploads\/2017\/10\/Fire-Hazard-Blue-2015-whiteBackgrnd.pdf' target='_blank'><i class=\"qode_icon_font_awesome fa fa-file-pdf-o fa-lg simple_social\" style=\"color: #4d4d4d;\" ><\/i><\/a><\/span><\/li>\r\n \t<li><span style=\"color: #db4405;\"><a style=\"color: #db4405;\" href=\"https:\/\/superchute.com\/wp-content\/uploads\/2017\/10\/Fire-Hazard-BLACK-FIRE-RATED-2009-blackBackrnd.pdf\" target=\"_blank\" rel=\"noopener\">Avertissement de feu pour chutes noirs<\/a><\/span>\u00a0<span class='q_social_icon_holder normal_social' data-color=#ff0000 data-hover-color=#ff0000><a itemprop='url' href='https:\/\/superchute.com\/wp-content\/uploads\/2017\/10\/Fire-Hazard-BLACK-FIRE-RATED-2009-blackBackrnd.pdf' target='_blank'><i class=\"qode_icon_font_awesome fa fa-file-pdf-o fa-lg simple_social\" style=\"color: #ff0000;\" ><\/i><\/a><\/span><span class='q_social_icon_holder normal_social' data-color=#4d4d4d data-hover-color=#4d4d4d><a itemprop='url' href='https:\/\/superchute.com\/wp-content\/uploads\/2017\/10\/Fire-Hazard-BLACK-FIRE-RATED-2009-whiteBackrnd.pdf' target='_blank'><i class=\"qode_icon_font_awesome fa fa-file-pdf-o fa-lg simple_social\" style=\"color: #4d4d4d;\" ><\/i><\/a><\/span><\/li>\r\n \t<li><span style=\"color: #db4405;\"><a style=\"color: #db4405;\" href=\"https:\/\/superchute.com\/wp-content\/uploads\/2017\/10\/Fire-Hazard-GREY-or-other-greyBackgrnd-2015.pdf\" target=\"_blank\" rel=\"noopener\">Avertissement de feu pour chutes gris<\/a><\/span>\u00a0<span class='q_social_icon_holder normal_social' data-color=#ff0000 data-hover-color=#ff0000><a itemprop='url' href='https:\/\/superchute.com\/wp-content\/uploads\/2017\/10\/Fire-Hazard-GREY-or-other-greyBackgrnd-2015.pdf' target='_blank'><i class=\"qode_icon_font_awesome fa fa-file-pdf-o fa-lg simple_social\" style=\"color: #ff0000;\" ><\/i><\/a><\/span><span class='q_social_icon_holder normal_social' data-color=#4d4d4d data-hover-color=#4d4d4d><a itemprop='url' href='https:\/\/superchute.com\/wp-content\/uploads\/2017\/10\/Fire-Hazard-GREY-or-other-whiteBackgrnd-2015.pdf' target='_blank'><i class=\"qode_icon_font_awesome fa fa-file-pdf-o fa-lg simple_social\" style=\"color: #4d4d4d;\" ><\/i><\/a><\/span><\/li>\r\n<\/ul>\r\n[\/vc_column_text][\/vc_column_inner][vc_column_inner width=\u00a0\u00bb1\/2&Prime;][vc_column_text]<img loading=\"lazy\" decoding=\"async\" class=\"alignleft wp-image-28881 size-medium\" src=\"https:\/\/superchute.com\/wp-content\/uploads\/2017\/10\/Fire-Hazard-black-chute-FR-300x182.png\" alt=\"\" width=\"300\" height=\"182\" \/>[\/vc_column_text][\/vc_column_inner][\/vc_row_inner][vc_separator type=\u00a0\u00bbnormal\u00a0\u00bb thickness=\u00a0\u00bb2&Prime;]<div class=\"ult-spacer spacer-69e7495022c02\" data-id=\"69e7495022c02\" data-height=\"25\" data-height-mobile=\"25\" data-height-tab=\"25\" data-height-tab-portrait=\"\" data-height-mobile-landscape=\"\" style=\"clear:both;display:block;\"><\/div>[vc_row_inner row_type=\u00a0\u00bbrow\u00a0\u00bb type=\u00a0\u00bbfull_width\u00a0\u00bb text_align=\u00a0\u00bbleft\u00a0\u00bb css_animation=\u00a0\u00bb\u00a0\u00bb][vc_column_inner width=\u00a0\u00bb1\/2&Prime;][vc_column_text]<strong>Signe d&rsquo;avertissement en plastique<\/strong>\r\n<ul>\r\n \t<li>Placez cet avertissement autour du conteneur et sur tout les \u00e9tages qui font face \u00e0 la chute et informez le personnel.<\/li>\r\n \t<li>Un signe de danger en plastique est est inclus avec chaque syst\u00e8me de chute<\/li>\r\n \t<li>Plastique durable 8&Prime; large x 12&Prime; haut (vendu individuellement)<\/li>\r\n \t<li><span style=\"color: #db4405;\"><a style=\"color: #db4405;\" href=\"https:\/\/superchute.com\/wp-content\/uploads\/2016\/01\/container_fire_sign.pdf\" target=\"_blank\" rel=\"noopener\">Signe de danger<\/a><\/span>\u00a0<span class='q_social_icon_holder normal_social' data-color=#ff0000 data-hover-color=#ff0000><a itemprop='url' href='https:\/\/superchute.com\/wp-content\/uploads\/2016\/01\/container_fire_sign.pdf' target='_blank'><i class=\"qode_icon_font_awesome fa fa-file-pdf-o fa-lg simple_social\" style=\"color: #ff0000;\" ><\/i><\/a><\/span><\/li>\r\n<\/ul>\r\n[\/vc_column_text][\/vc_column_inner][vc_column_inner width=\u00a0\u00bb1\/2&Prime;][vc_column_text]<img loading=\"lazy\" decoding=\"async\" class=\"wp-image-19500 size-medium alignleft\" src=\"https:\/\/superchute.com\/wp-content\/uploads\/2015\/04\/danger-sign-201x300.png\" alt=\"danger-sign\" width=\"201\" height=\"300\" srcset=\"https:\/\/superchute.com\/wp-content\/uploads\/2015\/04\/danger-sign-201x300.png 201w, https:\/\/superchute.com\/wp-content\/uploads\/2015\/04\/danger-sign.png 614w\" sizes=\"auto, (max-width: 201px) 100vw, 201px\" \/>[\/vc_column_text][\/vc_column_inner][\/vc_row_inner]<div class=\"ult-spacer spacer-69e7495022c82\" data-id=\"69e7495022c82\" data-height=\"15\" data-height-mobile=\"15\" data-height-tab=\"15\" data-height-tab-portrait=\"\" data-height-mobile-landscape=\"\" style=\"clear:both;display:block;\"><\/div>[\/vc_tab][vc_tab title=\u00a0\u00bbArrosoir pour conteneur\u00a0\u00bb tab_id=\u00a0\u00bb298d825d-7d64-3&Prime;][vc_column_text]Pr\u00e9venez les incendies avec <strong>L&rsquo;Arrosoir pour conteneur Superchute\u00ae<\/strong>\u00a0en gardant mouill\u00e9 les d\u00e9bris dans les conteneurs. Incluez l\u2019arrosoir dans votre plan de pr\u00e9vention.[\/vc_column_text]<div id=\"jig1\" class=\"justified-image-grid jig-3fcec7f5d20574bc92d887b6323f069c jig-preset-global jig-source-wp-gallery\"><div class=\"jig-clearfix\"><\/div><noscript id=\"jig1-html\" class=\"justified-image-grid-html\" data-lazy-src=\"skiplazyload\" data-src=\"skipunveillazyload\"><ul><li><a href=\"https:\/\/superchute.com\/wp-content\/uploads\/2016\/01\/Drencher.png\" title=\"Drencher\"><img loading=\"lazy\" decoding=\"async\" src=\"https:\/\/superchute.com\/wp-content\/plugins\/justified-image-grid\/timthumb.php?src=https%3A%2F%2Fsuperchute.com%2Fwp-content%2Fuploads%2F2016%2F01%2FDrencher.png&amp;h=229&amp;w=229&amp;q=90&amp;f=.png\" alt=\"Superchute\u00ae Container Drencher\" width=\"229\" height=\"229\" \/><\/a><p class=\"jig-HTMLdescription\">Superchute\u00ae Container Drencher<br\/>Drencher<\/p><\/li><\/ul><\/noscript><\/div><div class=\"ult-spacer spacer-69e7495024a8d\" data-id=\"69e7495024a8d\" data-height=\"25\" data-height-mobile=\"25\" data-height-tab=\"25\" data-height-tab-portrait=\"\" data-height-mobile-landscape=\"\" style=\"clear:both;display:block;\"><\/div><div id=\"modal-trg-txt-wrap-2171\" class=\"ult-modal-input-wrapper ult-adjust-bottom-margin    \" data-keypress-control=\"keypress-control-enable\" data-overlay-control=\"overlay-control-enable\"><button  data-ultimate-target='#modal-trg-txt-wrap-2171 .btn-modal'  data-responsive-json-new='{\"font-size\":\"\",\"line-height\":\"\"}'  style=\"background:#4d4d4d;border-color:#4d4d4d;color:#FFFFFF; \" data-class-id=\"content-69e7495024b340-94296653\" class=\"btn-modal ult-responsive btn-primary btn-modal-sm overlay-show ult-align-left btn-id-69e7495024b340-94296653\" data-overlay-class=\"overlay-cornerbottomleft\">Sp\u00e9cifications<\/button><\/div>\n<div class=\"ult-overlay content-69e7495024b340-94296653 \" data-class=\"content-69e7495024b340-94296653\" id=\"button-click-overlay\" style=\"background:rgba(51,51,51,0.8); display:none;\">\n\t<div class=\"ult_modal ult-fade ult-small\">\n\t\t<div id=\"ult-modal-wrap-6517\" class=\"ult_modal-content ult-hide\" style=\"border-style:solid;border-width:2px;border-radius:0px;border-color:#333333;\">\n\t\t\t<div class=\"ult_modal-header\" style=\"color:#333333;border-color:#333333;\">\n\t\t\t\t<h3  data-ultimate-target='#ult-modal-wrap-6517 .ult_modal-title'  data-responsive-json-new='{\"font-size\":\"\",\"line-height\":\"\"}'  class=\"ult_modal-title ult-responsive\">Sp\u00e9cifications<\/h3>\n\t\t\t<\/div>\n\t\t\t<div  data-ultimate-target='#ult-modal-wrap-6517 .ult_modal-body'  data-responsive-json-new='{\"font-size\":\"\",\"line-height\":\"\"}'  class=\"ult_modal-body ult-responsive ult-html\" style=\"\">\n\t\t\t<strong>Arroisoir<\/strong>\r\n<ul>\r\n \t<li>Construction en acier galvanis\u00e9<\/li>\r\n \t<li>Serrer sur les murs d&rsquo;un conteneur standard<\/li>\r\n \t<li>Largeur du support : 6 po<\/li>\r\n \t<li>Contr\u00f4ler la pression d&rsquo;eau avec le robinet<\/li>\r\n \t<li>Jet d&rsquo;eau jusqu&rsquo;\u00e0 40&prime;<\/li>\r\n \t<li>Le bec en cuivre permet d&rsquo;ajuster la forme du jet<\/li>\r\n \t<li>\u00c9tiquette d&rsquo;instructions en acier inoxydable<\/li>\r\n<\/ul>\r\n&nbsp;\r\n\r\n<strong>Sp\u00e9cifications de l&rsquo;arrosoir<\/strong>\r\n<ul>\r\n \t<li>Serrer l&rsquo;arrosoir au bord sup\u00e9rieure du conteneur<\/li>\r\n \t<li>Connecter un tuyau d&rsquo;arrosage<\/li>\r\n \t<li>Ouvrir l&rsquo;eau<\/li>\r\n \t<li>Gardez mouill\u00e9 les d\u00e9bris dans le conteneur en tout temps<\/li>\r\n<\/ul>\r\n&nbsp;\r\n\r\n<strong>Consid\u00e9rations<\/strong>\r\n<ul>\r\n \t<li>L&rsquo;arrosoir aide \u00e0 r\u00e9duire les poussi\u00e8res<\/li>\r\n \t<li>Ne pas arroser le conteneur s&rsquo;il contient des substances dangeureuses ou toxiques<\/li>\r\n \t<li>Prenez soin des temp\u00e9ratures de gel<\/li>\r\n<\/ul>\r\n\n\t\t\t<\/div>\n\t<\/div>\n\t<\/div>\n\t<div class=\"ult-overlay-close top-right\" style=\" \"><div class=\"ult-overlay-close-inside\">Close<\/div><\/div>\n<\/div>[\/vc_tab][vc_tab title=\u00a0\u00bbTuyaux d&rsquo;arrosoirs\u00a0\u00bb tab_id=\u00a0\u00bb1452184724743-2-7&Prime;][vc_column_text]<img loading=\"lazy\" decoding=\"async\" class=\"alignleft size-full wp-image-19521\" src=\"https:\/\/superchute.com\/wp-content\/uploads\/2015\/04\/water-hose.png\" alt=\"water-hose\" width=\"150\" height=\"219\" \/>Chaque \u00e9tage expos\u00e9 \u00e0 la chute devrait \u00eatre \u00e9quip\u00e9 d&rsquo;un tuyau d&rsquo;arrosoir.[\/vc_column_text][\/vc_tab][vc_tab title=\u00a0\u00bbDistance chute et conteneur\u00a0\u00bb tab_id=\u00a0\u00bb1452266562375-3-6&Prime;][vc_column_text]<strong>1. Installer la chute \u00e0 une distance de l&rsquo;immeuble sur \u00e9chafaudage\u00a0en m\u00e9tal.<\/strong>\r\n\r\nLe feu dans cette photo c&rsquo;est produit quand une \u00e9tincelle de soudage est tomb\u00e9e sur du d\u00e9bris sec dans le conteneur. Le feu c&rsquo;est rapidement propag\u00e9 dans la chute causant des dommages au cot\u00e9 droite de l&rsquo;immeuble. Une nouvelle chute avait \u00e9t\u00e9 install\u00e9 sur \u00e9chafaudage \u00e0 une certaine distance de l&rsquo;immeuble accessible avec des rampes.[\/vc_column_text][vc_column_text]<img loading=\"lazy\" decoding=\"async\" class=\"alignright wp-image-26803 size-full\" src=\"https:\/\/superchute.com\/wp-content\/uploads\/2015\/04\/chutefire_2-fr.jpg\" alt=\"\" width=\"645\" height=\"520\" srcset=\"https:\/\/superchute.com\/wp-content\/uploads\/2015\/04\/chutefire_2-fr.jpg 645w, https:\/\/superchute.com\/wp-content\/uploads\/2015\/04\/chutefire_2-fr-300x242.jpg 300w\" sizes=\"auto, (max-width: 645px) 100vw, 645px\" \/>[\/vc_column_text]<div class=\"ult-spacer spacer-69e7495024bdc\" data-id=\"69e7495024bdc\" data-height=\"25\" data-height-mobile=\"25\" data-height-tab=\"25\" data-height-tab-portrait=\"\" data-height-mobile-landscape=\"\" style=\"clear:both;display:block;\"><\/div>[vc_column_text]<strong>2. Installer le conteneur \u00e0 une distance d&rsquo;au moins 10 pi (3 m) de l&rsquo;immeuble (v\u00e9rifier\u00a0vos r\u00e8glements locales).<\/strong>[\/vc_column_text][\/vc_tab][vc_tab title=\u00a0\u00bbC\u00e2ble \u00e0 liberation rapide\u00a0\u00bb tab_id=\u00a0\u00bb1452266590420-4-1&Prime;][vc_column_text]<strong>C\u00e2ble \u00e0 lib\u00e9ration rapide<\/strong>\r\n\r\nInstaller un c\u00e2ble \u00e0 lib\u00e9ration rapide \u00e0 la sortie de la chute.[\/vc_column_text][vc_column_text]<span style=\"color: #ff0000;\"><i class=\"fa fa-search-plus\"><\/i>\u00a0<\/span>[\/vc_column_text][vc_column_text]\r\n\r\n<div id=\"jig2\" class=\"justified-image-grid jig-d9221c6a58e6f9814eb3ed96173a744b jig-preset-global jig-source-wp-gallery\"><div class=\"jig-clearfix\"><\/div><noscript id=\"jig2-html\" class=\"justified-image-grid-html\" data-lazy-src=\"skiplazyload\" data-src=\"skipunveillazyload\"><ul><li><a href=\"https:\/\/superchute.com\/wp-content\/uploads\/2015\/04\/quickrel_02.jpg\" title=\"quickrel_02\"><img loading=\"lazy\" decoding=\"async\" src=\"https:\/\/superchute.com\/wp-content\/plugins\/justified-image-grid\/timthumb.php?src=https%3A%2F%2Fsuperchute.com%2Fwp-content%2Fuploads%2F2015%2F04%2Fquickrel_02.jpg&amp;h=198&amp;w=198&amp;q=90&amp;f=.jpg\" alt=\"quickrel_02\" width=\"198\" height=\"198\" \/><\/a><p class=\"jig-HTMLdescription\">quickrel_02<\/p><\/li><li><a href=\"https:\/\/superchute.com\/wp-content\/uploads\/2015\/04\/quickrel_03.jpg\" title=\"quickrel_03\"><img loading=\"lazy\" decoding=\"async\" src=\"https:\/\/superchute.com\/wp-content\/plugins\/justified-image-grid\/timthumb.php?src=https%3A%2F%2Fsuperchute.com%2Fwp-content%2Fuploads%2F2015%2F04%2Fquickrel_03.jpg&amp;h=198&amp;w=198&amp;q=90&amp;f=.jpg\" alt=\"quickrel_03\" width=\"198\" height=\"198\" \/><\/a><p class=\"jig-HTMLdescription\">quickrel_03<\/p><\/li><li><a href=\"https:\/\/superchute.com\/wp-content\/uploads\/2015\/04\/quickrel_building.gif\" title=\"quickrel_building\"><img loading=\"lazy\" decoding=\"async\" src=\"https:\/\/superchute.com\/wp-content\/plugins\/justified-image-grid\/timthumb.php?src=https%3A%2F%2Fsuperchute.com%2Fwp-content%2Fuploads%2F2015%2F04%2Fquickrel_building.gif&amp;h=198&amp;w=198&amp;q=90&amp;f=.gif\" alt=\"quickrel_building\" width=\"198\" height=\"198\" \/><\/a><p class=\"jig-HTMLdescription\">quickrel_building<\/p><\/li><li><a href=\"https:\/\/superchute.com\/wp-content\/uploads\/2015\/04\/quickrel_01.jpg\" title=\"quickrel_01\"><img loading=\"lazy\" decoding=\"async\" src=\"https:\/\/superchute.com\/wp-content\/plugins\/justified-image-grid\/timthumb.php?src=https%3A%2F%2Fsuperchute.com%2Fwp-content%2Fuploads%2F2015%2F04%2Fquickrel_01.jpg&amp;h=198&amp;w=198&amp;q=90&amp;f=.jpg\" alt=\"quickrel_01\" width=\"198\" height=\"198\" \/><\/a><p class=\"jig-HTMLdescription\">quickrel_01<\/p><\/li><\/ul><\/noscript><\/div>\r\n\r\n[\/vc_column_text][\/vc_tab][vc_tab title=\u00a0\u00bbChutes anti-feu\u00a0\u00bb tab_id=\u00a0\u00bb1452266658145-5-9&Prime;][vc_row_inner row_type=\u00a0\u00bbrow\u00a0\u00bb type=\u00a0\u00bbfull_width\u00a0\u00bb text_align=\u00a0\u00bbleft\u00a0\u00bb css_animation=\u00a0\u00bb\u00a0\u00bb][vc_column_inner width=\u00a0\u00bb1\/2&Prime;][vc_column_text]\r\n\r\n<div id=\"attachment_19470\" style=\"width: 130px\" class=\"wp-caption alignleft\"><img loading=\"lazy\" decoding=\"async\" aria-describedby=\"caption-attachment-19470\" class=\"wp-image-19470 size-full\" src=\"https:\/\/superchute.com\/wp-content\/uploads\/2015\/05\/blk-chute-sm.png\" alt=\"\" width=\"120\" height=\"208\" \/><p id=\"caption-attachment-19470\" class=\"wp-caption-text\">Chute en plastique noir Anti-feu Superchute\u00ae<\/p><\/div>\r\n\r\n[\/vc_column_text][\/vc_column_inner][vc_column_inner width=\u00a0\u00bb1\/2&Prime;][vc_column_text]\r\n\r\n<div id=\"attachment_19487\" style=\"width: 130px\" class=\"wp-caption alignleft\"><img loading=\"lazy\" decoding=\"async\" aria-describedby=\"caption-attachment-19487\" class=\"wp-image-19487\" src=\"https:\/\/superchute.com\/wp-content\/uploads\/2015\/05\/metalweld01-223x300.jpg\" alt=\"\" width=\"120\" height=\"161\" srcset=\"https:\/\/superchute.com\/wp-content\/uploads\/2015\/05\/metalweld01-223x300.jpg 223w, https:\/\/superchute.com\/wp-content\/uploads\/2015\/05\/metalweld01.jpg 321w\" sizes=\"auto, (max-width: 120px) 100vw, 120px\" \/><p id=\"caption-attachment-19487\" class=\"wp-caption-text\">Section Chute R\u00e9guli\u00e8re Superchute\u00ae en acier galvanis\u00e9.<\/p><\/div>\r\n\r\n[\/vc_column_text][\/vc_column_inner][\/vc_row_inner]<div class=\"ult-spacer spacer-69e7495025cb8\" data-id=\"69e7495025cb8\" data-height=\"25\" data-height-mobile=\"25\" data-height-tab=\"25\" data-height-tab-portrait=\"\" data-height-mobile-landscape=\"\" style=\"clear:both;display:block;\"><\/div>[\/vc_tab][vc_tab title=\u00a0\u00bbMesures suppl\u00e9mentaires\u00a0\u00bb tab_id=\u00a0\u00bb1452266714457-6-2&Prime;][vc_column_text]<i class=\"fa fa-balance-scale fa-3x\"><\/i>Consid\u00e9rer les \u00e9tapes suivantes avant la fin de la journ\u00e9e :\r\n\r\n&nbsp;\r\n<ul>\r\n \t<li>Attacher l\u2019extr\u00e9mit\u00e9 de la chute loin du conteneur<\/li>\r\n \t<li>Enlever 3 ou 4 sections de chute de l&rsquo;extr\u00e9mit\u00e9<\/li>\r\n \t<li>\u00c9loigner le conteneur de la chute et de l&rsquo;immeuble<\/li>\r\n \t<li>Sceller le conteneur avec un couvercle ignifuge (example: feuilles en m\u00e9tal)<\/li>\r\n<\/ul>\r\n[\/vc_column_text][\/vc_tab][vc_tab title=\u00a0\u00bbVid\u00e9o\u00a0\u00bb tab_id=\u00a0\u00bb1452269086022-7-9&Prime;]<div id=\"ult-video-banner-121850943569e7495025d05\" class=\" ult-video-banner ult-vdo-effect ult-vdo-effect-style2 utl-video-banner-item ult-responsive\"  data-ultimate-target='#ult-video-banner-121850943569e7495025d05'  data-responsive-json-new='{\"width\":\"desktop:320px;\"}'  data-current-time=\"0\" data-placeholder=\"\" style=\"\"><video autoplay loop  poster=\"\"><source src=\"https:\/\/superchute.com\/wp-content\/uploads\/2016\/02\/containerfire.mp4\" type=\"video\/mp4\">Your browser does not support the video tag.<\/video><div class=\"ult-video-banner-desc\"><h2 class=\"ult-video-banner-title\" style=\"font-weight:normal;\">Container Fire<\/h2><div class=\"ult-video-banner-content\" style=\"font-weight:normal;\">Above is a video of what can happen when a fire ignites in a container.<\/div><\/div><div class=\"ult-video-banner-overlay\" data-overlay=\"\" data-overlay-hover=\"\"><\/div><\/div>[vc_column_text]\r\n<p style=\"text-align: center;\">Survoler la souris par dessus le vid\u00e9o pour visionner.<\/p>\r\n[\/vc_column_text][\/vc_tab][\/vc_tabs][\/vc_column][\/vc_row][vc_row css_animation=\u00a0\u00bb\u00a0\u00bb row_type=\u00a0\u00bbrow\u00a0\u00bb use_row_as_full_screen_section=\u00a0\u00bbno\u00a0\u00bb type=\u00a0\u00bbfull_width\u00a0\u00bb angled_section=\u00a0\u00bbno\u00a0\u00bb text_align=\u00a0\u00bbleft\u00a0\u00bb background_image_as_pattern=\u00a0\u00bbwithout_pattern\u00a0\u00bb][vc_column]<div class=\"ult-spacer spacer-69e749502616a\" data-id=\"69e749502616a\" data-height=\"35\" data-height-mobile=\"35\" data-height-tab=\"35\" data-height-tab-portrait=\"\" data-height-mobile-landscape=\"\" style=\"clear:both;display:block;\"><\/div>[\/vc_column][\/vc_row]<\/div>","protected":false},"excerpt":{"rendered":"<p>[vc_row css_animation=\u00a0\u00bb\u00a0\u00bb row_type=\u00a0\u00bbrow\u00a0\u00bb use_row_as_full_screen_section=\u00a0\u00bbno\u00a0\u00bb type=\u00a0\u00bbfull_width\u00a0\u00bb angled_section=\u00a0\u00bbno\u00a0\u00bb text_align=\u00a0\u00bbleft\u00a0\u00bb background_image_as_pattern=\u00a0\u00bbwithout_pattern\u00a0\u00bb][vc_column][vc_column_text] Prevention d&rsquo;incendies [\/vc_column_text][vc_column_text]Les feus de conteneurs peuvent enflammer les chutes en suspension, produire de la fum\u00e9e et cr\u00e9er des incendies d&rsquo;immeubles. Lire attentivement les pr\u00e9cautions suivantes pour pr\u00e9venir le feu.[\/vc_column_text][\/vc_column][\/vc_row][vc_row css_animation=\u00a0\u00bb\u00a0\u00bb row_type=\u00a0\u00bbrow\u00a0\u00bb use_row_as_full_screen_section=\u00a0\u00bbno\u00a0\u00bb type=\u00a0\u00bbfull_width\u00a0\u00bb angled_section=\u00a0\u00bbno\u00a0\u00bb text_align=\u00a0\u00bbleft\u00a0\u00bb background_image_as_pattern=\u00a0\u00bbwithout_pattern\u00a0\u00bb][vc_column][vc_tabs&#8230;<\/p>\n","protected":false},"author":7,"featured_media":0,"parent":23086,"menu_order":7,"comment_status":"closed","ping_status":"closed","template":"","meta":{"_seopress_robots_primary_cat":"","_seopress_titles_title":"","_seopress_titles_desc":"","_seopress_robots_index":"","inline_featured_image":false,"footnotes":""},"class_list":["post-23185","page","type-page","status-publish","hentry"],"_links":{"self":[{"href":"https:\/\/superchute.com\/fr\/wp-json\/wp\/v2\/pages\/23185","targetHints":{"allow":["GET"]}}],"collection":[{"href":"https:\/\/superchute.com\/fr\/wp-json\/wp\/v2\/pages"}],"about":[{"href":"https:\/\/superchute.com\/fr\/wp-json\/wp\/v2\/types\/page"}],"author":[{"embeddable":true,"href":"https:\/\/superchute.com\/fr\/wp-json\/wp\/v2\/users\/7"}],"replies":[{"embeddable":true,"href":"https:\/\/superchute.com\/fr\/wp-json\/wp\/v2\/comments?post=23185"}],"version-history":[{"count":0,"href":"https:\/\/superchute.com\/fr\/wp-json\/wp\/v2\/pages\/23185\/revisions"}],"up":[{"embeddable":true,"href":"https:\/\/superchute.com\/fr\/wp-json\/wp\/v2\/pages\/23086"}],"wp:attachment":[{"href":"https:\/\/superchute.com\/fr\/wp-json\/wp\/v2\/media?parent=23185"}],"curies":[{"name":"wp","href":"https:\/\/api.w.org\/{rel}","templated":true}]}}