{"id":23089,"date":"2015-06-11T12:51:53","date_gmt":"2015-06-11T16:51:53","guid":{"rendered":"https:\/\/superchute.com\/fr\/sytemes-chutes\/site-sketcher\/"},"modified":"2020-07-28T17:41:51","modified_gmt":"2020-07-28T21:41:51","slug":"croquis-site","status":"publish","type":"page","link":"https:\/\/superchute.com\/fr\/systemes-chutes\/croquis-site\/","title":{"rendered":"Croquis personnalis\u00e9s"},"content":{"rendered":"<div class=\"wpb-content-wrapper\">[vc_row css_animation=\u00a0\u00bb\u00a0\u00bb row_type=\u00a0\u00bbrow\u00a0\u00bb use_row_as_full_screen_section=\u00a0\u00bbno\u00a0\u00bb type=\u00a0\u00bbfull_width\u00a0\u00bb angled_section=\u00a0\u00bbno\u00a0\u00bb text_align=\u00a0\u00bbleft\u00a0\u00bb background_image_as_pattern=\u00a0\u00bbwithout_pattern\u00a0\u00bb][vc_column width=\u00a0\u00bb1\/2&Prime;][vc_column_text]\r\n<h3><span style=\"color: #ffc726;\"><strong>Croquis personnalis\u00e9s gratuits<\/strong><\/span><\/h3>\r\nSuperchute\u00ae offre rapidement &amp; gratuitement des croquis en moins de 24 heures.\r\n\r\nUn <strong>croquis<\/strong>\u00a0:\r\n<ul>\r\n \t<li>Vous montre une repr\u00e9sentation claire du syst\u00e8me de chute sur le b\u00e2timent <span style=\"color: #ffc726;\">\u2713<\/span><\/li>\r\n \t<li>Vous montre la quantit\u00e9 pr\u00e9cise des sections \u00e0 chutes n\u00e9cessaires pour faire le travail\u00a0<span style=\"color: #ffc726;\">\u2713<\/span><\/li>\r\n \t<li>Vous montre comment positionner les tr\u00e9mies sup\u00e9rieurs <span style=\"color: #ffc726;\">\u2713<\/span><\/li>\r\n \t<li>Vous recommande le cadre de support appropri\u00e9 <span style=\"color: #ffc726;\">\u2713<\/span><\/li>\r\n<\/ul>\r\n[\/vc_column_text]<div class=\"ult-spacer spacer-69f444f87e422\" data-id=\"69f444f87e422\" data-height=\"15\" data-height-mobile=\"15\" data-height-tab=\"15\" data-height-tab-portrait=\"\" data-height-mobile-landscape=\"\" style=\"clear:both;display:block;\"><\/div>[vc_column_text]<span style=\"color: #db4405;\"><a style=\"color: #db4405;\" href=\"https:\/\/superchute.com\/wp-content\/uploads\/2015\/11\/Site_Sketch-New.pdf\" target=\"_blank\" rel=\"noopener noreferrer\">Croquis PDF<\/a><\/span>\u00a0<span class='q_social_icon_holder normal_social' data-color=#ff0000 data-hover-color=#4d4d4d><a itemprop='url' href='https:\/\/superchute.com\/wp-content\/uploads\/2015\/11\/Site_Sketch-New.pdf' target='_blank'><i class=\"qode_icon_font_awesome fa fa-file-pdf-o fa-lg simple_social\" style=\"color: #ff0000;\" ><\/i><\/a><\/span>[\/vc_column_text][\/vc_column][vc_column width=\u00a0\u00bb1\/2&Prime;]<div class='ult_hotspot_container ult-adjust-bottom-margin ult-hotspot-tooltip-wrapper ' style=width:193px;>  <img class='ult_hotspot_image' src=https:\/\/superchute.com\/wp-content\/uploads\/2015\/06\/Site_Sketch-New-2.png alt=''\/>     <div class='utl-hotspot-items ult-hotspot-item'><div class='ult-hotspot-item  ' style='top:-webkit-calc(47.199999999999996% - 16px);top:-moz-calc(47.199999999999996% - 16px);top:calc(47.199999999999996% - 16px);left: -webkit-calc(48.18652849740933% - 16px);left: -moz-calc(48.18652849740933% - 16px);left: calc(48.18652849740933% - 16px);' >  <div style='z-index: 39;position: relative;'>   <a data-link_style='tootip' data-mycust-id=\"hotspot-tooltip-9783\"  data-ultimate-target='#hotspot-tooltip-9783 .ult-tooltipster-content'  data-responsive-json-new='{\"font-size\":\"desktop:12px;\",\"line-height\":\"desktop:18px;\"}' data-tooltip-content-style=\"width:300px;\"data-tooltip-base-style=\"background-color:#ffffff;color:#4c4c4c;\" data-bubble-arrow=\"true\" data-tooltip-offsety=\"16\" class='ult-tooltipstered ult-hotspot-tooltip' href='#' data-status='show'><div class=\"ult-just-icon-wrapper  \"><div class=\"align-icon\" style=\"text-align:center;\">\n<div class=\"aio-icon  \"  style=\"color:#dd3333;font-size:32px;display:inline-block;\">\n\t<i class=\"Defaults-search-plus\"><\/i>\n<\/div><\/div><\/div><span class='hotspot-tooltip-content'>&lt;\/p&gt;\n&lt;p&gt;&lt;img class=&#039;size-full wp-image-19051&#039; src=&#039;https:\/\/superchute.com\/wp-content\/uploads\/2015\/06\/Site_Sketch-New-2.png&#039; alt=&#039;Site_Sketch-New-2&#039; width=&#039;550&#039; height=&#039;712&#039; \/&gt;&lt;\/p&gt;\n&lt;p&gt;<\/span>  <\/a> <\/div><!-- ICON WRAP --><\/div>\n<\/div>     <div style='color:#000;' data-image='    '><\/div><\/div>[\/vc_column][\/vc_row][vc_row css_animation=\u00a0\u00bb\u00a0\u00bb row_type=\u00a0\u00bbrow\u00a0\u00bb use_row_as_full_screen_section=\u00a0\u00bbno\u00a0\u00bb type=\u00a0\u00bbfull_width\u00a0\u00bb angled_section=\u00a0\u00bbno\u00a0\u00bb text_align=\u00a0\u00bbleft\u00a0\u00bb background_image_as_pattern=\u00a0\u00bbwithout_pattern\u00a0\u00bb][vc_column][vc_column_text]<strong>Il faut r\u00e9pondre aux questions suivantes pour obtenir un croquis pr\u00e9cis :\r\n<\/strong>[\/vc_column_text]<div class=\"ult-spacer spacer-69f444f87f014\" data-id=\"69f444f87f014\" data-height=\"15\" data-height-mobile=\"15\" data-height-tab=\"15\" data-height-tab-portrait=\"\" data-height-mobile-landscape=\"\" style=\"clear:both;display:block;\"><\/div>\n<div class=\"wpcf7 no-js\" id=\"wpcf7-f23324-o1\" lang=\"en-US\" dir=\"ltr\" data-wpcf7-id=\"23324\">\n<div class=\"screen-reader-response\"><p role=\"status\" aria-live=\"polite\" aria-atomic=\"true\"><\/p> <ul><\/ul><\/div>\n<form action=\"\/fr\/wp-json\/wp\/v2\/pages\/23089#wpcf7-f23324-o1\" method=\"post\" class=\"wpcf7-form init default\" aria-label=\"Contact form\" novalidate=\"novalidate\" data-status=\"init\">\n<fieldset class=\"hidden-fields-container\"><input type=\"hidden\" name=\"_wpcf7\" value=\"23324\" \/><input type=\"hidden\" name=\"_wpcf7_version\" value=\"6.1.5\" \/><input type=\"hidden\" name=\"_wpcf7_locale\" value=\"en_US\" \/><input type=\"hidden\" name=\"_wpcf7_unit_tag\" value=\"wpcf7-f23324-o1\" \/><input type=\"hidden\" name=\"_wpcf7_container_post\" value=\"0\" \/><input type=\"hidden\" name=\"_wpcf7_posted_data_hash\" value=\"\" \/><input type=\"hidden\" name=\"_wpcf7_recaptcha_response\" value=\"\" \/>\n<\/fieldset>\n<p>1. Quel est le nom du projet?\n<\/p>\n<p><span class=\"wpcf7-form-control-wrap\" data-name=\"prjctnm\"><input size=\"40\" maxlength=\"400\" class=\"wpcf7-form-control wpcf7-text\" aria-invalid=\"false\" placeholder=\"Nom du projet\" value=\"\" type=\"text\" name=\"prjctnm\" \/><\/span>\n<\/p>\n<p>2. Quel type de d\u00e9bris sera jet\u00e9 dans la chute?\n<\/p>\n<p><span class=\"wpcf7-form-control-wrap\" data-name=\"dbrs\"><input size=\"40\" maxlength=\"400\" class=\"wpcf7-form-control wpcf7-text\" aria-invalid=\"false\" placeholder=\"Type de debris\" value=\"\" type=\"text\" name=\"dbrs\" \/><\/span>\n<\/p>\n<p>3. Quel type de construction?\n<\/p>\n<p><span class=\"wpcf7-form-control-wrap\" data-name=\"constrType\"><span class=\"wpcf7-form-control wpcf7-checkbox\"><span class=\"wpcf7-list-item first\"><input type=\"checkbox\" name=\"constrType[]\" value=\"Nouvelle construction\" \/><span class=\"wpcf7-list-item-label\">Nouvelle construction<\/span><\/span><span class=\"wpcf7-list-item\"><input type=\"checkbox\" name=\"constrType[]\" value=\"R\u00e9novation\" \/><span class=\"wpcf7-list-item-label\">R\u00e9novation<\/span><\/span><span class=\"wpcf7-list-item last\"><input type=\"checkbox\" name=\"constrType[]\" value=\"Autre\" \/><span class=\"wpcf7-list-item-label\">Autre<\/span><\/span><\/span><\/span>\n<\/p>\n<p><span class=\"wpcf7-form-control-wrap\" data-name=\"otherConstr\"><input size=\"40\" maxlength=\"400\" class=\"wpcf7-form-control wpcf7-text\" aria-invalid=\"false\" value=\"Autre\" type=\"text\" name=\"otherConstr\" \/><\/span>\n<\/p>\n<p>4. Quels sont les hauteurs d'\u00e9tage de plancher \u00e0 plancher?\n<\/p>\n<p><span class=\"wpcf7-form-control-wrap\" data-name=\"floor\"><input size=\"40\" maxlength=\"400\" class=\"wpcf7-form-control wpcf7-text\" aria-invalid=\"false\" placeholder=\"Hauteurs plancher \u00e0 plancher\" value=\"\" type=\"text\" name=\"floor\" \/><\/span>\n<\/p>\n<p>5. Combien d'\u00e9tages dans l'immeuble?\n<\/p>\n<p><span class=\"wpcf7-form-control-wrap\" data-name=\"flrNum\"><input size=\"40\" maxlength=\"400\" class=\"wpcf7-form-control wpcf7-text\" aria-invalid=\"false\" placeholder=\"Nombre d&#039;\u00e9tages\" value=\"\" type=\"text\" name=\"flrNum\" \/><\/span>\n<\/p>\n<p>6. Sur quel niveau se trouvera la section d'entr\u00e9e la plus haute?\n<\/p>\n<p><span class=\"wpcf7-form-control-wrap\" data-name=\"entry\"><input size=\"40\" maxlength=\"400\" class=\"wpcf7-form-control wpcf7-text\" aria-invalid=\"false\" placeholder=\"Section d&#039;entr\u00e9e la plus haute\" value=\"\" type=\"text\" name=\"entry\" \/><\/span>\n<\/p>\n<p>7. Le d\u00e9bris sera jet\u00e9 \u00e0 partir de quel \u00e9tage?\n<\/p>\n<p><span class=\"wpcf7-form-control-wrap\" data-name=\"nmbrs\"><input size=\"40\" maxlength=\"400\" class=\"wpcf7-form-control wpcf7-text\" aria-invalid=\"false\" placeholder=\"Num\u00e9ro d&#039;\u00e9tage\" value=\"\" type=\"text\" name=\"nmbrs\" \/><\/span>\n<\/p>\n<p>8. Est ce qu'il y a acc\u00e8s aux \u00e9tages ou est ce que le syst\u00e8me \u00e0 chute sera ajust\u00e9 au fur et \u00e0 mesure?\n<\/p>\n<p><span class=\"wpcf7-form-control-wrap\" data-name=\"flrAccss\"><span class=\"wpcf7-form-control wpcf7-checkbox\"><span class=\"wpcf7-list-item first\"><input type=\"checkbox\" name=\"flrAccss[]\" value=\"Oui\" \/><span class=\"wpcf7-list-item-label\">Oui<\/span><\/span><span class=\"wpcf7-list-item last\"><input type=\"checkbox\" name=\"flrAccss[]\" value=\"Non\" \/><span class=\"wpcf7-list-item-label\">Non<\/span><\/span><\/span><\/span>\n<\/p>\n<p>9. Si applicable quels sont les hauteurs des seuils de fen\u00eatres sur les \u00e9tages \u00e0 partir desquelles se jettera le d\u00e9bris?\n<\/p>\n<p><span class=\"wpcf7-form-control-wrap\" data-name=\"sill\"><input size=\"40\" maxlength=\"400\" class=\"wpcf7-form-control wpcf7-text\" aria-invalid=\"false\" placeholder=\"Hauteur des seuils de fen\u00eatres\" value=\"\" type=\"text\" name=\"sill\" \/><\/span>\n<\/p>\n<p>10. Le toit est plat ou en pente?\n<\/p>\n<p><span class=\"wpcf7-form-control-wrap\" data-name=\"roof\"><span class=\"wpcf7-form-control wpcf7-checkbox\"><span class=\"wpcf7-list-item first\"><input type=\"checkbox\" name=\"roof[]\" value=\"Plat\" \/><span class=\"wpcf7-list-item-label\">Plat<\/span><\/span><span class=\"wpcf7-list-item last\"><input type=\"checkbox\" name=\"roof[]\" value=\"Pente\" \/><span class=\"wpcf7-list-item-label\">Pente<\/span><\/span><\/span><\/span>\n<\/p>\n<p>11. Si applicable quel est l'hauteur du parapet sur le toit?\n<\/p>\n<p><span class=\"wpcf7-form-control-wrap\" data-name=\"parpt\"><input size=\"40\" maxlength=\"400\" class=\"wpcf7-form-control wpcf7-text\" aria-invalid=\"false\" placeholder=\"Hauteur du parapet\" value=\"\" type=\"text\" name=\"parpt\" \/><\/span>\n<\/p>\n<p>12. Le rez-de-chauss\u00e9e est-il pareil que le 1ier?\n<\/p>\n<p><span class=\"wpcf7-form-control-wrap\" data-name=\"grnd\"><span class=\"wpcf7-form-control wpcf7-checkbox\"><span class=\"wpcf7-list-item first\"><input type=\"checkbox\" name=\"grnd[]\" value=\"Oui\" \/><span class=\"wpcf7-list-item-label\">Oui<\/span><\/span><span class=\"wpcf7-list-item last\"><input type=\"checkbox\" name=\"grnd[]\" value=\"Non\" \/><span class=\"wpcf7-list-item-label\">Non<\/span><\/span><\/span><\/span>\n<\/p>\n<p>13. Est-ce que le conteneur de d\u00e9chets sera au niveau du rez-de-chauss\u00e9e?\n<\/p>\n<p><span class=\"wpcf7-form-control-wrap\" data-name=\"contnr\"><span class=\"wpcf7-form-control wpcf7-checkbox\"><span class=\"wpcf7-list-item first\"><input type=\"checkbox\" name=\"contnr[]\" value=\"Oui\" \/><span class=\"wpcf7-list-item-label\">Oui<\/span><\/span><span class=\"wpcf7-list-item last\"><input type=\"checkbox\" name=\"contnr[]\" value=\"Non\" \/><span class=\"wpcf7-list-item-label\">Non<\/span><\/span><\/span><\/span>\n<\/p>\n<p>14. Hauteur du conteneur?\n<\/p>\n<p><span class=\"wpcf7-form-control-wrap\" data-name=\"cntnrHt\"><span class=\"wpcf7-form-control wpcf7-checkbox\"><span class=\"wpcf7-list-item first\"><input type=\"checkbox\" name=\"cntnrHt[]\" value=\"40 yd\u00b3 = 8 pi\" \/><span class=\"wpcf7-list-item-label\">40 yd\u00b3 = 8 pi<\/span><\/span><span class=\"wpcf7-list-item\"><input type=\"checkbox\" name=\"cntnrHt[]\" value=\"30 yd\u00b3 = 7 pi\" \/><span class=\"wpcf7-list-item-label\">30 yd\u00b3 = 7 pi<\/span><\/span><span class=\"wpcf7-list-item last\"><input type=\"checkbox\" name=\"cntnrHt[]\" value=\"20 yd\u00b3 = 6 pi\" \/><span class=\"wpcf7-list-item-label\">20 yd\u00b3 = 6 pi<\/span><\/span><\/span><\/span>\n<\/p>\n<p>15. Diam\u00e8tre de chute pr\u00e9f\u00e9r\u00e9?\n<\/p>\n<p><span class=\"wpcf7-form-control-wrap\" data-name=\"diam\"><span class=\"wpcf7-form-control wpcf7-checkbox\"><span class=\"wpcf7-list-item first\"><input type=\"checkbox\" name=\"diam[]\" value=\"18\u201d\" \/><span class=\"wpcf7-list-item-label\">18\u201d<\/span><\/span><span class=\"wpcf7-list-item\"><input type=\"checkbox\" name=\"diam[]\" value=\"23\u201d\" \/><span class=\"wpcf7-list-item-label\">23\u201d<\/span><\/span><span class=\"wpcf7-list-item\"><input type=\"checkbox\" name=\"diam[]\" value=\"27\u201d\" \/><span class=\"wpcf7-list-item-label\">27\u201d<\/span><\/span><span class=\"wpcf7-list-item\"><input type=\"checkbox\" name=\"diam[]\" value=\"30\u201d\" \/><span class=\"wpcf7-list-item-label\">30\u201d<\/span><\/span><span class=\"wpcf7-list-item\"><input type=\"checkbox\" name=\"diam[]\" value=\"33\u201d\" \/><span class=\"wpcf7-list-item-label\">33\u201d<\/span><\/span><span class=\"wpcf7-list-item last\"><input type=\"checkbox\" name=\"diam[]\" value=\"36\u201d\" \/><span class=\"wpcf7-list-item-label\">36\u201d<\/span><\/span><\/span><\/span>\n<\/p>\n<p>16. Mod\u00e8le de chute pr\u00e9f\u00e9r\u00e9?\n<\/p>\n<p><span class=\"wpcf7-form-control-wrap\" data-name=\"dsgn\"><span class=\"wpcf7-form-control wpcf7-checkbox\"><span class=\"wpcf7-list-item first\"><input type=\"checkbox\" name=\"dsgn[]\" value=\"Wraparound\u00ae (plat)\" \/><span class=\"wpcf7-list-item-label\">Wraparound\u00ae (plat)<\/span><\/span><span class=\"wpcf7-list-item last\"><input type=\"checkbox\" name=\"dsgn[]\" value=\"Welded (c\u00f4ne permanent soud\u00e9)\" \/><span class=\"wpcf7-list-item-label\">Welded (c\u00f4ne permanent soud\u00e9)<\/span><\/span><\/span><\/span>\n<\/p>\n<p>17. Est-ce qu'il y aura une grue ou un palan pr\u00e9sents pendant l'installation de la chute?\n<\/p>\n<p><span class=\"wpcf7-form-control-wrap\" data-name=\"crn\"><span class=\"wpcf7-form-control wpcf7-checkbox\"><span class=\"wpcf7-list-item first\"><input type=\"checkbox\" name=\"crn[]\" value=\"Oui\" \/><span class=\"wpcf7-list-item-label\">Oui<\/span><\/span><span class=\"wpcf7-list-item last\"><input type=\"checkbox\" name=\"crn[]\" value=\"Non\" \/><span class=\"wpcf7-list-item-label\">Non<\/span><\/span><\/span><\/span>\n<\/p>\n<p>Si oui, quelle est la capacit\u00e9 de levage?\n<\/p>\n<p><span class=\"wpcf7-form-control-wrap\" data-name=\"lft\"><input size=\"40\" maxlength=\"400\" class=\"wpcf7-form-control wpcf7-text\" aria-invalid=\"false\" placeholder=\"Capacit\u00e9 de levage\" value=\"\" type=\"text\" name=\"lft\" \/><\/span>\n<\/p>\n<p>18. Notre palan Superchute\u00ae le plus populaire est boulonn\u00e9 \u00e0 une fondation en b\u00e9ton. Est-ce qu'il y a des \u00e9tages avec sols en b\u00e9ton dans l'immeuble?\n<\/p>\n<p><span class=\"wpcf7-form-control-wrap\" data-name=\"sld\"><span class=\"wpcf7-form-control wpcf7-checkbox\"><span class=\"wpcf7-list-item first\"><input type=\"checkbox\" name=\"sld[]\" value=\"Oui\" \/><span class=\"wpcf7-list-item-label\">Oui<\/span><\/span><span class=\"wpcf7-list-item last\"><input type=\"checkbox\" name=\"sld[]\" value=\"Non\" \/><span class=\"wpcf7-list-item-label\">Non<\/span><\/span><\/span><\/span>\n<\/p>\n<p><span class=\"wpcf7-form-control-wrap\" data-name=\"othr\"><input size=\"40\" maxlength=\"400\" class=\"wpcf7-form-control wpcf7-text\" aria-invalid=\"false\" placeholder=\"Autre :\" value=\"\" type=\"text\" name=\"othr\" \/><\/span>\n<\/p>\n<p>19. \u00cates vous capable de faire du per\u00e7age au sol?\n<\/p>\n<p><span class=\"wpcf7-form-control-wrap\" data-name=\"drill\"><span class=\"wpcf7-form-control wpcf7-checkbox\"><span class=\"wpcf7-list-item first\"><input type=\"checkbox\" name=\"drill[]\" value=\"Oui\" \/><span class=\"wpcf7-list-item-label\">Oui<\/span><\/span><span class=\"wpcf7-list-item last\"><input type=\"checkbox\" name=\"drill[]\" value=\"Non\" \/><span class=\"wpcf7-list-item-label\">Non<\/span><\/span><\/span><\/span>\n<\/p>\n<p>20. Est-ce que la surface du b\u00e9ton est expos\u00e9e?\n<\/p>\n<p><span class=\"wpcf7-form-control-wrap\" data-name=\"expsd\"><span class=\"wpcf7-form-control wpcf7-checkbox\"><span class=\"wpcf7-list-item first\"><input type=\"checkbox\" name=\"expsd[]\" value=\"Oui\" \/><span class=\"wpcf7-list-item-label\">Oui<\/span><\/span><span class=\"wpcf7-list-item last\"><input type=\"checkbox\" name=\"expsd[]\" value=\"Non\" \/><span class=\"wpcf7-list-item-label\">Non<\/span><\/span><\/span><\/span>\n<\/p>\n<p><span class=\"wpcf7-form-control-wrap\" data-name=\"mat\"><input size=\"40\" maxlength=\"400\" class=\"wpcf7-form-control wpcf7-text\" aria-invalid=\"false\" placeholder=\"Type de mat\u00e9riel: tuiles, tapis, marbre, terrazzo\" value=\"\" type=\"text\" name=\"mat\" \/><\/span>\n<\/p>\n<p>21. Quelle est l'\u00e9paisseur du plancher?\n<\/p>\n<p><span class=\"wpcf7-form-control-wrap\" data-name=\"thk\"><input size=\"40\" maxlength=\"400\" class=\"wpcf7-form-control wpcf7-text\" aria-invalid=\"false\" placeholder=\"\u00c9paisseur du plancher\" value=\"\" type=\"text\" name=\"thk\" \/><\/span>\n<\/p>\n<p>22. Est-ce qu'il y a des c\u00e2ble d'ancrages incorpor\u00e9s dans le plancher?\n<\/p>\n<p><span class=\"wpcf7-form-control-wrap\" data-name=\"tnsn\"><span class=\"wpcf7-form-control wpcf7-checkbox\"><span class=\"wpcf7-list-item first\"><input type=\"checkbox\" name=\"tnsn[]\" value=\"Oui\" \/><span class=\"wpcf7-list-item-label\">Oui<\/span><\/span><span class=\"wpcf7-list-item last\"><input type=\"checkbox\" name=\"tnsn[]\" value=\"Non\" \/><span class=\"wpcf7-list-item-label\">Non<\/span><\/span><\/span><\/span>\n<\/p>\n<p>23. Vous pr\u00e9f\u00e9rez des boulons d'ancrage en syst\u00e8me m\u00e9trique ou imp\u00e9rial? (Metrique = HILTI, bit 18 mm) (Standard = Powers, bit 5\/8\u201d)\n<\/p>\n<p><span class=\"wpcf7-form-control-wrap\" data-name=\"mtrc\"><span class=\"wpcf7-form-control wpcf7-checkbox\"><span class=\"wpcf7-list-item first\"><input type=\"checkbox\" name=\"mtrc[]\" value=\"m\u00e9trique\" \/><span class=\"wpcf7-list-item-label\">m\u00e9trique<\/span><\/span><span class=\"wpcf7-list-item last\"><input type=\"checkbox\" name=\"mtrc[]\" value=\"imp\u00e9rial\" \/><span class=\"wpcf7-list-item-label\">imp\u00e9rial<\/span><\/span><\/span><\/span>\n<\/p>\n<hr \/>\n<p><span class=\"wpcf7-form-control-wrap\" data-name=\"your-name\"><input size=\"40\" maxlength=\"400\" class=\"wpcf7-form-control wpcf7-text wpcf7-validates-as-required\" aria-required=\"true\" aria-invalid=\"false\" placeholder=\"Nom (requis)\" value=\"\" type=\"text\" name=\"your-name\" \/><\/span>\n<\/p>\n<p><span class=\"wpcf7-form-control-wrap\" data-name=\"email\"><input size=\"40\" maxlength=\"400\" class=\"wpcf7-form-control wpcf7-email wpcf7-validates-as-required wpcf7-text wpcf7-validates-as-email\" aria-required=\"true\" aria-invalid=\"false\" placeholder=\"Courriel (requis)\" value=\"\" type=\"email\" name=\"email\" \/><\/span>\n<\/p>\n<p><span class=\"wpcf7-form-control-wrap\" data-name=\"company\"><input size=\"40\" maxlength=\"400\" class=\"wpcf7-form-control wpcf7-text\" aria-invalid=\"false\" placeholder=\"Compagnie\" value=\"\" type=\"text\" name=\"company\" \/><\/span>\n<\/p>\n<p><span class=\"wpcf7-form-control-wrap\" data-name=\"phone\"><input size=\"40\" maxlength=\"400\" class=\"wpcf7-form-control wpcf7-text\" aria-invalid=\"false\" placeholder=\"T\u00e9l\u00e9phone\" value=\"\" type=\"text\" name=\"phone\" \/><\/span>\n<\/p>\n<p><span class=\"wpcf7-form-control-wrap\" data-name=\"fax\"><input size=\"40\" maxlength=\"400\" class=\"wpcf7-form-control wpcf7-text\" aria-invalid=\"false\" placeholder=\"Fax\" value=\"\" type=\"text\" name=\"fax\" \/><\/span>\n<\/p>\n<p><span class=\"wpcf7-form-control-wrap\" data-name=\"comments\"><textarea cols=\"40\" rows=\"10\" maxlength=\"2000\" class=\"wpcf7-form-control wpcf7-textarea\" aria-invalid=\"false\" placeholder=\"Votre message\" name=\"comments\"><\/textarea><\/span>\n<\/p>\n<hr \/>\n<p><strong>Voulez-vous recevoir des informations sur les produits Superchute\u00ae? (requis)<\/strong>\n<\/p>\n<p><span class=\"wpcf7-form-control-wrap\" data-name=\"mailing\"><span class=\"wpcf7-form-control wpcf7-radio\"><span class=\"wpcf7-list-item first\"><input type=\"radio\" name=\"mailing\" value=\"Oui\" \/><span class=\"wpcf7-list-item-label\">Oui<\/span><\/span><span class=\"wpcf7-list-item last\"><input type=\"radio\" name=\"mailing\" value=\"Non\" \/><span class=\"wpcf7-list-item-label\">Non<\/span><\/span><\/span><\/span>\n<\/p>\n<p><input class=\"wpcf7-form-control wpcf7-submit has-spinner\" type=\"submit\" value=\"Envoyer\" \/>\n<\/p>\n<div class=\"wpcf7-response-output\" aria-hidden=\"true\"><\/div>\n<\/form>\n<\/div>\n[\/vc_column][\/vc_row]<\/div>","protected":false},"excerpt":{"rendered":"<p>[vc_row css_animation=\u00a0\u00bb\u00a0\u00bb row_type=\u00a0\u00bbrow\u00a0\u00bb use_row_as_full_screen_section=\u00a0\u00bbno\u00a0\u00bb type=\u00a0\u00bbfull_width\u00a0\u00bb angled_section=\u00a0\u00bbno\u00a0\u00bb text_align=\u00a0\u00bbleft\u00a0\u00bb background_image_as_pattern=\u00a0\u00bbwithout_pattern\u00a0\u00bb][vc_column width=\u00a0\u00bb1\/2&Prime;][vc_column_text] Croquis personnalis\u00e9s gratuits Superchute\u00ae offre rapidement &amp; gratuitement des croquis en moins de 24 heures. Un croquis\u00a0: Vous montre une repr\u00e9sentation claire du syst\u00e8me de chute sur le b\u00e2timent \u2713 Vous montre la quantit\u00e9 pr\u00e9cise des&#8230;<\/p>\n","protected":false},"author":7,"featured_media":0,"parent":23062,"menu_order":3,"comment_status":"open","ping_status":"closed","template":"","meta":{"_seopress_robots_primary_cat":"","_seopress_titles_title":"","_seopress_titles_desc":"","_seopress_robots_index":"","inline_featured_image":false,"footnotes":""},"class_list":["post-23089","page","type-page","status-publish","hentry"],"_links":{"self":[{"href":"https:\/\/superchute.com\/fr\/wp-json\/wp\/v2\/pages\/23089","targetHints":{"allow":["GET"]}}],"collection":[{"href":"https:\/\/superchute.com\/fr\/wp-json\/wp\/v2\/pages"}],"about":[{"href":"https:\/\/superchute.com\/fr\/wp-json\/wp\/v2\/types\/page"}],"author":[{"embeddable":true,"href":"https:\/\/superchute.com\/fr\/wp-json\/wp\/v2\/users\/7"}],"replies":[{"embeddable":true,"href":"https:\/\/superchute.com\/fr\/wp-json\/wp\/v2\/comments?post=23089"}],"version-history":[{"count":0,"href":"https:\/\/superchute.com\/fr\/wp-json\/wp\/v2\/pages\/23089\/revisions"}],"up":[{"embeddable":true,"href":"https:\/\/superchute.com\/fr\/wp-json\/wp\/v2\/pages\/23062"}],"wp:attachment":[{"href":"https:\/\/superchute.com\/fr\/wp-json\/wp\/v2\/media?parent=23089"}],"curies":[{"name":"wp","href":"https:\/\/api.w.org\/{rel}","templated":true}]}}