{"id":23072,"date":"2015-04-07T14:14:05","date_gmt":"2015-04-07T18:14:05","guid":{"rendered":"https:\/\/superchute.com\/fr\/fall-protection\/"},"modified":"2026-02-18T19:27:18","modified_gmt":"2026-02-19T00:27:18","slug":"garde-corps","status":"publish","type":"page","link":"https:\/\/superchute.com\/fr\/garde-corps\/","title":{"rendered":"Garde-corps"},"content":{"rendered":"<div class=\"wpb-content-wrapper\">[vc_row css_animation=\u00a0\u00bb\u00a0\u00bb row_type=\u00a0\u00bbrow\u00a0\u00bb use_row_as_full_screen_section=\u00a0\u00bbno\u00a0\u00bb type=\u00a0\u00bbfull_width\u00a0\u00bb angled_section=\u00a0\u00bbno\u00a0\u00bb text_align=\u00a0\u00bbleft\u00a0\u00bb background_image_as_pattern=\u00a0\u00bbwithout_pattern\u00a0\u00bb css=\u00a0\u00bb.vc_custom_1429723441383{padding-bottom: 50px !important;}\u00a0\u00bb][vc_column css=\u00a0\u00bb.vc_custom_1435603371683{padding-left: 100px !important;}\u00a0\u00bb][vc_column_text]\r\n<div class=\"row\"><strong>\u00a0Des solutions de garde-corps uniques &amp; innovatrices pour vous aider \u00e0 atteindre et d\u00e9passer les exigences en mati\u00e8re de s\u00e9curit\u00e9 au travail.<\/strong><\/div>\r\n[\/vc_column_text][\/vc_column][\/vc_row][vc_row css_animation=\u00a0\u00bb\u00a0\u00bb row_type=\u00a0\u00bbrow\u00a0\u00bb use_row_as_full_screen_section=\u00a0\u00bbno\u00a0\u00bb type=\u00a0\u00bbfull_width\u00a0\u00bb angled_section=\u00a0\u00bbno\u00a0\u00bb text_align=\u00a0\u00bbleft\u00a0\u00bb background_image_as_pattern=\u00a0\u00bbwithout_pattern\u00a0\u00bb][vc_column width=\u00a0\u00bb1\/3&Prime;][vc_column_text]<a href=\"https:\/\/superchute.com\/fr\/garde-corps\/straprail\/\"><img loading=\"lazy\" decoding=\"async\" class=\"aligncenter wp-image-35640\" src=\"https:\/\/superchute.com\/wp-content\/uploads\/2017\/05\/anchor-column-post-new-config.jpg\" alt=\"\" width=\"205\" height=\"150\" srcset=\"https:\/\/superchute.com\/wp-content\/uploads\/2017\/05\/anchor-column-post-new-config.jpg 500w, https:\/\/superchute.com\/wp-content\/uploads\/2017\/05\/anchor-column-post-new-config-300x220.jpg 300w\" sizes=\"auto, (max-width: 205px) 100vw, 205px\" \/><\/a>[\/vc_column_text][vc_column_text]\r\n<h3 style=\"text-align: center;\"><a href=\"https:\/\/superchute.com\/fr\/garde-corps\/straprail\/\">StrapRail\u00ae<\/a><\/h3>\r\n[\/vc_column_text][\/vc_column][vc_column width=\u00a0\u00bb1\/3&Prime;][vc_column_text]<a href=\"https:\/\/superchute.com\/fr\/garde-corps\/roperail\/\"><img loading=\"lazy\" decoding=\"async\" class=\"aligncenter wp-image-18198\" src=\"https:\/\/superchute.com\/wp-content\/uploads\/2015\/04\/Roperail-3d-200px.jpg\" width=\"304\" height=\"150\" srcset=\"https:\/\/superchute.com\/wp-content\/uploads\/2015\/04\/Roperail-3d-200px.jpg 406w, https:\/\/superchute.com\/wp-content\/uploads\/2015\/04\/Roperail-3d-200px-300x148.jpg 300w\" sizes=\"auto, (max-width: 304px) 100vw, 304px\" \/><\/a>[\/vc_column_text][vc_column_text]\r\n<h3 style=\"text-align: center;\"><a href=\"https:\/\/superchute.com\/fr\/garde-corps\/roperail\/\">RopeRail\u00ae<\/a><\/h3>\r\n[\/vc_column_text][\/vc_column][vc_column width=\u00a0\u00bb1\/3&Prime;][vc_column_text css=\u00a0\u00bb\u00a0\u00bb]<a href=\"https:\/\/superchute.com\/fr\/garde-corps\/lockrail\/\"><img loading=\"lazy\" decoding=\"async\" class=\"aligncenter wp-image-29157\" src=\"https:\/\/superchute.com\/wp-content\/uploads\/2017\/12\/longrailing-TN.png\" alt=\"\" width=\"288\" height=\"175\" \/><\/a>[\/vc_column_text][vc_column_text]\r\n<h3 style=\"text-align: center;\"><a href=\"https:\/\/superchute.com\/fr\/garde-corps\/lockrail\/\">LockRail<\/a><\/h3>\r\n[\/vc_column_text][\/vc_column][\/vc_row][vc_row css_animation=\u00a0\u00bb\u00a0\u00bb row_type=\u00a0\u00bbrow\u00a0\u00bb use_row_as_full_screen_section=\u00a0\u00bbno\u00a0\u00bb type=\u00a0\u00bbfull_width\u00a0\u00bb angled_section=\u00a0\u00bbno\u00a0\u00bb text_align=\u00a0\u00bbleft\u00a0\u00bb background_image_as_pattern=\u00a0\u00bbwithout_pattern\u00a0\u00bb][vc_column]<div class=\"ult-spacer spacer-6a0358aaced17\" data-id=\"6a0358aaced17\" data-height=\"55\" data-height-mobile=\"55\" data-height-tab=\"55\" data-height-tab-portrait=\"\" data-height-mobile-landscape=\"\" style=\"clear:both;display:block;\"><\/div>[\/vc_column][\/vc_row][vc_row css_animation=\u00a0\u00bb\u00a0\u00bb row_type=\u00a0\u00bbrow\u00a0\u00bb use_row_as_full_screen_section=\u00a0\u00bbno\u00a0\u00bb type=\u00a0\u00bbfull_width\u00a0\u00bb angled_section=\u00a0\u00bbno\u00a0\u00bb text_align=\u00a0\u00bbleft\u00a0\u00bb background_image_as_pattern=\u00a0\u00bbwithout_pattern\u00a0\u00bb][vc_column width=\u00a0\u00bb1\/3&Prime;][vc_column_text]<a href=\"https:\/\/superchute.com\/fr\/garde-corps\/produits-edgeguard\/\"><img loading=\"lazy\" decoding=\"async\" class=\"aligncenter wp-image-18200\" src=\"https:\/\/superchute.com\/wp-content\/uploads\/2015\/04\/5-Rail-Cart.jpg\" width=\"215\" height=\"150\" \/><\/a>[\/vc_column_text][vc_column_text]\r\n<h3 style=\"text-align: center;\"><a href=\"https:\/\/superchute.com\/fr\/garde-corps\/produits-edgeguard\/\">EdgeGuard\u00ae<\/a><\/h3>\r\n[\/vc_column_text][\/vc_column][vc_column width=\u00a0\u00bb1\/3&Prime;][vc_column_text]<a href=\"https:\/\/superchute.com\/fr\/garde-corps\/drop-in-rail\/\"><img loading=\"lazy\" decoding=\"async\" class=\"aligncenter wp-image-24512\" src=\"https:\/\/superchute.com\/wp-content\/uploads\/2015\/04\/speedco-pit-bridge-alum-lrg-crpd-tn-1.jpg\" width=\"203\" height=\"150\" srcset=\"https:\/\/superchute.com\/wp-content\/uploads\/2015\/04\/speedco-pit-bridge-alum-lrg-crpd-tn-1.jpg 369w, https:\/\/superchute.com\/wp-content\/uploads\/2015\/04\/speedco-pit-bridge-alum-lrg-crpd-tn-1-300x221.jpg 300w\" sizes=\"auto, (max-width: 203px) 100vw, 203px\" \/><\/a>[\/vc_column_text][vc_column_text]\r\n<h3 style=\"text-align: center;\"><a href=\"https:\/\/superchute.com\/fr\/garde-corps\/drop-in-rail\/\">Rail \u00e0 enclenchement<\/a><\/h3>\r\n[\/vc_column_text][\/vc_column][vc_column width=\u00a0\u00bb1\/3&Prime;][vc_column_text]<a href=\"https:\/\/superchute.com\/fr\/garde-corps\/scaf-line\/\"><img loading=\"lazy\" decoding=\"async\" class=\"aligncenter wp-image-21331\" src=\"https:\/\/superchute.com\/wp-content\/uploads\/2015\/04\/Scafline-Bungee.jpg\" width=\"267\" height=\"150\" srcset=\"https:\/\/superchute.com\/wp-content\/uploads\/2015\/04\/Scafline-Bungee.jpg 889w, https:\/\/superchute.com\/wp-content\/uploads\/2015\/04\/Scafline-Bungee-300x169.jpg 300w, https:\/\/superchute.com\/wp-content\/uploads\/2015\/04\/Scafline-Bungee-768x432.jpg 768w, https:\/\/superchute.com\/wp-content\/uploads\/2015\/04\/Scafline-Bungee-700x394.jpg 700w, https:\/\/superchute.com\/wp-content\/uploads\/2015\/04\/Scafline-Bungee-539x303.jpg 539w\" sizes=\"auto, (max-width: 267px) 100vw, 267px\" \/><\/a>[\/vc_column_text][vc_column_text]\r\n<h3 style=\"text-align: center;\"><a href=\"https:\/\/superchute.com\/fr\/garde-corps\/scaf-line\/\">Scaf-Line\u2122<\/a><\/h3>\r\n[\/vc_column_text][\/vc_column][\/vc_row][vc_row css_animation=\u00a0\u00bb\u00a0\u00bb row_type=\u00a0\u00bbrow\u00a0\u00bb use_row_as_full_screen_section=\u00a0\u00bbno\u00a0\u00bb type=\u00a0\u00bbfull_width\u00a0\u00bb angled_section=\u00a0\u00bbno\u00a0\u00bb text_align=\u00a0\u00bbleft\u00a0\u00bb background_image_as_pattern=\u00a0\u00bbwithout_pattern\u00a0\u00bb][vc_column]<div class=\"ult-spacer spacer-6a0358aaced55\" data-id=\"6a0358aaced55\" data-height=\"55\" data-height-mobile=\"55\" data-height-tab=\"55\" data-height-tab-portrait=\"\" data-height-mobile-landscape=\"\" style=\"clear:both;display:block;\"><\/div>[\/vc_column][\/vc_row][vc_row css_animation=\u00a0\u00bb\u00a0\u00bb row_type=\u00a0\u00bbrow\u00a0\u00bb use_row_as_full_screen_section=\u00a0\u00bbno\u00a0\u00bb type=\u00a0\u00bbfull_width\u00a0\u00bb angled_section=\u00a0\u00bbno\u00a0\u00bb text_align=\u00a0\u00bbleft\u00a0\u00bb background_image_as_pattern=\u00a0\u00bbwithout_pattern\u00a0\u00bb][vc_column width=\u00a0\u00bb1\/3&Prime;][\/vc_column][vc_column width=\u00a0\u00bb1\/3&Prime;][vc_column_text]<a href=\"https:\/\/superchute.com\/fr\/garde-corps\/solutions-anti-chute-sur-mesure\/\"><img loading=\"lazy\" decoding=\"async\" class=\"aligncenter wp-image-23727 size-full\" src=\"https:\/\/superchute.com\/wp-content\/uploads\/2015\/04\/custom-solns-icon.jpg\" width=\"207\" height=\"150\" \/><\/a>[\/vc_column_text][vc_column_text]\r\n<h3 style=\"text-align: center;\"><a href=\"https:\/\/superchute.com\/fr\/garde-corps\/solutions-anti-chute-sur-mesure\/\">Solutions de garde-corps sur mesure<\/a><\/h3>\r\n[\/vc_column_text][\/vc_column][vc_column width=\u00a0\u00bb1\/3&Prime;][\/vc_column][\/vc_row]<\/div>","protected":false},"excerpt":{"rendered":"<p>[vc_row css_animation=\u00a0\u00bb\u00a0\u00bb row_type=\u00a0\u00bbrow\u00a0\u00bb use_row_as_full_screen_section=\u00a0\u00bbno\u00a0\u00bb type=\u00a0\u00bbfull_width\u00a0\u00bb angled_section=\u00a0\u00bbno\u00a0\u00bb text_align=\u00a0\u00bbleft\u00a0\u00bb background_image_as_pattern=\u00a0\u00bbwithout_pattern\u00a0\u00bb css=\u00a0\u00bb.vc_custom_1429723441383{padding-bottom: 50px !important;}\u00a0\u00bb][vc_column css=\u00a0\u00bb.vc_custom_1435603371683{padding-left: 100px !important;}\u00a0\u00bb][vc_column_text] \u00a0Des solutions de garde-corps uniques &amp; innovatrices pour vous aider \u00e0 atteindre et d\u00e9passer les exigences en mati\u00e8re de s\u00e9curit\u00e9 au travail. [\/vc_column_text][\/vc_column][\/vc_row][vc_row css_animation=\u00a0\u00bb\u00a0\u00bb row_type=\u00a0\u00bbrow\u00a0\u00bb use_row_as_full_screen_section=\u00a0\u00bbno\u00a0\u00bb type=\u00a0\u00bbfull_width\u00a0\u00bb angled_section=\u00a0\u00bbno\u00a0\u00bb text_align=\u00a0\u00bbleft\u00a0\u00bb background_image_as_pattern=\u00a0\u00bbwithout_pattern\u00a0\u00bb][vc_column width=\u00a0\u00bb1\/3&Prime;][vc_column_text][\/vc_column_text][vc_column_text]&#8230;<\/p>\n","protected":false},"author":7,"featured_media":0,"parent":0,"menu_order":5,"comment_status":"open","ping_status":"open","template":"","meta":{"_seopress_robots_primary_cat":"","_seopress_titles_title":"","_seopress_titles_desc":"","_seopress_robots_index":"","inline_featured_image":false,"footnotes":""},"class_list":["post-23072","page","type-page","status-publish","hentry"],"_links":{"self":[{"href":"https:\/\/superchute.com\/fr\/wp-json\/wp\/v2\/pages\/23072","targetHints":{"allow":["GET"]}}],"collection":[{"href":"https:\/\/superchute.com\/fr\/wp-json\/wp\/v2\/pages"}],"about":[{"href":"https:\/\/superchute.com\/fr\/wp-json\/wp\/v2\/types\/page"}],"author":[{"embeddable":true,"href":"https:\/\/superchute.com\/fr\/wp-json\/wp\/v2\/users\/7"}],"replies":[{"embeddable":true,"href":"https:\/\/superchute.com\/fr\/wp-json\/wp\/v2\/comments?post=23072"}],"version-history":[{"count":5,"href":"https:\/\/superchute.com\/fr\/wp-json\/wp\/v2\/pages\/23072\/revisions"}],"predecessor-version":[{"id":91982,"href":"https:\/\/superchute.com\/fr\/wp-json\/wp\/v2\/pages\/23072\/revisions\/91982"}],"wp:attachment":[{"href":"https:\/\/superchute.com\/fr\/wp-json\/wp\/v2\/media?parent=23072"}],"curies":[{"name":"wp","href":"https:\/\/api.w.org\/{rel}","templated":true}]}}